{"id":72734,"date":"2022-09-24T11:05:39","date_gmt":"2022-09-24T16:05:39","guid":{"rendered":"https:\/\/www.bjultrasonic.com\/ultrasonic-generator-technical-specification\/"},"modified":"2026-03-12T09:31:08","modified_gmt":"2026-03-12T14:31:08","slug":"ultrasonic-generator-technical-specification","status":"publish","type":"page","link":"https:\/\/www.bjultrasonic.com\/cs\/ultrasonic-generator-technical-specification\/","title":{"rendered":"P\u0159ehled technick\u00fdch parametr\u016f ultrazvukov\u00e9ho gener\u00e1toru"},"content":{"rendered":"<p><a href=\"https:\/\/www.bjultrasonic.com\/cs\/category\/ultrasonic-generator-cs\/\">Ultrazvukov\u00e9 gener\u00e1tory<\/a> jsou j\u00e1drem <a href=\"https:\/\/www.bjultrasonic.com\/cs\/category\/ultrasonic-cleaning-system-cs\/\">ultrazvukov\u00fdch \u010distic\u00edch syst\u00e9m\u016f<\/a>. Jsou zodpov\u011bdn\u00e9 za p\u0159em\u011bnu elektrick\u00e9 energie na vysokofrekven\u010dn\u00ed elektrick\u00e9 sign\u00e1ly, kter\u00e9 poh\u00e1n\u011bj\u00ed m\u011bni\u010de. Tyto m\u011bni\u010de n\u00e1sledn\u011b p\u0159ev\u00e1d\u011bj\u00ed elektrick\u00e9 sign\u00e1ly na mechanick\u00e9 vibrace, \u010d\u00edm\u017e vytv\u00e1\u0159ej\u00ed kavita\u010dn\u00ed efekt v \u010distic\u00edm roztoku, kter\u00fd odstra\u0148uje ne\u010distoty. V\u00fdkon a spolehlivost ultrazvukov\u00e9ho gener\u00e1toru jsou kl\u00ed\u010dov\u00e9 pro efektivn\u00ed a \u00fa\u010dinn\u00e9 \u010di\u0161t\u011bn\u00ed. Tento \u010dl\u00e1nek se zam\u011b\u0159\u00ed na technick\u00e9 aspekty ultrazvukov\u00fdch gener\u00e1tor\u016f, zejm\u00e9na t\u011bch od spole\u010dnosti Beijing Ultrasonic, v\u010detn\u011b jejich vlastnost\u00ed, specifikac\u00ed a postup\u016f se\u0159izov\u00e1n\u00ed.<\/p>\n<h3>1. Vlastnosti a funkce ultrazvukov\u00e9ho gener\u00e1toru<\/h3>\n<p>Gener\u00e1tory spole\u010dnosti Beijing Ultrasonic jsou navr\u017eeny s pokro\u010dilou mikroprocesorovou \u0159\u00eddic\u00ed technologi\u00ed a nab\u00edzej\u00ed \u0159adu funkc\u00ed, kter\u00e9 zvy\u0161uj\u00ed jejich v\u00fdkon a spolehlivost. Kl\u00ed\u010dovou vlastnost\u00ed je automatick\u00e9 sledov\u00e1n\u00ed frekvence umo\u017en\u011bn\u00e9 digit\u00e1ln\u00ed synt\u00e9zou frekvence. To zaji\u0161\u0165uje, \u017ee gener\u00e1tor v\u017edy pracuje na nejvhodn\u011bj\u0161\u00ed frekvenci pro p\u0159ipojen\u00fd m\u011bni\u010d, \u010d\u00edm\u017e optimalizuje proces \u010di\u0161t\u011bn\u00ed. Tato funkce odstra\u0148uje pot\u0159ebu manu\u00e1ln\u00edho lad\u011bn\u00ed frekvence a zaji\u0161\u0165uje konzistentn\u00ed v\u00fdsledky \u010di\u0161t\u011bn\u00ed.<\/p>\n<p>Gener\u00e1tory jsou d\u00e1le vybaveny komplexn\u00edmi ochrann\u00fdmi mechanismy proti p\u0159eh\u0159\u00e1t\u00ed a nadproudu. Tyto ochrany jsou z\u00e1sadn\u00ed pro prevenci po\u0161kozen\u00ed gener\u00e1toru a ultrazvukov\u00e9ho \u010distic\u00edho syst\u00e9mu, a to i p\u0159i dlouhodob\u00e9m provozu. Digit\u00e1ln\u00ed nastaven\u00ed ultrazvukov\u00e9ho v\u00fdkonu umo\u017e\u0148uje flexibilitu a efektivitu p\u0159i \u010di\u0161t\u011bn\u00ed r\u016fzn\u00fdch typ\u016f p\u0159edm\u011bt\u016f a ne\u010distot. V\u00fdstupn\u00ed v\u00fdkon lze p\u0159esn\u011b regulovat od 0 % do 100 %, co\u017e zaji\u0161\u0165uje optim\u00e1ln\u00ed \u010di\u0161t\u011bn\u00ed bez po\u0161kozen\u00ed citliv\u00fdch sou\u010d\u00e1st\u00ed.<\/p>\n<p>Gener\u00e1tor tak\u00e9 obsahuje p\u0159esn\u00fd \u010dasova\u010d, kter\u00fd umo\u017e\u0148uje p\u0159esnou kontrolu \u010distic\u00edho cyklu a p\u0159edch\u00e1z\u00ed jak nedostate\u010dn\u00e9mu, tak nadm\u011brn\u00e9mu \u010di\u0161t\u011bn\u00ed. Riziko kavita\u010dn\u00ed eroze, ke kter\u00e9 m\u016f\u017ee doj\u00edt p\u0159i dlouhodob\u00e9m vystaven\u00ed ultrazvuku, je t\u00edmto \u010dasova\u010dem zm\u00edrn\u011bno. Gener\u00e1tor nav\u00edc obsahuje extern\u00ed \u0159\u00eddic\u00ed konektor, kter\u00fd umo\u017e\u0148uje integraci s dal\u0161\u00edmi \u0159\u00eddic\u00edmi za\u0159\u00edzen\u00edmi. Nakonec je jednotka vybavena displejem frekvence, kter\u00fd umo\u017e\u0148uje obsluze sledovat provozn\u00ed frekvenci v re\u00e1ln\u00e9m \u010dase.<\/p>\n<h3>2. Technick\u00e9 parametry ultrazvukov\u00e9ho gener\u00e1toru<\/h3>\n<p>Gener\u00e1tory Beijing Ultrasonic jsou navr\u017eeny se specifick\u00fdmi parametry, kter\u00e9 zaji\u0161\u0165uj\u00ed \u00fa\u010dinn\u00fd a spolehliv\u00fd provoz. Pracovn\u00ed nap\u011bt\u00ed t\u011bchto jednotek je 220 V \u00b110 %, co\u017e je \u010din\u00ed kompatibiln\u00edmi se standardn\u00edmi elektrick\u00fdmi s\u00edt\u011bmi. Pracovn\u00ed frekvence je dostupn\u00e1 v r\u016fzn\u00fdch rozsaz\u00edch, v\u010detn\u011b 28 kHz, 40 kHz, 80 kHz a 135 kHz, ka\u017ed\u00e1 s toleranc\u00ed \u00b15 %.<\/p>\n<p>Pracovn\u00ed proud se li\u0161\u00ed v z\u00e1vislosti na v\u00fdstupn\u00edm v\u00fdkonu gener\u00e1toru. N\u00e1sleduj\u00edc\u00ed tabulka ukazuje vztah mezi v\u00fdstupn\u00edm v\u00fdkonem a pracovn\u00edm proudem:<\/p>\n<table class=\"table table-striped table-bordered\">\n<thead>\n<tr>\n<th align=\"left\">V\u00fdkon (W)<\/th>\n<th align=\"left\">Pracovn\u00ed proud (A)<\/th>\n<\/tr>\n<\/thead>\n<tbody>\n<tr>\n<td align=\"left\">300<\/td>\n<td align=\"left\">1.2<\/td>\n<\/tr>\n<tr>\n<td align=\"left\">600<\/td>\n<td align=\"left\">2.5<\/td>\n<\/tr>\n<tr>\n<td align=\"left\">900<\/td>\n<td align=\"left\">3.5<\/td>\n<\/tr>\n<tr>\n<td align=\"left\">1200<\/td>\n<td align=\"left\">4.5<\/td>\n<\/tr>\n<tr>\n<td align=\"left\">1500<\/td>\n<td align=\"left\">5-5.5<\/td>\n<\/tr>\n<tr>\n<td align=\"left\">1800<\/td>\n<td align=\"left\">6-6.5<\/td>\n<\/tr>\n<tr>\n<td align=\"left\">2000<\/td>\n<td align=\"left\">6.5-7<\/td>\n<\/tr>\n<tr>\n<td align=\"left\">2400<\/td>\n<td align=\"left\">7.5-8<\/td>\n<\/tr>\n<\/tbody>\n<\/table>\n<p>Je d\u016fle\u017eit\u00e9 si uv\u011bdomit, \u017ee za\u0159\u00edzen\u00ed by nem\u011blo b\u00fdt provozov\u00e1no nep\u0159etr\u017eit\u011b na sv\u00e9m maxim\u00e1ln\u00edm pracovn\u00edm proudu, aby byla zaji\u0161t\u011bna jeho dlouh\u00e1 \u017eivotnost a spolehlivost. Rozsah regulace v\u00fdkonu je od 0 do 100 %, co\u017e poskytuje flexibilitu p\u0159i \u010di\u0161t\u011bn\u00ed r\u016fzn\u00fdch typ\u016f materi\u00e1l\u016f. \u010casov\u00e9 ovl\u00e1d\u00e1n\u00ed lze nastavit od 0 do 59 minut a 59 sekund, zat\u00edmco provozn\u00ed rozsah okoln\u00ed teploty je 0 a\u017e 40 \u00b0C s rozsahem relativn\u00ed vlhkosti 40 %\u201390 %. Gener\u00e1tor obsahuje vnit\u0159n\u00ed ochranu proti p\u0159eh\u0159\u00e1t\u00ed sk\u0159\u00edn\u011b, kter\u00e1 se aktivuje p\u0159i 65 \u00b0C.<\/p>\n<p>Fyzick\u00e9 rozm\u011bry ultrazvukov\u00e9ho gener\u00e1toru se tak\u00e9 li\u0161\u00ed v z\u00e1vislosti na jeho jmenovit\u00e9m v\u00fdkonu. Pro gener\u00e1tory s v\u00fdkonem men\u0161\u00edm ne\u017e 1200 W jsou rozm\u011bry 300 mm \u00d7 360 mm \u00d7 160 mm (D \u00d7 \u0160 \u00d7 V). Pro gener\u00e1tory s v\u00fdkonem 1500 W a vy\u0161\u0161\u00edm jsou rozm\u011bry 500 mm \u00d7 360 mm \u00d7 160 mm.<\/p>\n<h3>3. Mo\u017enosti ultrazvukov\u00fdch gener\u00e1tor\u016f od Beijing Ultrasonic<\/h3>\n<p>Beijing Ultrasonic nab\u00edz\u00ed komplexn\u00ed \u0159adu ultrazvukov\u00fdch gener\u00e1tor\u016f pro spln\u011bn\u00ed r\u016fzn\u00fdch \u010distic\u00edch po\u017eadavk\u016f. Mezi n\u011b pat\u0159\u00ed gener\u00e1tory s v\u00fdstupn\u00edm v\u00fdkonem od 300 W do 2400 W s frekvencemi pod 45 kHz a nad 50 kHz. K dispozici je tak\u00e9 trojfrekven\u010dn\u00ed digit\u00e1ln\u00ed ultrazvukov\u00fd gener\u00e1tor, kter\u00fd umo\u017e\u0148uje v\u011bt\u0161\u00ed flexibilitu p\u0159i \u010di\u0161t\u011bn\u00ed.<\/p>\n<div class=\"woocommerce columns-6\"><\/div>\n<h3>4. P\u0159edn\u00ed panel ultrazvukov\u00e9ho gener\u00e1toru<\/h3>\n<p><img loading=\"lazy\" decoding=\"async\" class=\"alignnone wp-image-1513 size-full\" src=\"https:\/\/www.bjultrasonic.com\/wp-content\/uploads\/2013\/04\/Ultrasonic-Generator-Front-Panel.jpg\" alt=\"P\u0159edn\u00ed panel ultrazvukov\u00e9ho gener\u00e1toru\" width=\"661\" height=\"473\" \/><\/p>\n<p>P\u0159edn\u00ed panel gener\u00e1toru Beijing Ultrasonic je navr\u017een pro u\u017eivatelsky p\u0159\u00edv\u011btiv\u00e9 ovl\u00e1d\u00e1n\u00ed a sledov\u00e1n\u00ed. Obsahuje zobrazovac\u00ed okno, kter\u00e9 ukazuje hodnoty v\u00fdkonu, \u010dasu, pracovn\u00edch podm\u00ednek a p\u0159\u00edpadn\u00e9 chybov\u00e9 zpr\u00e1vy. Tla\u010d\u00edtka v\u00fdkonu umo\u017e\u0148uj\u00ed nastaven\u00ed v\u00fdstupn\u00edho v\u00fdkonu, p\u0159i\u010dem\u017e jedno tla\u010d\u00edtko v\u00fdkon zvy\u0161uje a druh\u00e9 sni\u017euje. Podobn\u011b tla\u010d\u00edtka \u010dasu umo\u017e\u0148uj\u00ed u\u017eivateli nastavit pracovn\u00ed dobu, s tla\u010d\u00edtky pro zv\u00fd\u0161en\u00ed a sn\u00ed\u017een\u00ed.<\/p>\n<p>Na panelu je tak\u00e9 p\u0159\u00edtomno tla\u010d\u00edtko pro re\u017eim zamet\u00e1n\u00ed frekvence, kter\u00e9 u\u017eivatel\u016fm umo\u017e\u0148uje volbu mezi norm\u00e1ln\u00edm re\u017eimem a re\u017eimem zamet\u00e1n\u00ed frekvence, \u010d\u00edm\u017e umo\u017e\u0148uje r\u016fzn\u00e9 \u010distic\u00ed vzorce. Tla\u010d\u00edtko zapnut\u00ed\/vypnut\u00ed umo\u017e\u0148uje u\u017eivateli pozastavit a obnovit provoz gener\u00e1toru.<\/p>\n<h3>5. Se\u0159\u00edzen\u00ed frekvence<\/h3>\n<p>\u00daprava frekvence je nezbytn\u00e1 pro p\u0159izp\u016fsoben\u00ed v\u00fdstupu gener\u00e1toru rezonan\u010dn\u00ed frekvenci m\u011bni\u010de. Pro nastaven\u00ed frekvence gener\u00e1toru Beijing Ultrasonic je nutn\u00e9 otev\u0159\u00edt sk\u0159\u00ed\u0148 a z\u00edskat p\u0159\u00edstup k vnit\u0159n\u00edm komponent\u016fm. Najd\u011bte modr\u00e9 tla\u010d\u00edtko, kter\u00e9 umo\u017e\u0148uje nastaven\u00ed proudu, kter\u00fd m\u011bni\u010d zvl\u00e1dne. Nap\u0159\u00edklad m\u011bni\u010d 28 kHz m\u00e1 frekven\u010dn\u00ed rozsah 27 kHz a\u017e 31 kHz, zat\u00edmco m\u011bni\u010d 40 kHz m\u00e1 rozsah 38 kHz a\u017e 42 kHz.<\/p>\n<p><img loading=\"lazy\" decoding=\"async\" class=\"wp-image-1515 size-full\" title=\"Ultrasonic Generator Frequency Adjustment\" src=\"https:\/\/www.bjultrasonic.com\/wp-content\/uploads\/2013\/04\/Ultrasonic-Generator-Frequency-Adjustment.jpg\" alt=\"Ultrasonic Generator Frequency Adjustment\" width=\"199\" height=\"144\" \/><\/p>\n<h3>6. Nastaven\u00ed proudu<\/h3>\n<p>Nastaven\u00ed proudu je kl\u00ed\u010dov\u00e9 pro zaji\u0161t\u011bn\u00ed optim\u00e1ln\u00edho v\u00fdkonu a prevenci po\u0161kozen\u00ed gener\u00e1toru. Gener\u00e1tory Beijing Ultrasonic vyu\u017e\u00edvaj\u00ed po\u010d\u00edta\u010dem \u0159\u00edzen\u00fd syst\u00e9m pro lad\u011bn\u00ed. N\u00ed\u017ee jsou uvedeny kroky pro nastaven\u00ed proudu:<\/p>\n<ol>\n<li>Zapojte nap\u00e1jec\u00ed zdroj.<\/li>\n<li>P\u0159ipojte amp\u00e9rmetr s kapacitou 10A k p\u0159\u00edvodn\u00edmu svorkovnici nap\u00e1jec\u00edho zdroje.<\/li>\n<li>Zapn\u011bte nap\u00e1jen\u00ed a zkontrolujte \u00fadaj na amp\u00e9rmetru. Pro gener\u00e1tor 1200W by m\u011bl b\u00fdt \u00fadaj men\u0161\u00ed ne\u017e 5A.<\/li>\n<li>Zobrazte frekvenci na okn\u011b gener\u00e1toru. To by m\u011bla b\u00fdt norm\u00e1ln\u00ed pracovn\u00ed frekvence.<\/li>\n<li>Najd\u011bte maxim\u00e1ln\u00ed pracovn\u00ed proud ve specifikovan\u00e9m frekven\u010dn\u00edm rozsahu m\u011bni\u010de.<\/li>\n<li>Pokud jsou proud a frekvence n\u00edzk\u00e9, sni\u017ete p\u0159izp\u016fsobovac\u00ed induk\u010dnost roz\u0161\u00ed\u0159en\u00edm vzduchov\u00e9 mezery magnetick\u00e9ho j\u00e1dra. Toho dos\u00e1hnete vlo\u017een\u00edm list\u016f je\u010dmenn\u00e9ho pap\u00edru do vzduchov\u00e9 mezery.<\/li>\n<li>Pokud jsou proud a frekvence vysok\u00e9, zvy\u0161te p\u0159izp\u016fsobovac\u00ed induk\u010dnost zmen\u0161en\u00edm vzduchov\u00e9 mezery magnetick\u00e9ho j\u00e1dra.<\/li>\n<li>P\u0159ed \u00fapravou vzduchov\u00e9 mezery magnetick\u00e9ho j\u00e1dra v\u017edy vypn\u011bte nap\u00e1jec\u00ed zdroj a sledujte zm\u011bny proudu.<\/li>\n<li>Nastavte proud na 4-4,5A a frekvenci do rozsahu 27,8kHz-29kHz.<\/li>\n<li>Po ka\u017ed\u00e9 \u00faprav\u011b znovu nastavte frekvenci, abyste zajistili, \u017ee pracovn\u00ed proud je v\u017edy na maxim\u00e1ln\u00edm bod\u011b.<\/li>\n<\/ol>\n<p><img loading=\"lazy\" decoding=\"async\" class=\"wp-image-1516 size-full\" title=\"Ultrasonic Generator Current Adjustment\" src=\"https:\/\/www.bjultrasonic.com\/wp-content\/uploads\/2013\/04\/Ultrasonic-Generator-Current-Adjustment.jpg\" alt=\"Ultrasonic Generator Current Adjustment\" width=\"202\" height=\"182\" \/><\/p>\n<p>Sn\u00ed\u017een\u00ed p\u0159izp\u016fsobovac\u00ed induk\u010dnosti zvy\u0161uje harmonickou frekvenci a proud, zat\u00edmco zv\u00fd\u0161en\u00ed p\u0159izp\u016fsobovac\u00ed induk\u010dnosti je sni\u017euje. P\u0159i nastavov\u00e1n\u00ed se ujist\u011bte, \u017ee provozn\u00ed frekvence nen\u00ed p\u0159\u00edli\u0161 n\u00edzk\u00e1 a \u017ee proud nep\u0159ekra\u010duje jmenovit\u00fd proud gener\u00e1toru, proto\u017ee to m\u016f\u017ee po\u0161kodit v\u00fdkonovou trubici.<\/p>\n<p>Z\u00e1v\u011brem lze \u0159\u00edci, \u017ee ultrazvukov\u00e9 gener\u00e1tory Beijing Ultrasonic jsou konstruov\u00e1ny s pokro\u010dilou technologi\u00ed, aby poskytovaly spolehliv\u00fd a efektivn\u00ed v\u00fdkon pro aplikace ultrazvukov\u00e9ho \u010di\u0161t\u011bn\u00ed. Automatick\u00e9 sledov\u00e1n\u00ed frekvence, komplexn\u00ed ochrann\u00e9 mechanismy, nastaviteln\u00e9 funkce v\u00fdkonu a \u010dasova\u010de a \u0159ada dostupn\u00fdch model\u016f zaji\u0161\u0165uj\u00ed, \u017ee existuje ide\u00e1ln\u00ed volba pro r\u016fzn\u00e9 pot\u0159eby \u010di\u0161t\u011bn\u00ed. Podrobn\u00e9 postupy nastaven\u00ed frekvence i proudu zaji\u0161\u0165uj\u00ed optimalizovan\u00fd provoz ultrazvukov\u00e9ho gener\u00e1toru.<\/p>\n<p>&nbsp;<\/p>\n","protected":false},"excerpt":{"rendered":"<p>Ultrazvukov\u00e9 gener\u00e1tory jsou j\u00e1drem ultrazvukov\u00fdch \u010distic\u00edch syst\u00e9m\u016f. Jsou zodpov\u011bdn\u00e9 za p\u0159em\u011bnu elektrick\u00e9 energie na vysokofrekven\u010dn\u00ed elektrick\u00e9 sign\u00e1ly, kter\u00e9 poh\u00e1n\u011bj\u00ed m\u011bni\u010de. Tyto m\u011bni\u010de n\u00e1sledn\u011b p\u0159ev\u00e1d\u011bj\u00ed elektrick\u00e9 sign\u00e1ly na mechanick\u00e9 vibrace, \u010d\u00edm\u017e vytv\u00e1\u0159ej\u00ed kavita\u010dn\u00ed efekt v \u010distic\u00edm roztoku, kter\u00fd odstra\u0148uje ne\u010distoty. V\u00fdkon a spolehlivost ultrazvukov\u00e9ho gener\u00e1toru jsou kl\u00ed\u010dov\u00e9 pro efektivn\u00ed a \u00fa\u010dinn\u00e9 \u010di\u0161t\u011bn\u00ed. Tento \u010dl\u00e1nek se zam\u011b\u0159\u00ed<\/p>\n","protected":false},"author":1,"featured_media":19242,"parent":0,"menu_order":3,"comment_status":"closed","ping_status":"closed","template":"","meta":{"footnotes":""},"class_list":["post-72734","page","type-page","status-publish","has-post-thumbnail","hentry","prodpage-classic"],"aioseo_notices":[],"_links":{"self":[{"href":"https:\/\/www.bjultrasonic.com\/cs\/wp-json\/wp\/v2\/pages\/72734","targetHints":{"allow":["GET"]}}],"collection":[{"href":"https:\/\/www.bjultrasonic.com\/cs\/wp-json\/wp\/v2\/pages"}],"about":[{"href":"https:\/\/www.bjultrasonic.com\/cs\/wp-json\/wp\/v2\/types\/page"}],"author":[{"embeddable":true,"href":"https:\/\/www.bjultrasonic.com\/cs\/wp-json\/wp\/v2\/users\/1"}],"replies":[{"embeddable":true,"href":"https:\/\/www.bjultrasonic.com\/cs\/wp-json\/wp\/v2\/comments?post=72734"}],"version-history":[{"count":0,"href":"https:\/\/www.bjultrasonic.com\/cs\/wp-json\/wp\/v2\/pages\/72734\/revisions"}],"wp:featuredmedia":[{"embeddable":true,"href":"https:\/\/www.bjultrasonic.com\/cs\/wp-json\/wp\/v2\/media\/19242"}],"wp:attachment":[{"href":"https:\/\/www.bjultrasonic.com\/cs\/wp-json\/wp\/v2\/media?parent=72734"}],"curies":[{"name":"wp","href":"https:\/\/api.w.org\/{rel}","templated":true}]}}