{"id":72754,"date":"2025-01-04T09:45:34","date_gmt":"2025-01-04T14:45:34","guid":{"rendered":"https:\/\/www.bjultrasonic.com\/ultrasonic-generator-faqs\/"},"modified":"2026-03-12T09:30:42","modified_gmt":"2026-03-12T14:30:42","slug":"ultrasonic-generator-faqs","status":"publish","type":"page","link":"https:\/\/www.bjultrasonic.com\/cs\/ultrasonic-generator-faqs\/","title":{"rendered":"Nej\u010dast\u011bj\u0161\u00ed dotazy ohledn\u011b ultrazvukov\u00e9ho gener\u00e1toru"},"content":{"rendered":"<p><a href=\"https:\/\/www.bjultrasonic.com\/cs\/category\/ultrasonic-generator-cs\/\">Ultrazvukov\u00e9 gener\u00e1tory<\/a> jsou kl\u00ed\u010dov\u00fdmi komponentami v ultrazvukov\u00fdch syst\u00e9mech a jsou zodpov\u011bdn\u00e9 za p\u0159em\u011bnu elektrick\u00e9 energie na vysokofrekven\u010dn\u00ed elektrick\u00e9 sign\u00e1ly pot\u0159ebn\u00e9 k pohonu <a href=\"https:\/\/www.bjultrasonic.com\/cs\/category\/ultrasonic-transducer-cs\/\">ultrazvukov\u00fdch m\u011bni\u010d\u016f<\/a>. Tyto gener\u00e1tory jsou slo\u017eit\u00e1 za\u0159\u00edzen\u00ed a jejich provoz a \u00fadr\u017eba \u010dasto vyvol\u00e1v\u00e1 mnoho ot\u00e1zek. Tento \u010dl\u00e1nek si klade za c\u00edl zodpov\u011bd\u011bt n\u011bkter\u00e9 z nej\u010dast\u011bji kladen\u00fdch ot\u00e1zek o ultrazvukov\u00fdch gener\u00e1torech a poskytnout komplexn\u00ed p\u0159ehled jak pro za\u010d\u00e1te\u010dn\u00edky, tak pro zku\u0161en\u00e9 u\u017eivatele.<\/p>\n<h3>1. Co je ultrazvukov\u00fd gener\u00e1tor?<\/h3>\n<p>Ultrazvukov\u00fd gener\u00e1tor, zn\u00e1m\u00fd tak\u00e9 jako ultrazvukov\u00fd zdroj nap\u00e1jen\u00ed nebo ultrazvukov\u00fd budi\u010d, je elektronick\u00e9 za\u0159\u00edzen\u00ed, kter\u00e9 produkuje vysokofrekven\u010dn\u00ed st\u0159\u00eddav\u00fd (AC) elektrick\u00fd proud. Tato energie je speci\u00e1ln\u011b navr\u017eena tak, aby odpov\u00eddala rezonan\u010dn\u00ed frekvenci ultrazvukov\u00e9ho m\u011bni\u010de, kter\u00fd n\u00e1sledn\u011b p\u0159em\u011b\u0148uje tuto elektrickou energii na mechanick\u00e9 vibrace. Tyto vibrace v ultrazvukov\u00e9m rozsahu (typicky nad 20 kHz) se pou\u017e\u00edvaj\u00ed pro \u0161irokou \u0161k\u00e1lu aplikac\u00ed, v\u010detn\u011b \u010di\u0161t\u011bn\u00ed, sva\u0159ov\u00e1n\u00ed, \u0159ez\u00e1n\u00ed a l\u00e9ka\u0159sk\u00e9ho zobrazov\u00e1n\u00ed. V podstat\u011b je ultrazvukov\u00fd gener\u00e1tor srdcem jak\u00e9hokoli ultrazvukov\u00e9ho syst\u00e9mu, proto\u017ee poskytuje pot\u0159ebn\u00fd v\u00fdkon pro pohon cel\u00e9ho procesu. Nap\u0159\u00edklad Beijing Ultrasonic je zn\u00e1m\u00fdm v\u00fdrobcem t\u011bchto gener\u00e1tor\u016f a nab\u00edz\u00ed r\u016fzn\u00e9 modely p\u0159izp\u016fsoben\u00e9 r\u016fzn\u00fdm pr\u016fmyslov\u00fdm pot\u0159eb\u00e1m.<\/p>\n<h3>2. Jak ultrazvukov\u00fd gener\u00e1tor funguje?<\/h3>\n<p>Z\u00e1kladn\u00ed princip ultrazvukov\u00e9ho gener\u00e1toru zahrnuje n\u011bkolik kl\u00ed\u010dov\u00fdch krok\u016f. Nejprve gener\u00e1tor p\u0159ij\u00edm\u00e1 standardn\u00ed st\u0159\u00eddav\u00fd proud ze s\u00edt\u011b. Tento st\u0159\u00eddav\u00fd proud je pot\u00e9 usm\u011brn\u011bn a filtrov\u00e1n, \u010d\u00edm\u017e vznikne stabiln\u00ed stejnosm\u011brn\u00e9 nap\u011bt\u00ed. D\u00e1le gener\u00e1tor pomoc\u00ed elektronick\u00e9ho oscil\u00e1torov\u00e9ho obvodu p\u0159em\u011bn\u00ed stejnosm\u011brn\u00e9 nap\u011bt\u00ed zp\u011bt na st\u0159\u00eddav\u00e9 nap\u011bt\u00ed, ale na po\u017eadovan\u00e9 ultrazvukov\u00e9 frekvenci. Tento oscil\u00e1tor je obvykle obvod s \u0159\u00edzen\u00edm zp\u011btn\u00e9 vazby, kter\u00fd se s\u00e1m lad\u00ed tak, aby odpov\u00eddal rezonan\u010dn\u00ed frekvenci m\u011bni\u010de, a dos\u00e1hl tak efektivn\u00edho p\u0159enosu energie. Posledn\u00ed f\u00e1ze zahrnuje zes\u00edlen\u00ed sign\u00e1lu ultrazvukov\u00e9 frekvence, \u010dasto pomoc\u00ed v\u00fdkonov\u00e9ho zesilova\u010de, aby se dodal dostate\u010dn\u00fd v\u00fdkon do m\u011bni\u010de. Obvody pro p\u0159izp\u016fsoben\u00ed impedance jsou kl\u00ed\u010dov\u00e9 pro zaji\u0161t\u011bn\u00ed maxim\u00e1ln\u00edho p\u0159enosu v\u00fdkonu z gener\u00e1toru do m\u011bni\u010de t\u00edm, \u017ee \u0159e\u0161\u00ed rozd\u00edly v elektrick\u00e9 impedanci.<\/p>\n<p><img loading=\"lazy\" decoding=\"async\" class=\"alignnone wp-image-19293 size-full\" src=\"https:\/\/www.bjultrasonic.com\/wp-content\/uploads\/2012\/12\/20KHz-100w-Ultrasonic-Generator-PCB-1.jpg\" alt=\"20KHz 100w Ultrasonic Generator PCB-1\" width=\"650\" height=\"867\" \/><\/p>\n<h3>3. Jak\u00e9 jsou kl\u00ed\u010dov\u00e9 vlastnosti ultrazvukov\u00e9ho gener\u00e1toru?<\/h3>\n<p>N\u011bkolik vlastnost\u00ed odli\u0161uje ultrazvukov\u00e9 gener\u00e1tory a \u010din\u00ed je vhodn\u00fdmi pro r\u016fzn\u00e9 aplikace. Zde jsou n\u011bkter\u00e9 kl\u00ed\u010dov\u00e9 vlastnosti:<\/p>\n<ul>\n<li><strong>\u0158\u00edzen\u00ed frekvence:<\/strong> Schopnost p\u0159esn\u011b \u0159\u00eddit v\u00fdstupn\u00ed frekvenci je nezbytn\u00e1 pro p\u0159izp\u016fsoben\u00ed rezonan\u010dn\u00ed frekvenci m\u011bni\u010d\u016f. N\u011bkter\u00e9 gener\u00e1tory maj\u00ed pevn\u00e9 nastaven\u00ed frekvence, zat\u00edmco jin\u00e9 nab\u00edzej\u00ed nastavitelnou nebo automatickou schopnost sledov\u00e1n\u00ed frekvence.<\/li>\n<li><strong>V\u00fdstupn\u00ed v\u00fdkon:<\/strong> Kapacita v\u00fdstupn\u00edho v\u00fdkonu ur\u010duje schopnost gener\u00e1toru \u00fa\u010dinn\u011b poh\u00e1n\u011bt konkr\u00e9tn\u00ed m\u011bni\u010d. \u00darovn\u011b v\u00fdkonu se pohybuj\u00ed od n\u011bkolika watt\u016f po n\u011bkolik kilowatt\u016f v z\u00e1vislosti na aplikaci.<\/li>\n<li><strong>\u0158\u00edzen\u00ed amplitudy:<\/strong> \u00daprava amplitudy ultrazvukov\u00e9ho sign\u00e1lu umo\u017e\u0148uje kontrolovat intenzitu ultrazvukov\u00e9 energie dod\u00e1van\u00e9 m\u011bni\u010dem.<\/li>\n<li><strong>P\u0159izp\u016fsoben\u00ed impedance:<\/strong> Efektivn\u00ed p\u0159izp\u016fsoben\u00ed impedance mezi gener\u00e1torem a m\u011bni\u010dem je kl\u00ed\u010dov\u00e9 pro optim\u00e1ln\u00ed p\u0159enos v\u00fdkonu a v\u00fdkon m\u011bni\u010de.<\/li>\n<li><strong>Ochrann\u00e9 obvody:<\/strong> Gener\u00e1tory \u010dasto zahrnuj\u00ed ochrann\u00e9 obvody proti nadproudu, p\u0159ep\u011bt\u00ed a p\u0159eh\u0159\u00e1t\u00ed, aby se zabr\u00e1nilo po\u0161kozen\u00ed gener\u00e1toru a p\u0159ipojen\u00fdch m\u011bni\u010d\u016f.<\/li>\n<li><strong>U\u017eivatelsk\u00e9 rozhran\u00ed:<\/strong> Mnoho modern\u00edch gener\u00e1tor\u016f m\u00e1 digit\u00e1ln\u00ed rozhran\u00ed s LCD displeji a ovl\u00e1dac\u00edmi panely pro snadnou obsluhu, monitorov\u00e1n\u00ed a diagnostiku.<\/li>\n<li><strong>D\u00e1lkov\u00e9 ovl\u00e1d\u00e1n\u00ed:<\/strong> N\u011bkter\u00e9 pokro\u010dil\u00e9 modely podporuj\u00ed mo\u017enosti d\u00e1lkov\u00e9ho ovl\u00e1d\u00e1n\u00ed prost\u0159ednictv\u00edm rozhran\u00ed, jako jsou RS-232, Ethernet nebo p\u0159ipojen\u00ed PLC.<\/li>\n<\/ul>\n<h3>4. Jak\u00e9 jsou r\u016fzn\u00e9 typy ultrazvukov\u00fdch gener\u00e1tor\u016f?<\/h3>\n<p>Ultrazvukov\u00e9 gener\u00e1tory lze kategorizovat na z\u00e1klad\u011b jejich zp\u016fsobu provozu, rozsahu v\u00fdkonu nebo aplikace. Mezi b\u011b\u017en\u00e9 typy pat\u0159\u00ed:<\/p>\n<ul>\n<li><strong>Analogov\u00e9 gener\u00e1tory:<\/strong> Tyto gener\u00e1tory pou\u017e\u00edvaj\u00ed analogov\u00e9 obvody k vytv\u00e1\u0159en\u00ed ultrazvukov\u00e9 frekvence. Obecn\u011b jsou jednodu\u0161\u0161\u00ed a levn\u011bj\u0161\u00ed, ale mohou m\u00edt omezen\u00e9 mo\u017enosti \u0159\u00edzen\u00ed a \u00faprav.<\/li>\n<li><strong>Digit\u00e1ln\u00ed gener\u00e1tory:<\/strong> Digit\u00e1ln\u00ed gener\u00e1tory vyu\u017e\u00edvaj\u00ed mikrokontrol\u00e9ry a digit\u00e1ln\u00ed sign\u00e1lov\u00e9 procesory k p\u0159esn\u00e9mu \u0159\u00edzen\u00ed v\u00fdstupn\u00edch parametr\u016f a nab\u00edzej\u00ed ve srovn\u00e1n\u00ed s analogov\u00fdmi verzemi vynikaj\u00edc\u00ed p\u0159esnost, flexibilitu a diagnostiku.<\/li>\n<li><strong>Gener\u00e1tory se samobuzen\u00edm:<\/strong> Tak\u00e9 zn\u00e1m\u00e9 jako auto-lad\u00edc\u00ed gener\u00e1tory, tyto jednotky automaticky upravuj\u00ed v\u00fdstupn\u00ed frekvenci tak, aby odpov\u00eddala rezonan\u010dn\u00ed frekvenci m\u011bni\u010de, co\u017e zjednodu\u0161uje jejich pou\u017eit\u00ed.<\/li>\n<li><strong>Gener\u00e1tory s pevnou frekvenc\u00ed:<\/strong> Tyto gener\u00e1tory pracuj\u00ed na pevn\u00e9 ultrazvukov\u00e9 frekvenci, kter\u00e1 je p\u0159ednastavena b\u011bhem v\u00fdroby nebo konfigurace. \u010casto se pou\u017e\u00edvaj\u00ed pro aplikace, kter\u00e9 vy\u017eaduj\u00ed konzistentn\u00ed v\u00fdkon.<\/li>\n<li><strong>Gener\u00e1tory s nastavitelnou frekvenc\u00ed:<\/strong> Tyto gener\u00e1tory umo\u017e\u0148uj\u00ed u\u017eivatel\u016fm jemn\u011b ladit v\u00fdstupn\u00ed frekvenci v ur\u010dit\u00e9m rozsahu, co\u017e poskytuje v\u011bt\u0161\u00ed flexibilitu pro r\u016fzn\u00e9 m\u011bni\u010de a aplikace.<\/li>\n<li><strong>Gener\u00e1tory s prom\u011bnnou frekvenc\u00ed:<\/strong> Navr\u017eeny pro \u010distic\u00ed aplikace, gener\u00e1tory s prom\u011bnnou frekvenc\u00ed b\u011bhem provozu m\u00edrn\u011b m\u011bn\u00ed v\u00fdstupn\u00ed frekvenci, co\u017e pom\u00e1h\u00e1 vyhnout se stojat\u00fdm vln\u00e1m a zlep\u0161uje \u00fa\u010dinnost \u010di\u0161t\u011bn\u00ed.<\/li>\n<\/ul>\n<h3>5. Jak\u00e9 jsou b\u011b\u017en\u00e9 aplikace ultrazvukov\u00fdch gener\u00e1tor\u016f?<\/h3>\n<p>Ultrazvukov\u00e9 gener\u00e1tory se nach\u00e1zej\u00ed v \u0161irok\u00e9 \u0161k\u00e1le pr\u016fmyslov\u00fdch odv\u011btv\u00ed a aplikac\u00ed. Zde je n\u011bkolik v\u00fdznamn\u00fdch p\u0159\u00edklad\u016f:<\/p>\n<table class=\"table table-striped table-bordered\">\n<thead>\n<tr>\n<th align=\"left\">Aplikace<\/th>\n<th align=\"left\">Popis<\/th>\n<\/tr>\n<\/thead>\n<tbody>\n<tr>\n<td align=\"left\"><a href=\"https:\/\/www.bjultrasonic.com\/cs\/category\/ultrasonic-cleaning-system-cs\/\">Ultrazvukov\u00e9 \u010di\u0161t\u011bn\u00ed<\/a><\/td>\n<td align=\"left\">Odstra\u0148ov\u00e1n\u00ed ne\u010distot z r\u016fzn\u00fdch sou\u010d\u00e1st\u00ed pomoc\u00ed ultrazvukov\u00fdch vln v \u010distic\u00edch l\u00e1zn\u00edch.<\/td>\n<\/tr>\n<tr>\n<td align=\"left\"><a href=\"https:\/\/www.bjultrasonic.com\/cs\/category\/ultrasonic-welding-equipment-cs\/\">Ultrazvukov\u00e9 sva\u0159ov\u00e1n\u00ed<\/a><\/td>\n<td align=\"left\">Spojov\u00e1n\u00ed plastov\u00fdch, kovov\u00fdch nebo textiln\u00edch d\u00edl\u016f pomoc\u00ed ultrazvukov\u00fdch vibrac\u00ed a tlaku.<\/td>\n<\/tr>\n<tr>\n<td align=\"left\">Ultrazvukov\u00e9 \u0159ez\u00e1n\u00ed<\/td>\n<td align=\"left\">\u0158ez\u00e1n\u00ed materi\u00e1l\u016f, jako je pry\u017e, p\u011bna a potravin\u00e1\u0159sk\u00e9 v\u00fdrobky, pomoc\u00ed vysokofrekven\u010dn\u00edch vibrac\u00ed.<\/td>\n<\/tr>\n<tr>\n<td align=\"left\"><a href=\"https:\/\/www.bjultrasonic.com\/cs\/category\/ultrasonic-atomizer-cs\/\">Ultrazvukov\u00e1 atomizace<\/a><\/td>\n<td align=\"left\">Rozb\u00edjen\u00ed kapalin na jemnou mlhu nebo kapky pro aplikace jako zvlh\u010dov\u00e1n\u00ed, nan\u00e1\u0161en\u00ed povlak\u016f a generov\u00e1n\u00ed aerosol\u016f.<\/td>\n<\/tr>\n<tr>\n<td align=\"left\">Ultrazvukov\u00e9 l\u00e9ka\u0159sk\u00e9 zobrazov\u00e1n\u00ed<\/td>\n<td align=\"left\">Vytv\u00e1\u0159en\u00ed detailn\u00edch obraz\u016f vnit\u0159n\u00edch org\u00e1n\u016f a tk\u00e1n\u00ed pomoc\u00ed vysokofrekven\u010dn\u00edch zvukov\u00fdch vln.<\/td>\n<\/tr>\n<tr>\n<td align=\"left\">Ultrazvukov\u00e9 NDT (nedestruktivn\u00ed zkou\u0161en\u00ed)<\/td>\n<td align=\"left\">Nedestruktivn\u00ed zkou\u0161en\u00ed materi\u00e1l\u016f a konstrukc\u00ed za \u00fa\u010delem detekce vad a poruch pomoc\u00ed vysokofrekven\u010dn\u00edch zvukov\u00fdch vln.<\/td>\n<\/tr>\n<tr>\n<td align=\"left\"><a href=\"https:\/\/www.bjultrasonic.com\/cs\/shop\/ultrasonic-cell-disruptor\/\">Ultrazvukov\u00e9 m\u00edch\u00e1n\u00ed a homogenizace<\/a><\/td>\n<td align=\"left\">Homogenizace kapalin a suspenz\u00ed pomoc\u00ed ultrazvukov\u00e9 energie.<\/td>\n<\/tr>\n<\/tbody>\n<\/table>\n<h3>6. Jak vybrat spr\u00e1vn\u00fd ultrazvukov\u00fd gener\u00e1tor?<\/h3>\n<p>V\u00fdb\u011br spr\u00e1vn\u00e9ho ultrazvukov\u00e9ho gener\u00e1toru z\u00e1vis\u00ed na n\u011bkolika faktorech souvisej\u00edc\u00edch s va\u0161\u00ed konkr\u00e9tn\u00ed aplikac\u00ed a po\u017eadavky. Zva\u017ete tyto body:<\/p>\n<ul>\n<li><strong>Frekvence m\u011bni\u010de:<\/strong> V\u00fdstupn\u00ed frekvence gener\u00e1toru mus\u00ed odpov\u00eddat rezonan\u010dn\u00ed frekvenci va\u0161eho m\u011bni\u010de (m\u011bni\u010d\u016f).<\/li>\n<li><strong>V\u00fdkon m\u011bni\u010de:<\/strong> V\u00fdstupn\u00ed v\u00fdkon gener\u00e1toru mus\u00ed b\u00fdt dostate\u010dn\u00fd pro pohon va\u0161eho m\u011bni\u010de (m\u011bni\u010d\u016f). Zva\u017ete po\u017eadavky na \u0161pi\u010dkov\u00fd i pr\u016fm\u011brn\u00fd v\u00fdkon.<\/li>\n<li><strong>Aplikace:<\/strong> Pochopte po\u017eadavky va\u0161\u00ed aplikace, nap\u0159\u00edklad zda je pot\u0159eba nep\u0159etr\u017eit\u00fd nebo pulzn\u00ed provoz.<\/li>\n<li><strong>Po\u017eadavky na ovl\u00e1d\u00e1n\u00ed:<\/strong> Zjist\u011bte, zda pot\u0159ebujete nastavitelnou frekvenci, regulaci amplitudy nebo specifick\u00e1 digit\u00e1ln\u00ed rozhran\u00ed pro d\u00e1lkov\u00e9 ovl\u00e1d\u00e1n\u00ed.<\/li>\n<li><strong>Syst\u00e9mov\u00e1 integrace:<\/strong> Zva\u017ete, jak se gener\u00e1tor integruje s dal\u0161\u00edmi sou\u010d\u00e1stmi va\u0161eho syst\u00e9mu a jak\u00e9 jsou po\u017eadavky na komunikaci.<\/li>\n<li><strong>Rozpo\u010det:<\/strong> Vyva\u017ete po\u017eadovan\u00e9 funkce a v\u00fdkonnostn\u00ed schopnosti s ohledem na va\u0161e rozpo\u010dtov\u00e9 omezen\u00ed.<\/li>\n<li><strong>Reputace a podpora dodavatele:<\/strong> Zvolte spolehliv\u00e9ho dodavatele, kter\u00fd m\u016f\u017ee poskytnout podporu a servis. Beijing Ultrasonic je zn\u00e1m\u00fd v\u00fdrobce, co\u017e dokazuje spolehlivost jejich produkt\u016f v r\u016fzn\u00fdch ultrazvukov\u00fdch aplikac\u00edch.<\/li>\n<\/ul>\n<h3>7. Jak\u00e1 \u00fadr\u017eba je u ultrazvukov\u00e9ho gener\u00e1toru vy\u017eadov\u00e1na?<\/h3>\n<p>Spr\u00e1vn\u00e1 \u00fadr\u017eba je kl\u00ed\u010dem k prodlou\u017een\u00ed \u017eivotnosti a zaji\u0161t\u011bn\u00ed spolehliv\u00e9ho v\u00fdkonu ultrazvukov\u00e9ho gener\u00e1toru. Zde je n\u011bkolik z\u00e1kladn\u00edch tip\u016f pro \u00fadr\u017ebu:<\/p>\n<ul>\n<li><strong>Pravideln\u00e1 kontrola:<\/strong> Pravideln\u011b vizu\u00e1ln\u011b kontrolujte gener\u00e1tor a jeho kabely, zda nevykazuj\u00ed zn\u00e1mky po\u0161kozen\u00ed nebo opot\u0159eben\u00ed.<\/li>\n<li><strong>\u010cistota:<\/strong> Udr\u017eujte gener\u00e1tor \u010dist\u00fd a bez prachu, vlhkosti a dal\u0161\u00edch kontaminant\u016f, kter\u00e9 mohou ovlivnit jeho v\u00fdkon.<\/li>\n<li><strong>Dostate\u010dn\u00e9 v\u011btr\u00e1n\u00ed:<\/strong> Zajist\u011bte, aby gener\u00e1tor m\u011bl dostate\u010dn\u00e9 v\u011btr\u00e1n\u00ed, aby se zabr\u00e1nilo p\u0159eh\u0159\u00e1t\u00ed.<\/li>\n<li><strong>Pevn\u00e1 p\u0159ipojen\u00ed:<\/strong> Ov\u011b\u0159te, zda jsou v\u0161echna elektrick\u00e1 p\u0159ipojen\u00ed pevn\u00e1 a bez koroze.<\/li>\n<li><strong>Aktualizace softwaru:<\/strong> U digit\u00e1ln\u00edch gener\u00e1tor\u016f zajist\u011bte pravideln\u00e9 aktualizace firmwaru a softwaru, aby se opravily chyby a zlep\u0161il v\u00fdkon.<\/li>\n<li><strong>Kalibrace:<\/strong> Pravideln\u011b kalibrujte gener\u00e1tor, abyste udr\u017eeli p\u0159esnost a optim\u00e1ln\u00ed v\u00fdkon.<\/li>\n<li><strong>Profesion\u00e1ln\u00ed servis:<\/strong> Pokud se vyskytnou n\u011bjak\u00e9 probl\u00e9my nebo z\u00e1vady, vyhledejte pomoc kvalifikovan\u00e9ho technika nebo servisn\u00edho odd\u011blen\u00ed v\u00fdrobce, jako je t\u00fdm z\u00e1kaznick\u00e9 podpory Beijing Ultrasonic.<\/li>\n<\/ul>\n<h3>8. Jak\u00e9 jsou b\u011b\u017en\u00e9 probl\u00e9my s ultrazvukov\u00fdmi gener\u00e1tory?<\/h3>\n<p>I p\u0159i pe\u010dliv\u00e9m pou\u017e\u00edv\u00e1n\u00ed a \u00fadr\u017eb\u011b se mohou vyskytnout probl\u00e9my. Mezi b\u011b\u017en\u00e9 probl\u00e9my pat\u0159\u00ed:<\/p>\n<ul>\n<li><strong>P\u0159eh\u0159\u00e1t\u00ed:<\/strong> Nedostate\u010dn\u00e9 v\u011btr\u00e1n\u00ed nebo nadm\u011brn\u00e1 doba provozu mohou zp\u016fsobit p\u0159eh\u0159\u00e1t\u00ed gener\u00e1toru, co\u017e m\u016f\u017ee po\u0161kodit sou\u010d\u00e1stky.<\/li>\n<li><strong>Nesoulad frekvence:<\/strong> Nep\u0159esn\u00e9 slad\u011bn\u00ed frekvence mezi gener\u00e1torem a m\u011bni\u010dem m\u016f\u017ee v\u00e9st k neefektivn\u00edmu v\u00fdkonu nebo po\u0161kozen\u00ed m\u011bni\u010de.<\/li>\n<li><strong>Probl\u00e9my s nap\u00e1jen\u00edm:<\/strong> Vadn\u00e9 nap\u00e1jec\u00ed zdroje mohou zp\u016fsobit nestabiln\u00ed nebo nedostate\u010dn\u00e9 dod\u00e1vky energie.<\/li>\n<li><strong>Poruchy obvod\u016f:<\/strong> Po\u0161kozen\u00e9 elektronick\u00e9 sou\u010d\u00e1stky uvnit\u0159 gener\u00e1toru mohou v\u00e9st k poru\u0161e nebo nespr\u00e1vn\u00e9mu provozu.<\/li>\n<li><strong>Probl\u00e9my s p\u0159ipojen\u00edm:<\/strong> Voln\u00e1, zkorodovan\u00e1 nebo po\u0161kozen\u00e1 elektrick\u00e1 p\u0159ipojen\u00ed mohou zp\u016fsobit nekonzistentn\u00ed v\u00fdkon nebo poruchy.<\/li>\n<li><strong>Poruchy m\u011bni\u010de:<\/strong> N\u011bkdy mohou b\u00fdt zjevn\u00e9 probl\u00e9my s gener\u00e1torem ve skute\u010dnosti zp\u016fsobeny vadn\u00fdm m\u011bni\u010dem.<\/li>\n<\/ul>\n<h3>9. Jak\u00e1 bezpe\u010dnostn\u00ed opat\u0159en\u00ed by m\u011bla b\u00fdt dodr\u017eov\u00e1na?<\/h3>\n<p>Provoz ultrazvukov\u00fdch gener\u00e1tor\u016f vy\u017eaduje dodr\u017eov\u00e1n\u00ed n\u011bkolika bezpe\u010dnostn\u00edch opat\u0159en\u00ed:<\/p>\n<ul>\n<li><strong>Uzemn\u011bn\u00ed:<\/strong> V\u017edy zajist\u011bte, aby byl gener\u00e1tor \u0159\u00e1dn\u011b uzemn\u011bn, aby se p\u0159ede\u0161lo \u00farazu elektrick\u00fdm proudem.<\/li>\n<li><strong>Spr\u00e1vn\u00e9 zapojen\u00ed:<\/strong> Elektrick\u00e1 p\u0159ipojen\u00ed a zapojen\u00ed by m\u011bli prov\u00e1d\u011bt pouze kvalifikovan\u00ed technici.<\/li>\n<li><strong>Vyhn\u011bte se kontaktu:<\/strong> Vyhn\u011bte se p\u0159\u00edm\u00e9mu kontaktu s elektrick\u00fdmi svorkami a obvody, kdy\u017e je gener\u00e1tor zapnut\u00fd.<\/li>\n<li><strong>Bezpe\u010dn\u00e9 prost\u0159ed\u00ed:<\/strong> Gener\u00e1tor provozujte na such\u00e9m a dob\u0159e v\u011btran\u00e9m m\u00edst\u011b, aby se p\u0159ede\u0161lo nehod\u00e1m a po\u0161kozen\u00ed.<\/li>\n<li><strong>Ochrann\u00e9 pom\u016fcky:<\/strong> P\u0159i obsluze vysoce v\u00fdkonn\u00fdch ultrazvukov\u00fdch syst\u00e9m\u016f pou\u017e\u00edvejte vhodn\u00e9 osobn\u00ed ochrann\u00e9 prost\u0159edky (OOPP).<\/li>\n<li><strong>Nouzov\u00e9 vypnut\u00ed:<\/strong> Seznamte se s um\u00edst\u011bn\u00edm a obsluhou nouzov\u00e9ho vyp\u00edna\u010de pro p\u0159\u00edpad poruch nebo nehod.<\/li>\n<li><strong>Pokyny v\u00fdrobce:<\/strong> V\u017edy dodr\u017eujte pokyny v\u00fdrobce a bezpe\u010dnostn\u00ed doporu\u010den\u00ed uveden\u00e1 v u\u017eivatelsk\u00e9 p\u0159\u00edru\u010dce.<\/li>\n<\/ul>\n<h3>10. Jak mohu \u0159e\u0161it probl\u00e9my s m\u00fdm ultrazvukov\u00fdm gener\u00e1torem?<\/h3>\n<p>Z\u00e1kladn\u00ed kroky pro \u0159e\u0161en\u00ed probl\u00e9m\u016f mohou n\u011bkdy vy\u0159e\u0161it drobn\u00e9 z\u00e1vady ultrazvukov\u00fdch gener\u00e1tor\u016f. Zde je n\u011bkolik tip\u016f:<\/p>\n<ul>\n<li><strong>Zkontrolujte nap\u00e1jen\u00ed:<\/strong> Ov\u011b\u0159te, zda gener\u00e1tor p\u0159ij\u00edm\u00e1 dostate\u010dn\u00e9 nap\u00e1jen\u00ed.<\/li>\n<li><strong>Prohl\u00e9dn\u011bte p\u0159ipojen\u00ed:<\/strong> Ujist\u011bte se, \u017ee v\u0161echna p\u0159ipojen\u00ed mezi gener\u00e1torem, m\u011bni\u010dem a zdrojem nap\u00e1jen\u00ed jsou bezpe\u010dn\u00e1 a nepo\u0161kozen\u00e1.<\/li>\n<li><strong>Poslouchejte neobvykl\u00e9 zvuky:<\/strong> Podivn\u00e9 zvuky mohou nazna\u010dovat skryt\u00e9 probl\u00e9my, jako je nesoulad frekvenc\u00ed nebo poruchy m\u011bni\u010de.<\/li>\n<li><strong>Sledujte chybov\u00e9 k\u00f3dy:<\/strong> Modern\u00ed gener\u00e1tory \u010dasto zobrazuj\u00ed chybov\u00e9 k\u00f3dy k identifikaci konkr\u00e9tn\u00edch probl\u00e9m\u016f. Pro pochopen\u00ed t\u011bchto chybov\u00fdch k\u00f3d\u016f se pora\u010fte s u\u017eivatelskou p\u0159\u00edru\u010dkou.<\/li>\n<li><strong>Zjednodu\u0161te syst\u00e9m:<\/strong> Zkuste testovat komponenty jednotliv\u011b, abyste izolovali zdroj probl\u00e9mu.<\/li>\n<li><strong>Konzultujte s odborn\u00edky:<\/strong> Pokud probl\u00e9m nelze vy\u0159e\u0161it z\u00e1kladn\u00edmi kroky pro \u0159e\u0161en\u00ed probl\u00e9m\u016f, vyhledejte pomoc kvalifikovan\u00e9ho technika nebo servisn\u00edho odd\u011blen\u00ed v\u00fdrobce, jako je Beijing Ultrasonic.<\/li>\n<\/ul>\n<p>Z\u00e1v\u011brem lze \u0159\u00edci, \u017ee ultrazvukov\u00e9 gener\u00e1tory jsou slo\u017eit\u00e9, ale kl\u00ed\u010dov\u00e9 sou\u010d\u00e1sti ultrazvukov\u00fdch syst\u00e9m\u016f. Pro ka\u017ed\u00e9ho u\u017eivatele je z\u00e1sadn\u00ed pochopit, jak funguj\u00ed, jejich vlastnosti, aplikace a po\u017eadavky na \u00fadr\u017ebu. V\u00fdb\u011br spr\u00e1vn\u00e9ho gener\u00e1toru, jeho spr\u00e1vn\u00e1 \u00fadr\u017eba a v\u010dasn\u00e9 \u0159e\u0161en\u00ed probl\u00e9m\u016f mohou zajistit optim\u00e1ln\u00ed a spolehliv\u00fd v\u00fdkon a maximalizovat v\u00fdhody ultrazvukov\u00e9 technologie. T\u00edm, \u017ee se tento \u010dl\u00e1nek zab\u00fdv\u00e1 b\u011b\u017en\u00fdmi ot\u00e1zkami a obavami, poskytuje u\u017eite\u010dn\u00fd zdroj jak pro nov\u00e9, tak pro zku\u0161en\u00e9 u\u017eivatele ultrazvukov\u00fdch gener\u00e1tor\u016f.<\/p>\n","protected":false},"excerpt":{"rendered":"<p>Ultrazvukov\u00e9 gener\u00e1tory jsou kl\u00ed\u010dov\u00fdmi komponentami v ultrazvukov\u00fdch syst\u00e9mech a jsou zodpov\u011bdn\u00e9 za p\u0159em\u011bnu elektrick\u00e9 energie na vysokofrekven\u010dn\u00ed elektrick\u00e9 sign\u00e1ly pot\u0159ebn\u00e9 k pohonu ultrazvukov\u00fdch m\u011bni\u010d\u016f. Tyto gener\u00e1tory jsou slo\u017eit\u00e1 za\u0159\u00edzen\u00ed a jejich provoz a \u00fadr\u017eba \u010dasto vyvol\u00e1v\u00e1 mnoho ot\u00e1zek. Tento \u010dl\u00e1nek si klade za c\u00edl zodpov\u011bd\u011bt n\u011bkter\u00e9 z nej\u010dast\u011bji kladen\u00fdch ot\u00e1zek o ultrazvukov\u00fdch gener\u00e1torech a poskytnout<\/p>\n","protected":false},"author":1,"featured_media":19251,"parent":0,"menu_order":0,"comment_status":"closed","ping_status":"closed","template":"","meta":{"footnotes":""},"class_list":["post-72754","page","type-page","status-publish","has-post-thumbnail","hentry","prodpage-classic"],"aioseo_notices":[],"_links":{"self":[{"href":"https:\/\/www.bjultrasonic.com\/cs\/wp-json\/wp\/v2\/pages\/72754","targetHints":{"allow":["GET"]}}],"collection":[{"href":"https:\/\/www.bjultrasonic.com\/cs\/wp-json\/wp\/v2\/pages"}],"about":[{"href":"https:\/\/www.bjultrasonic.com\/cs\/wp-json\/wp\/v2\/types\/page"}],"author":[{"embeddable":true,"href":"https:\/\/www.bjultrasonic.com\/cs\/wp-json\/wp\/v2\/users\/1"}],"replies":[{"embeddable":true,"href":"https:\/\/www.bjultrasonic.com\/cs\/wp-json\/wp\/v2\/comments?post=72754"}],"version-history":[{"count":0,"href":"https:\/\/www.bjultrasonic.com\/cs\/wp-json\/wp\/v2\/pages\/72754\/revisions"}],"wp:featuredmedia":[{"embeddable":true,"href":"https:\/\/www.bjultrasonic.com\/cs\/wp-json\/wp\/v2\/media\/19251"}],"wp:attachment":[{"href":"https:\/\/www.bjultrasonic.com\/cs\/wp-json\/wp\/v2\/media?parent=72754"}],"curies":[{"name":"wp","href":"https:\/\/api.w.org\/{rel}","templated":true}]}}