{"id":73062,"date":"2012-04-28T19:12:36","date_gmt":"2012-04-29T02:12:36","guid":{"rendered":"https:\/\/www.bjultrasonic.com\/contact\/"},"modified":"2026-03-31T01:00:22","modified_gmt":"2026-03-31T06:00:22","slug":"contact","status":"publish","type":"page","link":"https:\/\/www.bjultrasonic.com\/cs\/contact\/","title":{"rendered":"Kontaktujte n\u00e1s"},"content":{"rendered":"<p>V\u017edy jsme tu pro v\u00e1s! A\u0165 u\u017e m\u00e1te dotaz ohledn\u011b na\u0161ich <a href=\"https:\/\/www.bjultrasonic.com\/shop\/\">ultrazvukov\u00fdch produkt\u016f<\/a>, pot\u0159ebujete individu\u00e1ln\u00ed OEM \u0159e\u0161en\u00ed nebo pomoc s cenami a dokon\u010den\u00edm objedn\u00e1vky, n\u00e1\u0161 specializovan\u00fd t\u00fdm je p\u0159ipraven v\u00e1m pomoci. Vypl\u0148te pros\u00edm kontaktn\u00ed formul\u00e1\u0159 n\u00ed\u017ee a zajist\u00edme, aby va\u0161e zpr\u00e1va byla zodpov\u011bzena do 2 pracovn\u00edch dn\u016f. V nal\u00e9hav\u00fdch p\u0159\u00edpadech n\u00e1s nev\u00e1hejte kontaktovat p\u0159\u00edmo telefonicky nebo p\u0159es WhatsApp.<\/p>\n","protected":false},"excerpt":{"rendered":"<p>V\u017edy jsme tu pro v\u00e1s! A\u0165 u\u017e m\u00e1te dotaz ohledn\u011b na\u0161ich ultrazvukov\u00fdch produkt\u016f, pot\u0159ebujete individu\u00e1ln\u00ed OEM \u0159e\u0161en\u00ed nebo pomoc s cenami a dokon\u010den\u00edm objedn\u00e1vky, n\u00e1\u0161 specializovan\u00fd t\u00fdm je p\u0159ipraven v\u00e1m pomoci. Vypl\u0148te pros\u00edm kontaktn\u00ed formul\u00e1\u0159 n\u00ed\u017ee a zajist\u00edme, aby va\u0161e zpr\u00e1va byla zodpov\u011bzena do 2 pracovn\u00edch dn\u016f. V nal\u00e9hav\u00fdch p\u0159\u00edpadech n\u00e1s nev\u00e1hejte kontaktovat p\u0159\u00edmo telefonicky<\/p>\n","protected":false},"author":1,"featured_media":0,"parent":0,"menu_order":8,"comment_status":"closed","ping_status":"closed","template":"","meta":{"footnotes":""},"class_list":["post-73062","page","type-page","status-publish","hentry","prodpage-classic"],"aioseo_notices":[],"_links":{"self":[{"href":"https:\/\/www.bjultrasonic.com\/cs\/wp-json\/wp\/v2\/pages\/73062","targetHints":{"allow":["GET"]}}],"collection":[{"href":"https:\/\/www.bjultrasonic.com\/cs\/wp-json\/wp\/v2\/pages"}],"about":[{"href":"https:\/\/www.bjultrasonic.com\/cs\/wp-json\/wp\/v2\/types\/page"}],"author":[{"embeddable":true,"href":"https:\/\/www.bjultrasonic.com\/cs\/wp-json\/wp\/v2\/users\/1"}],"replies":[{"embeddable":true,"href":"https:\/\/www.bjultrasonic.com\/cs\/wp-json\/wp\/v2\/comments?post=73062"}],"version-history":[{"count":0,"href":"https:\/\/www.bjultrasonic.com\/cs\/wp-json\/wp\/v2\/pages\/73062\/revisions"}],"wp:attachment":[{"href":"https:\/\/www.bjultrasonic.com\/cs\/wp-json\/wp\/v2\/media?parent=73062"}],"curies":[{"name":"wp","href":"https:\/\/api.w.org\/{rel}","templated":true}]}}