{"id":65310,"date":"2022-08-10T06:03:06","date_gmt":"2022-08-10T11:03:06","guid":{"rendered":"https:\/\/www.bjultrasonic.com\/shop\/ultrasonic-welding-machine\/"},"modified":"2026-03-28T20:58:11","modified_gmt":"2026-03-29T01:58:11","slug":"ultrasonic-welding-machine","status":"publish","type":"product","link":"https:\/\/www.bjultrasonic.com\/cs\/shop\/ultrasonic-welding-machine\/","title":{"rendered":"Ultrazvukov\u00fd sva\u0159ovac\u00ed stroj na plasty a kovy"},"content":{"rendered":"<p><img loading=\"lazy\" decoding=\"async\" class=\"alignnone size-full wp-image-24642\" src=\"https:\/\/www.bjultrasonic.com\/wp-content\/uploads\/2022\/08\/Ultrasonic-Welding-Machine-7.jpg\" alt=\"Ultrazvukov\u00fd sva\u0159ovac\u00ed stroj 7\" width=\"700\" height=\"561\" \/><\/p>\n<h3>Aplikace<\/h3>\n<p>Sva\u0159ov\u00e1n\u00ed plast\u016f, sva\u0159ov\u00e1n\u00ed netkan\u00fdch textili\u00ed, sva\u0159ov\u00e1n\u00ed kov\u016f a dal\u0161\u00ed.<\/p>\n<p>Ultrazvukov\u00fd sva\u0159ovac\u00ed stroj pro plastov\u00e9 desky PSA Grading Card, \u010dasova\u010d s pulzn\u00edm zapnut\u00edm\/vypnut\u00edm, p\u0159esn\u00e9 nastaven\u00ed v\u00fdkonu pro zaji\u0161t\u011bn\u00ed vysok\u00e9 kvality svaru, za\u0159\u00edzen\u00ed m\u016f\u017ee pracovat p\u0159eru\u0161ovan\u011b, m\u016f\u017ee tak\u00e9 b\u011b\u017eet napr\u00e1zdno, aby vyhov\u011blo r\u016fzn\u00fdm sva\u0159ovac\u00edm pot\u0159eb\u00e1m. Nejnov\u011bj\u0161\u00ed konstrukce hlavy pro ploch\u00e9\/N95, mal\u00e1 a elegantn\u00ed, dobr\u00fd v\u00fdhled p\u0159i pr\u00e1ci, nov\u00fd design elektrick\u00e9 sk\u0159\u00edn\u011b ultrazvukov\u00e9ho gener\u00e1toru, inteligentn\u00ed ochrana, stabiln\u00ed v\u00fdkon, spolehliv\u00e9 za\u0159\u00edzen\u00ed, dlouh\u00e1 \u017eivotnost.<\/p>\n<h3>Vlastnosti<\/h3>\n<ul>\n<li>Pou\u017eit\u00ed samobuzen\u00e9ho obvodu, kter\u00fd b\u011bhem pr\u00e1ce sleduje zm\u011bny parametr\u016f m\u011bni\u010de, \u010d\u00edm\u017e maximalizuje v\u00fdkon m\u011bni\u010de a n\u00e1strojov\u00e9 hlavy;<\/li>\n<li>Importovan\u00e9 v\u00fdkonov\u00e9 tranzistory odoln\u00e9 proti vysok\u00e9mu proudu a n\u00e1raz\u016fm, zvy\u0161uj\u00edc\u00ed stabilitu pr\u00e1ce ultrazvukov\u00e9ho gener\u00e1toru.<\/li>\n<li>Pou\u017eit\u00ed digit\u00e1ln\u00edho zobrazen\u00ed frekvence, frekvence lze jemn\u011b nastavovat, m\u016f\u017eete p\u0159esn\u011b sledovat pracovn\u00ed frekvenci gener\u00e1toru.<\/li>\n<li>Snadn\u00e1 obsluha, lze pou\u017e\u00edt pro r\u016fzn\u00e9 typy m\u011bni\u010d\u016f a forem. \u0160irok\u00fd rozsah sva\u0159ovan\u00fdch materi\u00e1l\u016f.<\/li>\n<\/ul>\n<h3>Video<\/h3>\n<p><iframe loading=\"lazy\" title=\"Ultrasonic Plastic Welding Machine Supplier\" width=\"500\" height=\"281\" src=\"https:\/\/www.youtube.com\/embed\/rSEf_GwBZQg?feature=oembed\" frameborder=\"0\" allow=\"accelerometer; autoplay; clipboard-write; encrypted-media; gyroscope; picture-in-picture; web-share\" referrerpolicy=\"strict-origin-when-cross-origin\" allowfullscreen><\/iframe><\/p>\n<p><iframe loading=\"lazy\" title=\"Plastic Ultrasonic Welding Machine Manufacturers\" width=\"500\" height=\"281\" src=\"https:\/\/www.youtube.com\/embed\/ntAp1KwSp-k?feature=oembed\" frameborder=\"0\" allow=\"accelerometer; autoplay; clipboard-write; encrypted-media; gyroscope; picture-in-picture; web-share\" referrerpolicy=\"strict-origin-when-cross-origin\" allowfullscreen><\/iframe><\/p>\n<p><iframe loading=\"lazy\" title=\"Ultrasonic Welding Machine\" width=\"500\" height=\"281\" src=\"https:\/\/www.youtube.com\/embed\/uB5-z1eBeCA?feature=oembed\" frameborder=\"0\" allow=\"accelerometer; autoplay; clipboard-write; encrypted-media; gyroscope; picture-in-picture; web-share\" referrerpolicy=\"strict-origin-when-cross-origin\" allowfullscreen><\/iframe><\/p>\n<p><strong>Modelov\u00e9 \u010d\u00edslo\uff1aBJSU-15<\/strong><\/p>\n<ul>\n<li>Frekvence\uff1a15K<\/li>\n<li>V\u00fdkon\uff1a2600W<\/li>\n<li>Provozn\u00ed nap\u011bt\u00ed\uff1aAC220V\/50Hz<\/li>\n<li>Rozsah frekvence\uff1a15 Khz<\/li>\n<\/ul>\n<p><strong>Modelov\u00e9 \u010d\u00edslo\uff1aBJSU-20<\/strong><\/p>\n<ul>\n<li>Frekvence 20K<\/li>\n<li>V\u00fdkon\uff1a2000W\/2600W<\/li>\n<li>Provozn\u00ed nap\u011bt\u00ed\uff1aAC220V\/50Hz<\/li>\n<li>Rozsah frekvence\uff1a20Khz<\/li>\n<\/ul>\n","protected":false},"excerpt":{"rendered":"<p data-sourcepos=\"1:1-1:237\">Ultrazvukov\u00fd sva\u0159ovac\u00ed stroj je specializovan\u00fd n\u00e1stroj, kter\u00fd vyu\u017e\u00edv\u00e1 vysokofrekven\u010dn\u00ed zvukov\u00e9 vlny ke spojov\u00e1n\u00ed termoplastick\u00fdch materi\u00e1l\u016f. Jedn\u00e1 se o nedestruktivn\u00ed, \u00fa\u010dinnou a p\u0159esnou sva\u0159ovac\u00ed techniku, kter\u00e1 nevy\u017eaduje teplo, lepidla ani rozpou\u0161t\u011bdla.<\/p>\n","protected":false},"featured_media":24636,"comment_status":"closed","ping_status":"closed","template":"","meta":[],"product_brand":[],"product_cat":[5616],"product_tag":[],"class_list":{"0":"post-65310","1":"product","2":"type-product","3":"status-publish","4":"has-post-thumbnail","6":"product_cat-ultrasonic-welding-equipment-cs","8":"first","9":"instock","10":"shipping-taxable","11":"product-type-external","12":"prodpage-classic"},"aioseo_notices":[],"_links":{"self":[{"href":"https:\/\/www.bjultrasonic.com\/cs\/wp-json\/wp\/v2\/product\/65310","targetHints":{"allow":["GET"]}}],"collection":[{"href":"https:\/\/www.bjultrasonic.com\/cs\/wp-json\/wp\/v2\/product"}],"about":[{"href":"https:\/\/www.bjultrasonic.com\/cs\/wp-json\/wp\/v2\/types\/product"}],"replies":[{"embeddable":true,"href":"https:\/\/www.bjultrasonic.com\/cs\/wp-json\/wp\/v2\/comments?post=65310"}],"wp:featuredmedia":[{"embeddable":true,"href":"https:\/\/www.bjultrasonic.com\/cs\/wp-json\/wp\/v2\/media\/24636"}],"wp:attachment":[{"href":"https:\/\/www.bjultrasonic.com\/cs\/wp-json\/wp\/v2\/media?parent=65310"}],"wp:term":[{"taxonomy":"product_brand","embeddable":true,"href":"https:\/\/www.bjultrasonic.com\/cs\/wp-json\/wp\/v2\/product_brand?post=65310"},{"taxonomy":"product_cat","embeddable":true,"href":"https:\/\/www.bjultrasonic.com\/cs\/wp-json\/wp\/v2\/product_cat?post=65310"},{"taxonomy":"product_tag","embeddable":true,"href":"https:\/\/www.bjultrasonic.com\/cs\/wp-json\/wp\/v2\/product_tag?post=65310"}],"curies":[{"name":"wp","href":"https:\/\/api.w.org\/{rel}","templated":true}]}}