{"id":65330,"date":"2021-03-22T09:26:39","date_gmt":"2021-03-22T14:26:39","guid":{"rendered":"https:\/\/www.bjultrasonic.com\/shop\/6000ml-ultrasonic-atomizer\/"},"modified":"2026-03-28T20:57:44","modified_gmt":"2026-03-29T01:57:44","slug":"6000ml-ultrasonic-atomizer","status":"publish","type":"product","link":"https:\/\/www.bjultrasonic.com\/cs\/shop\/6000ml-ultrasonic-atomizer\/","title":{"rendered":"6000ML Ultrazvukov\u00fd Rozpra\u0161ova\u010d"},"content":{"rendered":"<p>&nbsp;<\/p>\n<table class=\"table table-striped table-bordered\">\n<tbody>\n<tr>\n<td width=\"232\">Typ<\/td>\n<td width=\"418\">BJAR6000<\/td>\n<\/tr>\n<tr>\n<td width=\"232\">Mno\u017estv\u00ed rozpra\u0161ov\u00e1n\u00ed<\/td>\n<td width=\"418\">&gt;6000ML<\/td>\n<\/tr>\n<tr>\n<td width=\"232\">Rozm\u011bry<\/td>\n<td width=\"418\">326*68*52 mm(d\u00e9lka*\u0161\u00ed\u0159ka*v\u00fd\u0161ka)<\/td>\n<\/tr>\n<tr>\n<td width=\"232\">Pracovn\u00ed frekvence<\/td>\n<td width=\"418\">1700\u00b150(KHZ)<\/td>\n<\/tr>\n<tr>\n<td width=\"232\">Pr\u016fm\u011br piezokeramiky<\/td>\n<td width=\"418\">20mm<\/td>\n<\/tr>\n<tr>\n<td width=\"232\">Pracovn\u00ed teplota<\/td>\n<td width=\"418\">5\uff5e45\u2103<\/td>\n<\/tr>\n<tr>\n<td width=\"232\">Ochrana proti p\u0159eh\u0159\u00e1t\u00ed<\/td>\n<td width=\"418\">50\u2103<\/td>\n<\/tr>\n<tr>\n<td width=\"232\">Hladina vody<\/td>\n<td width=\"418\">40mm-80mm<\/p>\n<p>Doporu\u010den\u00e1 hladina: 65mm<\/td>\n<\/tr>\n<tr>\n<td width=\"232\">Pracovn\u00ed nap\u011bt\u00ed<\/td>\n<td width=\"418\">48V DC<\/td>\n<\/tr>\n<tr>\n<td width=\"232\">V\u00fdkon<\/td>\n<td width=\"418\">400W<\/td>\n<\/tr>\n<tr>\n<td width=\"232\">Proud<\/td>\n<td width=\"418\">7.5A<\/td>\n<\/tr>\n<tr>\n<td width=\"232\">Materi\u00e1l<\/td>\n<td width=\"418\">nerezov\u00e1 ocel<\/td>\n<\/tr>\n<tr>\n<td width=\"232\">Kabel<\/td>\n<td width=\"418\">D\u00e9lka\u00a05m<\/td>\n<\/tr>\n<tr>\n<td width=\"232\">Nap\u011bt\u00ed<\/td>\n<td width=\"418\">220v\/50hz\u00a0\u00a0\u00a0\u00a0\u00a0230v\/50hz<\/p>\n<p>120v\/60hz\u00a0\u00a0\u00a0\u00a0\u00a0\u00a0\u00a0110v\/60hz<\/td>\n<\/tr>\n<\/tbody>\n<\/table>\n<h3>Videa ultrazvukov\u00fdch zvlh\u010dova\u010d\u016f<\/h3>\n<p><iframe loading=\"lazy\" title=\"Ultrasonic Humidifier\" width=\"500\" height=\"281\" src=\"https:\/\/www.youtube.com\/embed\/videoseries?list=PLLrjMYkO0_NEpofnqW3MnsGQ-KMwpBJul\" frameborder=\"0\" allow=\"accelerometer; autoplay; clipboard-write; encrypted-media; gyroscope; picture-in-picture; web-share\" referrerpolicy=\"strict-origin-when-cross-origin\" allowfullscreen><\/iframe><\/p>\n","protected":false},"excerpt":{"rendered":"<p><a href=\"https:\/\/www.bjultrasonic.com\/cs\/category\/ultrasonic-atomizer-cs\/\">Ultrazvukov\u00fd zvlh\u010dova\u010d<\/a> vyu\u017e\u00edv\u00e1 ultrazvukovou energii k p\u0159em\u011bn\u011b kapalin na \u010d\u00e1stice podobn\u00e9 oblaku. Ultrazvukov\u00fd zvlh\u010dova\u010d se tak\u00e9 naz\u00fdv\u00e1 ultrazvukov\u00fd rozpra\u0161ova\u010d, <a href=\"https:\/\/www.bjultrasonic.com\/cs\/shop\/ultrasonic-atomizing-transducer\/\">ultrazvukov\u00fd tv\u016frce mlhy<\/a>, ultrazvukov\u00fd ml\u017en\u00fd gener\u00e1tor.<\/p>\n","protected":false},"featured_media":42223,"comment_status":"open","ping_status":"closed","template":"","meta":[],"product_brand":[],"product_cat":[6194],"product_tag":[],"class_list":{"0":"post-65330","1":"product","2":"type-product","3":"status-publish","4":"has-post-thumbnail","6":"product_cat-ultrasonic-atomizer-cs","8":"first","9":"instock","10":"shipping-taxable","11":"purchasable","12":"product-type-simple","13":"prodpage-classic"},"aioseo_notices":[],"_links":{"self":[{"href":"https:\/\/www.bjultrasonic.com\/cs\/wp-json\/wp\/v2\/product\/65330","targetHints":{"allow":["GET"]}}],"collection":[{"href":"https:\/\/www.bjultrasonic.com\/cs\/wp-json\/wp\/v2\/product"}],"about":[{"href":"https:\/\/www.bjultrasonic.com\/cs\/wp-json\/wp\/v2\/types\/product"}],"replies":[{"embeddable":true,"href":"https:\/\/www.bjultrasonic.com\/cs\/wp-json\/wp\/v2\/comments?post=65330"}],"wp:featuredmedia":[{"embeddable":true,"href":"https:\/\/www.bjultrasonic.com\/cs\/wp-json\/wp\/v2\/media\/42223"}],"wp:attachment":[{"href":"https:\/\/www.bjultrasonic.com\/cs\/wp-json\/wp\/v2\/media?parent=65330"}],"wp:term":[{"taxonomy":"product_brand","embeddable":true,"href":"https:\/\/www.bjultrasonic.com\/cs\/wp-json\/wp\/v2\/product_brand?post=65330"},{"taxonomy":"product_cat","embeddable":true,"href":"https:\/\/www.bjultrasonic.com\/cs\/wp-json\/wp\/v2\/product_cat?post=65330"},{"taxonomy":"product_tag","embeddable":true,"href":"https:\/\/www.bjultrasonic.com\/cs\/wp-json\/wp\/v2\/product_tag?post=65330"}],"curies":[{"name":"wp","href":"https:\/\/api.w.org\/{rel}","templated":true}]}}