{"id":65370,"date":"2021-03-22T09:07:54","date_gmt":"2021-03-22T14:07:54","guid":{"rendered":"https:\/\/www.bjultrasonic.com\/shop\/1200ml-ultrasonic-mist-maker\/"},"modified":"2026-03-28T20:57:20","modified_gmt":"2026-03-29T01:57:20","slug":"1200ml-ultrasonic-mist-maker","status":"publish","type":"product","link":"https:\/\/www.bjultrasonic.com\/cs\/shop\/1200ml-ultrasonic-mist-maker\/","title":{"rendered":"1200ML Ultrazvukov\u00fd Rozpra\u0161ova\u010d Mlhy"},"content":{"rendered":"<table class=\"table table-striped table-bordered\">\n<tbody>\n<tr>\n<td width=\"284\">Typ<\/td>\n<td width=\"284\">BJA1200<\/td>\n<\/tr>\n<tr>\n<td width=\"284\">Mno\u017estv\u00ed rozpra\u0161ov\u00e1n\u00ed<\/td>\n<td width=\"284\">&gt;1200 ml<\/td>\n<\/tr>\n<tr>\n<td width=\"284\">Rozm\u011bry<\/td>\n<td width=\"284\">135*68*51 mm D*\u0160*V<\/td>\n<\/tr>\n<tr>\n<td width=\"284\">Pracovn\u00ed frekvence<\/td>\n<td width=\"284\">1700\u00b150 (kHz)<\/td>\n<\/tr>\n<tr>\n<td width=\"284\">Pr\u016fm\u011br piezokeramiky<\/td>\n<td width=\"284\">20 mm<\/td>\n<\/tr>\n<tr>\n<td width=\"284\">Pracovn\u00ed teplota<\/td>\n<td width=\"284\">1\uff5e45 \u00b0C<\/td>\n<\/tr>\n<tr>\n<td width=\"284\">\u00darove\u0148 vody<\/td>\n<td width=\"284\">40 mm &#8211; 80 mm<\/td>\n<\/tr>\n<tr>\n<td width=\"284\">Pracovn\u00ed nap\u011bt\u00ed<\/td>\n<td width=\"284\">36 V AC<\/td>\n<\/tr>\n<tr>\n<td width=\"284\">Pracovn\u00ed proud<\/td>\n<td width=\"284\">3,3 A<\/td>\n<\/tr>\n<tr>\n<td width=\"284\">V\u00fdkon:<\/td>\n<td width=\"284\">150 W<\/td>\n<\/tr>\n<tr>\n<td width=\"284\">Materi\u00e1l<\/td>\n<td width=\"284\">Nerezov\u00e1 ocel<\/td>\n<\/tr>\n<tr>\n<td width=\"284\">Kabel<\/td>\n<td width=\"284\">D\u00e9lka 5 m<\/td>\n<\/tr>\n<tr>\n<td width=\"284\">Vstupn\u00ed nap\u011bt\u00ed<\/td>\n<td width=\"284\">AC 220 V \/ 50 Hz<\/p>\n<p>120 V \/ 60 Hz<\/td>\n<\/tr>\n<\/tbody>\n<\/table>\n<h3>Videa ultrazvukov\u00fdch zvlh\u010dova\u010d\u016f<\/h3>\n<p><iframe loading=\"lazy\" title=\"Ultrasonic Humidifier\" width=\"500\" height=\"281\" src=\"https:\/\/www.youtube.com\/embed\/videoseries?list=PLLrjMYkO0_NEpofnqW3MnsGQ-KMwpBJul\" frameborder=\"0\" allow=\"accelerometer; autoplay; clipboard-write; encrypted-media; gyroscope; picture-in-picture; web-share\" referrerpolicy=\"strict-origin-when-cross-origin\" allowfullscreen><\/iframe><\/p>\n","protected":false},"excerpt":{"rendered":"<p><a href=\"https:\/\/www.bjultrasonic.com\/cs\/category\/ultrasonic-atomizer-cs\/\">Ultrazvukov\u00fd zvlh\u010dova\u010d<\/a> vyu\u017e\u00edv\u00e1 ultrazvukovou energii k p\u0159em\u011bn\u011b kapalin na \u010d\u00e1stice podobn\u00e9 oblaku. Ultrazvukov\u00fd zvlh\u010dova\u010d se tak\u00e9 naz\u00fdv\u00e1 ultrazvukov\u00fd rozpra\u0161ova\u010d, <a href=\"https:\/\/www.bjultrasonic.com\/cs\/shop\/ultrasonic-atomizing-transducer\/\">ultrazvukov\u00fd tv\u016frce mlhy<\/a>, ultrazvukov\u00fd gener\u00e1tor mlhy.<\/p>\n","protected":false},"featured_media":23793,"comment_status":"open","ping_status":"closed","template":"","meta":[],"product_brand":[],"product_cat":[6194],"product_tag":[],"class_list":{"0":"post-65370","1":"product","2":"type-product","3":"status-publish","4":"has-post-thumbnail","6":"product_cat-ultrasonic-atomizer-cs","8":"first","9":"instock","10":"shipping-taxable","11":"purchasable","12":"product-type-simple","13":"prodpage-classic"},"aioseo_notices":[],"_links":{"self":[{"href":"https:\/\/www.bjultrasonic.com\/cs\/wp-json\/wp\/v2\/product\/65370","targetHints":{"allow":["GET"]}}],"collection":[{"href":"https:\/\/www.bjultrasonic.com\/cs\/wp-json\/wp\/v2\/product"}],"about":[{"href":"https:\/\/www.bjultrasonic.com\/cs\/wp-json\/wp\/v2\/types\/product"}],"replies":[{"embeddable":true,"href":"https:\/\/www.bjultrasonic.com\/cs\/wp-json\/wp\/v2\/comments?post=65370"}],"wp:featuredmedia":[{"embeddable":true,"href":"https:\/\/www.bjultrasonic.com\/cs\/wp-json\/wp\/v2\/media\/23793"}],"wp:attachment":[{"href":"https:\/\/www.bjultrasonic.com\/cs\/wp-json\/wp\/v2\/media?parent=65370"}],"wp:term":[{"taxonomy":"product_brand","embeddable":true,"href":"https:\/\/www.bjultrasonic.com\/cs\/wp-json\/wp\/v2\/product_brand?post=65370"},{"taxonomy":"product_cat","embeddable":true,"href":"https:\/\/www.bjultrasonic.com\/cs\/wp-json\/wp\/v2\/product_cat?post=65370"},{"taxonomy":"product_tag","embeddable":true,"href":"https:\/\/www.bjultrasonic.com\/cs\/wp-json\/wp\/v2\/product_tag?post=65370"}],"curies":[{"name":"wp","href":"https:\/\/api.w.org\/{rel}","templated":true}]}}