{"id":65390,"date":"2021-03-22T09:02:21","date_gmt":"2021-03-22T14:02:21","guid":{"rendered":"https:\/\/www.bjultrasonic.com\/shop\/700ml-ultrasonic-humidifier\/"},"modified":"2026-03-28T20:57:19","modified_gmt":"2026-03-29T01:57:19","slug":"700ml-ultrasonic-humidifier","status":"publish","type":"product","link":"https:\/\/www.bjultrasonic.com\/cs\/shop\/700ml-ultrasonic-humidifier\/","title":{"rendered":"700ML Ultrazvukov\u00fd Zvlh\u010dova\u010d Vzduchu"},"content":{"rendered":"<table class=\"table table-striped table-bordered\">\n<tbody>\n<tr>\n<td width=\"343\">Typ<\/td>\n<td width=\"343\">BJA700<\/td>\n<\/tr>\n<tr>\n<td width=\"343\">Mno\u017estv\u00ed rozpra\u0161ov\u00e1n\u00ed<\/td>\n<td width=\"343\">&gt;700 ml<\/td>\n<\/tr>\n<tr>\n<td width=\"343\">Rozm\u011bry<\/td>\n<td width=\"343\">115*44*51 mm D*\u0160*V<\/td>\n<\/tr>\n<tr>\n<td width=\"343\">Pracovn\u00ed frekvence<\/td>\n<td width=\"343\">1700\u00b150 (kHz)<\/td>\n<\/tr>\n<tr>\n<td width=\"343\">Pr\u016fm\u011br piezokeramiky<\/td>\n<td width=\"343\">20 mm<\/td>\n<\/tr>\n<tr>\n<td width=\"343\">Pracovn\u00ed teplota<\/td>\n<td width=\"343\">5 a\u017e 45 \u00b0C<\/td>\n<\/tr>\n<tr>\n<td width=\"343\">Hladina vody<\/td>\n<td width=\"343\">40\u201360 mm ode dna n\u00e1dr\u017ee<\/td>\n<\/tr>\n<tr>\n<td width=\"343\">Pracovn\u00ed nap\u011bt\u00ed<\/td>\n<td width=\"343\">DC 36 V<\/td>\n<\/tr>\n<tr>\n<td width=\"343\">V\u00fdkon<\/td>\n<td width=\"343\">80 W<\/td>\n<\/tr>\n<tr>\n<td width=\"343\">Materi\u00e1l<\/td>\n<td width=\"343\">Nerezov\u00e1 ocel 304<\/td>\n<\/tr>\n<tr>\n<td width=\"343\">Kabel<\/td>\n<td width=\"343\">1,5 m nebo 3 m<\/td>\n<\/tr>\n<\/tbody>\n<\/table>\n<p>&nbsp;<\/p>\n<h3>Videa ultrazvukov\u00fdch zvlh\u010dova\u010d\u016f<\/h3>\n<p><iframe loading=\"lazy\" title=\"Ultrasonic Humidifier\" width=\"500\" height=\"281\" src=\"https:\/\/www.youtube.com\/embed\/videoseries?list=PLLrjMYkO0_NEpofnqW3MnsGQ-KMwpBJul\" frameborder=\"0\" allow=\"accelerometer; autoplay; clipboard-write; encrypted-media; gyroscope; picture-in-picture; web-share\" referrerpolicy=\"strict-origin-when-cross-origin\" allowfullscreen><\/iframe><\/p>\n","protected":false},"excerpt":{"rendered":"<p><a href=\"https:\/\/www.bjultrasonic.com\/cs\/category\/ultrasonic-atomizer-cs\/\">Ultrazvukov\u00fd zvlh\u010dova\u010d<\/a> vyu\u017e\u00edv\u00e1 ultrazvukovou energii k p\u0159em\u011bn\u011b kapalin na \u010d\u00e1stice podobn\u00e9 oblaku. Ultrazvukov\u00fd zvlh\u010dova\u010d se tak\u00e9 naz\u00fdv\u00e1 ultrazvukov\u00fd rozpra\u0161ova\u010d, <a href=\"https:\/\/www.bjultrasonic.com\/cs\/shop\/ultrasonic-atomizing-transducer\/\">ultrazvukov\u00fd tv\u016frce mlhy<\/a>, ultrazvukov\u00fd ml\u017e\u00edtko.<\/p>\n","protected":false},"featured_media":23789,"comment_status":"open","ping_status":"closed","template":"","meta":[],"product_brand":[],"product_cat":[6194],"product_tag":[],"class_list":{"0":"post-65390","1":"product","2":"type-product","3":"status-publish","4":"has-post-thumbnail","6":"product_cat-ultrasonic-atomizer-cs","8":"first","9":"instock","10":"shipping-taxable","11":"purchasable","12":"product-type-simple","13":"prodpage-classic"},"aioseo_notices":[],"_links":{"self":[{"href":"https:\/\/www.bjultrasonic.com\/cs\/wp-json\/wp\/v2\/product\/65390","targetHints":{"allow":["GET"]}}],"collection":[{"href":"https:\/\/www.bjultrasonic.com\/cs\/wp-json\/wp\/v2\/product"}],"about":[{"href":"https:\/\/www.bjultrasonic.com\/cs\/wp-json\/wp\/v2\/types\/product"}],"replies":[{"embeddable":true,"href":"https:\/\/www.bjultrasonic.com\/cs\/wp-json\/wp\/v2\/comments?post=65390"}],"wp:featuredmedia":[{"embeddable":true,"href":"https:\/\/www.bjultrasonic.com\/cs\/wp-json\/wp\/v2\/media\/23789"}],"wp:attachment":[{"href":"https:\/\/www.bjultrasonic.com\/cs\/wp-json\/wp\/v2\/media?parent=65390"}],"wp:term":[{"taxonomy":"product_brand","embeddable":true,"href":"https:\/\/www.bjultrasonic.com\/cs\/wp-json\/wp\/v2\/product_brand?post=65390"},{"taxonomy":"product_cat","embeddable":true,"href":"https:\/\/www.bjultrasonic.com\/cs\/wp-json\/wp\/v2\/product_cat?post=65390"},{"taxonomy":"product_tag","embeddable":true,"href":"https:\/\/www.bjultrasonic.com\/cs\/wp-json\/wp\/v2\/product_tag?post=65390"}],"curies":[{"name":"wp","href":"https:\/\/api.w.org\/{rel}","templated":true}]}}