{"id":65530,"date":"2021-03-17T10:23:32","date_gmt":"2021-03-17T15:23:32","guid":{"rendered":"https:\/\/www.bjultrasonic.com\/shop\/40khz-73khz-100khz-30w-triple-frequency-ultrasonic-transducer-pzt-4\/"},"modified":"2026-03-28T20:55:58","modified_gmt":"2026-03-29T01:55:58","slug":"40khz-73khz-100khz-30w-triple-frequency-ultrasonic-transducer-pzt-4","status":"publish","type":"product","link":"https:\/\/www.bjultrasonic.com\/cs\/shop\/40khz-73khz-100khz-30w-triple-frequency-ultrasonic-transducer-pzt-4\/","title":{"rendered":"40KHz\/73KHz\/100KHz 30W Trojfrekven\u010dn\u00ed ultrazvukov\u00fd m\u011bni\u010d (PZT-4)"},"content":{"rendered":"<h2>Specifikace trojfrekven\u010dn\u00edho ultrazvukov\u00e9ho m\u011bni\u010de 40KHz\/73KHz\/100KHz 30W (PZT-4)<\/h2>\n<table class=\"table table-striped table-bordered\">\n<tbody>\n<tr>\n<td width=\"220\">Typ<\/td>\n<td width=\"346\">BJC-4073100T- 40HN PZT-4<\/td>\n<\/tr>\n<tr>\n<td width=\"220\">Frekvence<\/td>\n<td width=\"346\">40k\/73k\/100KHz +\/- 1KHz<\/td>\n<\/tr>\n<tr>\n<td width=\"220\">V\u00fdkon<\/td>\n<td width=\"346\">30W<\/td>\n<\/tr>\n<tr>\n<td width=\"220\">Kapacita<\/td>\n<td width=\"346\">3200pF \u00b110%<\/td>\n<\/tr>\n<tr>\n<td width=\"220\">Vyza\u0159ovac\u00ed plocha<\/td>\n<td width=\"346\">40 mm<\/td>\n<\/tr>\n<tr>\n<td width=\"220\">Rezonan\u010dn\u00ed odpor<\/td>\n<td width=\"346\">10\u201320 \u03a9 &lt;40<\/td>\n<\/tr>\n<tr>\n<td width=\"220\">Rozm\u011bry piezokeramiky<\/td>\n<td width=\"346\">38*15*5 (pzt4)<\/td>\n<\/tr>\n<tr>\n<td width=\"220\">D\u00e9lka<\/td>\n<td width=\"346\">54 mm<\/td>\n<\/tr>\n<tr>\n<td width=\"220\">Nap\u00e1jen\u00ed<\/td>\n<td width=\"346\">100V~130V nebo 220V~240V AC<\/td>\n<\/tr>\n<tr>\n<td width=\"220\">Hmotnost<\/td>\n<td width=\"346\">110 g\/ks<\/td>\n<\/tr>\n<tr>\n<td width=\"220\">Typ<\/td>\n<td width=\"346\">Typ rohovky<\/td>\n<\/tr>\n<\/tbody>\n<\/table>\n<h2><a href=\"https:\/\/drive.google.com\/file\/d\/1pXEpP5HbetTukpQtZKV4hyTdlMm0aYkt\/view\" target=\"_blank\" rel=\"noopener\">St\u00e1hnout<\/a> specifikaci a cenovou nab\u00eddku v\u0161ech ultrazvukov\u00fdch \u010distic\u00edch m\u011bni\u010d\u016f.<\/h2>\n<h3>Metody pojmenov\u00e1n\u00ed ultrazvukov\u00fdch \u010distic\u00edch m\u011bni\u010d\u016f<\/h3>\n<p><a href=\"https:\/\/www.bjultrasonic.com\/wp-content\/uploads\/2012\/10\/Naming-Methods-of-Ultrasonic-Cleaning-Transducer.jpg\" data-lightbox=\"image\"><img loading=\"lazy\" decoding=\"async\" title=\"Metody pojmenov\u00e1n\u00ed ultrazvukov\u00fdch \u010distic\u00edch m\u011bni\u010d\u016f\" src=\"\/\/www.bjultrasonic.com\/wp-content\/uploads\/2012\/10\/Naming-Methods-of-Ultrasonic-Cleaning-Transducer.jpg\" alt=\"Metody pojmenov\u00e1n\u00ed ultrazvukov\u00fdch \u010distic\u00edch m\u011bni\u010d\u016f\" width=\"442\" height=\"399\" \/><\/a><\/p>\n<h3>Struktura ultrazvukov\u00e9ho \u010distic\u00edho m\u011bni\u010de<\/h3>\n<p><a href=\"https:\/\/www.bjultrasonic.com\/wp-content\/uploads\/2012\/03\/2012319111.jpg\" data-lightbox=\"image\"><img loading=\"lazy\" decoding=\"async\" title=\"Struktura ultrazvukov\u00e9ho \u010distic\u00edho m\u011bni\u010de\" src=\"\/\/www.bjultrasonic.com\/wp-content\/uploads\/2012\/10\/Ultrasonic-Cleaning-Transducer-Structure.jpg\" alt=\"Struktura ultrazvukov\u00e9ho \u010distic\u00edho m\u011bni\u010de\" width=\"546\" height=\"203\" \/><\/a><\/p>\n<h3>Hlavn\u00ed vlastnosti<\/h3>\n<ul>\n<li>Vysok\u00e1 \u00fa\u010dinnost: vysok\u00fd mechanick\u00fd parametr Q, \u00fa\u010dinnost p\u0159em\u011bny mezi elekt\u0159inou a zvukem nad 95 %.<\/li>\n<li>Vysok\u00e1 amplituda: pevnost m\u011bni\u010de je zv\u00fd\u0161ena p\u0159\u00edm\u00fdm upevn\u011bn\u00edm vysokorychlostn\u00edho vibr\u00e1toru na z\u00e1kladnu myc\u00ed vany pomoc\u00ed \u0161roub\u016f. Ve srovn\u00e1n\u00ed s magnetostrik\u010dn\u00edm vibr\u00e1torem lze amplitudu zv\u00fd\u0161it o v\u00edce ne\u017e 50 %.<\/li>\n<li>Dobr\u00e1 tepeln\u00e1 odolnost: \u0161irok\u00fd rozsah pracovn\u00edch teplot, n\u00edzk\u00e1 rezonan\u010dn\u00ed impedance a tepeln\u00e9 ztr\u00e1ty.<\/li>\n<li>Dobr\u00e1 konstrukce: upevn\u011bno \u0161rouby, snadn\u00e9 mont\u00e1\u017ee, vysok\u00e1 spolehlivost.<\/li>\n<\/ul>\n<h3>Video seznam: Ultrazvukov\u00e9 m\u011bni\u010de<\/h3>\n<p><iframe loading=\"lazy\" title=\"Dual-frequency Piezoelectric Ultrasonic Transducer for Ultrasonic Cleaner\" width=\"500\" height=\"281\" src=\"https:\/\/www.youtube.com\/embed\/3zVdE1GihAE?list=PL2F5F3AB3579FB4A9\" frameborder=\"0\" allow=\"accelerometer; autoplay; clipboard-write; encrypted-media; gyroscope; picture-in-picture; web-share\" referrerpolicy=\"strict-origin-when-cross-origin\" allowfullscreen><\/iframe><\/p>\n<h3>V\u00fdkonn\u00fd ultrazvukov\u00fd m\u011bni\u010d<\/h3>\n<p><iframe loading=\"lazy\" title=\"High Power Piezoelectric Ultrasonic Transducer - Beijing Ultrasonic\" width=\"500\" height=\"281\" src=\"https:\/\/www.youtube.com\/embed\/TBLGTvZgOw4?feature=oembed\" frameborder=\"0\" allow=\"accelerometer; autoplay; clipboard-write; encrypted-media; gyroscope; picture-in-picture; web-share\" referrerpolicy=\"strict-origin-when-cross-origin\" allowfullscreen><\/iframe><\/p>\n<h3>Platba<\/h3>\n<p>P\u0159ij\u00edm\u00e1me PayPal, T\/T a Western Union.<\/p>\n<h3>Doprava<\/h3>\n<p>Zbo\u017e\u00ed bude odesl\u00e1no do 48 hodin po p\u0159ijet\u00ed pln\u00e9 platby.<\/p>\n<ul>\n<li>Zbo\u017e\u00ed zas\u00edl\u00e1me na adresu uvedenou v platb\u011b PayPal. Ujist\u011bte se pros\u00edm, \u017ee adresa v PayPal je spr\u00e1vn\u00e1.<\/li>\n<li>Po odesl\u00e1n\u00ed zbo\u017e\u00ed v\u00e1m poskytneme \u010d\u00edslo pro sledov\u00e1n\u00ed z\u00e1silky, zpravidla zbo\u017e\u00ed obdr\u017e\u00edte do p\u011bti dn\u016f.<\/li>\n<li>M\u00e1te-li jak\u00e9koli dotazy, kontaktujte n\u00e1s pros\u00edm e-mailem (na\u0161e e-mailov\u00e1 adresa je <a href=\"mailto:support@bjultrasonic.com\">support@bjultrasonic.com<\/a>).<\/li>\n<\/ul>\n<h3 align=\"left\">Z\u00e1ruka na produkt<\/h3>\n<p>Z\u00e1ru\u010dn\u00ed doba produktu je jeden rok. V r\u00e1mci z\u00e1ru\u010dn\u00ed doby lze zakoupen\u00e9 produkty bezplatn\u011b opravit nebo vym\u011bnit.<\/p>\n","protected":false},"excerpt":{"rendered":"<p><a href=\"https:\/\/www.bjultrasonic.com\/cs\/category\/ultrasonic-transducer-cs\/\">Piezoelektrick\u00fd m\u011bni\u010d<\/a> pro ultrazvukov\u00e9 \u010di\u0161t\u011bn\u00ed je d\u016fle\u017eitou sou\u010d\u00e1st\u00ed <a href=\"https:\/\/www.bjultrasonic.com\/cs\/category\/ultrasonic-cleaning-system-cs\/\">ultrazvukov\u00e9ho \u010disti\u010de<\/a>, ultrazvukov\u00fd m\u011bni\u010d p\u0159em\u011b\u0148uje elektrickou energii z <a href=\"https:\/\/www.bjultrasonic.com\/cs\/category\/ultrasonic-generator-cs\/\">ultrazvukov\u00e9ho gener\u00e1toru<\/a> na <a href=\"https:\/\/www.bjultrasonic.com\/cs\/uses-of-ultrasonic-waves\/\">ultrazvukov\u00e9 vlny<\/a>.<\/p>\n","protected":false},"featured_media":23747,"comment_status":"open","ping_status":"closed","template":"","meta":[],"product_brand":[],"product_cat":[6321],"product_tag":[],"class_list":{"0":"post-65530","1":"product","2":"type-product","3":"status-publish","4":"has-post-thumbnail","6":"product_cat-ultrasonic-transducer-cs","8":"first","9":"instock","10":"shipping-taxable","11":"purchasable","12":"product-type-simple","13":"prodpage-classic"},"aioseo_notices":[],"_links":{"self":[{"href":"https:\/\/www.bjultrasonic.com\/cs\/wp-json\/wp\/v2\/product\/65530","targetHints":{"allow":["GET"]}}],"collection":[{"href":"https:\/\/www.bjultrasonic.com\/cs\/wp-json\/wp\/v2\/product"}],"about":[{"href":"https:\/\/www.bjultrasonic.com\/cs\/wp-json\/wp\/v2\/types\/product"}],"replies":[{"embeddable":true,"href":"https:\/\/www.bjultrasonic.com\/cs\/wp-json\/wp\/v2\/comments?post=65530"}],"wp:featuredmedia":[{"embeddable":true,"href":"https:\/\/www.bjultrasonic.com\/cs\/wp-json\/wp\/v2\/media\/23747"}],"wp:attachment":[{"href":"https:\/\/www.bjultrasonic.com\/cs\/wp-json\/wp\/v2\/media?parent=65530"}],"wp:term":[{"taxonomy":"product_brand","embeddable":true,"href":"https:\/\/www.bjultrasonic.com\/cs\/wp-json\/wp\/v2\/product_brand?post=65530"},{"taxonomy":"product_cat","embeddable":true,"href":"https:\/\/www.bjultrasonic.com\/cs\/wp-json\/wp\/v2\/product_cat?post=65530"},{"taxonomy":"product_tag","embeddable":true,"href":"https:\/\/www.bjultrasonic.com\/cs\/wp-json\/wp\/v2\/product_tag?post=65530"}],"curies":[{"name":"wp","href":"https:\/\/api.w.org\/{rel}","templated":true}]}}