{"id":65570,"date":"2021-03-16T02:47:49","date_gmt":"2021-03-16T07:47:49","guid":{"rendered":"https:\/\/www.bjultrasonic.com\/shop\/three-tanks-industrial-ultrasonic-cleaners\/"},"modified":"2026-03-28T20:55:33","modified_gmt":"2026-03-29T01:55:33","slug":"three-tanks-industrial-ultrasonic-cleaners","status":"publish","type":"product","link":"https:\/\/www.bjultrasonic.com\/cs\/shop\/three-tanks-industrial-ultrasonic-cleaners\/","title":{"rendered":"T\u0159i N\u00e1dr\u017ee Pr\u016fmyslov\u00e9 Ultrazvukov\u00e9 \u010cisti\u010de"},"content":{"rendered":"<h3>Specifikace (M\u016f\u017eeme p\u0159izp\u016fsobit libovolnou velikost dle po\u017eadavk\u016f)<\/h3>\n<table class=\"table table-striped table-bordered\">\n<tbody>\n<tr>\n<td> Typ<\/td>\n<td>Frekvence<\/p>\n<p>(KHz)<\/td>\n<td>Ultrazvukov\u00fd m\u011bni\u010d<\/p>\n<p>(ks)<\/td>\n<td>Objem<\/p>\n<p>(l)<\/td>\n<td>Ultrazvukov\u00fd v\u00fdkon<\/p>\n<p>(W)<\/td>\n<td>Rozm\u011bry n\u00e1dr\u017ee<\/p>\n<p>(D*\u0160*V mm)<\/td>\n<td>V\u00fdkon oh\u0159evu<\/p>\n<p>(W)<\/td>\n<td>\u010casova\u010d<\/p>\n<p>(min)<\/td>\n<td>Su\u0161en\u00ed<\/td>\n<td>Filtr<\/td>\n<td>Proplach<\/td>\n<\/tr>\n<tr>\n<td>BJCTE38<\/td>\n<td>28 nebo 40k nebo jin\u00e1<\/td>\n<td>12<\/td>\n<td>38<\/td>\n<td>600<\/td>\n<td>500*300*250<\/td>\n<td>1500<\/td>\n<td>1~99\uff08h\uff09<\/td>\n<td>ANO<\/td>\n<td>ANO<\/td>\n<td>ANO<\/td>\n<\/tr>\n<tr>\n<td>BJCTE53<\/td>\n<td>28 nebo 40k nebo jin\u00e1<\/td>\n<td>18<\/td>\n<td>53<\/td>\n<td>900<\/td>\n<td>500*350*300<\/td>\n<td>1500<\/td>\n<td>1~99\uff08h\uff09<\/td>\n<td>ANO<\/td>\n<td>ANO<\/td>\n<td>ANO<\/td>\n<\/tr>\n<tr>\n<td>BJCTE78<\/td>\n<td>28 nebo 40k nebo jin\u00e1<\/td>\n<td>24<\/td>\n<td>78<\/td>\n<td>1200<\/td>\n<td>550*400*350<\/td>\n<td>3000<\/td>\n<td>1~99\uff08h\uff09<\/td>\n<td>ANO<\/td>\n<td>ANO<\/td>\n<td>ANO<\/td>\n<\/tr>\n<tr>\n<td>BJCTE88<\/td>\n<td>28 nebo 40k nebo jin\u00e1<\/td>\n<td>24<\/td>\n<td>88<\/td>\n<td>1200<\/td>\n<td>550*400*400<\/td>\n<td>3000<\/td>\n<td>1~99\uff08h\uff09<\/td>\n<td>ANO<\/td>\n<td>ANO<\/td>\n<td>ANO<\/td>\n<\/tr>\n<tr>\n<td>BJCTE99<\/td>\n<td>28 nebo 40k nebo jin\u00e1<\/td>\n<td>30<\/td>\n<td>99<\/td>\n<td>1500<\/td>\n<td>550*450*400<\/td>\n<td>3000<\/td>\n<td>1~99\uff08h\uff09<\/td>\n<td>ANO<\/td>\n<td>ANO<\/td>\n<td>ANO<\/td>\n<\/tr>\n<tr>\n<td>BJCTE135<\/td>\n<td>28 nebo 40k nebo jin\u00e1<\/td>\n<td>36<\/td>\n<td>135<\/td>\n<td>1800<\/td>\n<td>600*500*450<\/td>\n<td>4500<\/td>\n<td>1~99\uff08h\uff09<\/td>\n<td>ANO<\/td>\n<td>ANO<\/td>\n<td>ANO<\/td>\n<\/tr>\n<tr>\n<td>BJCTE175<\/td>\n<td>28 nebo 40k nebo jin\u00e1<\/td>\n<td>48<\/td>\n<td>175<\/td>\n<td>2400<\/td>\n<td>700*500*550<\/td>\n<td>6000<\/td>\n<td>1~99\uff08h\uff09<\/td>\n<td>ANO<\/td>\n<td>ANO<\/td>\n<td>ANO<\/td>\n<\/tr>\n<tr>\n<td>BJCTE264<\/td>\n<td>28 nebo 40k nebo jin\u00e1<\/td>\n<td>60<\/td>\n<td>264<\/td>\n<td>3000<\/td>\n<td>800*600*550<\/td>\n<td>9000<\/td>\n<td>1~99\uff08h\uff09<\/td>\n<td>ANO<\/td>\n<td>ANO<\/td>\n<td>ANO<\/td>\n<\/tr>\n<tr>\n<td>BJCTE360<\/td>\n<td>28 nebo 40k nebo jin\u00e1<\/td>\n<td>72<\/td>\n<td>360<\/td>\n<td>3600<\/td>\n<td>1000*600*600<\/td>\n<td>12000<\/td>\n<td>1~99\uff08h\uff09<\/td>\n<td>ANO<\/td>\n<td>ANO<\/td>\n<td>ANO<\/td>\n<\/tr>\n<tr>\n<td>BJCTE540<\/td>\n<td>28 nebo 40k nebo jin\u00e1<\/td>\n<td>108<\/td>\n<td>540<\/td>\n<td>5400<\/td>\n<td>1000*900*600<\/td>\n<td>18000<\/td>\n<td>1~99\uff08h\uff09<\/td>\n<td>ANO<\/td>\n<td>ANO<\/td>\n<td>ANO<\/td>\n<\/tr>\n<tr>\n<td>BJCTE960<\/td>\n<td>28 nebo 40k nebo jin\u00e1<\/td>\n<td>144<\/td>\n<td>960<\/td>\n<td>7200<\/td>\n<td>1200*1000*800<\/td>\n<td>27000<\/td>\n<td>1~99\uff08h\uff09<\/td>\n<td>ANO<\/td>\n<td>ANO<\/td>\n<td>ANO<\/td>\n<\/tr>\n<\/tbody>\n<\/table>\n<p>Pou\u017e\u00edv\u00e1me vysoce kvalitn\u00ed epoxidov\u00e9 lepidlo. Nelehce odpad\u00e1v\u00e1.<br \/>\nP\u0159ipevn\u011bn\u00ed ultrazvukov\u00e9ho m\u011bni\u010de pomoc\u00ed lisov\u00e1n\u00ed. P\u00edskov\u00e1n\u00ed. Myt\u00ed a su\u0161en\u00ed. Z\u00e1vitov\u00e1n\u00ed.<\/p>\n<p><img loading=\"lazy\" decoding=\"async\" class=\"alignnone size-full wp-image-23706\" src=\"https:\/\/www.bjultrasonic.com\/wp-content\/uploads\/2021\/03\/Bond-ultrasonic-transducer-by-using-stamping.jpg\" alt=\"P\u0159ipevn\u011bn\u00ed ultrazvukov\u00e9ho m\u011bni\u010de pomoc\u00ed lisov\u00e1n\u00ed\" width=\"700\" height=\"398\" \/><\/p>\n","protected":false},"excerpt":{"rendered":"<h3>Ultrazvukov\u00e9 \u010di\u0161t\u011bn\u00ed + Proplachov\u00e1n\u00ed + Su\u0161en\u00ed + Filtr<\/h3>\n<ol>\n<li>Materi\u00e1l n\u00e1dr\u017ee: N\u00e1dr\u017e z nerezov\u00e9 oceli 304. Tv\u00e1\u0159en\u00ed otev\u0159en\u00fdm kov\u00e1n\u00edm bez svar\u016f.<\/li>\n<li>Tlou\u0161\u0165ka n\u00e1dr\u017ee: 3mm, dlouh\u00e1 \u017eivotnost<\/li>\n<li>Pracovn\u00ed doba: Nastaven\u00ed 0-90 minut<\/li>\n<li>\u0158\u00edzen\u00ed teploty: 0-80 stup\u0148\u016f<\/li>\n<li>V\u00fdkon: Nastaviteln\u00fd<\/li>\n<li>Frekvence: Podle po\u017eadavk\u016f, kabel<\/li>\n<li>Pr\u016fmyslov\u00fd standard, robustn\u00ed nap\u00e1jec\u00ed \u0161\u0148\u016fra odoln\u00e1 v\u016f\u010di teplu, odoln\u00e1 v\u016f\u010di zm\u011bk\u010den\u00ed<\/li>\n<li>Vysok\u00e1 p\u0159esnost: Proto\u017ee ultrazvukov\u00e1 energie m\u016f\u017ee pronikat drobn\u00fdmi prasklinami a otvory, lze ji pou\u017e\u00edt k \u010di\u0161t\u011bn\u00ed jak\u00fdchkoli d\u00edl\u016f nebo sestaven\u00fdch sou\u010d\u00e1st\u00ed. Pro \u010di\u0161t\u011bn\u00ed p\u0159esn\u00fdch d\u00edl\u016f nebo sestaven\u00fdch sou\u010d\u00e1st\u00ed se ultrazvukov\u00e9 \u010di\u0161t\u011bn\u00ed \u010dasto st\u00e1v\u00e1 jedinou metodou \u010di\u0161t\u011bn\u00ed, kter\u00e1 spl\u0148uje zvl\u00e1\u0161tn\u00ed technick\u00e9 po\u017eadavky;<\/li>\n<li>Rychlost: Ultrazvukov\u00e9 \u010di\u0161t\u011bn\u00ed je v odstra\u0148ov\u00e1n\u00ed prachu a ne\u010distot z obrobk\u016f mnohem rychlej\u0161\u00ed ve srovn\u00e1n\u00ed s b\u011b\u017en\u00fdmi metodami \u010di\u0161t\u011bn\u00ed. Nen\u00ed nutn\u00e9 demontovat sestavu pro \u010di\u0161t\u011bn\u00ed. V\u00fdhoda ultrazvukov\u00e9ho \u010di\u0161t\u011bn\u00ed spo\u010d\u00edv\u00e1 v \u00faspo\u0159e pracovn\u00ed s\u00edly, co\u017e z n\u011bj \u010din\u00ed nejekonomi\u010dt\u011bj\u0161\u00ed zp\u016fsob \u010di\u0161t\u011bn\u00ed;<\/li>\n<li>Konzistence: A\u0165 u\u017e je \u010di\u0161t\u011bn\u00fd kus velk\u00fd nebo mal\u00fd, jednoduch\u00fd nebo slo\u017eit\u00fd, jednotliv\u00fd nebo v d\u00e1vce, nebo na automatick\u00e9 v\u00fdrobn\u00ed lince, pou\u017eit\u00ed ultrazvukov\u00e9ho \u010di\u0161t\u011bn\u00ed poskytuje jednotnost \u010distoty, kter\u00e9 nelze dos\u00e1hnout ru\u010dn\u00edm \u010di\u0161t\u011bn\u00edm.<\/li>\n<li>Design: V\u00fdrobek m\u00e1 kr\u00e1sn\u00fd a jednoduch\u00fd design, sk\u0159\u00ed\u0148 je vyrobena z vysoce kvalitn\u00ed nerezov\u00e9 oceli s ra\u017een\u00fdm vzorem. Protikorozn\u00ed vlastnosti jsou dobr\u00e9; \u010cistic\u00ed n\u00e1dr\u017e je vyrobena z vysoce kvalitn\u00ed nerezov\u00e9 oceli SUS304 tv\u00e1\u0159en\u00edm za studena, bez svar\u016f, s dobrou vodot\u011bsnou v\u00fdkonnost\u00ed.<\/li>\n<li>Obvod: Nap\u00e1jec\u00ed obvod vyu\u017e\u00edv\u00e1 nov\u00e9 oscil\u00e1tory OS, p\u0159esn\u011b \u0159\u00edd\u00ed frekvenci vibrac\u00ed a m\u00e1 funkci zp\u011btn\u00e9 vazby, v\u00fdstup ultrazvuku je stabiln\u011bj\u0161\u00ed a spolehliv\u011bj\u0161\u00ed.<\/li>\n<li>Ultrazvukov\u00fd m\u011bni\u010d: Ultrazvukov\u00fd m\u011bni\u010d vyu\u017e\u00edv\u00e1 celohlin\u00edkovou konstrukci s del\u0161\u00ed \u017eivotnost\u00ed, sni\u017euje zah\u0159\u00edv\u00e1n\u00ed a v\u00fdstup je stabiln\u00ed.<\/li>\n<\/ol>\n","protected":false},"featured_media":23712,"comment_status":"closed","ping_status":"closed","template":"","meta":[],"product_brand":[],"product_cat":[5964],"product_tag":[],"class_list":{"0":"post-65570","1":"product","2":"type-product","3":"status-publish","4":"has-post-thumbnail","6":"product_cat-big-ultrasonic-cleaning-machine-cs","8":"first","9":"instock","10":"shipping-taxable","11":"product-type-external","12":"prodpage-classic"},"aioseo_notices":[],"_links":{"self":[{"href":"https:\/\/www.bjultrasonic.com\/cs\/wp-json\/wp\/v2\/product\/65570","targetHints":{"allow":["GET"]}}],"collection":[{"href":"https:\/\/www.bjultrasonic.com\/cs\/wp-json\/wp\/v2\/product"}],"about":[{"href":"https:\/\/www.bjultrasonic.com\/cs\/wp-json\/wp\/v2\/types\/product"}],"replies":[{"embeddable":true,"href":"https:\/\/www.bjultrasonic.com\/cs\/wp-json\/wp\/v2\/comments?post=65570"}],"wp:featuredmedia":[{"embeddable":true,"href":"https:\/\/www.bjultrasonic.com\/cs\/wp-json\/wp\/v2\/media\/23712"}],"wp:attachment":[{"href":"https:\/\/www.bjultrasonic.com\/cs\/wp-json\/wp\/v2\/media?parent=65570"}],"wp:term":[{"taxonomy":"product_brand","embeddable":true,"href":"https:\/\/www.bjultrasonic.com\/cs\/wp-json\/wp\/v2\/product_brand?post=65570"},{"taxonomy":"product_cat","embeddable":true,"href":"https:\/\/www.bjultrasonic.com\/cs\/wp-json\/wp\/v2\/product_cat?post=65570"},{"taxonomy":"product_tag","embeddable":true,"href":"https:\/\/www.bjultrasonic.com\/cs\/wp-json\/wp\/v2\/product_tag?post=65570"}],"curies":[{"name":"wp","href":"https:\/\/api.w.org\/{rel}","templated":true}]}}