{"id":65590,"date":"2021-03-16T02:44:45","date_gmt":"2021-03-16T07:44:45","guid":{"rendered":"https:\/\/www.bjultrasonic.com\/shop\/two-tanks-industrial-ultrasonic-cleaners\/"},"modified":"2026-03-28T20:55:32","modified_gmt":"2026-03-29T01:55:32","slug":"two-tanks-industrial-ultrasonic-cleaners","status":"publish","type":"product","link":"https:\/\/www.bjultrasonic.com\/cs\/shop\/two-tanks-industrial-ultrasonic-cleaners\/","title":{"rendered":"Dv\u011b N\u00e1dr\u017ee Pr\u016fmyslov\u00e9 Ultrazvukov\u00e9 \u010cisti\u010de"},"content":{"rendered":"<h3>Specifikace (Jakoukoli velikost m\u016f\u017eeme p\u0159izp\u016fsobit dle po\u017eadavk\u016f)<\/h3>\n<table class=\"table table-striped table-bordered\">\n<tbody>\n<tr>\n<td> Typ<\/td>\n<td>Frekvence<\/p>\n<p>(KHz)<\/td>\n<td>Ultrazvukov\u00fd m\u011bni\u010d<\/p>\n<p>(ks)<\/td>\n<td>Objem<\/p>\n<p>(l)<\/td>\n<td>Ultrazvukov\u00fd v\u00fdkon<\/p>\n<p>(W)<\/td>\n<td>Rozm\u011bry n\u00e1dr\u017ee<\/p>\n<p>(d*\u0161*v MM)<\/td>\n<td>V\u00fdkon oh\u0159evu<\/p>\n<p>(W)<\/td>\n<td>\u010casova\u010d<\/p>\n<p>(min)<\/td>\n<td>Su\u0161en\u00ed<\/td>\n<td>Filtr<\/td>\n<\/tr>\n<tr>\n<td>BJCDE38<\/td>\n<td>28 nebo 40k nebo jin\u00e1<\/td>\n<td>12<\/td>\n<td>38<\/td>\n<td>600<\/td>\n<td>500*300*250<\/td>\n<td>1500<\/td>\n<td>1~99\uff08h\uff09<\/td>\n<td>ANO<\/td>\n<td> ANO<\/td>\n<\/tr>\n<tr>\n<td>BJCDE53<\/td>\n<td>28 nebo 40k nebo jin\u00e1<\/td>\n<td>18<\/td>\n<td>53<\/td>\n<td>900<\/td>\n<td>500*350*300<\/td>\n<td>1500<\/td>\n<td>1~99\uff08h\uff09<\/td>\n<td>ANO<\/td>\n<td> ANO<\/td>\n<\/tr>\n<tr>\n<td>BJCDE78<\/td>\n<td>28 nebo 40k nebo jin\u00e1<\/td>\n<td>24<\/td>\n<td>78<\/td>\n<td>1200<\/td>\n<td>550*400*350<\/td>\n<td>3000<\/td>\n<td>1~99\uff08h\uff09<\/td>\n<td>ANO<\/td>\n<td> ANO<\/td>\n<\/tr>\n<tr>\n<td>BJCDE88<\/td>\n<td>28 nebo 40k nebo jin\u00e1<\/td>\n<td>24<\/td>\n<td>88<\/td>\n<td>1200<\/td>\n<td>550*400*400<\/td>\n<td>3000<\/td>\n<td>1~99\uff08h\uff09<\/td>\n<td>ANO<\/td>\n<td> ANO<\/td>\n<\/tr>\n<tr>\n<td>BJCDE99<\/td>\n<td>28 nebo 40k nebo jin\u00e1<\/td>\n<td>30<\/td>\n<td>99<\/td>\n<td>1500<\/td>\n<td>550*450*400<\/td>\n<td>3000<\/td>\n<td>1~99\uff08h\uff09<\/td>\n<td>ANO<\/td>\n<td> ANO<\/td>\n<\/tr>\n<tr>\n<td>BJCDE135<\/td>\n<td>28 nebo 40k nebo jin\u00e1<\/td>\n<td>36<\/td>\n<td>135<\/td>\n<td>1800<\/td>\n<td>600*500*450<\/td>\n<td>4500<\/td>\n<td>1~99\uff08h\uff09<\/td>\n<td>ANO<\/td>\n<td> ANO<\/td>\n<\/tr>\n<tr>\n<td>BJCDE175<\/td>\n<td>28 nebo 40k nebo jin\u00e1<\/td>\n<td>48<\/td>\n<td>175<\/td>\n<td>2400<\/td>\n<td>700*500*550<\/td>\n<td>6000<\/td>\n<td>1~99\uff08h\uff09<\/td>\n<td>ANO<\/td>\n<td> ANO<\/td>\n<\/tr>\n<tr>\n<td>BJCDE264<\/td>\n<td>28 nebo 40k nebo jin\u00e1<\/td>\n<td>60<\/td>\n<td>264<\/td>\n<td>3000<\/td>\n<td>800*600*550<\/td>\n<td>9000<\/td>\n<td>1~99\uff08h\uff09<\/td>\n<td>ANO<\/td>\n<td> ANO<\/td>\n<\/tr>\n<tr>\n<td>BJCDE360<\/td>\n<td>28 nebo 40k nebo jin\u00e1<\/td>\n<td>72<\/td>\n<td>360<\/td>\n<td>3600<\/td>\n<td>1000*600*600<\/td>\n<td>12000<\/td>\n<td>1~99\uff08h\uff09<\/td>\n<td>ANO<\/td>\n<td> ANO<\/td>\n<\/tr>\n<tr>\n<td>BJCDE540<\/td>\n<td>28 nebo 40k nebo jin\u00e1<\/td>\n<td>108<\/td>\n<td>540<\/td>\n<td>5400<\/td>\n<td>1000*900*600<\/td>\n<td>18000<\/td>\n<td>1~99\uff08h\uff09<\/td>\n<td>ANO<\/td>\n<td> ANO<\/td>\n<\/tr>\n<tr>\n<td>BJCDE960<\/td>\n<td>28 nebo 40k nebo jin\u00e1<\/td>\n<td>144<\/td>\n<td>960<\/td>\n<td>7200<\/td>\n<td>1200*1000*800<\/td>\n<td>27000<\/td>\n<td>1~99\uff08h\uff09<\/td>\n<td>ANO<\/td>\n<td>ANO<\/td>\n<\/tr>\n<\/tbody>\n<\/table>\n<p>Pou\u017e\u00edv\u00e1 se vysoce kvalitn\u00ed epoxidov\u00e9 lepidlo. Nen\u00ed snadn\u00e9 odpadnout.<br \/>\nP\u0159ipevn\u011bn\u00ed ultrazvukov\u00e9ho m\u011bni\u010de pomoc\u00ed lisov\u00e1n\u00ed. P\u00edskov\u00e1n\u00ed. Pran\u00ed a su\u0161en\u00ed. Z\u00e1vitov\u00e1n\u00ed<\/p>\n<p><img loading=\"lazy\" decoding=\"async\" class=\"alignnone size-full wp-image-23706\" src=\"https:\/\/www.bjultrasonic.com\/wp-content\/uploads\/2021\/03\/Bond-ultrasonic-transducer-by-using-stamping.jpg\" alt=\"P\u0159ipevn\u011bn\u00ed ultrazvukov\u00e9ho m\u011bni\u010de pomoc\u00ed lisov\u00e1n\u00ed\" width=\"700\" height=\"398\" \/><\/p>\n","protected":false},"excerpt":{"rendered":"<h3>Ultrazvukov\u00e9 \u010di\u0161t\u011bn\u00ed + Su\u0161en\u00ed<\/h3>\n<ol>\n<li>Materi\u00e1l n\u00e1dr\u017ee: N\u00e1dr\u017e z nerezov\u00e9 oceli 304. Tvarov\u00e1n\u00ed lisov\u00e1n\u00edm bez svar\u016f.<\/li>\n<li>Tlou\u0161\u0165ka n\u00e1dr\u017ee: 3mm, dlouh\u00e1 \u017eivotnost<\/li>\n<li>Doba pr\u00e1ce: Nastaviteln\u00e1 0-90 minut<\/li>\n<li>\u0158\u00edzen\u00ed teploty: 0-80 stup\u0148\u016f<\/li>\n<li>V\u00fdkon: Nastaviteln\u00fd<\/li>\n<li>Frekvence: podle po\u017eadavk\u016f Kabel<\/li>\n<li>Pr\u016fmyslov\u00fd standard, robustn\u00ed nap\u00e1jec\u00ed \u0161\u0148\u016fra odoln\u00e1 v\u016f\u010di teplu, odoln\u00e1 proti zm\u011bk\u010den\u00ed<\/li>\n<li>Vysok\u00e1 p\u0159esnost: Proto\u017ee ultrazvukov\u00e1 energie m\u016f\u017ee proch\u00e1zet drobn\u00fdmi prasklinami a otvory, lze ji pou\u017e\u00edt k \u010di\u0161t\u011bn\u00ed jak\u00fdchkoli d\u00edl\u016f nebo sestaven\u00fdch sou\u010d\u00e1st\u00ed. Pro \u010di\u0161t\u011bn\u00ed p\u0159esn\u00fdch d\u00edl\u016f nebo sestaven\u00fdch sou\u010d\u00e1st\u00ed se ultrazvukov\u00e9 \u010di\u0161t\u011bn\u00ed \u010dasto st\u00e1v\u00e1 jedinou metodou, kter\u00e1 spl\u0148uje speci\u00e1ln\u00ed technick\u00e9 po\u017eadavky;<\/li>\n<li>Rychlost: Ultrazvukov\u00e9 \u010di\u0161t\u011bn\u00ed je ve srovn\u00e1n\u00ed s b\u011b\u017en\u00fdmi metodami \u010di\u0161t\u011bn\u00ed mnohem rychlej\u0161\u00ed, pokud jde o odstran\u011bn\u00ed prachu a ne\u010distot z obrobku. Nen\u00ed nutn\u00e9 demontovat sestavu pro \u010di\u0161t\u011bn\u00ed. V\u00fdhoda ultrazvukov\u00e9ho \u010di\u0161t\u011bn\u00ed spo\u010d\u00edv\u00e1 v \u00faspo\u0159e pracovn\u00ed s\u00edly, co\u017e z n\u011bj \u010din\u00ed nejekonomi\u010dt\u011bj\u0161\u00ed zp\u016fsob \u010di\u0161t\u011bn\u00ed;<\/li>\n<li>Konzistence: Bez ohledu na to, zda je \u010di\u0161t\u011bn\u00fd p\u0159edm\u011bt velk\u00fd nebo mal\u00fd, jednoduch\u00fd nebo slo\u017eit\u00fd, jednotliv\u00fd nebo v d\u00e1vce, nebo na automatick\u00e9 mont\u00e1\u017en\u00ed lince, pou\u017eit\u00ed ultrazvukov\u00e9ho \u010di\u0161t\u011bn\u00ed m\u016f\u017ee dos\u00e1hnout nedosa\u017eiteln\u00e9 rovnom\u011brnosti \u010distoty ve srovn\u00e1n\u00ed s ru\u010dn\u00edm \u010di\u0161t\u011bn\u00edm.<\/li>\n<li>Design: V\u00fdrobek je navr\u017een esteticky a jednodu\u0161e, sk\u0159\u00ed\u0148 je vyrobena z kvalitn\u00ed nerezov\u00e9 oceli s ra\u017ebou. Protikorozn\u00ed vlastnosti jsou dobr\u00e9; \u010cistic\u00ed n\u00e1dr\u017e je vyrobena z kvalitn\u00ed nerezov\u00e9 oceli SUS304 lisov\u00e1n\u00edm, bez svar\u016f, vodot\u011bsnost je dobr\u00e1.<\/li>\n<li>Obvod: Nap\u00e1jec\u00ed obvod pou\u017e\u00edv\u00e1 nov\u00e9 oscil\u00e1tory OS, p\u0159esn\u011b \u0159\u00edd\u00ed vibra\u010dn\u00ed frekvenci a m\u00e1 funkci zp\u011btn\u00e9 vazby, ultrazvukov\u00fd v\u00fdstup je stabiln\u011bj\u0161\u00ed a spolehliv\u011bj\u0161\u00ed.<\/li>\n<li>Ultrazvukov\u00fd m\u011bni\u010d: Ultrazvukov\u00fd m\u011bni\u010d vyu\u017e\u00edv\u00e1 celohlin\u00edkovou konstrukci s del\u0161\u00ed \u017eivotnost\u00ed, sni\u017euje zah\u0159\u00edv\u00e1n\u00ed a v\u00fdstup je stabiln\u00ed.<\/li>\n<\/ol>\n","protected":false},"featured_media":23711,"comment_status":"closed","ping_status":"closed","template":"","meta":[],"product_brand":[],"product_cat":[5964],"product_tag":[],"class_list":{"0":"post-65590","1":"product","2":"type-product","3":"status-publish","4":"has-post-thumbnail","6":"product_cat-big-ultrasonic-cleaning-machine-cs","8":"first","9":"instock","10":"shipping-taxable","11":"product-type-external","12":"prodpage-classic"},"aioseo_notices":[],"_links":{"self":[{"href":"https:\/\/www.bjultrasonic.com\/cs\/wp-json\/wp\/v2\/product\/65590","targetHints":{"allow":["GET"]}}],"collection":[{"href":"https:\/\/www.bjultrasonic.com\/cs\/wp-json\/wp\/v2\/product"}],"about":[{"href":"https:\/\/www.bjultrasonic.com\/cs\/wp-json\/wp\/v2\/types\/product"}],"replies":[{"embeddable":true,"href":"https:\/\/www.bjultrasonic.com\/cs\/wp-json\/wp\/v2\/comments?post=65590"}],"wp:featuredmedia":[{"embeddable":true,"href":"https:\/\/www.bjultrasonic.com\/cs\/wp-json\/wp\/v2\/media\/23711"}],"wp:attachment":[{"href":"https:\/\/www.bjultrasonic.com\/cs\/wp-json\/wp\/v2\/media?parent=65590"}],"wp:term":[{"taxonomy":"product_brand","embeddable":true,"href":"https:\/\/www.bjultrasonic.com\/cs\/wp-json\/wp\/v2\/product_brand?post=65590"},{"taxonomy":"product_cat","embeddable":true,"href":"https:\/\/www.bjultrasonic.com\/cs\/wp-json\/wp\/v2\/product_cat?post=65590"},{"taxonomy":"product_tag","embeddable":true,"href":"https:\/\/www.bjultrasonic.com\/cs\/wp-json\/wp\/v2\/product_tag?post=65590"}],"curies":[{"name":"wp","href":"https:\/\/api.w.org\/{rel}","templated":true}]}}