{"id":65610,"date":"2021-03-16T02:36:21","date_gmt":"2021-03-16T07:36:21","guid":{"rendered":"https:\/\/www.bjultrasonic.com\/shop\/single-tank-industrial-ultrasonic-cleaners\/"},"modified":"2026-03-28T20:55:30","modified_gmt":"2026-03-29T01:55:30","slug":"single-tank-industrial-ultrasonic-cleaners","status":"publish","type":"product","link":"https:\/\/www.bjultrasonic.com\/cs\/shop\/single-tank-industrial-ultrasonic-cleaners\/","title":{"rendered":"Jednotankov\u00e9 pr\u016fmyslov\u00e9 ultrazvukov\u00e9 \u010disti\u010de"},"content":{"rendered":"<h3>Specifikace (M\u016f\u017eeme p\u0159izp\u016fsobit jakoukoli velikost dle po\u017eadavk\u016f)<\/h3>\n<table class=\"table table-striped table-bordered\">\n<tbody>\n<tr>\n<td>\u00a0Typ<\/td>\n<td>Frekvence<\/p>\n<p>(KHz)<\/td>\n<td>Ultrazvukov\u00fd m\u011bni\u010d<\/p>\n<p>(ks)<\/td>\n<td>Objem<\/p>\n<p>(l)<\/td>\n<td>Ultrazvukov\u00fd v\u00fdkon<\/p>\n<p>(W)<\/td>\n<td>Rozm\u011bry n\u00e1dr\u017ee<\/p>\n<p>(D*\u0160*V MM)<\/td>\n<td>Rozm\u011bry stroje<\/p>\n<p>(D*\u0160*V MM)<\/td>\n<td>V\u00fdkon oh\u0159evu<\/p>\n<p>(W)<\/td>\n<td>\u010casova\u010d<\/p>\n<p>(min)<\/td>\n<td>Teplota<\/p>\n<p>(\u2103)<\/td>\n<\/tr>\n<tr>\n<td>BJCE2400<\/td>\n<td>28K 40K nebo jin\u00e1<\/td>\n<td>48<\/td>\n<td>175<\/td>\n<td>2400<\/td>\n<td>700*500*500<\/td>\n<td>880*680*750<\/td>\n<td>4500<\/td>\n<td>0~99 (h)<\/td>\n<td>20~95<\/td>\n<\/tr>\n<tr>\n<td>BJCE3000<\/td>\n<td><\/td>\n<td>60<\/td>\n<td>264<\/td>\n<td>3000<\/td>\n<td>800*600*550<\/td>\n<td>980*780*800<\/td>\n<td>6000<\/td>\n<td>0~99 (h)<\/td>\n<td>20~95<\/td>\n<\/tr>\n<tr>\n<td>BJCE3600<\/td>\n<td><\/td>\n<td>72<\/td>\n<td>330<\/td>\n<td>3600<\/td>\n<td>1000*600*550<\/td>\n<td>1180*780*800<\/td>\n<td>6000<\/td>\n<td>0~99 (h)<\/td>\n<td>20~95<\/td>\n<\/tr>\n<tr>\n<td>BJCE4200<\/td>\n<td><\/td>\n<td>84<\/td>\n<td>385<\/td>\n<td>0-4200<\/td>\n<td>1000*700*550<\/td>\n<td>1180*880*800<\/td>\n<td>9000<\/td>\n<td>0~99 (h)<\/td>\n<td>20~95<\/td>\n<\/tr>\n<tr>\n<td>BJCE4800<\/td>\n<td><\/td>\n<td>96<\/td>\n<td>450<\/td>\n<td>0-4800<\/td>\n<td>1000*750*600<\/td>\n<td>1180*930*850<\/td>\n<td>9000<\/td>\n<td>0~99 (h)<\/td>\n<td>20~95<\/td>\n<\/tr>\n<tr>\n<td>BJCE5400<\/td>\n<td><\/td>\n<td>108<\/td>\n<td>540<\/td>\n<td>0-5400<\/td>\n<td>1000*900*600<\/td>\n<td>1180*1080*850<\/td>\n<td>10500<\/td>\n<td>0~99 (h)<\/td>\n<td>20~95<\/td>\n<\/tr>\n<tr>\n<td>BJCE6000<\/td>\n<td><\/td>\n<td>120<\/td>\n<td>570<\/td>\n<td>0-6000<\/td>\n<td>1000*950*600<\/td>\n<td>1180*1130*850<\/td>\n<td>10500<\/td>\n<td>0~99 (h)<\/td>\n<td>20~95<\/td>\n<\/tr>\n<tr>\n<td>BJCE6600<\/td>\n<td><\/td>\n<td>132<\/td>\n<td>650<\/td>\n<td>0-6600<\/td>\n<td>1000*1000*650<\/td>\n<td>1180*1180*900<\/td>\n<td>12000<\/td>\n<td>0~99 (h)<\/td>\n<td>20~95<\/td>\n<\/tr>\n<tr>\n<td>BJCE7200<\/td>\n<td><\/td>\n<td>144<\/td>\n<td>715<\/td>\n<td>0-7200<\/td>\n<td>1100*1000*650<\/td>\n<td>1280*1180*900<\/td>\n<td>12000<\/td>\n<td>0~99 (h)<\/td>\n<td>20~95<\/td>\n<\/tr>\n<tr>\n<td colspan=\"2\">BJCE10800<\/td>\n<td>216<\/td>\n<td>975<\/td>\n<td>0-10800<\/td>\n<td>1500*1000*650<\/td>\n<td>1680*1180*900<\/td>\n<td>12000<\/td>\n<td>0~99 (h)<\/td>\n<td>20~95<\/td>\n<\/tr>\n<\/tbody>\n<\/table>\n<p>Pou\u017e\u00edv\u00e1 se vysoce kvalitn\u00ed epoxidov\u00e9 lepidlo. Nen\u00ed snadn\u00e9 odpadnout.<br \/>\nP\u0159ipevn\u011bn\u00ed ultrazvukov\u00e9ho m\u011bni\u010de pomoc\u00ed lisov\u00e1n\u00ed. P\u00edskov\u00e1n\u00ed. Opl\u00e1chnut\u00ed a vysu\u0161en\u00ed. Z\u00e1vitov\u00fd proces<\/p>\n<p><img loading=\"lazy\" decoding=\"async\" class=\"alignnone size-full wp-image-23706\" src=\"https:\/\/www.bjultrasonic.com\/wp-content\/uploads\/2021\/03\/Bond-ultrasonic-transducer-by-using-stamping.jpg\" alt=\"P\u0159ipevn\u011bn\u00ed ultrazvukov\u00e9ho m\u011bni\u010de pomoc\u00ed lisov\u00e1n\u00ed\" width=\"700\" height=\"398\" \/><\/p>\n","protected":false},"excerpt":{"rendered":"<p>M\u016f\u017eeme p\u0159izp\u016fsobit r\u016fzn\u00e9 velikosti \u010distic\u00ed n\u00e1dr\u017ee podle po\u017eadavk\u016f.<\/p>\n<ol>\n<li>Materi\u00e1l n\u00e1dr\u017ee: N\u00e1dr\u017e z nerezov\u00e9 oceli 304. Tvarov\u00e1n\u00ed otev\u0159en\u00fdm kov\u00e1n\u00edm bez svar\u016f.<\/li>\n<li>Tlou\u0161\u0165ka n\u00e1dr\u017ee: 3mm, dlouh\u00e1 \u017eivotnost<\/li>\n<li>Doba pr\u00e1ce: Nastaven\u00ed 0-90 minut<\/li>\n<li>\u0158\u00edzen\u00ed teploty: 0-80 stup\u0148\u016f<\/li>\n<li>V\u00fdkon: Nastaviteln\u00fd<\/li>\n<li>Frekvence: podle po\u017eadavk\u016f, kabel<\/li>\n<li>Pr\u016fmyslov\u00fd standard, siln\u00fd nap\u00e1jec\u00ed kabel odoln\u00fd v\u016f\u010di teplu a zm\u011bk\u010den\u00ed<\/li>\n<li>Vysok\u00e1 p\u0159esnost: Proto\u017ee ultrazvukov\u00e1 energie m\u016f\u017ee proch\u00e1zet drobn\u00fdmi prasklinami a otvory, lze ji pou\u017e\u00edt k \u010di\u0161t\u011bn\u00ed jak\u00fdchkoli d\u00edl\u016f nebo sestaven\u00fdch \u010d\u00e1st\u00ed. Pro \u010di\u0161t\u011bn\u00ed p\u0159esn\u00fdch d\u00edl\u016f nebo sestaven\u00fdch \u010d\u00e1st\u00ed se ultrazvukov\u00e9 \u010di\u0161t\u011bn\u00ed \u010dasto st\u00e1v\u00e1 jedinou metodou \u010di\u0161t\u011bn\u00ed, kter\u00e1 spl\u0148uje zvl\u00e1\u0161tn\u00ed technick\u00e9 po\u017eadavky;<\/li>\n<li>Rychlost: Ultrazvukov\u00e9 \u010di\u0161t\u011bn\u00ed je v porovn\u00e1n\u00ed s b\u011b\u017en\u00fdmi metodami \u010di\u0161t\u011bn\u00ed mnohem rychlej\u0161\u00ed, pokud jde o odstra\u0148ov\u00e1n\u00ed prachu a usazenin z obrobku. Nen\u00ed nutn\u00e9 demontovat sestavu k vy\u010di\u0161t\u011bn\u00ed. V\u00fdhoda ultrazvukov\u00e9ho \u010di\u0161t\u011bn\u00ed spo\u010d\u00edv\u00e1 v \u00faspo\u0159e pracovn\u00ed s\u00edly, co\u017e z n\u011bj \u010din\u00ed nejekonomi\u010dt\u011bj\u0161\u00ed zp\u016fsob \u010di\u0161t\u011bn\u00ed;<\/li>\n<li>Konzistence: A\u0165 u\u017e je \u010di\u0161t\u011bn\u00fd kus velk\u00fd nebo mal\u00fd, jednoduch\u00fd nebo slo\u017eit\u00fd, jednotliv\u00fd nebo v s\u00e9rii, nebo na automatick\u00e9 mont\u00e1\u017en\u00ed lince, pou\u017eit\u00ed ultrazvukov\u00e9ho \u010di\u0161t\u011bn\u00ed m\u016f\u017ee dos\u00e1hnout rovnom\u011brn\u00e9 \u010distoty, kterou nelze dos\u00e1hnout ru\u010dn\u00edm \u010di\u0161t\u011bn\u00edm.<\/li>\n<li>Design: V\u00fdrobek m\u00e1 kr\u00e1sn\u00fd a jednoduch\u00fd design, sk\u0159\u00ed\u0148 je vyrobena z vysoce kvalitn\u00ed nerezov\u00e9 oceli s reli\u00e9fn\u00edm vzorem, m\u00e1 dobrou odolnost proti korozi; \u010cistic\u00ed n\u00e1dr\u017e je vyrobena z vysoce kvalitn\u00ed nerezov\u00e9 oceli SUS304 ta\u017een\u00edm za studena, bez svar\u016f, s dobrou vodot\u011bsnost\u00ed.<\/li>\n<li>Obvod: Nap\u00e1jec\u00ed obvod pou\u017e\u00edv\u00e1 nov\u00e9 oscil\u00e1tory OS, p\u0159esn\u011b \u0159\u00edd\u00ed frekvenci vibrac\u00ed a m\u00e1 funkci zp\u011btn\u00e9 vazby, ultrazvukov\u00fd v\u00fdstup je stabiln\u011bj\u0161\u00ed a spolehliv\u011bj\u0161\u00ed.<\/li>\n<li>Ultrazvukov\u00fd m\u011bni\u010d: Ultrazvukov\u00fd m\u011bni\u010d pou\u017e\u00edv\u00e1 celohlin\u00edkovou konstrukci s del\u0161\u00ed \u017eivotnost\u00ed, sni\u017euje zah\u0159\u00edv\u00e1n\u00ed a zaji\u0161\u0165uje stabiln\u00ed v\u00fdstup.<\/li>\n<\/ol>\n","protected":false},"featured_media":23715,"comment_status":"closed","ping_status":"closed","template":"","meta":[],"product_brand":[],"product_cat":[5964],"product_tag":[],"class_list":{"0":"post-65610","1":"product","2":"type-product","3":"status-publish","4":"has-post-thumbnail","6":"product_cat-big-ultrasonic-cleaning-machine-cs","8":"first","9":"instock","10":"shipping-taxable","11":"product-type-external","12":"prodpage-classic"},"aioseo_notices":[],"_links":{"self":[{"href":"https:\/\/www.bjultrasonic.com\/cs\/wp-json\/wp\/v2\/product\/65610","targetHints":{"allow":["GET"]}}],"collection":[{"href":"https:\/\/www.bjultrasonic.com\/cs\/wp-json\/wp\/v2\/product"}],"about":[{"href":"https:\/\/www.bjultrasonic.com\/cs\/wp-json\/wp\/v2\/types\/product"}],"replies":[{"embeddable":true,"href":"https:\/\/www.bjultrasonic.com\/cs\/wp-json\/wp\/v2\/comments?post=65610"}],"wp:featuredmedia":[{"embeddable":true,"href":"https:\/\/www.bjultrasonic.com\/cs\/wp-json\/wp\/v2\/media\/23715"}],"wp:attachment":[{"href":"https:\/\/www.bjultrasonic.com\/cs\/wp-json\/wp\/v2\/media?parent=65610"}],"wp:term":[{"taxonomy":"product_brand","embeddable":true,"href":"https:\/\/www.bjultrasonic.com\/cs\/wp-json\/wp\/v2\/product_brand?post=65610"},{"taxonomy":"product_cat","embeddable":true,"href":"https:\/\/www.bjultrasonic.com\/cs\/wp-json\/wp\/v2\/product_cat?post=65610"},{"taxonomy":"product_tag","embeddable":true,"href":"https:\/\/www.bjultrasonic.com\/cs\/wp-json\/wp\/v2\/product_tag?post=65610"}],"curies":[{"name":"wp","href":"https:\/\/api.w.org\/{rel}","templated":true}]}}