{"id":65630,"date":"2018-12-17T06:45:22","date_gmt":"2018-12-17T11:45:22","guid":{"rendered":"https:\/\/www.bjultrasonic.com\/shop\/30l-mechanical-ultrasonic-cleaner-with-time-and-temperature-control\/"},"modified":"2026-03-28T20:55:03","modified_gmt":"2026-03-29T01:55:03","slug":"30l-mechanical-ultrasonic-cleaner-with-time-and-temperature-control","status":"publish","type":"product","link":"https:\/\/www.bjultrasonic.com\/cs\/shop\/30l-mechanical-ultrasonic-cleaner-with-time-and-temperature-control\/","title":{"rendered":"30L Mechanick\u00fd Ultrazvukov\u00fd \u010cisti\u010d S Kontrolou \u010casu a Teploty"},"content":{"rendered":"<table class=\"table table-striped table-bordered\">\n<tbody>\n<tr>\n<td width=\"284\">\n<p>Typ<\/p>\n<\/td>\n<td width=\"284\">\n<p>BJUCMTH30<\/p>\n<\/td>\n<\/tr>\n<tr>\n<td width=\"284\">\n<p>Kapacita n\u00e1dr\u017ee<\/p>\n<\/td>\n<td width=\"284\">\n<p>30L<\/p>\n<\/td>\n<\/tr>\n<tr>\n<td width=\"284\">\n<p>Ultrazvukov\u00fd v\u00fdkon<\/p>\n<\/td>\n<td width=\"284\">\n<p>600W<\/p>\n<\/td>\n<\/tr>\n<tr>\n<td width=\"284\">\n<p>V\u00fdkon topen\u00ed<\/p>\n<\/td>\n<td width=\"284\">\n<p>800W<\/p>\n<\/td>\n<\/tr>\n<tr>\n<td width=\"284\">\n<p>Frekvence<\/p>\n<\/td>\n<td width=\"284\">\n<p>40KHZ<\/p>\n<\/td>\n<\/tr>\n<tr>\n<td width=\"284\">\n<p>\u010casova\u010d<\/p>\n<\/td>\n<td width=\"284\">\n<p>0-30 min<\/p>\n<\/td>\n<\/tr>\n<tr>\n<td width=\"284\">\n<p>Teplota<\/p>\n<\/td>\n<td width=\"284\">\n<p>&lt; 80 \u00b0C<\/p>\n<\/td>\n<\/tr>\n<tr>\n<td width=\"284\">\n<p>Rozm\u011bry n\u00e1dr\u017ee<\/p>\n<\/td>\n<td width=\"284\">\n<p>500*300*200 mm D*\u0160*V<\/p>\n<\/td>\n<\/tr>\n<tr>\n<td width=\"284\">\n<p>Rozm\u011bry stroje<\/p>\n<\/td>\n<td width=\"284\">\n<p>550*330*320 mm D*\u0160*V<\/p>\n<\/td>\n<\/tr>\n<tr>\n<td width=\"284\">\n<p>Odtok<\/p>\n<\/td>\n<td width=\"284\">\n<p>Ano<\/p>\n<\/td>\n<\/tr>\n<tr>\n<td width=\"284\">\n<p>V\u00edko<\/p>\n<\/td>\n<td width=\"284\">\n<p>Ano<\/p>\n<\/td>\n<\/tr>\n<tr>\n<td width=\"284\">\n<p>Hmotnost jednotky<\/p>\n<\/td>\n<td width=\"284\">\n<p>18kg<\/p>\n<\/td>\n<\/tr>\n<\/tbody>\n<\/table>\n<h3>Funkce<\/h3>\n<ul>\n<li>\u010casova\u010d: nastaviteln\u00fd 1-30 min.<\/li>\n<li>Teplota: nastaviteln\u00e1 20-80\u2103.<\/li>\n<li>Materi\u00e1l: N\u00e1dr\u017e a stroj jsou z nerezov\u00e9 oceli.<\/li>\n<li>V\u00fdhody produktu: \u010cistic\u00ed n\u00e1dr\u017e vyroben\u00e1 lisov\u00e1n\u00edm, bezvadn\u00fd svar.<\/li>\n<li>Kvalita komponent\u016f: Pou\u017eit\u00ed vysoce kvalitn\u00edho <a href=\"https:\/\/www.bjultrasonic.com\/cs\/category\/ultrasonic-transducer-cs\/\">ultrazvukov\u00e9ho m\u011bni\u010de<\/a>. Siln\u00fd v\u00fdkon.<\/li>\n<li>Vysok\u00e1 kvalita procesu lepen\u00ed. Ultrazvukov\u00fd m\u011bni\u010d je p\u0159ilepen pomoc\u00ed epoxidov\u00e9ho lepidla.<\/li>\n<li>Odvod\u0148ovac\u00ed syst\u00e9m: Modely 6L a v\u00fd\u0161e jsou vybaveny odvod\u0148ovac\u00ed kulov\u00fdm ventilem.<\/li>\n<li>Chladic\u00ed syst\u00e9m: Modely 10L a v\u00edce jsou vybaveny vysoce \u00fa\u010dinn\u00fdm chladic\u00edm ventil\u00e1torem.<\/li>\n<\/ul>\n<p><img loading=\"lazy\" decoding=\"async\" src=\"https:\/\/www.bjultrasonic.com\/wp-content\/uploads\/2018\/12\/Mechanical-Ultrasonic-Cleaner-With-Time-and-Temperature-Control-Package-1.jpg\" alt=\"Mechanick\u00fd ultrazvukov\u00fd \u010disti\u010d s \u010dasovou a teplotn\u00ed regulac\u00ed - balen\u00ed\" width=\"742\" height=\"294\" \/><\/p>\n","protected":false},"excerpt":{"rendered":"<p><a href=\"https:\/\/www.bjultrasonic.com\/cs\/category\/ultrasonic-cleaning-system-cs\/mechanical-ultrasonic-cleaner-cs\/\">Mechanick\u00fd ultrazvukov\u00fd \u010disti\u010d<\/a> vyroben\u00fd spole\u010dnost\u00ed Beijing Ultrasonic. Pou\u017e\u00edv\u00e1 vysoce kvalitn\u00ed ultrazvukov\u00fd m\u011bni\u010d. Siln\u00fd v\u00fdkon.<\/p>\n","protected":false},"featured_media":20169,"comment_status":"open","ping_status":"closed","template":"","meta":[],"product_brand":[],"product_cat":[5983],"product_tag":[],"class_list":{"0":"post-65630","1":"product","2":"type-product","3":"status-publish","4":"has-post-thumbnail","6":"product_cat-mechanical-ultrasonic-cleaner-cs","8":"first","9":"instock","10":"shipping-taxable","11":"purchasable","12":"product-type-simple","13":"prodpage-classic"},"aioseo_notices":[],"_links":{"self":[{"href":"https:\/\/www.bjultrasonic.com\/cs\/wp-json\/wp\/v2\/product\/65630","targetHints":{"allow":["GET"]}}],"collection":[{"href":"https:\/\/www.bjultrasonic.com\/cs\/wp-json\/wp\/v2\/product"}],"about":[{"href":"https:\/\/www.bjultrasonic.com\/cs\/wp-json\/wp\/v2\/types\/product"}],"replies":[{"embeddable":true,"href":"https:\/\/www.bjultrasonic.com\/cs\/wp-json\/wp\/v2\/comments?post=65630"}],"wp:featuredmedia":[{"embeddable":true,"href":"https:\/\/www.bjultrasonic.com\/cs\/wp-json\/wp\/v2\/media\/20169"}],"wp:attachment":[{"href":"https:\/\/www.bjultrasonic.com\/cs\/wp-json\/wp\/v2\/media?parent=65630"}],"wp:term":[{"taxonomy":"product_brand","embeddable":true,"href":"https:\/\/www.bjultrasonic.com\/cs\/wp-json\/wp\/v2\/product_brand?post=65630"},{"taxonomy":"product_cat","embeddable":true,"href":"https:\/\/www.bjultrasonic.com\/cs\/wp-json\/wp\/v2\/product_cat?post=65630"},{"taxonomy":"product_tag","embeddable":true,"href":"https:\/\/www.bjultrasonic.com\/cs\/wp-json\/wp\/v2\/product_tag?post=65630"}],"curies":[{"name":"wp","href":"https:\/\/api.w.org\/{rel}","templated":true}]}}