{"id":66090,"date":"2018-12-17T04:12:01","date_gmt":"2018-12-17T09:12:01","guid":{"rendered":"https:\/\/www.bjultrasonic.com\/shop\/15l-40khz-ultrasonic-cleaner\/"},"modified":"2026-03-28T20:51:02","modified_gmt":"2026-03-29T01:51:02","slug":"15l-40khz-ultrasonic-cleaner","status":"publish","type":"product","link":"https:\/\/www.bjultrasonic.com\/cs\/shop\/15l-40khz-ultrasonic-cleaner\/","title":{"rendered":"15L 40kHz Digit\u00e1ln\u00ed Ultrazvukov\u00fd \u010cisti\u010d S Ovl\u00e1d\u00e1n\u00edm \u010casu a Teploty"},"content":{"rendered":"<table class=\"table table-striped table-bordered\">\n<tbody>\n<tr>\n<td width=\"284\">\n<p>Typ<\/p>\n<\/td>\n<td width=\"284\">\n<p>BJUCDTH15<\/p>\n<\/td>\n<\/tr>\n<tr>\n<td width=\"284\">\n<p>Kapacita n\u00e1dr\u017ee<\/p>\n<\/td>\n<td width=\"284\">\n<p>15 l<\/p>\n<\/td>\n<\/tr>\n<tr>\n<td width=\"284\">\n<p>Ultrazvukov\u00fd v\u00fdkon<\/p>\n<\/td>\n<td width=\"284\">\n<p>360 W<\/p>\n<\/td>\n<\/tr>\n<tr>\n<td width=\"284\">\n<p>V\u00fdkon oh\u0159evu<\/p>\n<\/td>\n<td width=\"284\">\n<p>400 W<\/p>\n<\/td>\n<\/tr>\n<tr>\n<td width=\"284\">\n<p>Frekvence<\/p>\n<\/td>\n<td width=\"284\">\n<p>40 kHz<\/p>\n<\/td>\n<\/tr>\n<tr>\n<td width=\"284\">\n<p>\u010casova\u010d<\/p>\n<\/td>\n<td width=\"284\">\n<p>0\u201330 min<\/p>\n<\/td>\n<\/tr>\n<tr>\n<td width=\"284\">\n<p>Teplota<\/p>\n<\/td>\n<td width=\"284\">\n<p>&lt; 80 \u00b0C<\/p>\n<\/td>\n<\/tr>\n<tr>\n<td width=\"284\">\n<p>Rozm\u011bry n\u00e1dr\u017ee<\/p>\n<\/td>\n<td width=\"284\">\n<p>330 \u00d7 300 \u00d7 150 mm (D \u00d7 \u0160 \u00d7 V)<\/p>\n<\/td>\n<\/tr>\n<tr>\n<td width=\"284\">\n<p>Rozm\u011bry stroje<\/p>\n<\/td>\n<td width=\"284\">\n<p>360 \u00d7 330 \u00d7 270 mm (D \u00d7 \u0160 \u00d7 V)<\/p>\n<\/td>\n<\/tr>\n<tr>\n<td width=\"284\">\n<p>Odtok<\/p>\n<\/td>\n<td width=\"284\">\n<p>Ano<\/p>\n<\/td>\n<\/tr>\n<tr>\n<td width=\"284\">\n<p>V\u00edko<\/p>\n<\/td>\n<td width=\"284\">\n<p>Ano<\/p>\n<\/td>\n<\/tr>\n<tr>\n<td width=\"284\">\n<p>Hmotnost jednotky<\/p>\n<\/td>\n<td width=\"284\">\n<p>10 kg<\/p>\n<\/td>\n<\/tr>\n<\/tbody>\n<\/table>\n<h3>Funkce<\/h3>\n<ul>\n<li>\u010casova\u010d: nastaviteln\u00fd 1\u201330 min.<\/li>\n<li>Teplota: nastaviteln\u00e1 20\u201380 \u00b0C;<\/li>\n<li>Ovl\u00e1dac\u00ed panel: zobrazuje pracovn\u00ed \u010das a teplotu.<\/li>\n<li>Materi\u00e1l: n\u00e1dr\u017e i stroj jsou z nerezov\u00e9 oceli.<\/li>\n<li>V\u00fdhody produktu: \u010cistic\u00ed n\u00e1dr\u017e vyrobena ta\u017een\u00edm, bezvadn\u00fd svar.<\/li>\n<li>Kvalita komponent\u016f: Pou\u017eit\u00ed vysoce kvalitn\u00edho <a href=\"https:\/\/www.bjultrasonic.com\/cs\/category\/ultrasonic-transducer-cs\/\">ultrazvukov\u00e9ho m\u011bni\u010de<\/a>, vysok\u00fd v\u00fdkon.<\/li>\n<li>Vysok\u00e1 kvalita lepen\u00ed. Ultrazvukov\u00fd m\u011bni\u010d p\u0159ilepen epoxidov\u00fdm lepidlem.<\/li>\n<li>Odvod\u0148ovac\u00ed syst\u00e9m: modely 6 l a v\u00fd\u0161e jsou vybaveny odtokovou kulovou armaturou.<\/li>\n<li>Chladic\u00ed syst\u00e9m: modely 10 l a v\u00edce jsou vybaveny vysoce \u00fa\u010dinn\u00fdm chladic\u00edm ventil\u00e1torem.<\/li>\n<\/ul>\n<p> <img loading=\"lazy\" decoding=\"async\" src=\"https:\/\/www.bjultrasonic.com\/wp-content\/uploads\/2018\/12\/40kHz-Digital-Ultrasonic-Cleaner-Package-1.jpg\" alt=\"40kHz Digital Ultrasonic Cleaner Package\" width=\"742\" height=\"309\" \/><\/p>\n","protected":false},"excerpt":{"rendered":"<p><a href=\"https:\/\/www.bjultrasonic.com\/cs\/category\/ultrasonic-cleaning-system-cs\/digital-ultrasonic-cleaner-cs\/\">40 kHz digit\u00e1ln\u00ed ultrazvukov\u00fd \u010disti\u010d<\/a> s \u0159\u00edzen\u00edm \u010dasu a teploty.<\/p>\n","protected":false},"featured_media":19973,"comment_status":"open","ping_status":"closed","template":"","meta":[],"product_brand":[],"product_cat":[5830],"product_tag":[],"class_list":{"0":"post-66090","1":"product","2":"type-product","3":"status-publish","4":"has-post-thumbnail","6":"product_cat-digital-ultrasonic-cleaner-cs","8":"first","9":"instock","10":"shipping-taxable","11":"purchasable","12":"product-type-simple","13":"prodpage-classic"},"aioseo_notices":[],"_links":{"self":[{"href":"https:\/\/www.bjultrasonic.com\/cs\/wp-json\/wp\/v2\/product\/66090","targetHints":{"allow":["GET"]}}],"collection":[{"href":"https:\/\/www.bjultrasonic.com\/cs\/wp-json\/wp\/v2\/product"}],"about":[{"href":"https:\/\/www.bjultrasonic.com\/cs\/wp-json\/wp\/v2\/types\/product"}],"replies":[{"embeddable":true,"href":"https:\/\/www.bjultrasonic.com\/cs\/wp-json\/wp\/v2\/comments?post=66090"}],"wp:featuredmedia":[{"embeddable":true,"href":"https:\/\/www.bjultrasonic.com\/cs\/wp-json\/wp\/v2\/media\/19973"}],"wp:attachment":[{"href":"https:\/\/www.bjultrasonic.com\/cs\/wp-json\/wp\/v2\/media?parent=66090"}],"wp:term":[{"taxonomy":"product_brand","embeddable":true,"href":"https:\/\/www.bjultrasonic.com\/cs\/wp-json\/wp\/v2\/product_brand?post=66090"},{"taxonomy":"product_cat","embeddable":true,"href":"https:\/\/www.bjultrasonic.com\/cs\/wp-json\/wp\/v2\/product_cat?post=66090"},{"taxonomy":"product_tag","embeddable":true,"href":"https:\/\/www.bjultrasonic.com\/cs\/wp-json\/wp\/v2\/product_tag?post=66090"}],"curies":[{"name":"wp","href":"https:\/\/api.w.org\/{rel}","templated":true}]}}