{"id":66290,"date":"2018-12-17T02:19:06","date_gmt":"2018-12-17T07:19:06","guid":{"rendered":"https:\/\/www.bjultrasonic.com\/shop\/power-adjustable-ultrasonic-cleaner-14l\/"},"modified":"2026-03-28T20:49:14","modified_gmt":"2026-03-29T01:49:14","slug":"power-adjustable-ultrasonic-cleaner-14l","status":"publish","type":"product","link":"https:\/\/www.bjultrasonic.com\/cs\/shop\/power-adjustable-ultrasonic-cleaner-14l\/","title":{"rendered":"14L Digit\u00e1ln\u00ed Ultrazvukov\u00fd \u010cisti\u010d s Nastaviteln\u00fdm V\u00fdkonem"},"content":{"rendered":"<table class=\"table table-striped table-bordered\">\n<tbody>\n<tr>\n<td width=\"284\">\n<p>Typ<\/p>\n<\/td>\n<td width=\"284\">\n<p>BJUCDPTH14<\/p>\n<\/td>\n<\/tr>\n<tr>\n<td width=\"284\">\n<p>Kapacita n\u00e1dr\u017ee<\/p>\n<\/td>\n<td width=\"284\">\n<p>14L<\/p>\n<\/td>\n<\/tr>\n<tr>\n<td width=\"284\">\n<p>Ultrazvukov\u00fd v\u00fdkon<\/p>\n<\/td>\n<td width=\"284\">\n<p>360W<\/p>\n<\/td>\n<\/tr>\n<tr>\n<td width=\"284\">\n<p>V\u00fdkon oh\u0159evu<\/p>\n<\/td>\n<td width=\"284\">\n<p>500W<\/p>\n<\/td>\n<\/tr>\n<tr>\n<td width=\"284\">\n<p>Frekvence<\/p>\n<\/td>\n<td width=\"284\">\n<p>40KHZ\/28KHZ<\/p>\n<\/td>\n<\/tr>\n<tr>\n<td width=\"284\">\n<p>\u010casova\u010d<\/p>\n<\/td>\n<td width=\"284\">\n<p>0-30 min<\/p>\n<\/td>\n<\/tr>\n<tr>\n<td width=\"284\">\n<p>Teplota<\/p>\n<\/td>\n<td width=\"284\">\n<p>&lt; 80 \u00b0C<\/p>\n<\/td>\n<\/tr>\n<tr>\n<td width=\"284\">\n<p>Rozm\u011bry n\u00e1dr\u017ee<\/p>\n<\/td>\n<td width=\"284\">\n<p>300*240*200 mm D*\u0160*V<\/p>\n<\/td>\n<\/tr>\n<tr>\n<td width=\"284\">\n<p>Rozm\u011bry stroje<\/p>\n<\/td>\n<td width=\"284\">\n<p>400*300*380 mm D*\u0160*V<\/p>\n<\/td>\n<\/tr>\n<tr>\n<td width=\"284\">\n<p>Odtok<\/p>\n<\/td>\n<td width=\"284\">\n<p>Ano<\/p>\n<\/td>\n<\/tr>\n<tr>\n<td width=\"284\">\n<p>V\u00edko<\/p>\n<\/td>\n<td width=\"284\">\n<p>Ano<\/p>\n<\/td>\n<\/tr>\n<tr>\n<td width=\"284\">\n<p>Hmotnost jednotky<\/p>\n<\/td>\n<td width=\"284\">\n<p>16kg<\/p>\n<\/td>\n<\/tr>\n<\/tbody>\n<\/table>\n<h3>Funkce<\/h3>\n<ul>\n<li>\u010casova\u010d: Nastaviteln\u00fd 1-30 minut.<\/li>\n<li>Teplota: Nastaviteln\u00e1 20-80\u2103;<\/li>\n<li>\u010cas: Nastaviteln\u00fd \u010das, teplota a v\u00fdkon<\/li>\n<li>Displej: Zobrazuje pracovn\u00ed \u010das a teplotu.<\/li>\n<li>Materi\u00e1l: N\u00e1dr\u017e i stroj jsou z nerezov\u00e9 oceli.<\/li>\n<li>V\u00fdhody produktu: \u010cistic\u00ed n\u00e1dr\u017e vyroben\u00e1 lisov\u00e1n\u00edm, bezvadn\u00e9 svary.<\/li>\n<li>Kvalita komponent\u016f: Pou\u017eit\u00ed vysoce kvalitn\u00edho <a href=\"https:\/\/www.bjultrasonic.com\/cs\/category\/ultrasonic-transducer-cs\/\">ultrazvukov\u00e9ho m\u011bni\u010de<\/a>. Siln\u00fd v\u00fdkon.<\/li>\n<li>Vysok\u00e1 kvalita procesu lepen\u00ed. Ultrazvukov\u00fd m\u011bni\u010d je p\u0159ilepen pomoc\u00ed epoxidov\u00e9ho lepidla.<\/li>\n<li>Odvod\u0148ovac\u00ed syst\u00e9m: Modely 6 l a v\u00fd\u0161e jsou vybaveny kulov\u00fdm odtokov\u00fdm ventilem.<\/li>\n<li>Chladic\u00ed syst\u00e9m: Modely 10L a v\u00edce jsou vybaveny vysoce \u00fa\u010dinn\u00fdm chladic\u00edm ventil\u00e1torem.<\/li>\n<\/ul>\n<p><img loading=\"lazy\" decoding=\"async\" class=\"alignnone size-full wp-image-19933\" src=\"https:\/\/www.bjultrasonic.com\/wp-content\/uploads\/2013\/01\/Power-Adjustable-Ultrasonic-Cleaner-Package-1.jpg\" alt=\"Power Adjustable Ultrasonic Cleaner Package\" width=\"742\" height=\"318\" \/><\/p>\n","protected":false},"excerpt":{"rendered":"<p><a href=\"https:\/\/www.bjultrasonic.com\/cs\/category\/ultrasonic-cleaning-system-cs\/power-adjustable-ultrasonic-cleaner-cs\/\">Ultrazvukov\u00fd \u010disti\u010d s nastaviteln\u00fdm v\u00fdkonem<\/a> s nastaviteln\u00fdm v\u00fdkonem, \u010dasova\u010dem a teplotou od v\u00fdrobce a dodavatele <a href=\"https:\/\/www.bjultrasonic.com\/cs\/category\/ultrasonic-cleaning-system-cs\/\">ultrazvukov\u00fdch \u010distic\u00edch stroj\u016f<\/a> Beijing Ultrasonic.<\/p>\n","protected":false},"featured_media":19886,"comment_status":"open","ping_status":"closed","template":"","meta":[],"product_brand":[],"product_cat":[6000],"product_tag":[],"class_list":{"0":"post-66290","1":"product","2":"type-product","3":"status-publish","4":"has-post-thumbnail","6":"product_cat-power-adjustable-ultrasonic-cleaner-cs","8":"first","9":"instock","10":"shipping-taxable","11":"purchasable","12":"product-type-simple","13":"prodpage-classic"},"aioseo_notices":[],"_links":{"self":[{"href":"https:\/\/www.bjultrasonic.com\/cs\/wp-json\/wp\/v2\/product\/66290","targetHints":{"allow":["GET"]}}],"collection":[{"href":"https:\/\/www.bjultrasonic.com\/cs\/wp-json\/wp\/v2\/product"}],"about":[{"href":"https:\/\/www.bjultrasonic.com\/cs\/wp-json\/wp\/v2\/types\/product"}],"replies":[{"embeddable":true,"href":"https:\/\/www.bjultrasonic.com\/cs\/wp-json\/wp\/v2\/comments?post=66290"}],"wp:featuredmedia":[{"embeddable":true,"href":"https:\/\/www.bjultrasonic.com\/cs\/wp-json\/wp\/v2\/media\/19886"}],"wp:attachment":[{"href":"https:\/\/www.bjultrasonic.com\/cs\/wp-json\/wp\/v2\/media?parent=66290"}],"wp:term":[{"taxonomy":"product_brand","embeddable":true,"href":"https:\/\/www.bjultrasonic.com\/cs\/wp-json\/wp\/v2\/product_brand?post=66290"},{"taxonomy":"product_cat","embeddable":true,"href":"https:\/\/www.bjultrasonic.com\/cs\/wp-json\/wp\/v2\/product_cat?post=66290"},{"taxonomy":"product_tag","embeddable":true,"href":"https:\/\/www.bjultrasonic.com\/cs\/wp-json\/wp\/v2\/product_tag?post=66290"}],"curies":[{"name":"wp","href":"https:\/\/api.w.org\/{rel}","templated":true}]}}