{"id":66390,"date":"2018-12-11T03:48:20","date_gmt":"2018-12-11T08:48:20","guid":{"rendered":"https:\/\/www.bjultrasonic.com\/shop\/6l-dual-frequency-ultrasonic-cleaner\/"},"modified":"2026-03-28T20:48:22","modified_gmt":"2026-03-29T01:48:22","slug":"6l-dual-frequency-ultrasonic-cleaner","status":"publish","type":"product","link":"https:\/\/www.bjultrasonic.com\/cs\/shop\/6l-dual-frequency-ultrasonic-cleaner\/","title":{"rendered":"6L 28kHz a 40kHz dvoufrekven\u010dn\u00ed digit\u00e1ln\u00ed ultrazvukov\u00fd \u010disti\u010d s regulac\u00ed \u010dasu a teploty"},"content":{"rendered":"<table class=\"table table-striped table-bordered\">\n<tbody>\n<tr>\n<td width=\"284\">\n<p>Typ<\/p>\n<\/td>\n<td width=\"284\">\n<p>BJUCDTHD6<\/p>\n<\/td>\n<\/tr>\n<tr>\n<td width=\"284\">\n<p>Kapacita n\u00e1dr\u017ee<\/p>\n<\/td>\n<td width=\"284\">\n<p>6L<\/p>\n<\/td>\n<\/tr>\n<tr>\n<td width=\"284\">\n<p>Ultrazvukov\u00fd v\u00fdkon<\/p>\n<\/td>\n<td width=\"284\">\n<p>180W<\/p>\n<\/td>\n<\/tr>\n<tr>\n<td width=\"284\">\n<p>Topn\u00fd v\u00fdkon<\/p>\n<\/td>\n<td width=\"284\">\n<p>200W<\/p>\n<\/td>\n<\/tr>\n<tr>\n<td width=\"284\">\n<p>Frekvence<\/p>\n<\/td>\n<td width=\"284\">\n<p>28kHz a 40kHz<\/p>\n<\/td>\n<\/tr>\n<tr>\n<td width=\"284\">\n<p>\u010casova\u010d<\/p>\n<\/td>\n<td width=\"284\">\n<p>0-30 minut<\/p>\n<\/td>\n<\/tr>\n<tr>\n<td width=\"284\">\n<p>Teplota<\/p>\n<\/td>\n<td width=\"284\">\n<p>&lt; 80 \u00b0C<\/p>\n<\/td>\n<\/tr>\n<tr>\n<td width=\"284\">\n<p>Rozm\u011bry n\u00e1dr\u017ee<\/p>\n<\/td>\n<td width=\"284\">\n<p>300*150*150 mm D*\u0160*V<\/p>\n<\/td>\n<\/tr>\n<tr>\n<td width=\"284\">\n<p>Rozm\u011bry p\u0159\u00edstroje<\/p>\n<\/td>\n<td width=\"284\">\n<p>330*180*310 mm D*\u0160*V<\/p>\n<\/td>\n<\/tr>\n<tr>\n<td width=\"284\">\n<p>Odvod<\/p>\n<\/td>\n<td width=\"284\">\n<p>Ano<\/p>\n<\/td>\n<\/tr>\n<tr>\n<td width=\"284\">\n<p>V\u00edko<\/p>\n<\/td>\n<td width=\"284\">\n<p>Ano<\/p>\n<\/td>\n<\/tr>\n<tr>\n<td width=\"284\">\n<p>Hmotnost jednotky<\/p>\n<\/td>\n<td width=\"284\">\n<p>6kg<\/p>\n<\/td>\n<\/tr>\n<\/tbody>\n<\/table>\n<h3>Hlavn\u00ed funkce<\/h3>\n<ul>\n<li>\u010casova\u010d: nastaven\u00ed 1-30 minut.<\/li>\n<li>Teplota: nastaven\u00ed 20-80\u2103;<\/li>\n<li>Displej: zobrazuje pracovn\u00ed \u010das a teplotu.<\/li>\n<li>Materi\u00e1l: N\u00e1dr\u017e i p\u0159\u00edstroj jsou z nerezov\u00e9 oceli.<\/li>\n<li>V\u00fdhody produktu: \u010distic\u00ed n\u00e1dr\u017e vyr\u00e1b\u011bna ta\u017een\u00edm, bezvadn\u00e9 sva\u0159ov\u00e1n\u00ed.<\/li>\n<li>Kvalita komponent\u016f: Pou\u017eit\u00ed vysoce kvalitn\u00edho <a href=\"https:\/\/www.bjultrasonic.com\/cs\/category\/ultrasonic-transducer-cs\/\">ultrazvukov\u00e9ho m\u011bni\u010de<\/a>, vysok\u00fd v\u00fdkon.<\/li>\n<li>Vysok\u00e1 kvalita lepic\u00edho procesu. Ultrazvukov\u00fd m\u011bni\u010d p\u0159ilepen epoxidov\u00fdm lepidlem.<\/li>\n<li>Odvod\u0148ovac\u00ed syst\u00e9m: Modely 6 l a v\u00fd\u0161e jsou vybaveny odvod\u0148ovac\u00edm kulov\u00fdm ventilem.<\/li>\n<li>Chladic\u00ed syst\u00e9m: Modely 10 l a v\u00edce jsou vybaveny vysoce \u00fa\u010dinn\u00fdm chladic\u00edm ventil\u00e1torem.<\/li>\n<\/ul>\n<p><img loading=\"lazy\" decoding=\"async\" src=\"https:\/\/www.bjultrasonic.com\/wp-content\/uploads\/2018\/12\/Dual-Frequency-Ultrasonic-Cleaner-Package-2.jpg\" alt=\"Dual-Frequency-Ultrasonic-Cleaner-Package\" width=\"600\" height=\"868\" \/><\/p>\n","protected":false},"excerpt":{"rendered":"<p><a href=\"https:\/\/www.bjultrasonic.com\/cs\/category\/ultrasonic-cleaning-system-cs\/dual-frequency-ultrasonic-cleaner-cs\/\">Dvojfrekven\u010dn\u00ed digit\u00e1ln\u00ed ultrazvukov\u00fd \u010disti\u010d<\/a> s \u010dasovou a teplotn\u00ed regulac\u00ed.<\/p>\n","protected":false},"featured_media":19812,"comment_status":"open","ping_status":"closed","template":"","meta":[],"product_brand":[],"product_cat":[5923],"product_tag":[],"class_list":{"0":"post-66390","1":"product","2":"type-product","3":"status-publish","4":"has-post-thumbnail","6":"product_cat-dual-frequency-ultrasonic-cleaner-cs","8":"first","9":"instock","10":"shipping-taxable","11":"purchasable","12":"product-type-simple","13":"prodpage-classic"},"aioseo_notices":[],"_links":{"self":[{"href":"https:\/\/www.bjultrasonic.com\/cs\/wp-json\/wp\/v2\/product\/66390","targetHints":{"allow":["GET"]}}],"collection":[{"href":"https:\/\/www.bjultrasonic.com\/cs\/wp-json\/wp\/v2\/product"}],"about":[{"href":"https:\/\/www.bjultrasonic.com\/cs\/wp-json\/wp\/v2\/types\/product"}],"replies":[{"embeddable":true,"href":"https:\/\/www.bjultrasonic.com\/cs\/wp-json\/wp\/v2\/comments?post=66390"}],"wp:featuredmedia":[{"embeddable":true,"href":"https:\/\/www.bjultrasonic.com\/cs\/wp-json\/wp\/v2\/media\/19812"}],"wp:attachment":[{"href":"https:\/\/www.bjultrasonic.com\/cs\/wp-json\/wp\/v2\/media?parent=66390"}],"wp:term":[{"taxonomy":"product_brand","embeddable":true,"href":"https:\/\/www.bjultrasonic.com\/cs\/wp-json\/wp\/v2\/product_brand?post=66390"},{"taxonomy":"product_cat","embeddable":true,"href":"https:\/\/www.bjultrasonic.com\/cs\/wp-json\/wp\/v2\/product_cat?post=66390"},{"taxonomy":"product_tag","embeddable":true,"href":"https:\/\/www.bjultrasonic.com\/cs\/wp-json\/wp\/v2\/product_tag?post=66390"}],"curies":[{"name":"wp","href":"https:\/\/api.w.org\/{rel}","templated":true}]}}