{"id":66470,"date":"2018-12-11T02:39:08","date_gmt":"2018-12-11T07:39:08","guid":{"rendered":"https:\/\/www.bjultrasonic.com\/shop\/78l-120khz-ultrasonic-cleaner\/"},"modified":"2026-03-28T20:47:30","modified_gmt":"2026-03-29T01:47:30","slug":"78l-120khz-ultrasonic-cleaner","status":"publish","type":"product","link":"https:\/\/www.bjultrasonic.com\/cs\/shop\/78l-120khz-ultrasonic-cleaner\/","title":{"rendered":"78L 120kHz digit\u00e1ln\u00ed ultrazvukov\u00fd \u010disti\u010d s \u010dasovou, teplotn\u00ed a v\u00fdkonovou regulac\u00ed"},"content":{"rendered":"<table class=\"table table-striped table-bordered\">\n<tbody>\n<tr>\n<td width=\"284\">Typ<\/td>\n<td width=\"284\">BJUCDPTH278<\/td>\n<\/tr>\n<tr>\n<td width=\"284\">Kapacita n\u00e1dr\u017ee<\/td>\n<td width=\"284\">78L<\/td>\n<\/tr>\n<tr>\n<td width=\"284\">Ultrazvukov\u00fd v\u00fdkon<\/td>\n<td width=\"284\">1440W<\/td>\n<\/tr>\n<tr>\n<td width=\"284\">V\u00fdkon topen\u00ed<\/td>\n<td width=\"284\">2000W<\/td>\n<\/tr>\n<tr>\n<td width=\"284\">Frekvence<\/td>\n<td width=\"284\">120KHZ<\/td>\n<\/tr>\n<tr>\n<td width=\"284\">\u010casova\u010d<\/td>\n<td width=\"284\">0-30 min<\/td>\n<\/tr>\n<tr>\n<td width=\"284\">Teplota<\/td>\n<td width=\"284\">&lt; 80 \u00b0C<\/td>\n<\/tr>\n<tr>\n<td width=\"284\">Rozm\u011bry n\u00e1dr\u017ee<\/td>\n<td width=\"284\">550*400*350 mm D*\u0160*V<\/td>\n<\/tr>\n<tr>\n<td width=\"284\">Rozm\u011bry stroje<\/td>\n<td width=\"284\">650*450*620 mm D*\u0160*V<\/td>\n<\/tr>\n<tr>\n<td width=\"284\">Odtok<\/td>\n<td width=\"284\">Ano<\/td>\n<\/tr>\n<tr>\n<td width=\"284\">V\u00edko<\/td>\n<td width=\"284\">Ano<\/td>\n<\/tr>\n<tr>\n<td width=\"284\">Hmotnost jednotky<\/td>\n<td width=\"284\">85kg<\/td>\n<\/tr>\n<\/tbody>\n<\/table>\n<h3>Hlavn\u00ed funkce<\/h3>\n<ul>\n<li>\u010casova\u010d: Nastaven\u00ed 1-30 min.<\/li>\n<li>Teplota: Nastaven\u00ed 20-80\u2103.<\/li>\n<li>\u010cas: Nastaven\u00ed teploty a v\u00fdkonu.<\/li>\n<li>Zobrazovac\u00ed panel: Zobrazuje pracovn\u00ed \u010das a teplotu.<\/li>\n<li>Materi\u00e1l: N\u00e1dr\u017e i stroj jsou z nerezov\u00e9 oceli.<\/li>\n<li>V\u00fdhody produktu: \u010cistic\u00ed n\u00e1dr\u017e zhotovena ta\u017een\u00edm, bezvadn\u00fd svar.<\/li>\n<li>Kvalita komponent\u016f: Pou\u017eit\u00ed vysoce kvalitn\u00edch ultrazvukov\u00fdch m\u011bni\u010d\u016f. Siln\u00fd v\u00fdkon.<\/li>\n<li>Vysok\u00e1 kvalita procesu lepen\u00ed. Ultrazvukov\u00fd m\u011bni\u010d p\u0159ilepen pomoc\u00ed epoxidov\u00e9ho lepidla.<\/li>\n<li>Chladic\u00ed syst\u00e9m: Modely 10L a v\u00edce jsou vybaveny vysoce \u00fa\u010dinn\u00fdm chladic\u00edm ventil\u00e1torem.<\/li>\n<\/ul>\n<p><img loading=\"lazy\" decoding=\"async\" src=\"https:\/\/www.bjultrasonic.com\/wp-content\/uploads\/2018\/12\/120kHz-Ultrasonic-Cleaner-Package.jpg\" alt=\"120kHz Ultrazvukov\u00fd \u010disti\u010d - Balen\u00ed\" width=\"600\" height=\"863\" \/><\/p>\n","protected":false},"excerpt":{"rendered":"<p><a href=\"https:\/\/www.bjultrasonic.com\/cs\/category\/ultrasonic-cleaning-system-cs\/120khz-ultrasonic-cleaner-cs\/\">120kHz digit\u00e1ln\u00ed ultrazvukov\u00fd \u010disti\u010d<\/a> s regulac\u00ed \u010dasu, teploty a v\u00fdkonu.<\/p>\n","protected":false},"featured_media":19778,"comment_status":"open","ping_status":"closed","template":"","meta":[],"product_brand":[],"product_cat":[5879],"product_tag":[],"class_list":{"0":"post-66470","1":"product","2":"type-product","3":"status-publish","4":"has-post-thumbnail","6":"product_cat-120khz-ultrasonic-cleaner-cs","8":"first","9":"instock","10":"shipping-taxable","11":"purchasable","12":"product-type-simple","13":"prodpage-classic"},"aioseo_notices":[],"_links":{"self":[{"href":"https:\/\/www.bjultrasonic.com\/cs\/wp-json\/wp\/v2\/product\/66470","targetHints":{"allow":["GET"]}}],"collection":[{"href":"https:\/\/www.bjultrasonic.com\/cs\/wp-json\/wp\/v2\/product"}],"about":[{"href":"https:\/\/www.bjultrasonic.com\/cs\/wp-json\/wp\/v2\/types\/product"}],"replies":[{"embeddable":true,"href":"https:\/\/www.bjultrasonic.com\/cs\/wp-json\/wp\/v2\/comments?post=66470"}],"wp:featuredmedia":[{"embeddable":true,"href":"https:\/\/www.bjultrasonic.com\/cs\/wp-json\/wp\/v2\/media\/19778"}],"wp:attachment":[{"href":"https:\/\/www.bjultrasonic.com\/cs\/wp-json\/wp\/v2\/media?parent=66470"}],"wp:term":[{"taxonomy":"product_brand","embeddable":true,"href":"https:\/\/www.bjultrasonic.com\/cs\/wp-json\/wp\/v2\/product_brand?post=66470"},{"taxonomy":"product_cat","embeddable":true,"href":"https:\/\/www.bjultrasonic.com\/cs\/wp-json\/wp\/v2\/product_cat?post=66470"},{"taxonomy":"product_tag","embeddable":true,"href":"https:\/\/www.bjultrasonic.com\/cs\/wp-json\/wp\/v2\/product_tag?post=66470"}],"curies":[{"name":"wp","href":"https:\/\/api.w.org\/{rel}","templated":true}]}}