{"id":66550,"date":"2018-12-11T02:38:38","date_gmt":"2018-12-11T07:38:38","guid":{"rendered":"https:\/\/www.bjultrasonic.com\/shop\/20l-120khz-ultrasonic-cleaner\/"},"modified":"2026-03-28T20:47:00","modified_gmt":"2026-03-29T01:47:00","slug":"20l-120khz-ultrasonic-cleaner","status":"publish","type":"product","link":"https:\/\/www.bjultrasonic.com\/cs\/shop\/20l-120khz-ultrasonic-cleaner\/","title":{"rendered":"20L 120kHz Digit\u00e1ln\u00ed Ultrazvukov\u00fd \u010cisti\u010d S \u0158\u00edzen\u00edm \u010casu, Teploty a V\u00fdkonu"},"content":{"rendered":"<table class=\"table table-striped table-bordered\">\n<tbody>\n<tr>\n<td width=\"284\">Typ<\/td>\n<td width=\"284\">BJUCDPTH220<\/td>\n<\/tr>\n<tr>\n<td width=\"284\">Kapacita n\u00e1dr\u017ee<\/td>\n<td width=\"284\">20L<\/td>\n<\/tr>\n<tr>\n<td width=\"284\">Ultrazvukov\u00fd v\u00fdkon<\/td>\n<td width=\"284\">480W<\/td>\n<\/tr>\n<tr>\n<td width=\"284\">V\u00fdkon oh\u0159evu<\/td>\n<td width=\"284\">500W<\/td>\n<\/tr>\n<tr>\n<td width=\"284\">Frekvence<\/td>\n<td width=\"284\">120KHZ<\/td>\n<\/tr>\n<tr>\n<td width=\"284\">\u010casova\u010d<\/td>\n<td width=\"284\">0-30 min<\/td>\n<\/tr>\n<tr>\n<td width=\"284\">Teplota<\/td>\n<td width=\"284\">&lt; 80 \u00b0C<\/td>\n<\/tr>\n<tr>\n<td width=\"284\">Rozm\u011bry n\u00e1dr\u017ee<\/td>\n<td width=\"284\">330*300*200 mm D*\u0160*V<\/td>\n<\/tr>\n<tr>\n<td width=\"284\">Rozm\u011bry stroje<\/td>\n<td width=\"284\">430*350*380 mm D*\u0160*V<\/td>\n<\/tr>\n<tr>\n<td width=\"284\">Odtok<\/td>\n<td width=\"284\">Ano<\/td>\n<\/tr>\n<tr>\n<td width=\"284\">V\u00edko<\/td>\n<td width=\"284\">Ano<\/td>\n<\/tr>\n<tr>\n<td width=\"284\">Hmotnost jednotky<\/td>\n<td width=\"284\">20kg<\/td>\n<\/tr>\n<\/tbody>\n<\/table>\n<h3>Hlavn\u00ed funkce<\/h3>\n<ul>\n<li>\u010casova\u010d: Nastaven\u00ed 1-30 min.<\/li>\n<li>Teplota: Nastaven\u00ed 20-80\u2103.<\/li>\n<li>\u010cas: Nastaven\u00ed teploty a v\u00fdkonu.<\/li>\n<li>Displej: Zobrazen\u00ed pracovn\u00ed doby a teploty.<\/li>\n<li>Materi\u00e1l: N\u00e1dr\u017e i stroj jsou z nerezov\u00e9 oceli.<\/li>\n<li>V\u00fdhody produktu: \u010cistic\u00ed n\u00e1dr\u017e vyroben\u00e1 ta\u017een\u00edm, bezvadn\u00fd svar.<\/li>\n<li>Kvalita sou\u010d\u00e1stek: Pou\u017eit\u00ed vysoce kvalitn\u00edho ultrazvukov\u00e9ho m\u011bni\u010de. Siln\u00fd v\u00fdkon.<\/li>\n<li>Vysok\u00e1 kvalita procesu lepen\u00ed. Ultrazvukov\u00fd m\u011bni\u010d p\u0159ilepen\u00fd pomoc\u00ed epoxidov\u00e9ho lepidla.<\/li>\n<li>Chladic\u00ed syst\u00e9m: Pro 10L a v\u00edce je instalov\u00e1n vysoce \u00fa\u010dinn\u00fd chladic\u00ed ventil\u00e1tor.<\/li>\n<\/ul>\n<p><img loading=\"lazy\" decoding=\"async\" src=\"https:\/\/www.bjultrasonic.com\/wp-content\/uploads\/2018\/12\/120kHz-Ultrasonic-Cleaner-Package.jpg\" alt=\"120kHz Ultrazvukov\u00fd \u010disti\u010d - Balen\u00ed\" width=\"600\" height=\"863\" \/><\/p>\n","protected":false},"excerpt":{"rendered":"<p><a href=\"https:\/\/www.bjultrasonic.com\/cs\/category\/ultrasonic-cleaning-system-cs\/120khz-ultrasonic-cleaner-cs\/\">120kHz digit\u00e1ln\u00ed ultrazvukov\u00fd \u010disti\u010d<\/a> s \u010dasovou, teplotn\u00ed a v\u00fdkonovou regulac\u00ed.<\/p>\n","protected":false},"featured_media":19754,"comment_status":"open","ping_status":"closed","template":"","meta":[],"product_brand":[],"product_cat":[5879],"product_tag":[],"class_list":{"0":"post-66550","1":"product","2":"type-product","3":"status-publish","4":"has-post-thumbnail","6":"product_cat-120khz-ultrasonic-cleaner-cs","8":"first","9":"instock","10":"shipping-taxable","11":"purchasable","12":"product-type-simple","13":"prodpage-classic"},"aioseo_notices":[],"_links":{"self":[{"href":"https:\/\/www.bjultrasonic.com\/cs\/wp-json\/wp\/v2\/product\/66550","targetHints":{"allow":["GET"]}}],"collection":[{"href":"https:\/\/www.bjultrasonic.com\/cs\/wp-json\/wp\/v2\/product"}],"about":[{"href":"https:\/\/www.bjultrasonic.com\/cs\/wp-json\/wp\/v2\/types\/product"}],"replies":[{"embeddable":true,"href":"https:\/\/www.bjultrasonic.com\/cs\/wp-json\/wp\/v2\/comments?post=66550"}],"wp:featuredmedia":[{"embeddable":true,"href":"https:\/\/www.bjultrasonic.com\/cs\/wp-json\/wp\/v2\/media\/19754"}],"wp:attachment":[{"href":"https:\/\/www.bjultrasonic.com\/cs\/wp-json\/wp\/v2\/media?parent=66550"}],"wp:term":[{"taxonomy":"product_brand","embeddable":true,"href":"https:\/\/www.bjultrasonic.com\/cs\/wp-json\/wp\/v2\/product_brand?post=66550"},{"taxonomy":"product_cat","embeddable":true,"href":"https:\/\/www.bjultrasonic.com\/cs\/wp-json\/wp\/v2\/product_cat?post=66550"},{"taxonomy":"product_tag","embeddable":true,"href":"https:\/\/www.bjultrasonic.com\/cs\/wp-json\/wp\/v2\/product_tag?post=66550"}],"curies":[{"name":"wp","href":"https:\/\/api.w.org\/{rel}","templated":true}]}}