{"id":66710,"date":"2018-12-09T21:33:50","date_gmt":"2018-12-10T02:33:50","guid":{"rendered":"https:\/\/www.bjultrasonic.com\/shop\/20l-80khz-ultrasonic-cleaner\/"},"modified":"2026-03-28T20:45:38","modified_gmt":"2026-03-29T01:45:38","slug":"20l-80khz-ultrasonic-cleaner","status":"publish","type":"product","link":"https:\/\/www.bjultrasonic.com\/cs\/shop\/20l-80khz-ultrasonic-cleaner\/","title":{"rendered":"20L 80kHz Digit\u00e1ln\u00ed Ultrazvukov\u00fd \u010cisti\u010d S \u0158\u00edzen\u00edm \u010casu, Teploty a V\u00fdkonu"},"content":{"rendered":"<table class=\"table table-striped table-bordered\">\n<tbody>\n<tr>\n<td width=\"284\">Typ<\/td>\n<td width=\"284\">BJUCDPTH820<\/td>\n<\/tr>\n<tr>\n<td width=\"284\">Kapacita n\u00e1dr\u017ee<\/td>\n<td width=\"284\">20 l<\/td>\n<\/tr>\n<tr>\n<td width=\"284\">Ultrazvukov\u00fd v\u00fdkon<\/td>\n<td width=\"284\">480 W<\/td>\n<\/tr>\n<tr>\n<td width=\"284\">V\u00fdkon oh\u0159evu<\/td>\n<td width=\"284\">500 W<\/td>\n<\/tr>\n<tr>\n<td width=\"284\">Frekvence<\/td>\n<td width=\"284\">80 kHz<\/td>\n<\/tr>\n<tr>\n<td width=\"284\">\u010casova\u010d<\/td>\n<td width=\"284\">0\u201330 min<\/td>\n<\/tr>\n<tr>\n<td width=\"284\">Teplota<\/td>\n<td width=\"284\">&lt; 80 \u00b0C<\/td>\n<\/tr>\n<tr>\n<td width=\"284\">Rozm\u011bry n\u00e1dr\u017ee<\/td>\n<td width=\"284\">330 \u00d7 300 \u00d7 200 mm (D \u00d7 \u0160 \u00d7 V)<\/td>\n<\/tr>\n<tr>\n<td width=\"284\">Rozm\u011bry p\u0159\u00edstroje<\/td>\n<td width=\"284\">430 \u00d7 350 \u00d7 380 mm (D \u00d7 \u0160 \u00d7 V)<\/td>\n<\/tr>\n<tr>\n<td width=\"284\">Odtok<\/td>\n<td width=\"284\">Ano<\/td>\n<\/tr>\n<tr>\n<td width=\"284\">V\u00edko<\/td>\n<td width=\"284\">Ano<\/td>\n<\/tr>\n<tr>\n<td width=\"284\">Hmotnost jednotky<\/td>\n<td width=\"284\">20 kg<\/td>\n<\/tr>\n<\/tbody>\n<\/table>\n<h3>Hlavn\u00ed funkce ultrazvukov\u00e9ho \u010disti\u010de 80 kHz<\/h3>\n<ul>\n<li>\u010casova\u010d: nastaven\u00ed 1\u201330 min.<\/li>\n<li>Teplota: nastaven\u00ed 20\u201380 \u00b0C;<\/li>\n<li>Nastaven\u00ed \u010dasu, teploty a v\u00fdkonu<\/li>\n<li>Ovl\u00e1dac\u00ed panel: zobrazuje pracovn\u00ed \u010das a teplotu.<\/li>\n<li>Materi\u00e1l: N\u00e1dr\u017e i p\u0159\u00edstroj jsou z nerezov\u00e9 oceli.<\/li>\n<li>V\u00fdhody produktu: \u010distic\u00ed n\u00e1dr\u017e je lisovan\u00e1, bez vadn\u00fdch svar\u016f.<\/li>\n<li>Kvalita komponent\u016f: Pou\u017eit\u00ed vysoce kvalitn\u00edch ultrazvukov\u00fdch m\u011bni\u010d\u016f. Siln\u00fd v\u00fdkon.<\/li>\n<li>Vysok\u00e1 kvalita lepic\u00edho procesu. Ultrazvukov\u00e9 m\u011bni\u010de jsou p\u0159ilepeny epoxidov\u00fdm lepidlem.<\/li>\n<li>Odvod\u0148ovac\u00ed syst\u00e9m: Modely 6 l a v\u011bt\u0161\u00ed jsou vybaveny kuli\u010dkov\u00fdm odtokov\u00fdm ventilem.<\/li>\n<li>Chladic\u00ed syst\u00e9m: Modely 10 l a v\u011bt\u0161\u00ed jsou vybaveny vysoce \u00fa\u010dinn\u00fdm chladic\u00edm ventil\u00e1torem.<\/li>\n<\/ul>\n<p><img loading=\"lazy\" decoding=\"async\" src=\"https:\/\/www.bjultrasonic.com\/wp-content\/uploads\/2018\/12\/80kHz-Ultrasonic-Cleaner-Package.jpg\" alt=\"80kHz Ultrazvukov\u00fd \u010disti\u010d\" width=\"600\" height=\"868\" \/><\/p>\n","protected":false},"excerpt":{"rendered":"<p><a href=\"https:\/\/www.bjultrasonic.com\/cs\/category\/ultrasonic-cleaning-system-cs\/80khz-ultrasonic-cleaner-cs\/\">80kHz digit\u00e1ln\u00ed ultrazvukov\u00fd \u010disti\u010d<\/a> s \u010dasovou, teplotn\u00ed a v\u00fdkonovou regulac\u00ed, \u0161iroce pou\u017e\u00edvan\u00fd pro \u010di\u0161t\u011bn\u00ed \u0161perk\u016f, hodinek, n\u00e1hrdeln\u00edk\u016f, n\u00e1u\u0161nic, prsten\u016f, n\u00e1ramk\u016f, minc\u00ed, \u0159em\u00ednk\u016f hodinek, br\u00fdl\u00ed, slune\u010dn\u00edch br\u00fdl\u00ed, p\u0159\u00edslu\u0161enstv\u00ed kontaktn\u00edch \u010do\u010dek, zubn\u00edch prot\u00e9z, h\u0159eben\u016f, zubn\u00edch kart\u00e1\u010dk\u016f, p\u0159\u00edbor\u016f a podobn\u011b.<\/p>\n","protected":false},"featured_media":19690,"comment_status":"open","ping_status":"closed","template":"","meta":[],"product_brand":[],"product_cat":[5866],"product_tag":[],"class_list":{"0":"post-66710","1":"product","2":"type-product","3":"status-publish","4":"has-post-thumbnail","6":"product_cat-80khz-ultrasonic-cleaner-cs","8":"first","9":"instock","10":"shipping-taxable","11":"purchasable","12":"product-type-simple","13":"prodpage-classic"},"aioseo_notices":[],"_links":{"self":[{"href":"https:\/\/www.bjultrasonic.com\/cs\/wp-json\/wp\/v2\/product\/66710","targetHints":{"allow":["GET"]}}],"collection":[{"href":"https:\/\/www.bjultrasonic.com\/cs\/wp-json\/wp\/v2\/product"}],"about":[{"href":"https:\/\/www.bjultrasonic.com\/cs\/wp-json\/wp\/v2\/types\/product"}],"replies":[{"embeddable":true,"href":"https:\/\/www.bjultrasonic.com\/cs\/wp-json\/wp\/v2\/comments?post=66710"}],"wp:featuredmedia":[{"embeddable":true,"href":"https:\/\/www.bjultrasonic.com\/cs\/wp-json\/wp\/v2\/media\/19690"}],"wp:attachment":[{"href":"https:\/\/www.bjultrasonic.com\/cs\/wp-json\/wp\/v2\/media?parent=66710"}],"wp:term":[{"taxonomy":"product_brand","embeddable":true,"href":"https:\/\/www.bjultrasonic.com\/cs\/wp-json\/wp\/v2\/product_brand?post=66710"},{"taxonomy":"product_cat","embeddable":true,"href":"https:\/\/www.bjultrasonic.com\/cs\/wp-json\/wp\/v2\/product_cat?post=66710"},{"taxonomy":"product_tag","embeddable":true,"href":"https:\/\/www.bjultrasonic.com\/cs\/wp-json\/wp\/v2\/product_tag?post=66710"}],"curies":[{"name":"wp","href":"https:\/\/api.w.org\/{rel}","templated":true}]}}