{"id":66730,"date":"2018-12-09T21:33:43","date_gmt":"2018-12-10T02:33:43","guid":{"rendered":"https:\/\/www.bjultrasonic.com\/shop\/14l-80khz-ultrasonic-cleaner\/"},"modified":"2026-03-28T20:45:11","modified_gmt":"2026-03-29T01:45:11","slug":"14l-80khz-ultrasonic-cleaner","status":"publish","type":"product","link":"https:\/\/www.bjultrasonic.com\/cs\/shop\/14l-80khz-ultrasonic-cleaner\/","title":{"rendered":"14L 80kHz Digit\u00e1ln\u00ed Ultrazvukov\u00fd \u010cisti\u010d S \u010casovou, Teplotn\u00ed a V\u00fdkonovou Kontrolou"},"content":{"rendered":"<table class=\"table table-striped table-bordered\">\n<tbody>\n<tr>\n<td width=\"284\">Typ<\/td>\n<td width=\"284\">BJUCDPTH814<\/td>\n<\/tr>\n<tr>\n<td width=\"284\">Kapacita n\u00e1dr\u017ee<\/td>\n<td width=\"284\">14L<\/td>\n<\/tr>\n<tr>\n<td width=\"284\">Ultrazvukov\u00fd v\u00fdkon<\/td>\n<td width=\"284\">360W<\/td>\n<\/tr>\n<tr>\n<td width=\"284\">V\u00fdkon topen\u00ed<\/td>\n<td width=\"284\">500W<\/td>\n<\/tr>\n<tr>\n<td width=\"284\">Frekvence<\/td>\n<td width=\"284\">80KHZ<\/td>\n<\/tr>\n<tr>\n<td width=\"284\">\u010casova\u010d<\/td>\n<td width=\"284\">0-30 min<\/td>\n<\/tr>\n<tr>\n<td width=\"284\">Teplota<\/td>\n<td width=\"284\">&lt; 80 \u00b0C<\/td>\n<\/tr>\n<tr>\n<td width=\"284\">Rozm\u011bry n\u00e1dr\u017ee<\/td>\n<td width=\"284\">300*240*200 mm D*\u0160*V<\/td>\n<\/tr>\n<tr>\n<td width=\"284\">Rozm\u011bry stroje<\/td>\n<td width=\"284\">400*300*380 mm D*\u0160*V<\/td>\n<\/tr>\n<tr>\n<td width=\"284\">Odtok<\/td>\n<td width=\"284\">Ano<\/td>\n<\/tr>\n<tr>\n<td width=\"284\">V\u00edko<\/td>\n<td width=\"284\">Ano<\/td>\n<\/tr>\n<tr>\n<td width=\"284\">Hmotnost jednotky<\/td>\n<td width=\"284\">16kg<\/td>\n<\/tr>\n<\/tbody>\n<\/table>\n<h3>Hlavn\u00ed funkce 80kHz ultrazvukov\u00e9ho \u010disti\u010de<\/h3>\n<ul>\n<li>\u010casova\u010d: Nastaven\u00ed 1-30 min.<\/li>\n<li>Teplota: Nastaven\u00ed 20-80\u2103;<\/li>\n<li>Nastaven\u00ed \u010dasu, teploty a v\u00fdkonu<\/li>\n<li>Obrazovka: Zobrazuje pracovn\u00ed \u010das a teplotu.<\/li>\n<li>Materi\u00e1l: N\u00e1dr\u017e i stroj jsou z nerezov\u00e9 oceli.<\/li>\n<li>V\u00fdhody produktu: \u010cistic\u00ed n\u00e1dr\u017e je lisovan\u00e1, bez vadn\u00fdch svar\u016f.<\/li>\n<li>Kvalita komponent: Pou\u017eit\u00ed vysoce kvalitn\u00edch ultrazvukov\u00fdch m\u011bni\u010d\u016f. Siln\u00fd v\u00fdkon.<\/li>\n<li>Vysok\u00e1 kvalita procesu lepen\u00ed. Ultrazvukov\u00e9 m\u011bni\u010de jsou p\u0159ilepeny epoxidov\u00fdm lepidlem.<\/li>\n<li>Odvod\u0148ovac\u00ed syst\u00e9m: Modely 6 l a v\u011bt\u0161\u00ed jsou vybaveny odtokovou kulovou armaturou.<\/li>\n<li>Chladic\u00ed syst\u00e9m: 10L a v\u011bt\u0161\u00ed modely jsou vybaveny vysoce \u00fa\u010dinn\u00fdm chladic\u00edm ventil\u00e1torem.<\/li>\n<\/ul>\n<p><img loading=\"lazy\" decoding=\"async\" src=\"https:\/\/www.bjultrasonic.com\/wp-content\/uploads\/2018\/12\/80kHz-Ultrasonic-Cleaner-Package.jpg\" alt=\"80kHz Ultrazvukov\u00fd \u010disti\u010d\" width=\"600\" height=\"868\" \/><\/p>\n","protected":false},"excerpt":{"rendered":"<p><a href=\"https:\/\/www.bjultrasonic.com\/cs\/category\/ultrasonic-cleaning-system-cs\/80khz-ultrasonic-cleaner-cs\/\">80kHz digit\u00e1ln\u00ed ultrazvukov\u00fd \u010disti\u010d<\/a> s regulac\u00ed \u010dasu, teploty a v\u00fdkonu, \u0161iroce pou\u017e\u00edvan\u00fd k \u010di\u0161t\u011bn\u00ed \u0161perk\u016f, hodinek, n\u00e1hrdeln\u00edk\u016f, n\u00e1u\u0161nic, prsten\u016f, n\u00e1ramk\u016f, minc\u00ed, \u0159em\u00ednk\u016f hodinek, br\u00fdl\u00ed, slune\u010dn\u00edch br\u00fdl\u00ed, kontaktn\u00edch \u010do\u010dek a dopl\u0148k\u016f, zubn\u00edch n\u00e1hrad, h\u0159eben\u016f, zubn\u00edch kart\u00e1\u010dk\u016f, stoln\u00edho n\u00e1dob\u00ed a podobn\u011b.<\/p>\n","protected":false},"featured_media":19686,"comment_status":"open","ping_status":"closed","template":"","meta":[],"product_brand":[],"product_cat":[5866],"product_tag":[],"class_list":{"0":"post-66730","1":"product","2":"type-product","3":"status-publish","4":"has-post-thumbnail","6":"product_cat-80khz-ultrasonic-cleaner-cs","8":"first","9":"instock","10":"featured","11":"shipping-taxable","12":"purchasable","13":"product-type-simple","14":"prodpage-classic"},"aioseo_notices":[],"_links":{"self":[{"href":"https:\/\/www.bjultrasonic.com\/cs\/wp-json\/wp\/v2\/product\/66730","targetHints":{"allow":["GET"]}}],"collection":[{"href":"https:\/\/www.bjultrasonic.com\/cs\/wp-json\/wp\/v2\/product"}],"about":[{"href":"https:\/\/www.bjultrasonic.com\/cs\/wp-json\/wp\/v2\/types\/product"}],"replies":[{"embeddable":true,"href":"https:\/\/www.bjultrasonic.com\/cs\/wp-json\/wp\/v2\/comments?post=66730"}],"wp:featuredmedia":[{"embeddable":true,"href":"https:\/\/www.bjultrasonic.com\/cs\/wp-json\/wp\/v2\/media\/19686"}],"wp:attachment":[{"href":"https:\/\/www.bjultrasonic.com\/cs\/wp-json\/wp\/v2\/media?parent=66730"}],"wp:term":[{"taxonomy":"product_brand","embeddable":true,"href":"https:\/\/www.bjultrasonic.com\/cs\/wp-json\/wp\/v2\/product_brand?post=66730"},{"taxonomy":"product_cat","embeddable":true,"href":"https:\/\/www.bjultrasonic.com\/cs\/wp-json\/wp\/v2\/product_cat?post=66730"},{"taxonomy":"product_tag","embeddable":true,"href":"https:\/\/www.bjultrasonic.com\/cs\/wp-json\/wp\/v2\/product_tag?post=66730"}],"curies":[{"name":"wp","href":"https:\/\/api.w.org\/{rel}","templated":true}]}}