{"id":66790,"date":"2018-08-16T05:48:46","date_gmt":"2018-08-16T10:48:46","guid":{"rendered":"https:\/\/www.bjultrasonic.com\/shop\/ultrasonic-atomizing-transducer-bja-1500\/"},"modified":"2026-03-28T20:44:43","modified_gmt":"2026-03-29T01:44:43","slug":"ultrasonic-atomizing-transducer-bja-1500","status":"publish","type":"product","link":"https:\/\/www.bjultrasonic.com\/cs\/shop\/ultrasonic-atomizing-transducer-bja-1500\/","title":{"rendered":"1500Ml Vodn\u00ed Font\u00e1na Rybn\u00edk Ultrazvukov\u00fd Zvlh\u010dova\u010d Mlhov\u00fd Vytv\u00e1\u0159et"},"content":{"rendered":"<table class=\"table table-striped table-bordered\">\n<tbody>\n<tr>\n<td width=\"284\">Typ<\/td>\n<td width=\"284\">BJA1500<\/td>\n<\/tr>\n<tr>\n<td width=\"284\">Mno\u017estv\u00ed rozpra\u0161ov\u00e1n\u00ed<\/td>\n<td width=\"284\">&gt;1500ML<\/td>\n<\/tr>\n<tr>\n<td width=\"284\">Rozm\u011bry<\/td>\n<td width=\"284\">Pr\u016fm\u011br 99mm, v\u00fd\u0161ka 27mm<\/td>\n<\/tr>\n<tr>\n<td width=\"284\">Pracovn\u00ed frekvence<\/td>\n<td width=\"284\">1700\u00b150(KHZ)<\/td>\n<\/tr>\n<tr>\n<td width=\"284\">Pr\u016fm\u011br piezokeramiky<\/td>\n<td width=\"284\">20mm<\/td>\n<\/tr>\n<tr>\n<td width=\"284\">Pracovn\u00ed teplota<\/td>\n<td width=\"284\">5\uff5e45\u2103<\/td>\n<\/tr>\n<tr>\n<td width=\"284\">Ochrana proti p\u0159eh\u0159\u00e1t\u00ed<\/td>\n<td width=\"284\">50\u2103<\/td>\n<\/tr>\n<tr>\n<td width=\"284\">Hladina vody<\/td>\n<td width=\"284\">40mm-80mm<\/td>\n<\/tr>\n<tr>\n<td width=\"284\">Pracovn\u00ed nap\u011bt\u00ed<\/td>\n<td width=\"284\">36V AC<\/td>\n<\/tr>\n<tr>\n<td width=\"284\">V\u00fdkon:<\/td>\n<td width=\"284\">150W<\/td>\n<\/tr>\n<tr>\n<td width=\"284\">Proud<\/td>\n<td width=\"284\">1.5A<\/td>\n<\/tr>\n<tr>\n<td width=\"284\">Materi\u00e1l<\/td>\n<td width=\"284\">M\u011b\u010f a nerezov\u00e1 ocel<\/td>\n<\/tr>\n<tr>\n<td width=\"284\">LED<\/td>\n<td width=\"284\">Ano<\/td>\n<\/tr>\n<tr>\n<td width=\"284\">Sn\u00edma\u010d hladiny vody<\/td>\n<td width=\"284\">V\u00fd\u0161ka 12mm<\/td>\n<\/tr>\n<tr>\n<td width=\"284\">Kabel<\/td>\n<td width=\"284\">D\u00e9lka 5m<\/td>\n<\/tr>\n<tr>\n<td width=\"284\">Plocha pou\u017eit\u00ed<\/td>\n<td width=\"284\">41-60M2<\/td>\n<\/tr>\n<tr>\n<td width=\"284\">Kapacita n\u00e1dr\u017eky na vodu<\/td>\n<td width=\"284\">6-10L<\/td>\n<\/tr>\n<tr>\n<td width=\"284\">Nap\u011bt\u00ed<\/td>\n<td width=\"284\">220v\/50hz<\/p>\n<p>120v\/60hz<\/p>\n<p>110v\/60hz<\/p>\n<p>230v\/50hz<\/td>\n<\/tr>\n<\/tbody>\n<\/table>\n<h3>Hlavn\u00ed funkce<\/h3>\n<ul>\n<li>M\u011bd\u011bn\u00e9 pouzdro, poniklovan\u00e9 a pokadmiovan\u00e9, dobr\u00e9 odvodn\u011bn\u00ed tepla.<\/li>\n<li>Funkce ochrany proti nedostatku vody a plov\u00e1n\u00ed na vod\u011b, automaticky pluje na hladin\u011b.<\/li>\n<li>Vhodn\u00e9 pro pr\u016fmyslov\u00e9, zem\u011bd\u011blsk\u00e9, krajin\u00e1\u0159sk\u00e9 vytv\u00e1\u0159en\u00ed mlhy a podobn\u011b.<\/li>\n<li>S barevn\u00fdmi sv\u011btly a jednotliv\u00fdmi sv\u011btly.<\/li>\n<li>Velk\u00e9 mno\u017estv\u00ed rozpra\u0161ov\u00e1n\u00ed; Stabiln\u00ed v\u00fdkon; Dlouh\u00e1 \u017eivotnost;<\/li>\n<li>Vestav\u011bn\u00fd teplotn\u00ed ochrann\u00fd sp\u00edna\u010d zaji\u0161\u0165uje bezpe\u010dn\u00fd a spolehliv\u00fd provoz.<\/li>\n<li>Pevn\u00e1 konstrukce a snadn\u00e1 instalace<\/li>\n<\/ul>\n<h3>Video<\/h3>\n<p><iframe loading=\"lazy\" title=\"1500ml Water Fountain Pond Ultrasonic Humidifier Mist Maker\" width=\"500\" height=\"281\" src=\"https:\/\/www.youtube.com\/embed\/ZPvDbHEIGrU?feature=oembed\" frameborder=\"0\" allow=\"accelerometer; autoplay; clipboard-write; encrypted-media; gyroscope; picture-in-picture; web-share\" referrerpolicy=\"strict-origin-when-cross-origin\" allowfullscreen><\/iframe><\/p>\n<p><iframe loading=\"lazy\" title=\"Ultrasonic Humidifier\" width=\"500\" height=\"281\" src=\"https:\/\/www.youtube.com\/embed\/videoseries?list=PLLrjMYkO0_NEpofnqW3MnsGQ-KMwpBJul\" frameborder=\"0\" allow=\"accelerometer; autoplay; clipboard-write; encrypted-media; gyroscope; picture-in-picture; web-share\" referrerpolicy=\"strict-origin-when-cross-origin\" allowfullscreen><\/iframe><\/p>\n<h3>\u010casto kladen\u00e9 ot\u00e1zky<\/h3>\n<p><strong>1. M\u016f\u017eeme upravit mno\u017estv\u00ed rozpra\u0161ov\u00e1n\u00ed?<\/strong><\/p>\n<p>Ne, lze zm\u011bnit pouze podle hladiny vody.<\/p>\n<p><strong>2. M\u016f\u017eeme vypnout LED (pokud ji m\u00e1)?<\/strong><\/p>\n<p>Ne. Pro vnit\u0159n\u00ed pou\u017eit\u00ed je lep\u0161\u00ed zvolit ultrazvukov\u00fd rozpra\u0161ova\u010d bez LED.<\/p>\n<p><strong>3. Vyd\u00e1v\u00e1 hluk?<\/strong><\/p>\n<p>Ne. V\u011bt\u0161ina <a href=\"https:\/\/www.bjultrasonic.com\/cs\/category\/ultrasonic-atomizer-cs\/\">ultrazvukov\u00fdch zvlh\u010dova\u010d\u016f<\/a> m\u00e1 tendenci pracovat ti\u0161eji ne\u017e jin\u00e9 modely. Je to proto, \u017ee nemaj\u00ed ventil\u00e1tor, jako je tomu obvykle u odpa\u0159ovac\u00edch zvlh\u010dova\u010d\u016f. To udr\u017euje n\u00edzkou hladinu hluku.<\/p>\n<p><strong>4. Bude prot\u00e9kat elekt\u0159ina?<\/strong><\/p>\n<p>Princip ultrazvukov\u00e9ho rozpra\u0161ova\u010de spo\u010d\u00edv\u00e1 v tom, \u017ee ultrazvukov\u00e9 vibrace vytv\u00e1\u0159ej\u00ed mlhu. B\u011bhem provozu se nedot\u00fdkejte rozpra\u0161ova\u010de rukou, mohli byste c\u00edtit pocit p\u00edch\u00e1n\u00ed, ale nejde o elekt\u0159inu.<\/p>\n<h3>Obecn\u00e1 doporu\u010den\u00ed<\/h3>\n<ol>\n<li>Po zapnut\u00ed nap\u00e1jen\u00ed rozpra\u0161ova\u010d nep\u0159evracejte vzh\u016fru nohama, mohlo by to jej po\u0161kodit.<\/li>\n<li>Nepou\u017e\u00edvejte jej dlouhodob\u011b nebo d\u00e9le ne\u017e 10 hodin.<\/li>\n<li>B\u011bhem provozu rozpra\u0161ova\u010de se nedot\u00fdkejte rozpra\u0161ovac\u00ed desky.<\/li>\n<li>Zajist\u011bte kvalitu vody. Pou\u017e\u00edvejte \u010distou vodovodn\u00ed vodu. (zhor\u0161en\u00ed kvality vody ovlivn\u00ed \u017eivotnost)<\/li>\n<li>P\u0159ed p\u0159esunem nebo opravou vypn\u011bte nap\u00e1jen\u00ed.<\/li>\n<li>Rozpra\u0161ovan\u00e9 <a href=\"https:\/\/www.bjultrasonic.com\/cs\/category\/piezoelectric-ceramic-cs\/\">piezokeramiky<\/a> pat\u0159\u00ed k spot\u0159ebn\u00edmu materi\u00e1lu s \u017eivotnost\u00ed v\u00edce ne\u017e 3600 hodin. Pokud se v\u00fdrazn\u011b sn\u00ed\u017e\u00ed kapacita ml\u017een\u00ed rozpra\u0161ova\u010de, vy\u010dist\u011bte rozpra\u0161ovanou piezokeramiku (bez jak\u00e9hokoli \u010distic\u00edho prost\u0159edku) vatov\u00fdm tamponem, aby z\u016fstala \u010dist\u00e1. Pokud je mno\u017estv\u00ed rozpra\u0161ov\u00e1n\u00ed po vy\u010di\u0161t\u011bn\u00ed st\u00e1le mal\u00e9, vym\u011b\u0148te rozpra\u0161ovac\u00ed piezokeramiku. (doporu\u010dujeme zakoupit spolu s rozpra\u0161ovac\u00ed piezokeramikou)<\/li>\n<\/ol>\n<p><img loading=\"lazy\" decoding=\"async\" src=\"https:\/\/www.bjultrasonic.com\/wp-content\/uploads\/2018\/08\/Ultrasonic-Humidifier-with-LED.jpg\" alt=\"Ultrazvukov\u00fd zvlh\u010dova\u010d s LED\" width=\"670\" height=\"925\" \/><\/p>\n","protected":false},"excerpt":{"rendered":"<p><a href=\"https:\/\/www.bjultrasonic.com\/cs\/category\/ultrasonic-atomizer-cs\/\">Ultrazvukov\u00fd zvlh\u010dova\u010d<\/a> vyu\u017e\u00edv\u00e1 ultrazvukovou energii k p\u0159em\u011bn\u011b kapalin na \u010d\u00e1stice podobn\u00e9 mraku. Ultrazvukov\u00fd zvlh\u010dova\u010d je tak\u00e9 zn\u00e1m\u00fd jako <a href=\"https:\/\/www.bjultrasonic.com\/cs\/shop\/ultrasonic-atomizing-transducer\/\">ultrazvukov\u00fd rozpra\u0161ova\u010d<\/a>, ultrazvukov\u00fd tv\u016frce mlhy, ultrazvukov\u00fd ml\u017en\u00fd gener\u00e1tor.<\/p>\n","protected":false},"featured_media":19519,"comment_status":"open","ping_status":"closed","template":"","meta":[],"product_brand":[],"product_cat":[6194],"product_tag":[],"class_list":{"0":"post-66790","1":"product","2":"type-product","3":"status-publish","4":"has-post-thumbnail","6":"product_cat-ultrasonic-atomizer-cs","8":"first","9":"instock","10":"shipping-taxable","11":"purchasable","12":"product-type-simple","13":"prodpage-classic"},"aioseo_notices":[],"_links":{"self":[{"href":"https:\/\/www.bjultrasonic.com\/cs\/wp-json\/wp\/v2\/product\/66790","targetHints":{"allow":["GET"]}}],"collection":[{"href":"https:\/\/www.bjultrasonic.com\/cs\/wp-json\/wp\/v2\/product"}],"about":[{"href":"https:\/\/www.bjultrasonic.com\/cs\/wp-json\/wp\/v2\/types\/product"}],"replies":[{"embeddable":true,"href":"https:\/\/www.bjultrasonic.com\/cs\/wp-json\/wp\/v2\/comments?post=66790"}],"wp:featuredmedia":[{"embeddable":true,"href":"https:\/\/www.bjultrasonic.com\/cs\/wp-json\/wp\/v2\/media\/19519"}],"wp:attachment":[{"href":"https:\/\/www.bjultrasonic.com\/cs\/wp-json\/wp\/v2\/media?parent=66790"}],"wp:term":[{"taxonomy":"product_brand","embeddable":true,"href":"https:\/\/www.bjultrasonic.com\/cs\/wp-json\/wp\/v2\/product_brand?post=66790"},{"taxonomy":"product_cat","embeddable":true,"href":"https:\/\/www.bjultrasonic.com\/cs\/wp-json\/wp\/v2\/product_cat?post=66790"},{"taxonomy":"product_tag","embeddable":true,"href":"https:\/\/www.bjultrasonic.com\/cs\/wp-json\/wp\/v2\/product_tag?post=66790"}],"curies":[{"name":"wp","href":"https:\/\/api.w.org\/{rel}","templated":true}]}}