{"id":66810,"date":"2018-08-16T05:43:28","date_gmt":"2018-08-16T10:43:28","guid":{"rendered":"https:\/\/www.bjultrasonic.com\/shop\/ultrasonic-atomizing-transducer-bja-900\/"},"modified":"2026-03-28T20:44:42","modified_gmt":"2026-03-29T01:44:42","slug":"ultrasonic-atomizing-transducer-bja-900","status":"publish","type":"product","link":"https:\/\/www.bjultrasonic.com\/cs\/shop\/ultrasonic-atomizing-transducer-bja-900\/","title":{"rendered":"900ML 3hlavov\u00fd ultrazvukov\u00fd gener\u00e1tor mlhy ml\u017e\u00edtko font\u00e1na"},"content":{"rendered":"<table class=\"table table-striped table-bordered\">\n<tbody>\n<tr>\n<td width=\"284\">Typ<\/td>\n<td width=\"284\">BJA900<\/td>\n<\/tr>\n<tr>\n<td width=\"284\">Mno\u017estv\u00ed rozpra\u0161ov\u00e1n\u00ed<\/td>\n<td width=\"284\">&gt;900 ml<\/td>\n<\/tr>\n<tr>\n<td width=\"284\">Rozm\u011bry<\/td>\n<td width=\"284\">pr\u016fm\u011br 68 mm, v\u00fd\u0161ka 27 mm<\/td>\n<\/tr>\n<tr>\n<td width=\"284\">Pracovn\u00ed frekvence<\/td>\n<td width=\"284\">1700\u00b150 (kHz)<\/td>\n<\/tr>\n<tr>\n<td width=\"284\">Pr\u016fm\u011br piezokeramiky<\/td>\n<td width=\"284\">20 mm<\/td>\n<\/tr>\n<tr>\n<td width=\"284\">Pracovn\u00ed teplota<\/td>\n<td width=\"284\">1\u201345 \u00b0C<\/td>\n<\/tr>\n<tr>\n<td width=\"284\">Hladina vody<\/td>\n<td width=\"284\">40\u201380 mm<\/td>\n<\/tr>\n<tr>\n<td width=\"284\">Pracovn\u00ed nap\u011bt\u00ed<\/td>\n<td width=\"284\">36 V AC<\/td>\n<\/tr>\n<tr>\n<td width=\"284\">Pracovn\u00ed proud<\/td>\n<td width=\"284\">2,2 A<\/td>\n<\/tr>\n<tr>\n<td width=\"284\">V\u00fdkon:<\/td>\n<td width=\"284\">60 W<\/td>\n<\/tr>\n<tr>\n<td width=\"284\">Materi\u00e1l<\/td>\n<td width=\"284\">m\u011b\u010f a nerezov\u00e1 ocel<\/td>\n<\/tr>\n<tr>\n<td width=\"284\">LED<\/td>\n<td width=\"284\">jedna<\/td>\n<\/tr>\n<tr>\n<td width=\"284\">Senzor hladiny vody<\/td>\n<td width=\"284\">v\u00fd\u0161ka 12 mm<\/td>\n<\/tr>\n<tr>\n<td width=\"284\">Kabel<\/td>\n<td width=\"284\">d\u00e9lka 5 m<\/td>\n<\/tr>\n<tr>\n<td width=\"284\">Vstupn\u00ed nap\u011bt\u00ed<\/td>\n<td width=\"284\">AC 220 V \/ 50 Hz<\/p>\n<p>120 V \/ 60 Hz<\/td>\n<\/tr>\n<\/tbody>\n<\/table>\n<h3>Hlavn\u00ed funkce<\/h3>\n<ul>\n<li>M\u011bd\u011bn\u00fd pl\u00e1\u0161\u0165, pokoven\u00fd niklem a kadmiem, dobr\u00e9 odv\u00e1d\u011bn\u00ed tepla.<\/li>\n<li>Funkce ochrany proti nedostatku vody a plov\u00e1n\u00ed na hladin\u011b, automaticky se vzn\u00e1\u0161\u00ed na vod\u011b.<\/li>\n<li>Vhodn\u00e9 pro pr\u016fmyslov\u00e9, zem\u011bd\u011blsk\u00e9, krajin\u00e1\u0159sk\u00e9 vytv\u00e1\u0159en\u00ed mlhy atd.<\/li>\n<li>S barevn\u00fdmi sv\u011btly a jedn\u00edm sv\u011btlem.<\/li>\n<li>Velk\u00e9 mno\u017estv\u00ed rozpra\u0161ov\u00e1n\u00ed; stabiln\u00ed v\u00fdkon; dlouh\u00e1 \u017eivotnost;<\/li>\n<\/ul>\n<h3>Video<\/h3>\n<p><iframe loading=\"lazy\" title=\"900ml 3 Head Ultrasonic Mist Maker Fogger Water Fountain\" width=\"500\" height=\"281\" src=\"https:\/\/www.youtube.com\/embed\/Zc07JpAh8ic?feature=oembed\" frameborder=\"0\" allow=\"accelerometer; autoplay; clipboard-write; encrypted-media; gyroscope; picture-in-picture; web-share\" referrerpolicy=\"strict-origin-when-cross-origin\" allowfullscreen><\/iframe><\/p>\n<p><iframe loading=\"lazy\" title=\"Ultrasonic Humidifier\" width=\"500\" height=\"281\" src=\"https:\/\/www.youtube.com\/embed\/videoseries?list=PLLrjMYkO0_NEpofnqW3MnsGQ-KMwpBJul\" frameborder=\"0\" allow=\"accelerometer; autoplay; clipboard-write; encrypted-media; gyroscope; picture-in-picture; web-share\" referrerpolicy=\"strict-origin-when-cross-origin\" allowfullscreen><\/iframe><\/p>\n<h3>\u010casto kladen\u00e9 ot\u00e1zky<\/h3>\n<p><strong>1. M\u016f\u017eeme upravit mno\u017estv\u00ed rozpra\u0161ov\u00e1n\u00ed?<\/strong><\/p>\n<p>Ne, lze zm\u011bnit pouze podle hladiny vody.<\/p>\n<p><strong>2. M\u016f\u017eeme vypnout LED (pokud ji m\u00e1)?<\/strong><\/p>\n<p>Ne. Pro vnit\u0159n\u00ed pou\u017eit\u00ed je lep\u0161\u00ed zvolit ultrazvukov\u00fd rozpra\u0161ova\u010d bez LED.<\/p>\n<p><strong>3. Vyd\u00e1v\u00e1 hluk?<\/strong><\/p>\n<p>Ne. V\u011bt\u0161ina <a href=\"https:\/\/www.bjultrasonic.com\/cs\/category\/ultrasonic-atomizer-cs\/\">ultrazvukov\u00fdch zvlh\u010dova\u010d\u016f<\/a> m\u00e1 tendenci pracovat ti\u0161eji ne\u017e jin\u00e9 modely. Je to proto, \u017ee nemaj\u00ed ventil\u00e1tor, jak\u00fd obvykle maj\u00ed evaporativn\u00ed zvlh\u010dova\u010de. To udr\u017euje n\u00edzkou hladinu hluku.<\/p>\n<p><strong>4. M\u016f\u017ee doj\u00edt k \u00faniku elekt\u0159iny?<\/strong><\/p>\n<p>Princip ultrazvukov\u00e9ho rozpra\u0161ova\u010de spo\u010d\u00edv\u00e1 v tom, \u017ee ultrazvukov\u00e9 vibrace vytv\u00e1\u0159ej\u00ed mlhu. B\u011bhem pr\u00e1ce se nedot\u00fdkejte rozpra\u0161ova\u010de rukou, mohli byste c\u00edtit pocit brn\u011bn\u00ed, ale nejde o elekt\u0159inu.<\/p>\n<h3>Obecn\u00e9 pokyny<\/h3>\n<ol>\n<li>Po zapnut\u00ed nap\u00e1jen\u00ed nepokl\u00e1dejte rozpra\u0161ova\u010d dnem vzh\u016fru, mohlo by to po\u0161kodit rozpra\u0161ova\u010d.<\/li>\n<li>Nepou\u017e\u00edvejte jej dlouhodob\u011b nebo d\u00e9le ne\u017e 10 hodin.<\/li>\n<li>B\u011bhem provozu rozpra\u0161ova\u010de se nedot\u00fdkejte rozpra\u0161ovac\u00ed desky.<\/li>\n<li>Zajist\u011bte kvalitu vody. Pou\u017e\u00edvejte \u010distou vodovodn\u00ed vodu. (zhor\u0161en\u00ed kvality vody ovlivn\u00ed \u017eivotnost)<\/li>\n<li>P\u0159ed p\u0159esunem nebo opravou odpojte nap\u00e1jen\u00ed.<\/li>\n<li>Rozpra\u0161ovan\u00e1 <a href=\"https:\/\/www.bjultrasonic.com\/cs\/category\/piezoelectric-ceramic-cs\/\">piezokeramika<\/a> pat\u0159\u00ed mezi spot\u0159ebn\u00ed materi\u00e1l s \u017eivotnost\u00ed p\u0159es 3600 hodin. Pokud se kapacita vytv\u00e1\u0159en\u00ed mlhy v\u00fdrazn\u011b sn\u00ed\u017e\u00ed, vy\u010dist\u011bte rozpra\u0161ovanou piezokeramiku (bez jak\u00e9hokoli \u010distic\u00edho prost\u0159edku) vatov\u00fdm tamponem, aby z\u016fstala \u010dist\u00e1. Pokud je mno\u017estv\u00ed rozpra\u0161ov\u00e1n\u00ed po vy\u010di\u0161t\u011bn\u00ed st\u00e1le mal\u00e9, vym\u011b\u0148te rozpra\u0161ovac\u00ed piezokeramiku. (doporu\u010dujeme zakoupit spole\u010dn\u011b s rozpra\u0161ovanou piezokeramikou)<\/li>\n<\/ol>\n<p><img loading=\"lazy\" decoding=\"async\" src=\"https:\/\/www.bjultrasonic.com\/wp-content\/uploads\/2018\/08\/Ultrasonic-Humidifier-with-LED.jpg\" alt=\"Ultrasonic-Humidifier-with-LED\" width=\"670\" height=\"925\" \/><\/p>\n","protected":false},"excerpt":{"rendered":"<p><a href=\"https:\/\/www.bjultrasonic.com\/cs\/category\/ultrasonic-atomizer-cs\/\">Ultrazvukov\u00fd zvlh\u010dova\u010d<\/a> vyu\u017e\u00edv\u00e1 ultrazvukovou energii k p\u0159em\u011bn\u011b kapalin na \u010d\u00e1stice podobn\u00e9 oblaku. Ultrazvukov\u00fd zvlh\u010dova\u010d se tak\u00e9 naz\u00fdv\u00e1 <a href=\"https:\/\/www.bjultrasonic.com\/cs\/shop\/ultrasonic-atomizing-transducer\/\">ultrazvukov\u00fd rozpra\u0161ova\u010d<\/a>, ultrazvukov\u00fd tv\u016frce mlhy, ultrazvukov\u00fd gener\u00e1tor mlhy.<\/p>\n","protected":false},"featured_media":19512,"comment_status":"open","ping_status":"closed","template":"","meta":[],"product_brand":[],"product_cat":[6194],"product_tag":[],"class_list":{"0":"post-66810","1":"product","2":"type-product","3":"status-publish","4":"has-post-thumbnail","6":"product_cat-ultrasonic-atomizer-cs","8":"first","9":"instock","10":"shipping-taxable","11":"purchasable","12":"product-type-simple","13":"prodpage-classic"},"aioseo_notices":[],"_links":{"self":[{"href":"https:\/\/www.bjultrasonic.com\/cs\/wp-json\/wp\/v2\/product\/66810","targetHints":{"allow":["GET"]}}],"collection":[{"href":"https:\/\/www.bjultrasonic.com\/cs\/wp-json\/wp\/v2\/product"}],"about":[{"href":"https:\/\/www.bjultrasonic.com\/cs\/wp-json\/wp\/v2\/types\/product"}],"replies":[{"embeddable":true,"href":"https:\/\/www.bjultrasonic.com\/cs\/wp-json\/wp\/v2\/comments?post=66810"}],"wp:featuredmedia":[{"embeddable":true,"href":"https:\/\/www.bjultrasonic.com\/cs\/wp-json\/wp\/v2\/media\/19512"}],"wp:attachment":[{"href":"https:\/\/www.bjultrasonic.com\/cs\/wp-json\/wp\/v2\/media?parent=66810"}],"wp:term":[{"taxonomy":"product_brand","embeddable":true,"href":"https:\/\/www.bjultrasonic.com\/cs\/wp-json\/wp\/v2\/product_brand?post=66810"},{"taxonomy":"product_cat","embeddable":true,"href":"https:\/\/www.bjultrasonic.com\/cs\/wp-json\/wp\/v2\/product_cat?post=66810"},{"taxonomy":"product_tag","embeddable":true,"href":"https:\/\/www.bjultrasonic.com\/cs\/wp-json\/wp\/v2\/product_tag?post=66810"}],"curies":[{"name":"wp","href":"https:\/\/api.w.org\/{rel}","templated":true}]}}