{"id":66850,"date":"2018-08-16T05:35:53","date_gmt":"2018-08-16T10:35:53","guid":{"rendered":"https:\/\/www.bjultrasonic.com\/shop\/ultrasonic-atomizing-transducer-bja500-12\/"},"modified":"2026-03-28T20:44:17","modified_gmt":"2026-03-29T01:44:17","slug":"ultrasonic-atomizing-transducer-bja500-12","status":"publish","type":"product","link":"https:\/\/www.bjultrasonic.com\/cs\/shop\/ultrasonic-atomizing-transducer-bja500-12\/","title":{"rendered":"500ML Ultrazvukov\u00fd v\u00fdrobce mlhy zvlh\u010dova\u010d 12 ks LED"},"content":{"rendered":"<table class=\"table table-striped table-bordered\">\n<tbody>\n<tr>\n<td width=\"214\">Typ<\/td>\n<td width=\"413\">BJA500-12<\/td>\n<\/tr>\n<tr>\n<td width=\"214\">Mno\u017estv\u00ed rozpra\u0161ov\u00e1n\u00ed<\/td>\n<td width=\"413\">&gt;500ML<\/td>\n<\/tr>\n<tr>\n<td width=\"214\">Rozm\u011bry<\/td>\n<td width=\"413\">pr\u016fm\u011br 46mm * v\u00fd\u0161ka 25mm<\/td>\n<\/tr>\n<tr>\n<td width=\"214\">Pracovn\u00ed frekvence<\/td>\n<td width=\"413\">1700\u00b150(KHZ)<\/td>\n<\/tr>\n<tr>\n<td width=\"214\">Pr\u016fm\u011br piezokeramiky<\/td>\n<td width=\"413\">20mm<\/td>\n<\/tr>\n<tr>\n<td width=\"214\">Pracovn\u00ed teplota<\/td>\n<td width=\"413\">5\uff5e45\u2103<\/td>\n<\/tr>\n<tr>\n<td width=\"214\">Hladina vody<\/td>\n<td width=\"413\">40mm-60mm<\/td>\n<\/tr>\n<tr>\n<td width=\"214\">Pracovn\u00ed nap\u011bt\u00ed<\/td>\n<td width=\"413\">24V AC\/DC 700MA<\/td>\n<\/tr>\n<tr>\n<td width=\"214\">V\u00fdkon:<\/td>\n<td width=\"413\">24W<\/td>\n<\/tr>\n<tr>\n<td width=\"214\">Materi\u00e1l<\/td>\n<td width=\"413\">Plast<\/td>\n<\/tr>\n<tr>\n<td width=\"214\">LED<\/td>\n<td width=\"413\">12 LED<\/p>\n<p>Automatick\u00e1 zm\u011bna 7 barev Dream7<\/td>\n<\/tr>\n<tr>\n<td width=\"214\">Senzor hladiny vody<\/td>\n<td width=\"413\">V\u00fd\u0161ka 12mm<\/td>\n<\/tr>\n<tr>\n<td width=\"214\">Kabel<\/td>\n<td width=\"413\">\u010cern\u00fd PVC 3.8mm D\u00e9lka 1400\u00b120mm<\/td>\n<\/tr>\n<tr>\n<td width=\"214\">Z\u00e1suvka<\/td>\n<td width=\"413\">5.5*2.5mm konektor<\/td>\n<\/tr>\n<\/tbody>\n<\/table>\n<h3>Video<\/h3>\n<p><iframe loading=\"lazy\" title=\"500ml Ultrasonic Mist Maker Humidifier 12PCs LED\" width=\"500\" height=\"281\" src=\"https:\/\/www.youtube.com\/embed\/ObKWUsnUC4Y?feature=oembed\" frameborder=\"0\" allow=\"accelerometer; autoplay; clipboard-write; encrypted-media; gyroscope; picture-in-picture; web-share\" referrerpolicy=\"strict-origin-when-cross-origin\" allowfullscreen><\/iframe><\/p>\n<p><iframe loading=\"lazy\" title=\"Ultrasonic Humidifier\" width=\"500\" height=\"281\" src=\"https:\/\/www.youtube.com\/embed\/videoseries?list=PLLrjMYkO0_NEpofnqW3MnsGQ-KMwpBJul\" frameborder=\"0\" allow=\"accelerometer; autoplay; clipboard-write; encrypted-media; gyroscope; picture-in-picture; web-share\" referrerpolicy=\"strict-origin-when-cross-origin\" allowfullscreen><\/iframe><\/p>\n<h3>\u010casto kladen\u00e9 ot\u00e1zky<\/h3>\n<p><strong>1. M\u016f\u017eeme upravit mno\u017estv\u00ed rozpra\u0161ov\u00e1n\u00ed?<\/strong><\/p>\n<p>Ne, lze jej zm\u011bnit pouze hladinou vody.<\/p>\n<p><strong>2. M\u016f\u017eeme vypnout LED (pokud je k dispozici)?<\/strong><\/p>\n<p>Ne. Pro vnit\u0159n\u00ed pou\u017eit\u00ed je lep\u0161\u00ed zvolit ultrazvukov\u00fd rozpra\u0161ova\u010d bez LED.<\/p>\n<p><strong>3. Vyd\u00e1v\u00e1 hluk?<\/strong><\/p>\n<p>Ne. V\u011bt\u0161ina <a href=\"https:\/\/www.bjultrasonic.com\/cs\/category\/ultrasonic-atomizer-cs\/\">ultrazvukov\u00fdch zvlh\u010dova\u010d\u016f<\/a> m\u00e1 tendenci pracovat ti\u0161eji ne\u017e jin\u00e9 modely. Je to proto, \u017ee nemaj\u00ed ventil\u00e1tor, jak je obvykl\u00e9 u v\u00fdparn\u00fdch zvlh\u010dova\u010d\u016f. To udr\u017euje n\u00edzkou hladinu hluku.<\/p>\n<p><strong>4. Unik\u00e1 z n\u011bj elekt\u0159ina?<\/strong><\/p>\n<p>Princip ultrazvukov\u00e9ho rozpra\u0161ova\u010de spo\u010d\u00edv\u00e1 v tom, \u017ee ultrazvukov\u00e9 vibrace vytv\u00e1\u0159ej\u00ed mlhu. B\u011bhem provozu se rozpra\u0161ova\u010de nedot\u00fdkejte rukou, m\u016f\u017eete m\u00edt pocit brn\u011bn\u00ed, ale nejde o elekt\u0159inu.<\/p>\n<h3>Obecn\u00e9 pokyny<\/h3>\n<ol>\n<li>Po zapnut\u00ed nap\u00e1jen\u00ed rozpra\u0161ova\u010d nep\u0159ekl\u00e1p\u011bjte, mohlo by to jej po\u0161kodit.<\/li>\n<li>Nepou\u017e\u00edvejte jej dlouhodob\u011b nebo d\u00e9le ne\u017e 10 hodin.<\/li>\n<li>B\u011bhem provozu rozpra\u0161ova\u010de se nedot\u00fdkejte rozpra\u0161ovac\u00ed desky.<\/li>\n<li>Zajist\u011bte kvalitu vody. Pou\u017e\u00edvejte \u010distou vodovodn\u00ed vodu. (zhor\u0161en\u00ed kvality vody ovlivn\u00ed \u017eivotnost)<\/li>\n<li>P\u0159ed p\u0159em\u00edst\u011bn\u00edm nebo opravou odpojte nap\u00e1jen\u00ed.<\/li>\n<li>Rozpra\u0161ovan\u00e1 <a href=\"https:\/\/www.bjultrasonic.com\/cs\/category\/piezoelectric-ceramic-cs\/\">piezokeramika<\/a> pat\u0159\u00ed mezi spot\u0159ebn\u00ed materi\u00e1l s \u017eivotnost\u00ed v\u00edce ne\u017e 3600 hodin. Pokud se v\u00fdrazn\u011b sn\u00ed\u017e\u00ed schopnost rozpra\u0161ova\u010de vytv\u00e1\u0159et mlhu, vy\u010dist\u011bte rozpra\u0161ovanou piezokeramiku (bez jak\u00e9hokoli \u010distic\u00edho prost\u0159edku) vatov\u00fdm tamponem, aby z\u016fstala \u010dist\u00e1. Pokud je mno\u017estv\u00ed rozpra\u0161ov\u00e1n\u00ed i po vy\u010di\u0161t\u011bn\u00ed mal\u00e9, vym\u011b\u0148te piezokeramickou desku. (doporu\u010dujeme zakoupit spole\u010dn\u011b s rozpra\u0161ova\u010dem)<\/li>\n<\/ol>\n<p><img loading=\"lazy\" decoding=\"async\" src=\"https:\/\/www.bjultrasonic.com\/wp-content\/uploads\/2018\/08\/Ultrasonic-Humidifier-with-LED.jpg\" alt=\"Ultrazvukov\u00fd zvlh\u010dova\u010d s LED\" width=\"670\" height=\"925\" \/><\/p>\n","protected":false},"excerpt":{"rendered":"<p><a href=\"https:\/\/www.bjultrasonic.com\/cs\/category\/ultrasonic-atomizer-cs\/\">Ultrazvukov\u00fd zvlh\u010dova\u010d<\/a> vyu\u017e\u00edv\u00e1 ultrazvukovou energii k p\u0159em\u011bn\u011b kapalin na \u010d\u00e1stice podobn\u00e9 oblaku. Ultrazvukov\u00fd zvlh\u010dova\u010d se tak\u00e9 naz\u00fdv\u00e1 <a href=\"https:\/\/www.bjultrasonic.com\/cs\/shop\/ultrasonic-atomizing-transducer\/\">ultrazvukov\u00fd rozpra\u0161ova\u010d<\/a>, ultrazvukov\u00fd tv\u016frce mlhy, ultrazvukov\u00fd gener\u00e1tor mlhy.<\/p>\n","protected":false},"featured_media":19505,"comment_status":"open","ping_status":"closed","template":"","meta":[],"product_brand":[],"product_cat":[6194],"product_tag":[],"class_list":{"0":"post-66850","1":"product","2":"type-product","3":"status-publish","4":"has-post-thumbnail","6":"product_cat-ultrasonic-atomizer-cs","8":"first","9":"instock","10":"shipping-taxable","11":"purchasable","12":"product-type-simple","13":"prodpage-classic"},"aioseo_notices":[],"_links":{"self":[{"href":"https:\/\/www.bjultrasonic.com\/cs\/wp-json\/wp\/v2\/product\/66850","targetHints":{"allow":["GET"]}}],"collection":[{"href":"https:\/\/www.bjultrasonic.com\/cs\/wp-json\/wp\/v2\/product"}],"about":[{"href":"https:\/\/www.bjultrasonic.com\/cs\/wp-json\/wp\/v2\/types\/product"}],"replies":[{"embeddable":true,"href":"https:\/\/www.bjultrasonic.com\/cs\/wp-json\/wp\/v2\/comments?post=66850"}],"wp:featuredmedia":[{"embeddable":true,"href":"https:\/\/www.bjultrasonic.com\/cs\/wp-json\/wp\/v2\/media\/19505"}],"wp:attachment":[{"href":"https:\/\/www.bjultrasonic.com\/cs\/wp-json\/wp\/v2\/media?parent=66850"}],"wp:term":[{"taxonomy":"product_brand","embeddable":true,"href":"https:\/\/www.bjultrasonic.com\/cs\/wp-json\/wp\/v2\/product_brand?post=66850"},{"taxonomy":"product_cat","embeddable":true,"href":"https:\/\/www.bjultrasonic.com\/cs\/wp-json\/wp\/v2\/product_cat?post=66850"},{"taxonomy":"product_tag","embeddable":true,"href":"https:\/\/www.bjultrasonic.com\/cs\/wp-json\/wp\/v2\/product_tag?post=66850"}],"curies":[{"name":"wp","href":"https:\/\/api.w.org\/{rel}","templated":true}]}}