{"id":66910,"date":"2018-08-16T01:57:27","date_gmt":"2018-08-16T06:57:27","guid":{"rendered":"https:\/\/www.bjultrasonic.com\/shop\/custom-ultrasonic-immersion-array\/"},"modified":"2026-03-28T20:43:51","modified_gmt":"2026-03-29T01:43:51","slug":"custom-ultrasonic-immersion-array","status":"publish","type":"product","link":"https:\/\/www.bjultrasonic.com\/cs\/shop\/custom-ultrasonic-immersion-array\/","title":{"rendered":"Vlastn\u00ed ultrazvukov\u00e9 ponorn\u00e9 pole sn\u00edma\u010de"},"content":{"rendered":"<ul>\n<li><strong>V\u00fdkon<\/strong>: podle velikosti \u010distic\u00ed n\u00e1dr\u017ee<\/li>\n<li><strong>Frekvence<\/strong>: podle \u010distic\u00edch p\u0159edm\u011bt\u016f.<\/li>\n<li><strong>Materi\u00e1l<\/strong>: nerezov\u00e1 ocel 304.<\/li>\n<li>Povrch vibrac\u00ed je tvrd\u011b chromov\u00e1n.<\/li>\n<\/ul>\n<p><img loading=\"lazy\" decoding=\"async\" src=\"https:\/\/www.bjultrasonic.com\/wp-content\/uploads\/2018\/08\/Waterproof-ultrasonic-immersible-transducers.jpg\" alt=\"\" width=\"600\" height=\"600\" \/><\/p>\n<h3>Pozn\u00e1mky<\/h3>\n<ul>\n<li>Ponorn\u00e9 ultrazvukov\u00e9 m\u011bni\u010de jsou v\u00fdrobky na zak\u00e1zku. Pro cenu se proto pros\u00edm obra\u0165te na na\u0161eho obchodn\u00edho z\u00e1stupce (<a href=\"https:\/\/www.bjultrasonic.com\/contact\/\" target=\"_blank\" rel=\"noopener\">Kontaktn\u00ed formul\u00e1\u0159<\/a>). Brzy v\u00e1m odpov\u00edme.<\/li>\n<li>M\u016f\u017eeme navrhnout a p\u0159izp\u016fsobit r\u016fzn\u00e9 ponorn\u00e9 ultrazvukov\u00e9 m\u011bni\u010de podle po\u017eadavk\u016f.<\/li>\n<\/ul>\n<h3>Video ponorn\u00fdch ultrazvukov\u00fdch m\u011bni\u010d\u016f<\/h3>\n<p><iframe loading=\"lazy\" title=\"Immersible Ultrasonic Transducers - Beijing Ultrasonic\" width=\"500\" height=\"281\" src=\"https:\/\/www.youtube.com\/embed\/KFyC5dbLC7Y?feature=oembed\" frameborder=\"0\" allow=\"accelerometer; autoplay; clipboard-write; encrypted-media; gyroscope; picture-in-picture; web-share\" referrerpolicy=\"strict-origin-when-cross-origin\" allowfullscreen><\/iframe><\/p>\n<h3>Vlastnosti ponorn\u00e9ho ultrazvukov\u00e9ho m\u011bni\u010de<\/h3>\n<ul>\n<li>Celonerezov\u00e1 konstrukce: odoln\u00e1 v\u016f\u010di kyselin\u00e1m a z\u00e1sad\u00e1m, estetick\u00e1 a trvanliv\u00e1.<\/li>\n<li>Pou\u017eit\u00ed \u0161t\u011bpn\u00e9 konstrukce: mezi ponorn\u00fdm ultrazvukov\u00fdm m\u011bni\u010dem a ultrazvukov\u00fdm gener\u00e1torem je pou\u017eito vysokofrekven\u010dn\u00ed spojen\u00ed se zd\u00ed\u0159kou, u\u017eite\u010dn\u00e9 a snadno udr\u017eovateln\u00e9.<\/li>\n<li>Existuje mnoho zp\u016fsob\u016f instalace ponorn\u00e9ho ultrazvukov\u00e9ho m\u011bni\u010de: podle pot\u0159eby lze um\u00edstit na <strong>dno<\/strong>, <strong>povrch<\/strong>, <strong>stranu<\/strong> nebo <strong>vrch<\/strong> \u010distic\u00ed n\u00e1dr\u017ee.\n<div id=\"attachment_853\" style=\"width: 252px\" class=\"wp-caption alignnone\"><img loading=\"lazy\" decoding=\"async\" aria-describedby=\"caption-attachment-853\" class=\"size-full wp-image-853\" title=\"Typ instalace ponorn\u00e9ho ultrazvukov\u00e9ho m\u011bni\u010de\" src=\"\/\/www.bjultrasonic.com\/wp-content\/uploads\/2012\/04\/20124274.jpg\" alt=\"typ instalace ponorn\u00e9ho ultrazvukov\u00e9ho m\u011bni\u010de\" width=\"242\" height=\"155\" \/><p id=\"caption-attachment-853\" class=\"wp-caption-text\">Typ instalace ponorn\u00e9ho ultrazvukov\u00e9ho m\u011bni\u010de<\/p><\/div><\/li>\n<\/ul>\n<h3>Aplikace ponorn\u00e9ho ultrazvukov\u00e9ho m\u011bni\u010de<\/h3>\n<ul>\n<li>P\u0159edpokl\u00e1dac\u00ed \u010di\u0161t\u011bn\u00ed sou\u010d\u00e1stek ur\u010den\u00fdch k pokovov\u00e1n\u00ed, odstra\u0148ov\u00e1n\u00ed oleje a ne\u010distot z kovov\u00fdch mechanick\u00fdch sou\u010d\u00e1stek, \u010di\u0161t\u011bn\u00ed polovodi\u010dov\u00fdch Si-\u010dip\u016f, obrub br\u00fdl\u00ed a sklen\u011bn\u00fdch n\u00e1dob.<\/li>\n<li>\u010co\u010dky, slune\u010dn\u00ed br\u00fdle, kr\u00e1tkozrak\u00e1 zrcadla a hranoly, mikroskopy, fotoapar\u00e1ty, sklen\u011bn\u00e9 vybaven\u00ed atd.<\/li>\n<\/ul>\n<h3>Dal\u0161\u00ed obr\u00e1zky ponorn\u00e9ho ultrazvukov\u00e9ho m\u011bni\u010de<\/h3>\n<div id=\"attachment_856\" style=\"width: 460px\" class=\"wp-caption alignnone\"><a href=\"https:\/\/www.bjultrasonic.com\/wp-content\/uploads\/2012\/04\/20124272.jpg\" data-lightbox=\"image\"><img loading=\"lazy\" decoding=\"async\" aria-describedby=\"caption-attachment-856\" class=\"size-full wp-image-856 \" title=\"vibra\u010dn\u00ed efekty ponorn\u00e9ho ultrazvukov\u00e9ho m\u011bni\u010de\" src=\"\/\/www.bjultrasonic.com\/wp-content\/uploads\/2012\/04\/20124272.jpg\" alt=\"vibra\u010dn\u00ed efekty ponorn\u00e9ho ultrazvukov\u00e9ho m\u011bni\u010de\" width=\"450\" height=\"337\" srcset=\"https:\/\/www.bjultrasonic.com\/wp-content\/uploads\/2012\/04\/20124272.jpg 1500w, https:\/\/www.bjultrasonic.com\/wp-content\/uploads\/2012\/04\/20124272-1170x878.jpg 1170w\" sizes=\"auto, (max-width: 450px) 100vw, 450px\" \/><\/a><p id=\"caption-attachment-856\" class=\"wp-caption-text\">vibra\u010dn\u00ed efekty ponorn\u00e9ho ultrazvukov\u00e9ho m\u011bni\u010de<\/p><\/div>\n<hr \/>\n<div id=\"attachment_857\" style=\"width: 460px\" class=\"wp-caption alignnone\"><a href=\"https:\/\/www.bjultrasonic.com\/wp-content\/uploads\/2012\/04\/20124273.jpg\" data-lightbox=\"image\"><img loading=\"lazy\" decoding=\"async\" aria-describedby=\"caption-attachment-857\" class=\"size-full wp-image-857 \" title=\"Vnit\u0159ek ponorn\u00e9ho ultrazvukov\u00e9ho m\u011bni\u010de\" src=\"\/\/www.bjultrasonic.com\/wp-content\/uploads\/2012\/04\/20124273.jpg\" alt=\"Vnit\u0159ek ponorn\u00e9ho ultrazvukov\u00e9ho m\u011bni\u010de\" width=\"450\" height=\"350\" \/><\/a><p id=\"caption-attachment-857\" class=\"wp-caption-text\">Vnit\u0159ek ponorn\u00e9ho ultrazvukov\u00e9ho m\u011bni\u010de<\/p><\/div>\n<h3>Platba<\/h3>\n<p>P\u0159ij\u00edm\u00e1me PayPal, bankovn\u00ed p\u0159evod (T\/T) a Western Union.<\/p>\n<h3 class=\"shipping-methods\">Doprava<\/h3>\n<p>Zbo\u017e\u00ed bude odesl\u00e1no do 48 hodin po p\u0159ijet\u00ed pln\u00e9 platby.<\/p>\n<ul>\n<li>Zbo\u017e\u00ed zas\u00edl\u00e1me na adresu uvedenou v platb\u011b PayPal. Ujist\u011bte se pros\u00edm, \u017ee adresa v PayPal je spr\u00e1vn\u00e1.<\/li>\n<li>Po odesl\u00e1n\u00ed zbo\u017e\u00ed v\u00e1m poskytneme sledovac\u00ed \u010d\u00edslo, obecn\u011b byste m\u011bli zbo\u017e\u00ed obdr\u017eet do p\u011bti dn\u016f.<\/li>\n<li>Pokud m\u00e1te jak\u00e9koli dotazy, pros\u00edm kontaktujte n\u00e1s e-mailem (na\u0161e e-mailov\u00e1 adresa je <a href=\"mailto:support@bjultrasonic.com\">support@bjultrasonic.com<\/a>)<\/li>\n<\/ul>\n<h3 align=\"left\">Z\u00e1ruka na produkt<\/h3>\n<p>Z\u00e1ru\u010dn\u00ed doba produktu je jeden rok. B\u011bhem z\u00e1ru\u010dn\u00ed doby lze zakoupen\u00e9 produkty bezplatn\u011b opravit nebo vym\u011bnit.<\/p>\n","protected":false},"excerpt":{"rendered":"<ul>\n<li>Na m\u00edru vyroben\u00fd ponorn\u00fd ultrazvukov\u00fd \u010disti\u010d<\/li>\n<li>Na m\u00edru vyroben\u00fd ponorn\u00fd \u0159adov\u00fd m\u011bni\u010d<\/li>\n<li>Na m\u00edru vyroben\u00e9 ponorn\u00e9 ultrazvukov\u00e9 \u010distic\u00ed m\u011bni\u010de<\/li>\n<li>Na m\u00edru vyroben\u00fd ponorn\u00fd ultrazvukov\u00fd m\u011bni\u010dov\u00fd syst\u00e9m<\/li>\n<li>Na m\u00edru vyroben\u00fd f\u00e1zovan\u00fd ultrazvukov\u00fd m\u011bni\u010d<\/li>\n<li>Na m\u00edru vyroben\u00fd ponorn\u00fd ultrazvukov\u00fd \u010disti\u010d<\/li>\n<li>Na m\u00edru vyroben\u00fd ponorn\u00fd ultrazvukov\u00fd m\u011bni\u010d<\/li>\n<li>Na m\u00edru vyroben\u00fd podvodn\u00ed piezoelektrick\u00fd ultrazvukov\u00fd m\u011bni\u010d<\/li>\n<li>Na m\u00edru vyroben\u00e1 ponorn\u00e1 ultrazvukov\u00e1 m\u011bni\u010dov\u00e1 deska<\/li>\n<li>Na m\u00edru vyroben\u00fd vod\u011bodoln\u00fd ponorn\u00fd ultrazvukov\u00fd m\u011bni\u010d<\/li>\n<li>Na m\u00edru vyroben\u00fd vod\u011bodoln\u00fd piezoelektrick\u00fd ultrazvukov\u00fd m\u011bni\u010d<\/li>\n<\/ul>\n","protected":false},"featured_media":19482,"comment_status":"open","ping_status":"closed","template":"","meta":[],"product_brand":[],"product_cat":[5930],"product_tag":[],"class_list":{"0":"post-66910","1":"product","2":"type-product","3":"status-publish","4":"has-post-thumbnail","6":"product_cat-ultrasonic-immersible-transducer-cs","8":"first","9":"instock","10":"featured","11":"shipping-taxable","12":"product-type-external","13":"prodpage-classic"},"aioseo_notices":[],"_links":{"self":[{"href":"https:\/\/www.bjultrasonic.com\/cs\/wp-json\/wp\/v2\/product\/66910","targetHints":{"allow":["GET"]}}],"collection":[{"href":"https:\/\/www.bjultrasonic.com\/cs\/wp-json\/wp\/v2\/product"}],"about":[{"href":"https:\/\/www.bjultrasonic.com\/cs\/wp-json\/wp\/v2\/types\/product"}],"replies":[{"embeddable":true,"href":"https:\/\/www.bjultrasonic.com\/cs\/wp-json\/wp\/v2\/comments?post=66910"}],"wp:featuredmedia":[{"embeddable":true,"href":"https:\/\/www.bjultrasonic.com\/cs\/wp-json\/wp\/v2\/media\/19482"}],"wp:attachment":[{"href":"https:\/\/www.bjultrasonic.com\/cs\/wp-json\/wp\/v2\/media?parent=66910"}],"wp:term":[{"taxonomy":"product_brand","embeddable":true,"href":"https:\/\/www.bjultrasonic.com\/cs\/wp-json\/wp\/v2\/product_brand?post=66910"},{"taxonomy":"product_cat","embeddable":true,"href":"https:\/\/www.bjultrasonic.com\/cs\/wp-json\/wp\/v2\/product_cat?post=66910"},{"taxonomy":"product_tag","embeddable":true,"href":"https:\/\/www.bjultrasonic.com\/cs\/wp-json\/wp\/v2\/product_tag?post=66910"}],"curies":[{"name":"wp","href":"https:\/\/api.w.org\/{rel}","templated":true}]}}