{"id":66950,"date":"2018-08-16T01:54:45","date_gmt":"2018-08-16T06:54:45","guid":{"rendered":"https:\/\/www.bjultrasonic.com\/shop\/2000w-ultrasonic-immersible-transducer\/"},"modified":"2026-03-28T20:43:24","modified_gmt":"2026-03-29T01:43:24","slug":"2000w-ultrasonic-immersible-transducer","status":"publish","type":"product","link":"https:\/\/www.bjultrasonic.com\/cs\/shop\/2000w-ultrasonic-immersible-transducer\/","title":{"rendered":"2000W Podvodn\u00ed Ultrazvukov\u00fd M\u011bni\u010d pro \u010ci\u0161t\u011bn\u00ed"},"content":{"rendered":"<ul>\n<li><strong>V\u00fdkon<\/strong>: 2000 W (v\u010detn\u011b 25 kus\u016f 60 W <a href=\"https:\/\/www.bjultrasonic.com\/cs\/category\/ultrasonic-transducer-cs\/\">ultrazvukov\u00fdch \u010distic\u00edch m\u011bni\u010d\u016f<\/a>)<\/li>\n<li><strong>Rozm\u011bry<\/strong>: 700*400*100 mm (D*\u0160*V)<\/li>\n<li><strong>Materi\u00e1l<\/strong>: Nerezov\u00e1 ocel 304.<\/li>\n<li>Vibra\u010dn\u00ed povrch je tvrd\u011b chromov\u00e1n.<\/li>\n<li><strong>Frekvence<\/strong>: 25 kHz, 28 kHz nebo 40 kHz. Pokud pot\u0159ebujete jinou frekvenci, pros\u00edm kontaktujte n\u00e1s.<\/li>\n<\/ul>\n<p><img loading=\"lazy\" decoding=\"async\" src=\"https:\/\/www.bjultrasonic.com\/wp-content\/uploads\/2018\/08\/Waterproof-ultrasonic-immersible-transducers.jpg\" alt=\"\" width=\"600\" height=\"600\" \/><\/p>\n<h3>Pozn\u00e1mky<\/h3>\n<ul>\n<li>Ponorn\u00e9 ultrazvukov\u00e9 m\u011bni\u010de jsou produkty na zak\u00e1zku. Pro cenu se proto pros\u00edm obra\u0165te na na\u0161eho obchodn\u00edho z\u00e1stupce (<a href=\"https:\/\/www.bjultrasonic.com\/contact\/\" target=\"_blank\" rel=\"noopener\">Kontaktn\u00ed formul\u00e1\u0159<\/a>). Brzy v\u00e1m odpov\u00edme.<\/li>\n<li>Na z\u00e1klad\u011b po\u017eadavk\u016f m\u016f\u017eeme navrhnout a vyrobit r\u016fzn\u00e9 typy ponorn\u00fdch ultrazvukov\u00fdch m\u011bni\u010d\u016f.<\/li>\n<\/ul>\n<h3>Video ponorn\u00fdch ultrazvukov\u00fdch m\u011bni\u010d\u016f<\/h3>\n<p><iframe loading=\"lazy\" title=\"Immersible Ultrasonic Transducers - Beijing Ultrasonic\" width=\"500\" height=\"281\" src=\"https:\/\/www.youtube.com\/embed\/KFyC5dbLC7Y?feature=oembed\" frameborder=\"0\" allow=\"accelerometer; autoplay; clipboard-write; encrypted-media; gyroscope; picture-in-picture; web-share\" referrerpolicy=\"strict-origin-when-cross-origin\" allowfullscreen><\/iframe><\/p>\n<h3>Vlastnosti ponorn\u00e9ho ultrazvukov\u00e9ho m\u011bni\u010de<\/h3>\n<ul>\n<li>Celonerezov\u00e1 konstrukce: odoln\u00e1 v\u016f\u010di kyselin\u00e1m a z\u00e1sad\u00e1m, estetick\u00e1 a trvanliv\u00e1.<\/li>\n<li>Pou\u017eit\u00ed \u0161t\u011bpn\u00e9 konstrukce: mezi ponorn\u00fdm ultrazvukov\u00fdm m\u011bni\u010dem a ultrazvukov\u00fdm gener\u00e1torem se pou\u017e\u00edv\u00e1 vysokofrekven\u010dn\u00ed spojen\u00ed s konektorem, co\u017e je praktick\u00e9 a usnad\u0148uje \u00fadr\u017ebu.<\/li>\n<li>Ponorn\u00fd ultrazvukov\u00fd m\u011bni\u010d lze instalovat mnoha zp\u016fsoby: podle pot\u0159eby jej lze um\u00edstit na <strong>dno<\/strong>, <strong>povrch<\/strong>, <strong>bok<\/strong> nebo <strong>vrch<\/strong> \u010distic\u00ed n\u00e1dr\u017ee.\n<div id=\"attachment_853\" style=\"width: 252px\" class=\"wp-caption alignnone\"><img loading=\"lazy\" decoding=\"async\" aria-describedby=\"caption-attachment-853\" class=\"size-full wp-image-853\" title=\"the Type of Ultrasonic Immersible Transducer Installation\" src=\"\/\/www.bjultrasonic.com\/wp-content\/uploads\/2012\/04\/20124274.jpg\" alt=\"the type of ultrasonic immersible transducer installation\" width=\"242\" height=\"155\" \/><p id=\"caption-attachment-853\" class=\"wp-caption-text\">Typ instalace ponorn\u00e9ho ultrazvukov\u00e9ho m\u011bni\u010de<\/p><\/div><\/li>\n<\/ul>\n<h3>Aplikace ponorn\u00e9ho ultrazvukov\u00e9ho m\u011bni\u010de<\/h3>\n<ul>\n<li>P\u0159edpokl\u00e1dov\u00e9 \u010di\u0161t\u011bn\u00ed sou\u010d\u00e1stek ur\u010den\u00fdch k pokovov\u00e1n\u00ed, odstra\u0148ov\u00e1n\u00ed oleje a ne\u010distot z kovov\u00fdch mechanick\u00fdch sou\u010d\u00e1stek, \u010di\u0161t\u011bn\u00ed polovodi\u010dov\u00fdch k\u0159em\u00edkov\u00fdch desti\u010dek, obrou\u010dek br\u00fdl\u00ed a sklen\u011bn\u00fdch n\u00e1dob.<\/li>\n<li>\u010co\u010dky, slune\u010dn\u00ed br\u00fdle, kr\u00e1tkozrak\u00e1 zrcadla a hranoly, mikroskopy, fotoapar\u00e1ty, sklen\u011bn\u00e9 vybaven\u00ed atd.<\/li>\n<\/ul>\n<h3>Dal\u0161\u00ed obr\u00e1zky ponorn\u00e9ho ultrazvukov\u00e9ho m\u011bni\u010de<\/h3>\n<div id=\"attachment_856\" style=\"width: 460px\" class=\"wp-caption alignnone\"><a href=\"https:\/\/www.bjultrasonic.com\/wp-content\/uploads\/2012\/04\/20124272.jpg\" data-lightbox=\"image\"><img loading=\"lazy\" decoding=\"async\" aria-describedby=\"caption-attachment-856\" class=\"size-full wp-image-856 \" title=\"vibration effects of ultrasonic immersible transducer\" src=\"\/\/www.bjultrasonic.com\/wp-content\/uploads\/2012\/04\/20124272.jpg\" alt=\"vibration effects of ultrasonic immersible transducer\" width=\"450\" height=\"337\" srcset=\"https:\/\/www.bjultrasonic.com\/wp-content\/uploads\/2012\/04\/20124272.jpg 1500w, https:\/\/www.bjultrasonic.com\/wp-content\/uploads\/2012\/04\/20124272-1170x878.jpg 1170w\" sizes=\"auto, (max-width: 450px) 100vw, 450px\" \/><\/a><p id=\"caption-attachment-856\" class=\"wp-caption-text\">Vibra\u010dn\u00ed efekty ponorn\u00e9ho ultrazvukov\u00e9ho m\u011bni\u010de<\/p><\/div>\n<hr \/>\n<div id=\"attachment_857\" style=\"width: 460px\" class=\"wp-caption alignnone\"><a href=\"https:\/\/www.bjultrasonic.com\/wp-content\/uploads\/2012\/04\/20124273.jpg\" data-lightbox=\"image\"><img loading=\"lazy\" decoding=\"async\" aria-describedby=\"caption-attachment-857\" class=\"size-full wp-image-857 \" title=\"Inside of Ultrasonic Immersible Transducer\" src=\"\/\/www.bjultrasonic.com\/wp-content\/uploads\/2012\/04\/20124273.jpg\" alt=\"Inside of Ultrasonic Immersible Transducer\" width=\"450\" height=\"350\" \/><\/a><p id=\"caption-attachment-857\" class=\"wp-caption-text\">Vnit\u0159ek ponorn\u00e9ho ultrazvukov\u00e9ho m\u011bni\u010de<\/p><\/div>\n<h3>Platba<\/h3>\n<p>P\u0159ij\u00edm\u00e1me platby p\u0159es PayPal, T\/T a Western Union.<\/p>\n<h3 class=\"shipping-methods\">Doprava<\/h3>\n<p>Zbo\u017e\u00ed bude odesl\u00e1no do 48 hodin po obdr\u017een\u00ed cel\u00e9 platby.<\/p>\n<ul>\n<li>Zbo\u017e\u00ed zas\u00edl\u00e1me na adresu uvedenou v platb\u011b PayPal. Ujist\u011bte se pros\u00edm, \u017ee adresa v PayPal je spr\u00e1vn\u00e1.<\/li>\n<li>Po odesl\u00e1n\u00ed zbo\u017e\u00ed v\u00e1m poskytneme sledovac\u00ed \u010d\u00edslo, zpravidla zbo\u017e\u00ed obdr\u017e\u00edte do p\u011bti dn\u016f.<\/li>\n<li>M\u00e1te-li jak\u00e9koli dotazy, pros\u00edm kontaktujte n\u00e1s e-mailem (na\u0161e e-mailov\u00e1 adresa je <a href=\"mailto:support@bjultrasonic.com\">support@bjultrasonic.com<\/a>)<\/li>\n<\/ul>\n<h3 align=\"left\">Z\u00e1ruka na produkt<\/h3>\n<p>Z\u00e1ru\u010dn\u00ed doba produktu je jeden rok. B\u011bhem z\u00e1ru\u010dn\u00ed doby zakoupen\u00e9 produkty po\u017e\u00edvaj\u00ed bezplatn\u00e9 opravy nebo v\u00fdm\u011bny.<\/p>\n","protected":false},"excerpt":{"rendered":"<ul>\n<li>2000W Ponorn\u00fd ultrazvukov\u00fd \u010disti\u010d<\/li>\n<li>2000W Ponorn\u00e1 \u0159ada m\u011bni\u010d\u016f<\/li>\n<li>2000W Ponorn\u00e9 ultrazvukov\u00e9 \u010distic\u00ed m\u011bni\u010de<\/li>\n<li>2000W Ponorn\u00fd ultrazvukov\u00fd syst\u00e9m m\u011bni\u010d\u016f<\/li>\n<li>2000W F\u00e1zovan\u00e1 \u0159ada ultrazvukov\u00fdch m\u011bni\u010d\u016f<\/li>\n<li>2000W Ponorn\u00fd ultrazvukov\u00fd \u010disti\u010d<\/li>\n<li>2000W Ponorn\u00fd ultrazvukov\u00fd m\u011bni\u010d<\/li>\n<li>2000W Podvodn\u00ed piezoelektrick\u00fd ultrazvukov\u00fd m\u011bni\u010d<\/li>\n<li>2000W Ultrazvukov\u00e1 ponorn\u00e1 deska m\u011bni\u010de<\/li>\n<li>2000W Vod\u011bodoln\u00fd ponorn\u00fd ultrazvukov\u00fd m\u011bni\u010d<\/li>\n<li>2000W Vod\u011bodoln\u00fd piezoelektrick\u00fd ultrazvukov\u00fd m\u011bni\u010d<\/li>\n<\/ul>\n","protected":false},"featured_media":19463,"comment_status":"open","ping_status":"closed","template":"","meta":[],"product_brand":[],"product_cat":[5930],"product_tag":[],"class_list":{"0":"post-66950","1":"product","2":"type-product","3":"status-publish","4":"has-post-thumbnail","6":"product_cat-ultrasonic-immersible-transducer-cs","8":"first","9":"instock","10":"shipping-taxable","11":"product-type-external","12":"prodpage-classic"},"aioseo_notices":[],"_links":{"self":[{"href":"https:\/\/www.bjultrasonic.com\/cs\/wp-json\/wp\/v2\/product\/66950","targetHints":{"allow":["GET"]}}],"collection":[{"href":"https:\/\/www.bjultrasonic.com\/cs\/wp-json\/wp\/v2\/product"}],"about":[{"href":"https:\/\/www.bjultrasonic.com\/cs\/wp-json\/wp\/v2\/types\/product"}],"replies":[{"embeddable":true,"href":"https:\/\/www.bjultrasonic.com\/cs\/wp-json\/wp\/v2\/comments?post=66950"}],"wp:featuredmedia":[{"embeddable":true,"href":"https:\/\/www.bjultrasonic.com\/cs\/wp-json\/wp\/v2\/media\/19463"}],"wp:attachment":[{"href":"https:\/\/www.bjultrasonic.com\/cs\/wp-json\/wp\/v2\/media?parent=66950"}],"wp:term":[{"taxonomy":"product_brand","embeddable":true,"href":"https:\/\/www.bjultrasonic.com\/cs\/wp-json\/wp\/v2\/product_brand?post=66950"},{"taxonomy":"product_cat","embeddable":true,"href":"https:\/\/www.bjultrasonic.com\/cs\/wp-json\/wp\/v2\/product_cat?post=66950"},{"taxonomy":"product_tag","embeddable":true,"href":"https:\/\/www.bjultrasonic.com\/cs\/wp-json\/wp\/v2\/product_tag?post=66950"}],"curies":[{"name":"wp","href":"https:\/\/api.w.org\/{rel}","templated":true}]}}