{"id":67010,"date":"2018-08-04T01:32:40","date_gmt":"2018-08-04T06:32:40","guid":{"rendered":"https:\/\/www.bjultrasonic.com\/shop\/1500w-ultrasonic-generator-pcb-below-45-khz\/"},"modified":"2026-03-28T20:42:52","modified_gmt":"2026-03-29T01:42:52","slug":"1500w-ultrasonic-generator-pcb-below-45-khz","status":"publish","type":"product","link":"https:\/\/www.bjultrasonic.com\/cs\/shop\/1500w-ultrasonic-generator-pcb-below-45-khz\/","title":{"rendered":"1500W Ultrazvukov\u00fd m\u011bni\u010dov\u00fd ovlada\u010d pod 45 kHz"},"content":{"rendered":"<ul>\n<li>Pracovn\u00ed nap\u011bt\u00ed: AC 220V\/110V 50\/60Hz \u00b110%<\/li>\n<li>Pracovn\u00ed proud: Upozor\u0148ujeme, \u017ee za\u0159\u00edzen\u00ed nem\u016f\u017ee dlouhodob\u011b pracovat v re\u017eimu, kdy jeho proud p\u0159ekra\u010duje jmenovit\u00fd proud.<\/li>\n<li>Pracovn\u00ed prost\u0159ed\u00ed: teplota 0\u2103 &#8211; 40 \u2103<\/li>\n<li>Pracovn\u00ed vlhkost: 40% &#8211; 90%<\/li>\n<li>Pracovn\u00ed frekvence: od 17 kHz do 135 kHz<\/li>\n<li>\u010cas: 0 &#8211; 59 minut a 59 sekund<\/li>\n<\/ul>\n<p><strong>Pozn\u00e1mky:<\/strong><\/p>\n<ul>\n<li><a href=\"https:\/\/www.bjultrasonic.com\/cs\/category\/ultrasonic-generator-cs\/\">Ultrazvukov\u00fd gener\u00e1tor<\/a> nelze zapnout bez z\u00e1t\u011b\u017ee (napr\u00e1zdno).<\/li>\n<li>Po instalaci nelze za\u0159\u00edzen\u00ed zapnout, dokud nen\u00ed nalita \u010distic\u00ed kapalina.<\/li>\n<li><a href=\"https:\/\/www.bjultrasonic.com\/cs\/category\/ultrasonic-transducer-cs\/\">Ultrazvukov\u00fd m\u011bni\u010d<\/a> m\u00e1 dva v\u00fdvody. Kladn\u00fd (+) se nach\u00e1z\u00ed uprost\u0159ed mezi dv\u011bma keramick\u00fdmi desti\u010dkami. Z\u00e1porn\u00fd (-) je bl\u00edzko spodn\u00edho kovov\u00e9ho sloupku. P\u0159i zapojov\u00e1n\u00ed vodi\u010d\u016f se pros\u00edm nesple\u0165te.<\/li>\n<li>V\u011bt\u0161\u00ed strana keramick\u00e9ho m\u011bni\u010de se \u0161roubovac\u00edm otvorem, kter\u00e1 m\u00e1 vibra\u010dn\u00ed funkci, m\u016f\u017ee b\u00fdt p\u0159ipevn\u011bna ke dnu \u010distic\u00edho za\u0159\u00edzen\u00ed. Ujist\u011bte se, \u017ee je \u010distic\u00ed za\u0159\u00edzen\u00ed bezpe\u010dn\u011b uzemn\u011bno.<\/li>\n<li>Keramick\u00fd m\u011bni\u010d by m\u011bl b\u00fdt p\u0159ilepen ke dnu \u010distic\u00edho za\u0159\u00edzen\u00ed pomoc\u00ed speci\u00e1ln\u00edho lepidla pro m\u011bni\u010de nebo pomoc\u00ed AB lepidla (jeho\u017e \u00fa\u010dinek je v\u0161ak o n\u011bco hor\u0161\u00ed), p\u0159\u00edpadn\u011b pomoc\u00ed epoxidov\u00e9 prysky\u0159ice v pom\u011bru 10:4.<\/li>\n<li>Pracovn\u00ed nap\u011bt\u00ed na desce plo\u0161n\u00fdch spoj\u016f je 600V. V\u00fdstupn\u00ed nap\u011bt\u00ed na m\u011bni\u010d je 1100V. Ujist\u011bte se, \u017ee je \u010distic\u00ed za\u0159\u00edzen\u00ed bezpe\u010dn\u011b uzemn\u011bno. Pro zaji\u0161t\u011bn\u00ed bezpe\u010dnosti se ujist\u011bte, \u017ee je na nap\u00e1jec\u00edm zdroji instalov\u00e1n jisti\u010d s ochranou proti \u00faniku proudu (RCD).<\/li>\n<\/ul>\n<h3>Seznam vide\u00ed: Ovlada\u010d ultrazvukov\u00e9ho m\u011bni\u010de<\/h3>\n<p><iframe loading=\"lazy\" width=\"560\" height=\"315\" src=\"https:\/\/www.youtube.com\/embed\/videoseries?list=PLLrjMYkO0_NG56zqmQN9W9F1Xf9eev6dc\" frameborder=\"0\" allow=\"autoplay; encrypted-media\" allowfullscreen><\/iframe><\/p>\n","protected":false},"excerpt":{"rendered":"<p>Obvod ultrazvukov\u00e9ho gener\u00e1toru, tak\u00e9 naz\u00fdvan\u00fd <a href=\"https:\/\/www.bjultrasonic.com\/cs\/category\/ultrasonic-transducer-cs\/\">obvod pro pohon ultrazvukov\u00e9ho m\u011bni\u010de<\/a> nebo <a href=\"https:\/\/www.bjultrasonic.com\/cs\/category\/ultrasonic-generator-cs\/ultrasonic-generator-circuits-cs\/\">nap\u00e1jec\u00ed deska pro ultrazvukov\u00fd \u010disti\u010d<\/a>. Poskytuje <a href=\"https:\/\/www.bjultrasonic.com\/cs\/category\/ultrasonic-generator-cs\/\">ultrazvukovou frekvenci<\/a> pro pohon ultrazvukov\u00fdch m\u011bni\u010d\u016f uvnit\u0159 <a href=\"https:\/\/www.bjultrasonic.com\/cs\/category\/ultrasonic-cleaning-system-cs\/\">ultrazvukov\u00fdch \u010disti\u010d\u016f<\/a>.<\/p>\n","protected":false},"featured_media":19343,"comment_status":"open","ping_status":"closed","template":"","meta":[],"product_brand":[],"product_cat":[6106],"product_tag":[],"class_list":{"0":"post-67010","1":"product","2":"type-product","3":"status-publish","4":"has-post-thumbnail","6":"product_cat-ultrasonic-generator-circuits-cs","8":"first","9":"instock","10":"shipping-taxable","11":"purchasable","12":"product-type-simple","13":"prodpage-classic"},"aioseo_notices":[],"_links":{"self":[{"href":"https:\/\/www.bjultrasonic.com\/cs\/wp-json\/wp\/v2\/product\/67010","targetHints":{"allow":["GET"]}}],"collection":[{"href":"https:\/\/www.bjultrasonic.com\/cs\/wp-json\/wp\/v2\/product"}],"about":[{"href":"https:\/\/www.bjultrasonic.com\/cs\/wp-json\/wp\/v2\/types\/product"}],"replies":[{"embeddable":true,"href":"https:\/\/www.bjultrasonic.com\/cs\/wp-json\/wp\/v2\/comments?post=67010"}],"wp:featuredmedia":[{"embeddable":true,"href":"https:\/\/www.bjultrasonic.com\/cs\/wp-json\/wp\/v2\/media\/19343"}],"wp:attachment":[{"href":"https:\/\/www.bjultrasonic.com\/cs\/wp-json\/wp\/v2\/media?parent=67010"}],"wp:term":[{"taxonomy":"product_brand","embeddable":true,"href":"https:\/\/www.bjultrasonic.com\/cs\/wp-json\/wp\/v2\/product_brand?post=67010"},{"taxonomy":"product_cat","embeddable":true,"href":"https:\/\/www.bjultrasonic.com\/cs\/wp-json\/wp\/v2\/product_cat?post=67010"},{"taxonomy":"product_tag","embeddable":true,"href":"https:\/\/www.bjultrasonic.com\/cs\/wp-json\/wp\/v2\/product_tag?post=67010"}],"curies":[{"name":"wp","href":"https:\/\/api.w.org\/{rel}","templated":true}]}}