{"id":67110,"date":"2018-08-04T01:32:39","date_gmt":"2018-08-04T06:32:39","guid":{"rendered":"https:\/\/www.bjultrasonic.com\/shop\/1800w-ultrasonic-generator-pcb-below-45-khz\/"},"modified":"2026-03-28T20:41:57","modified_gmt":"2026-03-29T01:41:57","slug":"1800w-ultrasonic-generator-pcb-below-45-khz","status":"publish","type":"product","link":"https:\/\/www.bjultrasonic.com\/cs\/shop\/1800w-ultrasonic-generator-pcb-below-45-khz\/","title":{"rendered":"1800W Ultrazvukov\u00fd m\u011bni\u010dov\u00fd ovlada\u010d pod 45 KHz"},"content":{"rendered":"<ul>\n<li>Pracovn\u00ed nap\u011bt\u00ed: AC 220V\/110V 50\/60Hz \u00b110%<\/li>\n<li>Pracovn\u00ed proud: Upozor\u0148ujeme, \u017ee za\u0159\u00edzen\u00ed nem\u016f\u017ee dlouhodob\u011b pracovat v re\u017eimu, kdy jeho proud p\u0159ekra\u010duje jmenovit\u00fd proud.<\/li>\n<li>Pracovn\u00ed prost\u0159ed\u00ed: teplota 0\u2103 &#8211; 40\u2103<\/li>\n<li>Pracovn\u00ed vlhkost: 40% &#8211; 90%<\/li>\n<li>Pracovn\u00ed frekvence: od 17 kHz do 135 kHz<\/li>\n<li>\u010cas: 0 &#8211; 59 minut a 59 sekund<\/li>\n<\/ul>\n<p><strong>Pozn\u00e1mky:<\/strong><\/p>\n<ul>\n<li><a href=\"https:\/\/www.bjultrasonic.com\/cs\/category\/ultrasonic-generator-cs\/\">Ultrazvukov\u00fd gener\u00e1tor<\/a> nelze zapnout v re\u017eimu bez z\u00e1t\u011b\u017ee.<\/li>\n<li>Po instalaci nelze zapnout, dokud se nenanese \u010distic\u00ed kapalina.<\/li>\n<li><a href=\"https:\/\/www.bjultrasonic.com\/cs\/category\/ultrasonic-transducer-cs\/\">Ultrazvukov\u00fd m\u011bni\u010d<\/a> m\u00e1 dv\u011b svorky. Kladn\u00e1 je um\u00edst\u011bna uprost\u0159ed mezi dv\u011bma keramick\u00fdmi deskami. Z\u00e1porn\u00e1 je pobl\u00ed\u017e spodn\u00edho kovov\u00e9ho sloupku. P\u0159i zapojov\u00e1n\u00ed ned\u011blejte chybu.<\/li>\n<li>V\u011bt\u0161\u00ed strana keramick\u00e9ho m\u011bni\u010de se z\u00e1vitov\u00fdm otvorem, kter\u00e1 slou\u017e\u00ed k vibrac\u00edm, m\u016f\u017ee b\u00fdt p\u0159ipevn\u011bna ke dnu \u010distic\u00edho stroje. Ujist\u011bte se, \u017ee je \u010distic\u00ed stroj bezpe\u010dn\u011b uzemn\u011bn.<\/li>\n<li>Keramick\u00fd m\u011bni\u010d by m\u011bl b\u00fdt p\u0159ilepen ke dnu \u010distic\u00edho stroje pomoc\u00ed speci\u00e1ln\u00edho lepidla pro m\u011bni\u010de nebo AB lepic\u00ed ty\u010dinky, ale \u00fa\u010dinek je pon\u011bkud hor\u0161\u00ed, p\u0159\u00edpadn\u011b pou\u017eijte epoxidovou prysky\u0159ici v pom\u011bru 10:4.<\/li>\n<li>Pracovn\u00ed nap\u011bt\u00ed desky plo\u0161n\u00fdch spoj\u016f je 600V. V\u00fdstupn\u00ed nap\u011bt\u00ed na m\u011bni\u010d je 1100V. Ujist\u011bte se, \u017ee je \u010distic\u00ed stroj bezpe\u010dn\u011b uzemn\u011bn. Pro zaji\u0161t\u011bn\u00ed bezpe\u010dnosti se ujist\u011bte, \u017ee je na nap\u00e1jec\u00edm zdroji instalov\u00e1n ochrann\u00fd vyp\u00edna\u010d proti \u00faniku proudu.<\/li>\n<\/ul>\n<h3>Seznam vide\u00ed: Ovlada\u010d ultrazvukov\u00e9ho m\u011bni\u010de<\/h3>\n<p><iframe loading=\"lazy\" width=\"560\" height=\"315\" src=\"https:\/\/www.youtube.com\/embed\/videoseries?list=PLLrjMYkO0_NG56zqmQN9W9F1Xf9eev6dc\" frameborder=\"0\" allow=\"autoplay; encrypted-media\" allowfullscreen><\/iframe><\/p>\n","protected":false},"excerpt":{"rendered":"<p>Obvod ultrazvukov\u00e9ho gener\u00e1toru, tak\u00e9 naz\u00fdvan\u00fd <a href=\"https:\/\/www.bjultrasonic.com\/cs\/category\/ultrasonic-transducer-cs\/\">obvod pro pohon ultrazvukov\u00e9ho m\u011bni\u010de<\/a> nebo <a href=\"https:\/\/www.bjultrasonic.com\/cs\/category\/ultrasonic-generator-cs\/ultrasonic-generator-circuits-cs\/\">deska pro nap\u00e1jen\u00ed ultrazvukov\u00e9ho \u010disti\u010de<\/a>. Poskytuje <a href=\"https:\/\/www.bjultrasonic.com\/cs\/category\/ultrasonic-generator-cs\/\">ultrazvukovou frekvenci<\/a> pro pohon ultrazvukov\u00fdch m\u011bni\u010d\u016f uvnit\u0159 <a href=\"https:\/\/www.bjultrasonic.com\/cs\/category\/ultrasonic-cleaning-system-cs\/\">ultrazvukov\u00fdch \u010disti\u010d\u016f<\/a>.<\/p>\n","protected":false},"featured_media":19348,"comment_status":"open","ping_status":"closed","template":"","meta":[],"product_brand":[],"product_cat":[6106],"product_tag":[],"class_list":{"0":"post-67110","1":"product","2":"type-product","3":"status-publish","4":"has-post-thumbnail","6":"product_cat-ultrasonic-generator-circuits-cs","8":"first","9":"instock","10":"shipping-taxable","11":"purchasable","12":"product-type-simple","13":"prodpage-classic"},"aioseo_notices":[],"_links":{"self":[{"href":"https:\/\/www.bjultrasonic.com\/cs\/wp-json\/wp\/v2\/product\/67110","targetHints":{"allow":["GET"]}}],"collection":[{"href":"https:\/\/www.bjultrasonic.com\/cs\/wp-json\/wp\/v2\/product"}],"about":[{"href":"https:\/\/www.bjultrasonic.com\/cs\/wp-json\/wp\/v2\/types\/product"}],"replies":[{"embeddable":true,"href":"https:\/\/www.bjultrasonic.com\/cs\/wp-json\/wp\/v2\/comments?post=67110"}],"wp:featuredmedia":[{"embeddable":true,"href":"https:\/\/www.bjultrasonic.com\/cs\/wp-json\/wp\/v2\/media\/19348"}],"wp:attachment":[{"href":"https:\/\/www.bjultrasonic.com\/cs\/wp-json\/wp\/v2\/media?parent=67110"}],"wp:term":[{"taxonomy":"product_brand","embeddable":true,"href":"https:\/\/www.bjultrasonic.com\/cs\/wp-json\/wp\/v2\/product_brand?post=67110"},{"taxonomy":"product_cat","embeddable":true,"href":"https:\/\/www.bjultrasonic.com\/cs\/wp-json\/wp\/v2\/product_cat?post=67110"},{"taxonomy":"product_tag","embeddable":true,"href":"https:\/\/www.bjultrasonic.com\/cs\/wp-json\/wp\/v2\/product_tag?post=67110"}],"curies":[{"name":"wp","href":"https:\/\/api.w.org\/{rel}","templated":true}]}}