{"id":67130,"date":"2018-08-04T01:29:12","date_gmt":"2018-08-04T06:29:12","guid":{"rendered":"https:\/\/www.bjultrasonic.com\/shop\/600w-ultrasonic-generator-pcb-below-45-khz\/"},"modified":"2026-03-28T20:41:30","modified_gmt":"2026-03-29T01:41:30","slug":"600w-ultrasonic-generator-pcb-below-45-khz","status":"publish","type":"product","link":"https:\/\/www.bjultrasonic.com\/cs\/shop\/600w-ultrasonic-generator-pcb-below-45-khz\/","title":{"rendered":"600W Ultrazvukov\u00fd pohon m\u011bni\u010de pod 45 KHz"},"content":{"rendered":"<ul>\n<li>Pracovn\u00ed nap\u011bt\u00ed: AC 220V\/110V 50\/60Hz \u00b110%<\/li>\n<li>Pracovn\u00ed proud: Upozor\u0148ujeme, \u017ee za\u0159\u00edzen\u00ed nem\u016f\u017ee dlouhodob\u011b pracovat v provozn\u00edm stavu, pokud jeho proud p\u0159ekra\u010duje jmenovit\u00fd proud.<\/li>\n<li>Pracovn\u00ed prost\u0159ed\u00ed: teplota 0\u2103 &#8211; 40 \u2103<\/li>\n<li>Pracovn\u00ed vlhkost: 40% &#8211; 90%<\/li>\n<li>Pracovn\u00ed frekvence: od 17 kHz do 135 kHz<\/li>\n<li>\u010cas: 0\u201359 minut a 59 sekund<\/li>\n<\/ul>\n<p><strong>Pozn\u00e1mky:<\/strong><\/p>\n<ul>\n<li><a href=\"https:\/\/www.bjultrasonic.com\/cs\/category\/ultrasonic-generator-cs\/\">Ultrazvukov\u00fd gener\u00e1tor<\/a> nelze zapnout bez z\u00e1t\u011b\u017ee<\/li>\n<li>Po instalaci nesm\u00edme zapnout, dokud nen\u00ed nalita \u010distic\u00ed kapalina<\/li>\n<li><a href=\"https:\/\/www.bjultrasonic.com\/cs\/category\/ultrasonic-transducer-cs\/\">Ultrazvukov\u00fd m\u011bni\u010d<\/a> m\u00e1 dva v\u00fdvody. Kladn\u00fd je uprost\u0159ed mezi dv\u011bma keramick\u00fdmi desti\u010dkami. Z\u00e1porn\u00fd je bl\u00edzko spodn\u00edho kovov\u00e9ho sloupku. P\u0159i zapojov\u00e1n\u00ed ned\u011blejte chybu.<\/li>\n<li>V\u011bt\u0161\u00ed strana keramick\u00e9ho m\u011bni\u010de se z\u00e1vitovou d\u00edrou, kter\u00e1 slou\u017e\u00ed k vibrac\u00edm, m\u016f\u017ee b\u00fdt upevn\u011bna na dn\u011b \u010distic\u00edho za\u0159\u00edzen\u00ed. Ujist\u011bte se, \u017ee je \u010distic\u00ed za\u0159\u00edzen\u00ed bezpe\u010dn\u011b uzemn\u011bno.<\/li>\n<li>Keramick\u00fd m\u011bni\u010d by m\u011bl b\u00fdt p\u0159ilepen ke dnu \u010distic\u00edho za\u0159\u00edzen\u00ed pomoc\u00ed speci\u00e1ln\u00edho lepidla pro m\u011bni\u010de nebo pomoc\u00ed AB lepic\u00ed ty\u010dinky, ale \u00fa\u010dinek je o n\u011bco hor\u0161\u00ed, nebo pou\u017eijte epoxidovou prysky\u0159ici v pom\u011bru 10:4.<\/li>\n<li>Pracovn\u00ed nap\u011bt\u00ed na desce plo\u0161n\u00fdch spoj\u016f je 600 V. Nap\u011bt\u00ed v\u00fdstupu na m\u011bni\u010d je 1100 V. Ujist\u011bte se, \u017ee je \u010distic\u00ed za\u0159\u00edzen\u00ed bezpe\u010dn\u011b uzemn\u011bno. Pro zaji\u0161t\u011bn\u00ed bezpe\u010dnosti se ujist\u011bte, \u017ee je na nap\u00e1jec\u00edm zdroji nainstalov\u00e1n proudov\u00fd chr\u00e1ni\u010d.<\/li>\n<\/ul>\n<h3>Seznam vide\u00ed: Ovlada\u010d ultrazvukov\u00e9ho m\u011bni\u010de<\/h3>\n<p><iframe loading=\"lazy\" width=\"560\" height=\"315\" src=\"https:\/\/www.youtube.com\/embed\/videoseries?list=PLLrjMYkO0_NG56zqmQN9W9F1Xf9eev6dc\" frameborder=\"0\" allow=\"autoplay; encrypted-media\" allowfullscreen><\/iframe><\/p>\n","protected":false},"excerpt":{"rendered":"<p>Obvod ultrazvukov\u00e9ho gener\u00e1toru, tak\u00e9 naz\u00fdvan\u00fd <a href=\"https:\/\/www.bjultrasonic.com\/cs\/category\/ultrasonic-transducer-cs\/\">obvod pro pohon ultrazvukov\u00e9ho m\u011bni\u010de<\/a> nebo <a href=\"https:\/\/www.bjultrasonic.com\/cs\/category\/ultrasonic-generator-cs\/ultrasonic-generator-circuits-cs\/\">deska nap\u00e1jec\u00edho pohonu ultrazvukov\u00e9ho \u010disti\u010de<\/a>. Poskytuje <a href=\"https:\/\/www.bjultrasonic.com\/cs\/category\/ultrasonic-generator-cs\/\">ultrazvukovou frekvenci<\/a> pro pohon ultrazvukov\u00fdch m\u011bni\u010d\u016f uvnit\u0159 <a href=\"https:\/\/www.bjultrasonic.com\/cs\/category\/ultrasonic-cleaning-system-cs\/\">ultrazvukov\u00fdch \u010disti\u010d\u016f<\/a>.<\/p>\n","protected":false},"featured_media":19330,"comment_status":"open","ping_status":"closed","template":"","meta":[],"product_brand":[],"product_cat":[6106],"product_tag":[],"class_list":{"0":"post-67130","1":"product","2":"type-product","3":"status-publish","4":"has-post-thumbnail","6":"product_cat-ultrasonic-generator-circuits-cs","8":"first","9":"instock","10":"shipping-taxable","11":"purchasable","12":"product-type-simple","13":"prodpage-classic"},"aioseo_notices":[],"_links":{"self":[{"href":"https:\/\/www.bjultrasonic.com\/cs\/wp-json\/wp\/v2\/product\/67130","targetHints":{"allow":["GET"]}}],"collection":[{"href":"https:\/\/www.bjultrasonic.com\/cs\/wp-json\/wp\/v2\/product"}],"about":[{"href":"https:\/\/www.bjultrasonic.com\/cs\/wp-json\/wp\/v2\/types\/product"}],"replies":[{"embeddable":true,"href":"https:\/\/www.bjultrasonic.com\/cs\/wp-json\/wp\/v2\/comments?post=67130"}],"wp:featuredmedia":[{"embeddable":true,"href":"https:\/\/www.bjultrasonic.com\/cs\/wp-json\/wp\/v2\/media\/19330"}],"wp:attachment":[{"href":"https:\/\/www.bjultrasonic.com\/cs\/wp-json\/wp\/v2\/media?parent=67130"}],"wp:term":[{"taxonomy":"product_brand","embeddable":true,"href":"https:\/\/www.bjultrasonic.com\/cs\/wp-json\/wp\/v2\/product_brand?post=67130"},{"taxonomy":"product_cat","embeddable":true,"href":"https:\/\/www.bjultrasonic.com\/cs\/wp-json\/wp\/v2\/product_cat?post=67130"},{"taxonomy":"product_tag","embeddable":true,"href":"https:\/\/www.bjultrasonic.com\/cs\/wp-json\/wp\/v2\/product_tag?post=67130"}],"curies":[{"name":"wp","href":"https:\/\/api.w.org\/{rel}","templated":true}]}}