{"id":67270,"date":"2018-07-27T05:07:58","date_gmt":"2018-07-27T10:07:58","guid":{"rendered":"https:\/\/www.bjultrasonic.com\/shop\/220v-50w-ultrasonic-pcb-generator\/"},"modified":"2026-03-28T20:40:05","modified_gmt":"2026-03-29T01:40:05","slug":"220v-50w-ultrasonic-pcb-generator","status":"publish","type":"product","link":"https:\/\/www.bjultrasonic.com\/cs\/shop\/220v-50w-ultrasonic-pcb-generator\/","title":{"rendered":"220V 50W Ultrazvukov\u00fd Piezoelektrick\u00fd Transduktorov\u00fd Ovl\u00e1dac\u00ed Obvod"},"content":{"rendered":"<p><strong>Ultrazvukov\u00fd obvod pro ultrazvukov\u00fd m\u011bni\u010d<\/strong><\/p>\n<p><strong>Upozorn\u011bn\u00ed: laskav\u011b mi sd\u011blte, jakou frekvenci pot\u0159ebujete.<\/strong><\/p>\n<ul>\n<li><a href=\"https:\/\/www.bjultrasonic.com\/cs\/category\/ultrasonic-generator-cs\/\">Ultrazvukov\u00fd gener\u00e1tor<\/a> nelze zapnout bez z\u00e1t\u011b\u017ee.<\/li>\n<li>Po instalaci nelze zapnout, dokud se nenanesou \u010distic\u00ed kapaliny.<\/li>\n<li><a href=\"https:\/\/www.bjultrasonic.com\/cs\/category\/ultrasonic-transducer-cs\/\">Ultrazvukov\u00fd m\u011bni\u010d<\/a> m\u00e1 dv\u011b o\u010dka. Kladn\u00e9 se nach\u00e1z\u00ed uprost\u0159ed mezi dv\u011bma kusy keramiky. Z\u00e1porn\u00e9 je bl\u00edzko spodn\u00edho kovov\u00e9ho sloupku. P\u0159i zapojov\u00e1n\u00ed pros\u00edm ned\u011blejte chybu.<\/li>\n<li>V\u011bt\u0161\u00ed strana keramick\u00e9ho m\u011bni\u010de se \u0161roubovac\u00edm otvorem, kter\u00e1 m\u00e1 funkci vibrac\u00ed, m\u016f\u017ee b\u00fdt p\u0159ipevn\u011bna na dno \u010distic\u00edho za\u0159\u00edzen\u00ed. Ujist\u011bte se, \u017ee je \u010distic\u00ed za\u0159\u00edzen\u00ed bezpe\u010dn\u011b uzemn\u011bno.<\/li>\n<li>Keramick\u00fd m\u011bni\u010d by m\u011bl b\u00fdt p\u0159ilepen na dno \u010distic\u00edho za\u0159\u00edzen\u00ed pomoc\u00ed speci\u00e1ln\u00edho lepidla pro m\u011bni\u010de nebo pomoc\u00ed AB lepic\u00ed ty\u010dinky, ale efekt je o n\u011bco hor\u0161\u00ed, nebo pou\u017eijte epoxidovou prysky\u0159ici v pom\u011bru 10:4.<\/li>\n<li>Pracovn\u00ed nap\u011bt\u00ed obvodu je 600V. V\u00fdstupn\u00ed nap\u011bt\u00ed na m\u011bni\u010d je 1100V. Ujist\u011bte se, \u017ee je \u010distic\u00ed za\u0159\u00edzen\u00ed bezpe\u010dn\u011b uzemn\u011bno. Ujist\u011bte se, \u017ee je na nap\u00e1jec\u00edm zdroji instalov\u00e1n ochrann\u00fd vyp\u00edna\u010d proti \u00faniku proudu, aby byla zaji\u0161t\u011bna bezpe\u010dnost.<\/li>\n<\/ul>\n<h3>Platba<\/h3>\n<p>P\u0159ij\u00edm\u00e1me platby p\u0159es PayPal, T\/T a Western Union.<\/p>\n<h3 class=\"shipping-methods\">Doprava<\/h3>\n<p>Zbo\u017e\u00ed bude odesl\u00e1no do 48 hodin po obdr\u017een\u00ed pln\u00e9 platby.<\/p>\n<ul>\n<li>Zbo\u017e\u00ed zas\u00edl\u00e1me na adresu uvedenou v platb\u011b PayPal. Ujist\u011bte se, \u017ee adresa v PayPal je spr\u00e1vn\u00e1.<\/li>\n<li>Po odesl\u00e1n\u00ed zbo\u017e\u00ed v\u00e1m poskytneme sledovac\u00ed \u010d\u00edslo, obecn\u011b byste m\u011bli zbo\u017e\u00ed obdr\u017eet do p\u011bti dn\u016f.<\/li>\n<li>Pokud m\u00e1te jak\u00e9koli dotazy, laskav\u011b n\u00e1s kontaktujte e-mailem (na\u0161e e-mailov\u00e1 adresa je <a href=\"mailto:support@bjultrasonic.com\">support@bjultrasonic.com<\/a>).<\/li>\n<\/ul>\n<h3 align=\"left\">Z\u00e1ruka na produkt<\/h3>\n<p>Z\u00e1ru\u010dn\u00ed doba produktu je jeden rok. B\u011bhem z\u00e1ru\u010dn\u00ed doby maj\u00ed zakoupen\u00e9 produkty n\u00e1rok na bezplatnou opravu nebo v\u00fdm\u011bnu.<\/p>\n<h3>Seznam vide\u00ed: Ovlada\u010d ultrazvukov\u00e9ho m\u011bni\u010de<\/h3>\n<p><iframe loading=\"lazy\" width=\"560\" height=\"315\" src=\"https:\/\/www.youtube.com\/embed\/videoseries?list=PLLrjMYkO0_NG56zqmQN9W9F1Xf9eev6dc\" frameborder=\"0\" allow=\"autoplay; encrypted-media\" allowfullscreen><\/iframe><\/p>\n","protected":false},"excerpt":{"rendered":"<p>Ultrazvukov\u00fd gener\u00e1torov\u00fd obvod, tak\u00e9 naz\u00fdvan\u00fd <a href=\"https:\/\/www.bjultrasonic.com\/cs\/category\/ultrasonic-transducer-cs\/\">obvod pro pohon ultrazvukov\u00e9ho m\u011bni\u010de<\/a> nebo <a href=\"https:\/\/www.bjultrasonic.com\/cs\/category\/ultrasonic-generator-cs\/ultrasonic-generator-circuits-cs\/\">deska pohonu ultrazvukov\u00e9ho \u010disti\u010de<\/a>. Poskytuje <a href=\"https:\/\/www.bjultrasonic.com\/cs\/category\/ultrasonic-generator-cs\/\">ultrazvukovou frekvenci<\/a> k pohonu ultrazvukov\u00fdch m\u011bni\u010d\u016f uvnit\u0159 <a href=\"https:\/\/www.bjultrasonic.com\/cs\/category\/ultrasonic-cleaning-system-cs\/\">ultrazvukov\u00fdch \u010disti\u010d\u016f<\/a>.<\/p>\n","protected":false},"featured_media":19271,"comment_status":"open","ping_status":"closed","template":"","meta":[],"product_brand":[],"product_cat":[6106],"product_tag":[],"class_list":{"0":"post-67270","1":"product","2":"type-product","3":"status-publish","4":"has-post-thumbnail","6":"product_cat-ultrasonic-generator-circuits-cs","8":"first","9":"instock","10":"shipping-taxable","11":"purchasable","12":"product-type-simple","13":"prodpage-classic"},"aioseo_notices":[],"_links":{"self":[{"href":"https:\/\/www.bjultrasonic.com\/cs\/wp-json\/wp\/v2\/product\/67270","targetHints":{"allow":["GET"]}}],"collection":[{"href":"https:\/\/www.bjultrasonic.com\/cs\/wp-json\/wp\/v2\/product"}],"about":[{"href":"https:\/\/www.bjultrasonic.com\/cs\/wp-json\/wp\/v2\/types\/product"}],"replies":[{"embeddable":true,"href":"https:\/\/www.bjultrasonic.com\/cs\/wp-json\/wp\/v2\/comments?post=67270"}],"wp:featuredmedia":[{"embeddable":true,"href":"https:\/\/www.bjultrasonic.com\/cs\/wp-json\/wp\/v2\/media\/19271"}],"wp:attachment":[{"href":"https:\/\/www.bjultrasonic.com\/cs\/wp-json\/wp\/v2\/media?parent=67270"}],"wp:term":[{"taxonomy":"product_brand","embeddable":true,"href":"https:\/\/www.bjultrasonic.com\/cs\/wp-json\/wp\/v2\/product_brand?post=67270"},{"taxonomy":"product_cat","embeddable":true,"href":"https:\/\/www.bjultrasonic.com\/cs\/wp-json\/wp\/v2\/product_cat?post=67270"},{"taxonomy":"product_tag","embeddable":true,"href":"https:\/\/www.bjultrasonic.com\/cs\/wp-json\/wp\/v2\/product_tag?post=67270"}],"curies":[{"name":"wp","href":"https:\/\/api.w.org\/{rel}","templated":true}]}}