{"id":67488,"date":"2018-07-27T02:52:18","date_gmt":"2018-07-27T07:52:18","guid":{"rendered":"https:\/\/www.bjultrasonic.com\/shop\/three-frequency-ultrasonic-generator\/"},"modified":"2026-03-28T20:38:13","modified_gmt":"2026-03-29T01:38:13","slug":"three-frequency-ultrasonic-generator","status":"publish","type":"product","link":"https:\/\/www.bjultrasonic.com\/cs\/shop\/three-frequency-ultrasonic-generator\/","title":{"rendered":"T\u0159\u00edfrekven\u010dn\u00ed digit\u00e1ln\u00ed ultrazvukov\u00fd gener\u00e1tor"},"content":{"rendered":"<p><strong>Tento typ gener\u00e1toru m\u00e1 t\u0159i frekvence. Sd\u011blte n\u00e1m pros\u00edm va\u0161e po\u017eadavky. N\u00e1\u0161 in\u017een\u00fdr je pro v\u00e1s p\u0159izp\u016fsob\u00ed.<\/strong><\/p>\n<h3>Pro v\u010dasn\u00e9 dod\u00e1n\u00ed zbo\u017e\u00ed:<\/h3>\n<ul>\n<li>P\u0159i zad\u00e1v\u00e1n\u00ed objedn\u00e1vky n\u00e1s pros\u00edm informujte, jak\u00e9 nap\u011bt\u00ed (220 V nebo 120 V) a jakou frekvenci budete pot\u0159ebovat.<\/li>\n<li>Uve\u010fte n\u00e1m pros\u00edm podrobnou dodac\u00ed adresu. Zahr\u0148te adresu, po\u0161tovn\u00ed sm\u011brovac\u00ed \u010d\u00edslo a telefonn\u00ed \u010d\u00edslo.<\/li>\n<li>Pokud va\u0161e objedn\u00e1vka v\u00e1\u017e\u00ed v\u00edce ne\u017e 21 kg, kontaktujte n\u00e1s pros\u00edm pro z\u00edsk\u00e1n\u00ed ekonomick\u00e9 p\u0159epravn\u00ed sazby.<\/li>\n<\/ul>\n<h3>Pozn\u00e1mky<\/h3>\n<ul>\n<li><a href=\"https:\/\/www.bjultrasonic.com\/cs\/category\/ultrasonic-generator-cs\/\">Ultrazvukov\u00e9 gener\u00e1tory<\/a> jsou p\u0159izp\u016fsoben\u00e9 produkty. Cenu proto pros\u00edm konzultujte <a href=\"https:\/\/www.bjultrasonic.com\/contact\/\">s na\u0161\u00edm obchodn\u00edm z\u00e1stupcem<\/a>. Brzy v\u00e1m odpov\u00edme.<\/li>\n<li>M\u016f\u017eeme navrhnout a p\u0159izp\u016fsobit r\u016fzn\u00e9 ultrazvukov\u00e9 gener\u00e1tory na z\u00e1klad\u011b <strong>frekvence<\/strong> a <strong>nap\u011bt\u00ed<\/strong>.<\/li>\n<\/ul>\n<p>Ultrazvukov\u00fd gener\u00e1tor je nepostradatelnou sou\u010d\u00e1st\u00ed <a href=\"https:\/\/www.bjultrasonic.com\/cs\/category\/ultrasonic-cleaning-system-cs\/\">ultrazvukov\u00e9ho \u010distic\u00edho p\u0159\u00edstroje<\/a>. Kvalita ultrazvukov\u00e9ho gener\u00e1toru p\u0159\u00edmo ur\u010duje \u010distic\u00ed \u00fa\u010dinek ultrazvukov\u00e9ho \u010distic\u00edho syst\u00e9mu. Digit\u00e1ln\u00ed ultrazvukov\u00e9 gener\u00e1tory jsou samostatn\u011b vyv\u00edjeny spole\u010dnost\u00ed Beijing Ultrasonic.<br \/>\n<img loading=\"lazy\" decoding=\"async\" class=\"alignnone wp-image-5021\" title=\"Ultrazvukov\u00fd sign\u00e1ln\u00ed gener\u00e1tor\" src=\"https:\/\/www.bjultrasonic.com\/wp-content\/uploads\/2012\/05\/Ultrasonic-Signal-Generator.jpg\" alt=\"Ultrazvukov\u00fd sign\u00e1ln\u00ed gener\u00e1tor\" width=\"600\" height=\"450\" \/><\/p>\n<h3>Vnit\u0159n\u00ed struktura digit\u00e1ln\u00edho ultrazvukov\u00e9ho gener\u00e1toru<\/h3>\n<p><img loading=\"lazy\" decoding=\"async\" src=\"https:\/\/www.bjultrasonic.com\/wp-content\/uploads\/2018\/07\/Internal-Structure-Of-Digital-Ultrasonic-Generator.png\" alt=\"Vnit\u0159n\u00ed struktura digit\u00e1ln\u00edho ultrazvukov\u00e9ho gener\u00e1toru\" width=\"650\" height=\"578\" \/><\/p>\n<h3>Typick\u00e9 vlastnosti ultrazvukov\u00e9ho gener\u00e1toru<\/h3>\n<ul>\n<li>Ovl\u00e1d\u00e1n\u00ed programov\u00e1n\u00ed pomoc\u00ed tla\u010d\u00edtek s digit\u00e1ln\u00edm displejem nastaven\u00ed; na zobrazovac\u00edm panelu m\u016f\u017eeme vid\u011bt pracovn\u00ed podm\u00ednky (jako pracovn\u00ed frekvenci, pracovn\u00ed proud).<\/li>\n<li>Pou\u017eit\u00ed digit\u00e1ln\u00ed \u0159\u00eddic\u00ed technologie, perfektn\u00ed n\u00e1vrh obvodu, stabilita v\u00fdstupn\u00edho v\u00fdkonu.<\/li>\n<li>Ochrana proti nadproudu, ochrana proti p\u0159eh\u0159\u00e1t\u00ed, ochrana proti p\u0159ep\u011bt\u00ed.<\/li>\n<li>Vysokonap\u011b\u0165ov\u00e9 a n\u00edzkonap\u011b\u0165ov\u00e9 obvody jsou zcela odd\u011bleny, provozn\u00ed bezpe\u010dnost.<\/li>\n<li>Ultrazvukov\u00fd v\u00fdkon, \u010dasova\u010d a frekvence lze podle pot\u0159eby upravit, aby vyhovovaly \u010di\u0161t\u011bn\u00ed r\u016fzn\u00fdch produkt\u016f.<br \/>\n(\u0158\u00edzen\u00ed \u010dasu: 0-59&#8217;59&#8220;)<br \/>\n(Rozsah \u0159\u00edzen\u00ed v\u00fdkonu: 0-100%)<\/li>\n<li>Efektivn\u00ed chladic\u00ed syst\u00e9m.<\/li>\n<li>Funkce prom\u011b\u0148ov\u00e1n\u00ed frekvence.<\/li>\n<\/ul>\n<h3>Video ultrazvukov\u00e9ho frekven\u010dn\u00edho gener\u00e1toru<\/h3>\n<p><iframe loading=\"lazy\" title=\"Ultrasonic Signal Generator Circuit - Beijing Ultrasonic\" width=\"500\" height=\"281\" src=\"https:\/\/www.youtube.com\/embed\/A9JdQN5e5G8?feature=oembed\" frameborder=\"0\" allow=\"accelerometer; autoplay; clipboard-write; encrypted-media; gyroscope; picture-in-picture; web-share\" referrerpolicy=\"strict-origin-when-cross-origin\" allowfullscreen><\/iframe><\/p>\n","protected":false},"excerpt":{"rendered":"<p>Digit\u00e1ln\u00ed <a href=\"https:\/\/www.bjultrasonic.com\/cs\/category\/ultrasonic-generator-cs\/\">ultrazvukov\u00fd gener\u00e1tor<\/a>, tak\u00e9 naz\u00fdvan\u00fd ultrazvukov\u00fd gener\u00e1torov\u00fd set, vyu\u017e\u00edv\u00e1 pokro\u010dilou mikropo\u010d\u00edta\u010dovou \u0159\u00eddic\u00ed technologii a nov\u00e9 sch\u00e9ma zapojen\u00ed. M\u016f\u017eete upravit ultrazvukovou frekvenci, \u010dasova\u010d a v\u00fdkon podle sv\u00fdch po\u017eadavk\u016f.<\/p>\n","protected":false},"featured_media":19239,"comment_status":"open","ping_status":"closed","template":"","meta":[],"product_brand":[],"product_cat":[6065],"product_tag":[],"class_list":{"0":"post-67488","1":"product","2":"type-product","3":"status-publish","4":"has-post-thumbnail","6":"product_cat-ultrasonic-digital-generator-cs","8":"first","9":"instock","10":"shipping-taxable","11":"product-type-external","12":"prodpage-classic"},"aioseo_notices":[],"_links":{"self":[{"href":"https:\/\/www.bjultrasonic.com\/cs\/wp-json\/wp\/v2\/product\/67488","targetHints":{"allow":["GET"]}}],"collection":[{"href":"https:\/\/www.bjultrasonic.com\/cs\/wp-json\/wp\/v2\/product"}],"about":[{"href":"https:\/\/www.bjultrasonic.com\/cs\/wp-json\/wp\/v2\/types\/product"}],"replies":[{"embeddable":true,"href":"https:\/\/www.bjultrasonic.com\/cs\/wp-json\/wp\/v2\/comments?post=67488"}],"wp:featuredmedia":[{"embeddable":true,"href":"https:\/\/www.bjultrasonic.com\/cs\/wp-json\/wp\/v2\/media\/19239"}],"wp:attachment":[{"href":"https:\/\/www.bjultrasonic.com\/cs\/wp-json\/wp\/v2\/media?parent=67488"}],"wp:term":[{"taxonomy":"product_brand","embeddable":true,"href":"https:\/\/www.bjultrasonic.com\/cs\/wp-json\/wp\/v2\/product_brand?post=67488"},{"taxonomy":"product_cat","embeddable":true,"href":"https:\/\/www.bjultrasonic.com\/cs\/wp-json\/wp\/v2\/product_cat?post=67488"},{"taxonomy":"product_tag","embeddable":true,"href":"https:\/\/www.bjultrasonic.com\/cs\/wp-json\/wp\/v2\/product_tag?post=67488"}],"curies":[{"name":"wp","href":"https:\/\/api.w.org\/{rel}","templated":true}]}}