{"id":67528,"date":"2014-03-17T10:10:57","date_gmt":"2014-03-17T15:10:57","guid":{"rendered":"https:\/\/www.bjultrasonic.com\/shop\/40khz-50w-ultrasonic-transducer-40khz-50w-ultrasonic-generator\/"},"modified":"2026-03-28T20:37:45","modified_gmt":"2026-03-29T01:37:45","slug":"40khz-50w-ultrasonic-transducer-40khz-50w-ultrasonic-generator","status":"publish","type":"product","link":"https:\/\/www.bjultrasonic.com\/cs\/shop\/40khz-50w-ultrasonic-transducer-40khz-50w-ultrasonic-generator\/","title":{"rendered":"[100-120V] 40kHz 50W Ultrazvukov\u00fd m\u011bni\u010d a 40kHz 50W Piezoelektrick\u00fd m\u011bni\u010d s ovl\u00e1dac\u00edm obvodem"},"content":{"rendered":"<h3>100V-120V 40kHz 50W Ultrazvukov\u00fd m\u011bni\u010d a 40kHz 50W Ultrazvukov\u00fd gener\u00e1tor na desce plo\u0161n\u00fdch spoj\u016f<\/h3>\n<p><strong>Pozn\u00e1mka: P\u0159i zad\u00e1n\u00ed objedn\u00e1vky.<\/strong><\/p>\n<ol>\n<li>Zanechte pros\u00edm zpr\u00e1vu s p\u0159esn\u00fdm standardem nap\u011bt\u00ed.<\/li>\n<li>Uve\u010fte n\u00e1m pros\u00edm p\u0159esnou dodac\u00ed adresu a kontaktn\u00ed telefonn\u00ed \u010d\u00edslo.<\/li>\n<li>Dejte n\u00e1m pros\u00edm v\u011bd\u011bt, zda m\u00e1me na celnici deklarovat n\u00edzkou hodnotu.<\/li>\n<li>Zanechte n\u00e1m pros\u00edm platnou e-mailovou adresu. Jakmile zbo\u017e\u00ed ode\u0161leme, poskytneme v\u00e1m sledovac\u00ed \u010d\u00edslo e-mailem.<\/li>\n<\/ol>\n<p><strong>Specifikace:<\/strong><\/p>\n<table class=\"table table-striped table-bordered\" border=\"1\" cellspacing=\"0\" cellpadding=\"0\">\n<tbody>\n<tr>\n<td colspan=\"2\" valign=\"top\" width=\"568\">\n<p align=\"left\">Jeden 50W Ultrazvukov\u00fd gener\u00e1tor na DPS poh\u00e1n\u00ed 1 ks 40kHz 50W Ultrazvukov\u00e9ho m\u011bni\u010de<\/p>\n<\/td>\n<\/tr>\n<tr>\n<td colspan=\"2\" valign=\"top\" width=\"568\">\n<p align=\"left\"><strong>Ultrazvukov\u00fd m\u011bni\u010d:<\/strong><\/p>\n<\/td>\n<\/tr>\n<tr>\n<td valign=\"top\" width=\"163\">\n<p align=\"left\">Frekvence<\/p>\n<\/td>\n<td valign=\"top\" width=\"405\">\n<p align=\"left\">40kHz1 KHz<\/p>\n<\/td>\n<\/tr>\n<tr>\n<td valign=\"top\" width=\"163\">\n<p align=\"left\">V\u00fdkon<\/p>\n<\/td>\n<td valign=\"top\" width=\"405\">\n<p align=\"left\">50W<\/p>\n<\/td>\n<\/tr>\n<tr>\n<td valign=\"top\" width=\"163\">\n<p align=\"left\">Kapacita<\/p>\n<\/td>\n<td valign=\"top\" width=\"405\">\n<p align=\"left\">4100pf (pzt4)<\/p>\n<\/td>\n<\/tr>\n<tr>\n<td valign=\"top\" width=\"163\">\n<p align=\"left\">Vyza\u0159ovac\u00ed plocha<\/p>\n<\/td>\n<td valign=\"top\" width=\"405\">\n<p align=\"left\">45mm<\/p>\n<\/td>\n<\/tr>\n<tr>\n<td valign=\"top\" width=\"163\">\n<p align=\"left\">Rezonan\u010dn\u00ed odpor<\/p>\n<\/td>\n<td valign=\"top\" width=\"405\">\n<p align=\"left\">10-20<\/p>\n<\/td>\n<\/tr>\n<tr>\n<td valign=\"top\" width=\"163\">\n<p align=\"left\">Velikost piezokeramiky<\/p>\n<\/td>\n<td valign=\"top\" width=\"405\">\n<p align=\"left\">35*15*5<\/p>\n<\/td>\n<\/tr>\n<tr>\n<td valign=\"top\" width=\"163\">\n<p align=\"left\">D\u00e9lka<\/p>\n<\/td>\n<td valign=\"top\" width=\"405\">\n<p align=\"left\">54mm<\/p>\n<\/td>\n<\/tr>\n<tr>\n<td colspan=\"2\" valign=\"top\" width=\"568\">\n<p align=\"left\"><strong>Ultrazvukov\u00fd gener\u00e1tor na desce plo\u0161n\u00fdch spoj\u016f<\/strong><\/p>\n<\/td>\n<\/tr>\n<tr>\n<td valign=\"top\" width=\"163\">\n<p align=\"left\">Nap\u00e1jen\u00ed<\/p>\n<\/td>\n<td valign=\"top\" width=\"405\">\n<p align=\"left\">Vstup: 100V-120V<\/p>\n<\/td>\n<\/tr>\n<tr>\n<td valign=\"top\" width=\"163\">\n<p align=\"left\">Frekvence<\/p>\n<\/td>\n<td valign=\"top\" width=\"405\">\n<p align=\"left\">40kHz1 KHz<\/p>\n<\/td>\n<\/tr>\n<tr>\n<td valign=\"top\" width=\"163\">\n<p align=\"left\">V\u00fdkon<\/p>\n<\/td>\n<td valign=\"top\" width=\"405\">\n<p align=\"left\">50W<\/p>\n<\/td>\n<\/tr>\n<tr>\n<td valign=\"top\" width=\"163\">\n<p align=\"left\">Kapacita<\/p>\n<\/td>\n<td valign=\"top\" width=\"405\">\n<p align=\"left\">4100pf<\/p>\n<\/td>\n<\/tr>\n<tr>\n<td valign=\"top\" width=\"163\">\n<p align=\"left\">Rozm\u011bry<\/p>\n<\/td>\n<td valign=\"top\" width=\"405\">\n<p align=\"left\">52cm*34.5cm*17cm(d\u00e9lka*\u0161\u00ed\u0159ka*v\u00fd\u0161ka)<\/p>\n<\/td>\n<\/tr>\n<tr>\n<td colspan=\"2\" valign=\"top\" width=\"568\">\n<p align=\"left\">Celkov\u00e1 hmotnost brutto: 1.5kg<\/p>\n<\/td>\n<\/tr>\n<\/tbody>\n<\/table>\n<p>N\u00e1sleduj\u00edc\u00ed obr\u00e1zky ukazuj\u00ed, jak je propojit:<\/p>\n<p><a href=\"https:\/\/www.bjultrasonic.com\/wp-content\/uploads\/2014\/03\/40kHz-Ultrasonic-Transducer-and-40kHz-Ultrasonic-PCB-Generator-2.jpg\"><img loading=\"lazy\" decoding=\"async\" class=\"alignnone wp-image-5480\" src=\"\/\/www.bjultrasonic.com\/wp-content\/uploads\/2014\/03\/40kHz-Ultrasonic-Transducer-and-40kHz-Ultrasonic-PCB-Generator-2.jpg\" alt=\"40kHz Ultrazvukov\u00fd m\u011bni\u010d a 40kHz Ultrazvukov\u00fd gener\u00e1tor na DPS\" width=\"631\" height=\"413\" \/><\/a><\/p>\n<p><a href=\"https:\/\/www.bjultrasonic.com\/wp-content\/uploads\/2014\/03\/40kHz-Ultrasonic-Transducer-and-40kHz-Ultrasonic-PCB-Generator-3.jpg\"><img loading=\"lazy\" decoding=\"async\" class=\"alignnone size-full wp-image-5481\" src=\"\/\/www.bjultrasonic.com\/wp-content\/uploads\/2014\/03\/40kHz-Ultrasonic-Transducer-and-40kHz-Ultrasonic-PCB-Generator-3.jpg\" alt=\"40kHz Ultrazvukov\u00fd m\u011bni\u010d a 40kHz Ultrazvukov\u00fd gener\u00e1tor na DPS\" width=\"631\" height=\"413\" \/><\/a><\/p>\n<p><a href=\"https:\/\/www.bjultrasonic.com\/wp-content\/uploads\/2014\/03\/40kHz-Ultrasonic-Transducer-and-40kHz-Ultrasonic-PCB-Generator-5.jpg\"><img loading=\"lazy\" decoding=\"async\" class=\"alignnone size-full wp-image-5482\" src=\"\/\/www.bjultrasonic.com\/wp-content\/uploads\/2014\/03\/40kHz-Ultrasonic-Transducer-and-40kHz-Ultrasonic-PCB-Generator-5.jpg\" alt=\"40kHz Ultrazvukov\u00fd m\u011bni\u010d a 40kHz Ultrazvukov\u00fd gener\u00e1tor na DPS\" width=\"631\" height=\"413\" \/><\/a><\/p>\n<p><a href=\"https:\/\/www.bjultrasonic.com\/wp-content\/uploads\/2014\/03\/40kHz-Ultrasonic-Transducer-and-40kHz-Ultrasonic-PCB-Generator-6.jpg\"><img loading=\"lazy\" decoding=\"async\" class=\"alignnone size-full wp-image-5483\" src=\"\/\/www.bjultrasonic.com\/wp-content\/uploads\/2014\/03\/40kHz-Ultrasonic-Transducer-and-40kHz-Ultrasonic-PCB-Generator-6.jpg\" alt=\"40kHz Ultrazvukov\u00fd m\u011bni\u010d a 40kHz Ultrazvukov\u00fd gener\u00e1tor na DPS\" width=\"631\" height=\"413\" \/><\/a><\/p>\n","protected":false},"excerpt":{"rendered":"<p>Svazky vysoce kvalitn\u00edch nap\u00e1jec\u00edch desek ultrazvukov\u00fdch \u010disti\u010d\u016f 100-120V <a href=\"https:\/\/www.bjultrasonic.com\/cs\/category\/ultrasonic-generator-cs\/ultrasonic-generator-circuits-cs\/\">ultrasonic cleaner power driver board<\/a> a <a href=\"https:\/\/www.bjultrasonic.com\/cs\/category\/ultrasonic-transducer-cs\/\">ultrasonic cleaning transducers<\/a>.<\/p>\n","protected":false},"featured_media":24648,"comment_status":"open","ping_status":"closed","template":"","meta":[],"product_brand":[],"product_cat":[6145],"product_tag":[],"class_list":{"0":"post-67528","1":"product","2":"type-product","3":"status-publish","4":"has-post-thumbnail","6":"product_cat-100-120v-ultrasonic-generator-transducer-cs","8":"first","9":"instock","10":"shipping-taxable","11":"purchasable","12":"product-type-simple","13":"prodpage-classic"},"aioseo_notices":[],"_links":{"self":[{"href":"https:\/\/www.bjultrasonic.com\/cs\/wp-json\/wp\/v2\/product\/67528","targetHints":{"allow":["GET"]}}],"collection":[{"href":"https:\/\/www.bjultrasonic.com\/cs\/wp-json\/wp\/v2\/product"}],"about":[{"href":"https:\/\/www.bjultrasonic.com\/cs\/wp-json\/wp\/v2\/types\/product"}],"replies":[{"embeddable":true,"href":"https:\/\/www.bjultrasonic.com\/cs\/wp-json\/wp\/v2\/comments?post=67528"}],"wp:featuredmedia":[{"embeddable":true,"href":"https:\/\/www.bjultrasonic.com\/cs\/wp-json\/wp\/v2\/media\/24648"}],"wp:attachment":[{"href":"https:\/\/www.bjultrasonic.com\/cs\/wp-json\/wp\/v2\/media?parent=67528"}],"wp:term":[{"taxonomy":"product_brand","embeddable":true,"href":"https:\/\/www.bjultrasonic.com\/cs\/wp-json\/wp\/v2\/product_brand?post=67528"},{"taxonomy":"product_cat","embeddable":true,"href":"https:\/\/www.bjultrasonic.com\/cs\/wp-json\/wp\/v2\/product_cat?post=67528"},{"taxonomy":"product_tag","embeddable":true,"href":"https:\/\/www.bjultrasonic.com\/cs\/wp-json\/wp\/v2\/product_tag?post=67528"}],"curies":[{"name":"wp","href":"https:\/\/api.w.org\/{rel}","templated":true}]}}