{"id":67808,"date":"2013-07-21T03:55:03","date_gmt":"2013-07-21T08:55:03","guid":{"rendered":"https:\/\/www.bjultrasonic.com\/shop\/120khz-60w-ultrasonic-transducer-120khz-60w-digital-ultrasonic-pcb-generator\/"},"modified":"2026-03-28T20:35:24","modified_gmt":"2026-03-29T01:35:24","slug":"120khz-60w-ultrasonic-transducer-120khz-60w-digital-ultrasonic-pcb-generator","status":"publish","type":"product","link":"https:\/\/www.bjultrasonic.com\/cs\/shop\/120khz-60w-ultrasonic-transducer-120khz-60w-digital-ultrasonic-pcb-generator\/","title":{"rendered":"120kHz 60W Ultrazvukov\u00fd m\u011bni\u010d a 120kHz 60W Digit\u00e1ln\u00ed ultrazvukov\u00fd ovlada\u010d m\u011bni\u010de"},"content":{"rendered":"<p><strong>Pozn\u00e1mka: P\u0159i zad\u00e1v\u00e1n\u00ed objedn\u00e1vky.<\/strong><\/p>\n<ol>\n<li>Pros\u00edm, zanechte zpr\u00e1vu o p\u0159esn\u00e9m nap\u011b\u0165ov\u00e9m standardu.<\/li>\n<li>Pros\u00edm, uve\u010fte n\u00e1m p\u0159esnou dodac\u00ed adresu a kontaktn\u00ed telefonn\u00ed \u010d\u00edslo.<\/li>\n<li>Pros\u00edm, sd\u011blte n\u00e1m, zda chcete, abychom na celn\u00ed prohl\u00e1\u0161en\u00ed uvedli n\u00edzkou hodnotu.<\/li>\n<li>Pros\u00edm, zanechte n\u00e1m platnou e-mailovou adresu. Jakmile zbo\u017e\u00ed ode\u0161leme, za\u0161leme v\u00e1m sledovac\u00ed \u010d\u00edslo e-mailem.<\/li>\n<\/ol>\n<p><strong>Specifikace:<\/strong><\/p>\n<table class=\"table table-striped table-bordered\">\n<tbody>\n<tr>\n<td colspan=\"2\" width=\"568\">Jeden 120kHz 60W digit\u00e1ln\u00ed ultrazvukov\u00fd gener\u00e1tor pro desky plo\u0161n\u00fdch spoj\u016f poh\u00e1n\u00ed jeden 120kHz 60W ultrazvukov\u00fd m\u011bni\u010d.<\/td>\n<\/tr>\n<tr>\n<td colspan=\"2\" width=\"568\">Ultrazvukov\u00fd m\u011bni\u010d:<\/td>\n<\/tr>\n<tr>\n<td width=\"163\">Frekvence<\/td>\n<td width=\"405\">120kHz \u00b11 kHz<\/td>\n<\/tr>\n<tr>\n<td width=\"163\">V\u00fdkon<\/td>\n<td width=\"405\">60W<\/td>\n<\/tr>\n<tr>\n<td width=\"163\">Kapacita<\/td>\n<td width=\"405\">5400pF (PZT4)<\/td>\n<\/tr>\n<tr>\n<td width=\"163\">Vyza\u0159ovac\u00ed plocha<\/td>\n<td width=\"405\">40mm<\/td>\n<\/tr>\n<tr>\n<td width=\"163\">Rezonan\u010dn\u00ed odpor<\/td>\n<td width=\"405\">10-20 \u03a9<\/td>\n<\/tr>\n<tr>\n<td width=\"163\">Velikost piezokeramiky<\/td>\n<td width=\"405\">38*15*5 mm<\/td>\n<\/tr>\n<tr>\n<td width=\"163\">D\u00e9lka<\/td>\n<td width=\"405\">56mm<\/td>\n<\/tr>\n<tr>\n<td colspan=\"2\" width=\"568\">Ultrazvukov\u00fd gener\u00e1tor pro desky plo\u0161n\u00fdch spoj\u016f<\/td>\n<\/tr>\n<tr>\n<td width=\"163\">Nap\u00e1jen\u00ed<\/td>\n<td width=\"405\">Vstup: 200V-240V \/ 100V-120V<\/td>\n<\/tr>\n<tr>\n<td width=\"163\">Frekvence<\/td>\n<td width=\"405\">120kHz \u00b11 kHz<\/td>\n<\/tr>\n<tr>\n<td width=\"163\">V\u00fdkon<\/td>\n<td width=\"405\">60W<\/td>\n<\/tr>\n<tr>\n<td width=\"163\">Kapacita<\/td>\n<td width=\"405\">5400pF<\/td>\n<\/tr>\n<tr>\n<td width=\"163\">Rozm\u011bry<\/td>\n<td width=\"405\">18cm*13cm*6cm (d\u00e9lka*\u0161\u00ed\u0159ka*v\u00fd\u0161ka)<\/td>\n<\/tr>\n<tr>\n<td colspan=\"2\" width=\"568\">Celkov\u00e1 hmotnost (brutto): 4kg<\/td>\n<\/tr>\n<tr>\n<td colspan=\"2\" width=\"568\">Pozn\u00e1mka: \u010das a v\u00fdkon digit\u00e1ln\u00edho ultrazvukov\u00e9ho gener\u00e1toru pro desky plo\u0161n\u00fdch spoj\u016f lze upravit podle va\u0161ich pot\u0159eb.<\/td>\n<\/tr>\n<\/tbody>\n<\/table>\n<p>N\u00e1sleduj\u00edc\u00ed obr\u00e1zky ukazuj\u00ed, jak je propojit:<\/p>\n<p><a href=\"https:\/\/www.bjultrasonic.com\/wp-content\/uploads\/2014\/05\/120kHz-60W-Ultrasonic-Transducer-120kHz-60W-Digital-Ultrasonic-PCB-Generator-4.jpg\"><img loading=\"lazy\" decoding=\"async\" class=\"alignnone wp-image-5665\" src=\"\/\/www.bjultrasonic.com\/wp-content\/uploads\/2014\/05\/120kHz-60W-Ultrasonic-Transducer-120kHz-60W-Digital-Ultrasonic-PCB-Generator-4.jpg\" alt=\"120kHz 60W Ultrasonic Transducer &amp; 120kHz 60W Digital Ultrasonic PCB Generator (4)\" width=\"582\" height=\"322\" \/><\/a> <a href=\"https:\/\/www.bjultrasonic.com\/wp-content\/uploads\/2014\/05\/120kHz-60W-Ultrasonic-Transducer-120kHz-60W-Digital-Ultrasonic-PCB-Generator-3.jpg\"><img loading=\"lazy\" decoding=\"async\" class=\"alignnone wp-image-5664\" src=\"\/\/www.bjultrasonic.com\/wp-content\/uploads\/2014\/05\/120kHz-60W-Ultrasonic-Transducer-120kHz-60W-Digital-Ultrasonic-PCB-Generator-3.jpg\" alt=\"120kHz 60W Ultrasonic Transducer &amp; 120kHz 60W Digital Ultrasonic PCB Generator (3)\" width=\"585\" height=\"295\" \/><\/a> <a href=\"https:\/\/www.bjultrasonic.com\/wp-content\/uploads\/2014\/05\/120kHz-60W-Ultrasonic-Transducer-120kHz-60W-Digital-Ultrasonic-PCB-Generator-2.jpg\"><img loading=\"lazy\" decoding=\"async\" class=\"alignnone wp-image-5663\" src=\"\/\/www.bjultrasonic.com\/wp-content\/uploads\/2014\/05\/120kHz-60W-Ultrasonic-Transducer-120kHz-60W-Digital-Ultrasonic-PCB-Generator-2.jpg\" alt=\"120kHz 60W Ultrasonic Transducer &amp; 120kHz 60W Digital Ultrasonic PCB Generator (2)\" width=\"579\" height=\"524\" \/><\/a> <a href=\"https:\/\/www.bjultrasonic.com\/wp-content\/uploads\/2014\/05\/120kHz-60W-Ultrasonic-Transducer-120kHz-60W-Digital-Ultrasonic-PCB-Generator-1.jpg\"><img loading=\"lazy\" decoding=\"async\" class=\"alignnone wp-image-5662\" src=\"\/\/www.bjultrasonic.com\/wp-content\/uploads\/2014\/05\/120kHz-60W-Ultrasonic-Transducer-120kHz-60W-Digital-Ultrasonic-PCB-Generator-1.jpg\" alt=\"120kHz 60W Ultrasonic Transducer &amp; 120kHz 60W Digital Ultrasonic PCB Generator (1)\" width=\"584\" height=\"323\" \/><\/a> <a href=\"https:\/\/www.bjultrasonic.com\/wp-content\/uploads\/2014\/05\/120kHz-60W-Ultrasonic-Transducer-120kHz-60W-Digital-Ultrasonic-PCB-Generator-6.jpg\"><img loading=\"lazy\" decoding=\"async\" class=\"alignnone wp-image-5667\" src=\"\/\/www.bjultrasonic.com\/wp-content\/uploads\/2014\/05\/120kHz-60W-Ultrasonic-Transducer-120kHz-60W-Digital-Ultrasonic-PCB-Generator-6.jpg\" alt=\"120kHz 60W Ultrasonic Transducer &amp; 120kHz 60W Digital Ultrasonic PCB Generator (6)\" width=\"580\" height=\"321\" \/><\/a> <a href=\"https:\/\/www.bjultrasonic.com\/wp-content\/uploads\/2014\/05\/120kHz-60W-Ultrasonic-Transducer-120kHz-60W-Digital-Ultrasonic-PCB-Generator-5.jpg\"><img loading=\"lazy\" decoding=\"async\" class=\"alignnone wp-image-5666\" src=\"\/\/www.bjultrasonic.com\/wp-content\/uploads\/2014\/05\/120kHz-60W-Ultrasonic-Transducer-120kHz-60W-Digital-Ultrasonic-PCB-Generator-5.jpg\" alt=\"120kHz 60W Ultrasonic Transducer &amp; 120kHz 60W Digital Ultrasonic PCB Generator (5)\" width=\"576\" height=\"319\" \/><\/a><\/p>\n","protected":false},"excerpt":{"rendered":"<p>Bal\u00edky <a href=\"https:\/\/www.bjultrasonic.com\/cs\/category\/ultrasonic-generator-cs\/ultrasonic-generator-circuits-cs\/\">ultrazvukov\u00fdch \u010distic\u00edch v\u00fdkonov\u00fdch ovlada\u010d\u016f<\/a> s digit\u00e1ln\u00edm displejem &amp; <a href=\"https:\/\/www.bjultrasonic.com\/cs\/category\/ultrasonic-transducer-cs\/\">ultrazvukov\u00fdch \u010distic\u00edch m\u011bni\u010d\u016f<\/a>.<\/p>\n","protected":false},"featured_media":24655,"comment_status":"open","ping_status":"closed","template":"","meta":[],"product_brand":[],"product_cat":[6075],"product_tag":[],"class_list":{"0":"post-67808","1":"product","2":"type-product","3":"status-publish","4":"has-post-thumbnail","6":"product_cat-digital-ultrasonic-pcb-generator-transducer-cs","8":"first","9":"instock","10":"shipping-taxable","11":"purchasable","12":"product-type-simple","13":"prodpage-classic"},"aioseo_notices":[],"_links":{"self":[{"href":"https:\/\/www.bjultrasonic.com\/cs\/wp-json\/wp\/v2\/product\/67808","targetHints":{"allow":["GET"]}}],"collection":[{"href":"https:\/\/www.bjultrasonic.com\/cs\/wp-json\/wp\/v2\/product"}],"about":[{"href":"https:\/\/www.bjultrasonic.com\/cs\/wp-json\/wp\/v2\/types\/product"}],"replies":[{"embeddable":true,"href":"https:\/\/www.bjultrasonic.com\/cs\/wp-json\/wp\/v2\/comments?post=67808"}],"wp:featuredmedia":[{"embeddable":true,"href":"https:\/\/www.bjultrasonic.com\/cs\/wp-json\/wp\/v2\/media\/24655"}],"wp:attachment":[{"href":"https:\/\/www.bjultrasonic.com\/cs\/wp-json\/wp\/v2\/media?parent=67808"}],"wp:term":[{"taxonomy":"product_brand","embeddable":true,"href":"https:\/\/www.bjultrasonic.com\/cs\/wp-json\/wp\/v2\/product_brand?post=67808"},{"taxonomy":"product_cat","embeddable":true,"href":"https:\/\/www.bjultrasonic.com\/cs\/wp-json\/wp\/v2\/product_cat?post=67808"},{"taxonomy":"product_tag","embeddable":true,"href":"https:\/\/www.bjultrasonic.com\/cs\/wp-json\/wp\/v2\/product_tag?post=67808"}],"curies":[{"name":"wp","href":"https:\/\/api.w.org\/{rel}","templated":true}]}}