{"id":67888,"date":"2013-07-21T03:54:54","date_gmt":"2013-07-21T08:54:54","guid":{"rendered":"https:\/\/www.bjultrasonic.com\/shop\/30khz-100w-ultrasonic-transducer-30khz-100w-digital-ultrasonic-pcb-generator\/"},"modified":"2026-03-28T20:34:29","modified_gmt":"2026-03-29T01:34:29","slug":"30khz-100w-ultrasonic-transducer-30khz-100w-digital-ultrasonic-pcb-generator","status":"publish","type":"product","link":"https:\/\/www.bjultrasonic.com\/cs\/shop\/30khz-100w-ultrasonic-transducer-30khz-100w-digital-ultrasonic-pcb-generator\/","title":{"rendered":"30kHz 100W Ultrazvukov\u00fd M\u011bni\u010d &#038; 30kHz 100W Digit\u00e1ln\u00ed Ultrazvukov\u00fd \u0158idi\u010d M\u011bni\u010de"},"content":{"rendered":"<p><strong>Pozn\u00e1mka: P\u0159i zad\u00e1n\u00ed objedn\u00e1vky.<\/strong><\/p>\n<ol>\n<li>Pros\u00edm, zanechte zpr\u00e1vu o p\u0159esn\u00e9m nap\u011b\u0165ov\u00e9m standardu.<\/li>\n<li>Pros\u00edm, uve\u010fte n\u00e1m p\u0159esnou dodac\u00ed adresu a kontaktn\u00ed telefonn\u00ed \u010d\u00edslo.<\/li>\n<li>Pros\u00edm, informujte n\u00e1s, zda chcete, abychom na celn\u00ed prohl\u00e1\u0161en\u00ed uvedli n\u00edzkou hodnotu.<\/li>\n<li>Pros\u00edm, zanechte n\u00e1m platnou e-mailovou adresu. Jakmile zbo\u017e\u00ed ode\u0161leme, za\u0161leme v\u00e1m sledovac\u00ed \u010d\u00edslo e-mailem.<\/li>\n<\/ol>\n<p><strong>Specifikace:<\/strong><\/p>\n<table class=\"table table-striped table-bordered\">\n<tbody>\n<tr>\n<td colspan=\"2\" width=\"568\">Jeden 30kHz 100W digit\u00e1ln\u00ed ultrazvukov\u00fd gener\u00e1tor na DPS poh\u00e1n\u00ed jeden 30kHz 100W ultrazvukov\u00fd m\u011bni\u010d.<\/td>\n<\/tr>\n<tr>\n<td colspan=\"2\" width=\"568\">Ultrazvukov\u00fd m\u011bni\u010d:<\/td>\n<\/tr>\n<tr>\n<td width=\"163\">Frekvence<\/td>\n<td width=\"405\">30kHz \u00b11 kHz<\/td>\n<\/tr>\n<tr>\n<td width=\"163\">V\u00fdkon<\/td>\n<td width=\"405\">100W<\/td>\n<\/tr>\n<tr>\n<td width=\"163\">Kapacita<\/td>\n<td width=\"405\">5200pF (PZT8)<\/td>\n<\/tr>\n<tr>\n<td width=\"163\">Vyza\u0159ovac\u00ed plocha<\/td>\n<td width=\"405\">68mm<\/td>\n<\/tr>\n<tr>\n<td width=\"163\">Rezonan\u010dn\u00ed odpor<\/td>\n<td width=\"405\">10-20 \u03a9<\/td>\n<\/tr>\n<tr>\n<td width=\"163\">Velikost piezokeramiky<\/td>\n<td width=\"405\">45*15*5 mm<\/td>\n<\/tr>\n<tr>\n<td width=\"163\">D\u00e9lka<\/td>\n<td width=\"405\">61mm<\/td>\n<\/tr>\n<tr>\n<td colspan=\"2\" width=\"568\">Ultrazvukov\u00fd gener\u00e1tor na DPS<\/td>\n<\/tr>\n<tr>\n<td width=\"163\">Nap\u00e1jen\u00ed<\/td>\n<td width=\"405\">Vstup: 200V-240V \/ 100V-120V<\/td>\n<\/tr>\n<tr>\n<td width=\"163\">Frekvence<\/td>\n<td width=\"405\">30kHz \u00b11 kHz<\/td>\n<\/tr>\n<tr>\n<td width=\"163\">V\u00fdkon<\/td>\n<td width=\"405\">100W<\/td>\n<\/tr>\n<tr>\n<td width=\"163\">Kapacita<\/td>\n<td width=\"405\">5200pF<\/td>\n<\/tr>\n<tr>\n<td width=\"163\">Rozm\u011bry<\/td>\n<td width=\"405\">18cm*13cm*6cm (d\u00e9lka*\u0161\u00ed\u0159ka*v\u00fd\u0161ka)<\/td>\n<\/tr>\n<tr>\n<td colspan=\"2\" width=\"568\">Celkov\u00e1 hmotnost v hrub\u00e9m: 4kg<\/td>\n<\/tr>\n<tr>\n<td colspan=\"2\" width=\"568\">Pozn\u00e1mka: \u010das a v\u00fdkon digit\u00e1ln\u00edho ultrazvukov\u00e9ho gener\u00e1toru na DPS lze upravit podle va\u0161ich pot\u0159eb.<\/td>\n<\/tr>\n<\/tbody>\n<\/table>\n<p>N\u00e1sleduj\u00edc\u00ed obr\u00e1zky ukazuj\u00ed, jak je p\u0159ipojit:<\/p>\n<p><a href=\"https:\/\/www.bjultrasonic.com\/wp-content\/uploads\/2014\/05\/30kHz-100W-Ultrasonic-Transducer-30kHz-100W-Digital-Ultrasonic-PCB-Generator-5.jpg\"><img loading=\"lazy\" decoding=\"async\" class=\"alignnone wp-image-5644\" src=\"\/\/www.bjultrasonic.com\/wp-content\/uploads\/2014\/05\/30kHz-100W-Ultrasonic-Transducer-30kHz-100W-Digital-Ultrasonic-PCB-Generator-5.jpg\" alt=\"30kHz 100W Ultrazvukov\u00fd m\u011bni\u010d &amp; 30kHz 100W Digit\u00e1ln\u00ed ultrazvukov\u00fd gener\u00e1tor na DPS (5)\" width=\"585\" height=\"324\" \/><\/a> <a href=\"https:\/\/www.bjultrasonic.com\/wp-content\/uploads\/2014\/05\/30kHz-100W-Ultrasonic-Transducer-30kHz-100W-Digital-Ultrasonic-PCB-Generator-4.jpg\"><img loading=\"lazy\" decoding=\"async\" class=\"alignnone wp-image-5643\" src=\"\/\/www.bjultrasonic.com\/wp-content\/uploads\/2014\/05\/30kHz-100W-Ultrasonic-Transducer-30kHz-100W-Digital-Ultrasonic-PCB-Generator-4.jpg\" alt=\"30kHz 100W Ultrazvukov\u00fd m\u011bni\u010d &amp; 30kHz 100W Digit\u00e1ln\u00ed ultrazvukov\u00fd gener\u00e1tor na DPS (4)\" width=\"589\" height=\"326\" \/><\/a> <a href=\"https:\/\/www.bjultrasonic.com\/wp-content\/uploads\/2014\/05\/30kHz-100W-Ultrasonic-Transducer-30kHz-100W-Digital-Ultrasonic-PCB-Generator-3.jpg\"><img loading=\"lazy\" decoding=\"async\" class=\"alignnone wp-image-5642\" src=\"\/\/www.bjultrasonic.com\/wp-content\/uploads\/2014\/05\/30kHz-100W-Ultrasonic-Transducer-30kHz-100W-Digital-Ultrasonic-PCB-Generator-3.jpg\" alt=\"30kHz 100W Ultrazvukov\u00fd m\u011bni\u010d &amp; 30kHz 100W Digit\u00e1ln\u00ed ultrazvukov\u00fd gener\u00e1tor na DPS (3)\" width=\"587\" height=\"325\" \/><\/a> <a href=\"https:\/\/www.bjultrasonic.com\/wp-content\/uploads\/2014\/05\/30kHz-100W-Ultrasonic-Transducer-30kHz-100W-Digital-Ultrasonic-PCB-Generator-2.jpg\"><img loading=\"lazy\" decoding=\"async\" class=\"alignnone wp-image-5641\" src=\"\/\/www.bjultrasonic.com\/wp-content\/uploads\/2014\/05\/30kHz-100W-Ultrasonic-Transducer-30kHz-100W-Digital-Ultrasonic-PCB-Generator-2.jpg\" alt=\"30kHz 100W Ultrazvukov\u00fd m\u011bni\u010d &amp; 30kHz 100W Digit\u00e1ln\u00ed ultrazvukov\u00fd gener\u00e1tor na DPS (2)\" width=\"586\" height=\"324\" \/><\/a> <a href=\"https:\/\/www.bjultrasonic.com\/wp-content\/uploads\/2014\/05\/30kHz-100W-Ultrasonic-Transducer-30kHz-100W-Digital-Ultrasonic-PCB-Generator-1.jpg\"><img loading=\"lazy\" decoding=\"async\" class=\"alignnone wp-image-5640\" src=\"\/\/www.bjultrasonic.com\/wp-content\/uploads\/2014\/05\/30kHz-100W-Ultrasonic-Transducer-30kHz-100W-Digital-Ultrasonic-PCB-Generator-1.jpg\" alt=\"30kHz 100W Ultrazvukov\u00fd m\u011bni\u010d &amp; 30kHz 100W Digit\u00e1ln\u00ed ultrazvukov\u00fd gener\u00e1tor na DPS (1)\" width=\"583\" height=\"294\" \/><\/a><\/p>\n","protected":false},"excerpt":{"rendered":"<p>Bal\u00ed\u010dky <a href=\"https:\/\/www.bjultrasonic.com\/cs\/category\/ultrasonic-generator-cs\/ultrasonic-generator-circuits-cs\/\">ultrazvukov\u00fdch nap\u00e1jec\u00edch desek pro \u010di\u0161t\u011bn\u00ed<\/a> s digit\u00e1ln\u00edm displejem &amp; <a href=\"https:\/\/www.bjultrasonic.com\/cs\/category\/ultrasonic-transducer-cs\/\">ultrazvukov\u00fdch \u010dist\u00edc\u00edch m\u011bni\u010d\u016f<\/a>.<\/p>\n","protected":false},"featured_media":24655,"comment_status":"open","ping_status":"closed","template":"","meta":[],"product_brand":[],"product_cat":[6075],"product_tag":[],"class_list":{"0":"post-67888","1":"product","2":"type-product","3":"status-publish","4":"has-post-thumbnail","6":"product_cat-digital-ultrasonic-pcb-generator-transducer-cs","8":"first","9":"instock","10":"shipping-taxable","11":"purchasable","12":"product-type-simple","13":"prodpage-classic"},"aioseo_notices":[],"_links":{"self":[{"href":"https:\/\/www.bjultrasonic.com\/cs\/wp-json\/wp\/v2\/product\/67888","targetHints":{"allow":["GET"]}}],"collection":[{"href":"https:\/\/www.bjultrasonic.com\/cs\/wp-json\/wp\/v2\/product"}],"about":[{"href":"https:\/\/www.bjultrasonic.com\/cs\/wp-json\/wp\/v2\/types\/product"}],"replies":[{"embeddable":true,"href":"https:\/\/www.bjultrasonic.com\/cs\/wp-json\/wp\/v2\/comments?post=67888"}],"wp:featuredmedia":[{"embeddable":true,"href":"https:\/\/www.bjultrasonic.com\/cs\/wp-json\/wp\/v2\/media\/24655"}],"wp:attachment":[{"href":"https:\/\/www.bjultrasonic.com\/cs\/wp-json\/wp\/v2\/media?parent=67888"}],"wp:term":[{"taxonomy":"product_brand","embeddable":true,"href":"https:\/\/www.bjultrasonic.com\/cs\/wp-json\/wp\/v2\/product_brand?post=67888"},{"taxonomy":"product_cat","embeddable":true,"href":"https:\/\/www.bjultrasonic.com\/cs\/wp-json\/wp\/v2\/product_cat?post=67888"},{"taxonomy":"product_tag","embeddable":true,"href":"https:\/\/www.bjultrasonic.com\/cs\/wp-json\/wp\/v2\/product_tag?post=67888"}],"curies":[{"name":"wp","href":"https:\/\/api.w.org\/{rel}","templated":true}]}}