{"id":68008,"date":"2013-06-21T02:01:48","date_gmt":"2013-06-21T07:01:48","guid":{"rendered":"https:\/\/www.bjultrasonic.com\/shop\/54khz-30w-ultrasonic-transducer-54khz-30w-ultrasonic-pcb-generator\/"},"modified":"2026-03-28T20:33:35","modified_gmt":"2026-03-29T01:33:35","slug":"54khz-30w-ultrasonic-transducer-54khz-30w-ultrasonic-pcb-generator","status":"publish","type":"product","link":"https:\/\/www.bjultrasonic.com\/cs\/shop\/54khz-30w-ultrasonic-transducer-54khz-30w-ultrasonic-pcb-generator\/","title":{"rendered":"54kHz 30W Ultrazvukov\u00fd m\u011bni\u010d &#038; 54kHz 30W Ultrazvukov\u00fd ovlada\u010d m\u011bni\u010de"},"content":{"rendered":"<p><strong>Pozn\u00e1mka: P\u0159i zad\u00e1n\u00ed objedn\u00e1vky.<\/strong><\/p>\n<ol>\n<li>Uve\u010fte pros\u00edm p\u0159esn\u00fd standard nap\u011bt\u00ed.<\/li>\n<li>Uve\u010fte n\u00e1m pros\u00edm p\u0159esnou dodac\u00ed adresu a kontaktn\u00ed telefonn\u00ed \u010d\u00edslo.<\/li>\n<li>Dejte n\u00e1m pros\u00edm v\u011bd\u011bt, zda m\u00e1me na celnici deklarovat n\u00edzkou hodnotu.<\/li>\n<li>Zanechte n\u00e1m platnou e-mailovou adresu. Jakmile zbo\u017e\u00ed ode\u0161leme, za\u0161leme v\u00e1m e-mailem sledovac\u00ed \u010d\u00edslo.<\/li>\n<\/ol>\n<p><strong>Specifikace:<\/strong><\/p>\n<table class=\"table table-striped table-bordered\">\n<tbody>\n<tr>\n<td colspan=\"2\" width=\"568\">Jeden 54kHz 30W ultrazvukov\u00fd gener\u00e1tor na DPS poh\u00e1n\u00ed jeden 54kHz 30W ultrazvukov\u00fd m\u011bni\u010d<\/td>\n<\/tr>\n<tr>\n<td colspan=\"2\" width=\"568\"><strong>Ultrazvukov\u00fd m\u011bni\u010d:<\/strong><\/td>\n<\/tr>\n<tr>\n<td width=\"163\">Frekvence<\/td>\n<td width=\"405\">54kHz \u00b11 kHz<\/td>\n<\/tr>\n<tr>\n<td width=\"163\">V\u00fdkon<\/td>\n<td width=\"405\">30W<\/td>\n<\/tr>\n<tr>\n<td width=\"163\">Kapacita<\/td>\n<td width=\"405\">3100 pF (PZT4)<\/td>\n<\/tr>\n<tr>\n<td width=\"163\">Vyza\u0159ovac\u00ed plocha<\/td>\n<td width=\"405\">30 mm<\/td>\n<\/tr>\n<tr>\n<td width=\"163\">Rezonan\u010dn\u00ed odpor<\/td>\n<td width=\"405\">10\u201320 \u03a9<\/td>\n<\/tr>\n<tr>\n<td width=\"163\">Velikost piezokeramiky<\/td>\n<td width=\"405\">38*15*5 mm<\/td>\n<\/tr>\n<tr>\n<td width=\"163\">D\u00e9lka<\/td>\n<td width=\"405\">36 mm<\/td>\n<\/tr>\n<tr>\n<td colspan=\"2\" width=\"568\"><strong>Ultrazvukov\u00fd gener\u00e1tor na DPS<\/strong><\/td>\n<\/tr>\n<tr>\n<td width=\"163\">Nap\u00e1jen\u00ed<\/td>\n<td width=\"405\">Vstup: 200V\u2013240V \/ 100V\u2013120V<\/td>\n<\/tr>\n<tr>\n<td width=\"163\">Frekvence<\/td>\n<td width=\"405\">54kHz \u00b11 kHz<\/td>\n<\/tr>\n<tr>\n<td width=\"163\">V\u00fdkon<\/td>\n<td width=\"405\">30W<\/td>\n<\/tr>\n<tr>\n<td width=\"163\">Kapacita<\/td>\n<td width=\"405\">3100 pF<\/td>\n<\/tr>\n<tr>\n<td width=\"163\">Rozm\u011bry<\/td>\n<td width=\"405\">18 cm * 13 cm * 6 cm (d\u00e9lka * \u0161\u00ed\u0159ka * v\u00fd\u0161ka)<\/td>\n<\/tr>\n<tr>\n<td colspan=\"2\" width=\"568\">Celkov\u00e1 hmotnost (brutto): 4 kg<\/td>\n<\/tr>\n<\/tbody>\n<\/table>\n<p>N\u00e1sleduj\u00edc\u00ed obr\u00e1zky ukazuj\u00ed, jak je propojit:<\/p>\n<p><a href=\"https:\/\/www.bjultrasonic.com\/wp-content\/uploads\/2013\/06\/54kHz-30W-Ultrasonic-Transducer-54kHz-30W-Ultrasonic-PCB-Generator-6.jpg\"><img loading=\"lazy\" decoding=\"async\" class=\"alignnone  wp-image-5607\" src=\"\/\/www.bjultrasonic.com\/wp-content\/uploads\/2013\/06\/54kHz-30W-Ultrasonic-Transducer-54kHz-30W-Ultrasonic-PCB-Generator-6.jpg\" alt=\"54kHz 30W Ultrasonic Transducer &amp; 54kHz 30W Ultrasonic PCB Generator (6)\" width=\"591\" height=\"437\" \/><\/a> <a href=\"https:\/\/www.bjultrasonic.com\/wp-content\/uploads\/2013\/06\/54kHz-30W-Ultrasonic-Transducer-54kHz-30W-Ultrasonic-PCB-Generator-5.jpg\"><img loading=\"lazy\" decoding=\"async\" class=\"alignnone  wp-image-5606\" src=\"\/\/www.bjultrasonic.com\/wp-content\/uploads\/2013\/06\/54kHz-30W-Ultrasonic-Transducer-54kHz-30W-Ultrasonic-PCB-Generator-5.jpg\" alt=\"54kHz 30W Ultrasonic Transducer &amp; 54kHz 30W Ultrasonic PCB Generator (5)\" width=\"597\" height=\"352\" \/><\/a> <a href=\"https:\/\/www.bjultrasonic.com\/wp-content\/uploads\/2013\/06\/54kHz-30W-Ultrasonic-Transducer-54kHz-30W-Ultrasonic-PCB-Generator-4.jpg\"><img loading=\"lazy\" decoding=\"async\" class=\"alignnone  wp-image-5605\" src=\"\/\/www.bjultrasonic.com\/wp-content\/uploads\/2013\/06\/54kHz-30W-Ultrasonic-Transducer-54kHz-30W-Ultrasonic-PCB-Generator-4.jpg\" alt=\"54kHz 30W Ultrasonic Transducer &amp; 54kHz 30W Ultrasonic PCB Generator (4)\" width=\"596\" height=\"351\" \/><\/a> <a href=\"https:\/\/www.bjultrasonic.com\/wp-content\/uploads\/2013\/06\/54kHz-30W-Ultrasonic-Transducer-54kHz-30W-Ultrasonic-PCB-Generator-3.jpg\"><img loading=\"lazy\" decoding=\"async\" class=\"alignnone  wp-image-5604\" src=\"\/\/www.bjultrasonic.com\/wp-content\/uploads\/2013\/06\/54kHz-30W-Ultrasonic-Transducer-54kHz-30W-Ultrasonic-PCB-Generator-3.jpg\" alt=\"54kHz 30W Ultrasonic Transducer &amp; 54kHz 30W Ultrasonic PCB Generator (3)\" width=\"596\" height=\"330\" \/><\/a> <a href=\"https:\/\/www.bjultrasonic.com\/wp-content\/uploads\/2013\/06\/54kHz-30W-Ultrasonic-Transducer-54kHz-30W-Ultrasonic-PCB-Generator-2.jpg\"><img loading=\"lazy\" decoding=\"async\" class=\"alignnone  wp-image-5603\" src=\"\/\/www.bjultrasonic.com\/wp-content\/uploads\/2013\/06\/54kHz-30W-Ultrasonic-Transducer-54kHz-30W-Ultrasonic-PCB-Generator-2.jpg\" alt=\"54kHz 30W Ultrasonic Transducer &amp; 54kHz 30W Ultrasonic PCB Generator (2)\" width=\"600\" height=\"332\" \/><\/a> <a href=\"https:\/\/www.bjultrasonic.com\/wp-content\/uploads\/2013\/06\/54kHz-30W-Ultrasonic-Transducer-54kHz-30W-Ultrasonic-PCB-Generator-1.jpg\"><img loading=\"lazy\" decoding=\"async\" class=\"alignnone  wp-image-5602\" src=\"\/\/www.bjultrasonic.com\/wp-content\/uploads\/2013\/06\/54kHz-30W-Ultrasonic-Transducer-54kHz-30W-Ultrasonic-PCB-Generator-1.jpg\" alt=\"54kHz 30W Ultrasonic Transducer &amp; 54kHz 30W Ultrasonic PCB Generator (1)\" width=\"605\" height=\"305\" \/><\/a><\/p>\n","protected":false},"excerpt":{"rendered":"<p>Bal\u00edky vysoce kvalitn\u00edch [100-120V\/200-240V] <a href=\"https:\/\/www.bjultrasonic.com\/cs\/category\/ultrasonic-generator-cs\/ultrasonic-generator-circuits-cs\/\">ultrazvukov\u00fdch desek pohonu \u010di\u0161t\u011bn\u00ed<\/a> &amp; <a href=\"https:\/\/www.bjultrasonic.com\/cs\/category\/ultrasonic-transducer-cs\/\">ultrazvukov\u00fdch m\u011bni\u010d\u016f pro \u010di\u0161t\u011bn\u00ed<\/a>.<\/p>\n","protected":false},"featured_media":42290,"comment_status":"open","ping_status":"closed","template":"","meta":[],"product_brand":[],"product_cat":[6137],"product_tag":[],"class_list":{"0":"post-68008","1":"product","2":"type-product","3":"status-publish","4":"has-post-thumbnail","6":"product_cat-100-120v-200-240v-ultrasonic-generator-transducer-cs","8":"first","9":"instock","10":"shipping-taxable","11":"purchasable","12":"product-type-simple","13":"prodpage-classic"},"aioseo_notices":[],"_links":{"self":[{"href":"https:\/\/www.bjultrasonic.com\/cs\/wp-json\/wp\/v2\/product\/68008","targetHints":{"allow":["GET"]}}],"collection":[{"href":"https:\/\/www.bjultrasonic.com\/cs\/wp-json\/wp\/v2\/product"}],"about":[{"href":"https:\/\/www.bjultrasonic.com\/cs\/wp-json\/wp\/v2\/types\/product"}],"replies":[{"embeddable":true,"href":"https:\/\/www.bjultrasonic.com\/cs\/wp-json\/wp\/v2\/comments?post=68008"}],"wp:featuredmedia":[{"embeddable":true,"href":"https:\/\/www.bjultrasonic.com\/cs\/wp-json\/wp\/v2\/media\/42290"}],"wp:attachment":[{"href":"https:\/\/www.bjultrasonic.com\/cs\/wp-json\/wp\/v2\/media?parent=68008"}],"wp:term":[{"taxonomy":"product_brand","embeddable":true,"href":"https:\/\/www.bjultrasonic.com\/cs\/wp-json\/wp\/v2\/product_brand?post=68008"},{"taxonomy":"product_cat","embeddable":true,"href":"https:\/\/www.bjultrasonic.com\/cs\/wp-json\/wp\/v2\/product_cat?post=68008"},{"taxonomy":"product_tag","embeddable":true,"href":"https:\/\/www.bjultrasonic.com\/cs\/wp-json\/wp\/v2\/product_tag?post=68008"}],"curies":[{"name":"wp","href":"https:\/\/api.w.org\/{rel}","templated":true}]}}