{"id":68108,"date":"2013-05-20T09:25:31","date_gmt":"2013-05-20T14:25:31","guid":{"rendered":"https:\/\/www.bjultrasonic.com\/shop\/200-240v-40khz-60w-ultrasonic-transducer-40khz-120w-ultrasonic-generator\/"},"modified":"2026-03-28T20:32:40","modified_gmt":"2026-03-29T01:32:40","slug":"200-240v-40khz-60w-ultrasonic-transducer-40khz-120w-ultrasonic-generator","status":"publish","type":"product","link":"https:\/\/www.bjultrasonic.com\/cs\/shop\/200-240v-40khz-60w-ultrasonic-transducer-40khz-120w-ultrasonic-generator\/","title":{"rendered":"[200-240V] 40kHz 60W ultrazvukov\u00fd m\u011bni\u010d &#038; 40kHz 120W piezoelektrick\u00fd m\u011bni\u010d obvod ovlada\u010de"},"content":{"rendered":"<p><strong>Pozn\u00e1mka: P\u0159i zad\u00e1n\u00ed objedn\u00e1vky.<\/strong><\/p>\n<ol>\n<li>Pros\u00edm, uve\u010fte zpr\u00e1vu o p\u0159esn\u00e9m nap\u011b\u0165ov\u00e9m standardu<\/li>\n<li>Pros\u00edm, poskytn\u011bte n\u00e1m p\u0159esnou dodac\u00ed adresu a kontaktn\u00ed telefonn\u00ed \u010d\u00edslo.<\/li>\n<li>Pros\u00edm, informujte n\u00e1s, zda chcete, abychom na celnici deklarovali n\u00edzkou hodnotu.<\/li>\n<li>Pros\u00edm, zanechte n\u00e1m platnou e-mailovou adresu. Jakmile zbo\u017e\u00ed ode\u0161leme, za\u0161leme v\u00e1m sledovac\u00ed \u010d\u00edslo e-mailem.<\/li>\n<\/ol>\n<p><strong>Specifikace:<\/strong><\/p>\n<table class=\"table table-striped table-bordered\">\n<tbody>\n<tr>\n<td colspan=\"2\" width=\"568\">Jeden 40kHz 120W ultrazvukov\u00fd gener\u00e1tor na desce s plo\u0161n\u00fdmi spoji <strong>poh\u00e1n\u00ed<\/strong> 2 ks 40kHz 60W ultrazvukov\u00fdch m\u011bni\u010d\u016f<\/td>\n<\/tr>\n<tr>\n<td colspan=\"2\" width=\"568\">Ultrazvukov\u00fd m\u011bni\u010d:<\/td>\n<\/tr>\n<tr>\n<td width=\"163\">Frekvence<\/td>\n<td width=\"405\">40kHz \u00b11 kHz<\/td>\n<\/tr>\n<tr>\n<td width=\"163\">V\u00fdkon<\/td>\n<td width=\"405\">60W<\/td>\n<\/tr>\n<tr>\n<td width=\"163\">Kapacita<\/td>\n<td width=\"405\">5400pF (PZT4)<\/td>\n<\/tr>\n<tr>\n<td width=\"163\">Vyza\u0159ovac\u00ed plocha<\/td>\n<td width=\"405\">48mm<\/td>\n<\/tr>\n<tr>\n<td width=\"163\">Rezonan\u010dn\u00ed odpor<\/td>\n<td width=\"405\">10-20 \u03a9<\/td>\n<\/tr>\n<tr>\n<td width=\"163\">Velikost piezokeramiky<\/td>\n<td width=\"405\">38*15*5 mm<\/td>\n<\/tr>\n<tr>\n<td width=\"163\">D\u00e9lka<\/td>\n<td width=\"405\">56mm<\/td>\n<\/tr>\n<tr>\n<td colspan=\"2\" width=\"568\">Ultrazvukov\u00fd gener\u00e1tor na desce s plo\u0161n\u00fdmi spoji<\/td>\n<\/tr>\n<tr>\n<td width=\"163\">Nap\u00e1jen\u00ed<\/td>\n<td width=\"405\">Vstup: 200V-240V<\/td>\n<\/tr>\n<tr>\n<td width=\"163\">Frekvence<\/td>\n<td width=\"405\">40kHz \u00b11 kHz<\/td>\n<\/tr>\n<tr>\n<td width=\"163\">V\u00fdkon<\/td>\n<td width=\"405\">120W<\/td>\n<\/tr>\n<tr>\n<td width=\"163\">Kapacita<\/td>\n<td width=\"405\">5400pF (PZT4)<\/td>\n<\/tr>\n<tr>\n<td width=\"163\">Rozm\u011bry<\/td>\n<td width=\"405\">52cm*34.5cm*17cm (d\u00e9lka*\u0161\u00ed\u0159ka*v\u00fd\u0161ka)<\/td>\n<\/tr>\n<tr>\n<td colspan=\"2\" width=\"568\">Celkov\u00e1 hmotnost (brutto): 2kg<\/td>\n<\/tr>\n<\/tbody>\n<\/table>\n<p><strong>N\u00e1sleduj\u00edc\u00ed obr\u00e1zky ukazuj\u00ed, jak je propojit.<\/strong><\/p>\n<p><a href=\"https:\/\/www.bjultrasonic.com\/wp-content\/uploads\/2013\/05\/Connection-Method-200V-240V-Ultrasonic-Transducer-Ultrasonic-Generator-1.jpg\"><img loading=\"lazy\" decoding=\"async\" class=\"alignnone wp-image-5581\" src=\"\/\/www.bjultrasonic.com\/wp-content\/uploads\/2013\/05\/Connection-Method-200V-240V-Ultrasonic-Transducer-Ultrasonic-Generator-1.jpg\" alt=\"200V 240V Ultrazvukov\u00fd m\u011bni\u010d &amp; Ultrazvukov\u00fd gener\u00e1tor (1)\" width=\"588\" height=\"373\" \/><\/a><\/p>\n<p><a href=\"https:\/\/www.bjultrasonic.com\/wp-content\/uploads\/2013\/05\/Connection-Method-200V-240V-Ultrasonic-Transducer-Ultrasonic-Generator-2.jpg\"><img loading=\"lazy\" decoding=\"async\" class=\"alignnone wp-image-5582\" src=\"\/\/www.bjultrasonic.com\/wp-content\/uploads\/2013\/05\/Connection-Method-200V-240V-Ultrasonic-Transducer-Ultrasonic-Generator-2.jpg\" alt=\"200V 240V Ultrazvukov\u00fd m\u011bni\u010d &amp; Ultrazvukov\u00fd gener\u00e1tor (2)\" width=\"592\" height=\"344\" \/><\/a><\/p>\n<p><a href=\"https:\/\/www.bjultrasonic.com\/wp-content\/uploads\/2013\/05\/Connection-Method-200V-240V-Ultrasonic-Transducer-Ultrasonic-Generator-3.jpg\"><img loading=\"lazy\" decoding=\"async\" class=\"alignnone wp-image-5583\" src=\"\/\/www.bjultrasonic.com\/wp-content\/uploads\/2013\/05\/Connection-Method-200V-240V-Ultrasonic-Transducer-Ultrasonic-Generator-3.jpg\" alt=\"200V 240V Ultrazvukov\u00fd m\u011bni\u010d &amp; Ultrazvukov\u00fd gener\u00e1tor (3)\" width=\"591\" height=\"388\" \/><\/a><\/p>\n","protected":false},"excerpt":{"rendered":"<p>Svazky vysoce kvalitn\u00edch 200-240V <a href=\"https:\/\/www.bjultrasonic.com\/cs\/category\/ultrasonic-generator-cs\/ultrasonic-generator-circuits-cs\/\">ultrazvukov\u00fdch desek nap\u00e1jec\u00edho ovlada\u010de pro \u010disti\u010de<\/a> &amp; <a href=\"https:\/\/www.bjultrasonic.com\/cs\/category\/ultrasonic-transducer-cs\/\">ultrazvukov\u00fdch \u010distic\u00edch m\u011bni\u010d\u016f<\/a>.<\/p>\n","protected":false},"featured_media":5582,"comment_status":"open","ping_status":"closed","template":"","meta":[],"product_brand":[],"product_cat":[6170],"product_tag":[],"class_list":{"0":"post-68108","1":"product","2":"type-product","3":"status-publish","4":"has-post-thumbnail","6":"product_cat-200-240v-ultrasonic-generator-transducer-cs","8":"first","9":"instock","10":"shipping-taxable","11":"purchasable","12":"product-type-simple","13":"prodpage-classic"},"aioseo_notices":[],"_links":{"self":[{"href":"https:\/\/www.bjultrasonic.com\/cs\/wp-json\/wp\/v2\/product\/68108","targetHints":{"allow":["GET"]}}],"collection":[{"href":"https:\/\/www.bjultrasonic.com\/cs\/wp-json\/wp\/v2\/product"}],"about":[{"href":"https:\/\/www.bjultrasonic.com\/cs\/wp-json\/wp\/v2\/types\/product"}],"replies":[{"embeddable":true,"href":"https:\/\/www.bjultrasonic.com\/cs\/wp-json\/wp\/v2\/comments?post=68108"}],"wp:featuredmedia":[{"embeddable":true,"href":"https:\/\/www.bjultrasonic.com\/cs\/wp-json\/wp\/v2\/media\/5582"}],"wp:attachment":[{"href":"https:\/\/www.bjultrasonic.com\/cs\/wp-json\/wp\/v2\/media?parent=68108"}],"wp:term":[{"taxonomy":"product_brand","embeddable":true,"href":"https:\/\/www.bjultrasonic.com\/cs\/wp-json\/wp\/v2\/product_brand?post=68108"},{"taxonomy":"product_cat","embeddable":true,"href":"https:\/\/www.bjultrasonic.com\/cs\/wp-json\/wp\/v2\/product_cat?post=68108"},{"taxonomy":"product_tag","embeddable":true,"href":"https:\/\/www.bjultrasonic.com\/cs\/wp-json\/wp\/v2\/product_tag?post=68108"}],"curies":[{"name":"wp","href":"https:\/\/api.w.org\/{rel}","templated":true}]}}