{"id":68328,"date":"2013-05-14T17:09:47","date_gmt":"2013-05-14T22:09:47","guid":{"rendered":"https:\/\/www.bjultrasonic.com\/shop\/ultrasonic-horn\/"},"modified":"2026-03-28T20:30:24","modified_gmt":"2026-03-29T01:30:24","slug":"ultrasonic-horn","status":"publish","type":"product","link":"https:\/\/www.bjultrasonic.com\/cs\/shop\/ultrasonic-horn\/","title":{"rendered":"Sva\u0159ovac\u00ed sonotroda"},"content":{"rendered":"<p>Ultrazvukov\u00e9 sva\u0159ovac\u00ed ty\u010de \/ Ultrazvukov\u00e9 sonotrody \/ Ultrazvukov\u00e9 sva\u0159ovac\u00ed formy jsou \u0161iroce pou\u017e\u00edv\u00e1ny v <a href=\"https:\/\/www.bjultrasonic.com\/cs\/shop\/ultrasonic-welding-machine\/\">ultrazvukov\u00fdch sva\u0159ovac\u00edch stroj\u00edch<\/a>. Jsou kl\u00ed\u010dov\u00e9 pro sva\u0159ov\u00e1n\u00ed r\u016fzn\u00fdch plastov\u00fdch v\u00fdrobk\u016f, kovov\u00fdch v\u00fdrobk\u016f nebo textiln\u00edch v\u00fdrobk\u016f. Mezit\u00edm, Ultrazvukov\u00fd sva\u0159ovac\u00ed stroj je ultrazvukov\u00fd sva\u0159ova\u010d navr\u017een\u00fd pro sva\u0159ov\u00e1n\u00ed r\u016fzn\u00fdch plast\u016f (ABS, PVC, PP, PE, PC, PS, HDPE, LDPE, PET, PMMA, Acetal, atd.) a textili\u00ed (Polyester, netkan\u00e9 textilie, Nylon, atd.). M\u016f\u017eeme vyr\u00e1b\u011bt ocelov\u00e9 a titanov\u00e9 sva\u0159ovac\u00ed hlavy a hroty v jak\u00e9koli frekvenci a mohou b\u00fdt p\u0159izp\u016fsobeny produkt\u016fm jin\u00fdch spole\u010dnost\u00ed. M\u016f\u017eeme poskytnout p\u0159izp\u016fsoben\u00e9 formy podle va\u0161ich po\u017eadavk\u016f.<\/p>\n<p><img loading=\"lazy\" decoding=\"async\" class=\"alignnone size-full wp-image-24647\" src=\"https:\/\/www.bjultrasonic.com\/wp-content\/uploads\/2013\/05\/Ultrasonic-Welding-Horn-4.jpg\" alt=\"Ultrazvukov\u00e1 sva\u0159ovac\u00ed ty\u010d (4)\" width=\"559\" height=\"578\" \/><\/p>\n<h3>Na\u0161e v\u00fdhody<\/h3>\n<ul>\n<li>R\u016fzn\u00e9 specifikace pro r\u016fzn\u00e9 typy ultrazvukov\u00fdch sva\u0159ovac\u00edch za\u0159\u00edzen\u00ed.<\/li>\n<li>Vy\u0161\u0161\u00ed p\u0159esnost sva\u0159ov\u00e1n\u00ed<\/li>\n<li>Lep\u0161\u00ed u\u017eivatelsk\u00fd z\u00e1\u017eitek<\/li>\n<li>Stabiln\u00ed v\u00fdkon<\/li>\n<li>Vy\u0161\u0161\u00ed v\u00fdrobn\u00ed kapacita<\/li>\n<li>Efektivn\u00ed a stabiln\u00ed, dlouh\u00e1 z\u00e1ruka a rychl\u00e9 dod\u00e1n\u00ed<\/li>\n<\/ul>\n<p>&nbsp;<\/p>\n<p><iframe loading=\"lazy\" title=\"Ultrasonic Welding Machine for Face Mask Manufacturing\" width=\"500\" height=\"375\" src=\"https:\/\/www.youtube.com\/embed\/6luA2gpAZdU?feature=oembed\" frameborder=\"0\" allow=\"accelerometer; autoplay; clipboard-write; encrypted-media; gyroscope; picture-in-picture; web-share\" referrerpolicy=\"strict-origin-when-cross-origin\" allowfullscreen><\/iframe><\/p>\n<p><iframe loading=\"lazy\" title=\"Ultrasonic Plastic Welder | Ultrasonic Plastic Welding\" width=\"500\" height=\"281\" src=\"https:\/\/www.youtube.com\/embed\/3H2GRdGeOGM?feature=oembed\" frameborder=\"0\" allow=\"accelerometer; autoplay; clipboard-write; encrypted-media; gyroscope; picture-in-picture; web-share\" referrerpolicy=\"strict-origin-when-cross-origin\" allowfullscreen><\/iframe><\/p>\n<h3>Principy ultrazvukov\u00e9ho obr\u00e1b\u011bn\u00ed<\/h3>\n<p>Ultrazvukov\u00e9 obr\u00e1b\u011bn\u00ed je technika obr\u00e1b\u011bn\u00ed vyu\u017e\u00edvaj\u00edc\u00ed abrazivn\u00ed suspenzi dod\u00e1vanou do prostoru mezi obrobek a n\u00e1stroj vibruj\u00edc\u00ed na ultrazvukov\u00e9 frekvenci. Za\u0159\u00edzen\u00ed pro ultrazvukov\u00e9 obr\u00e1b\u011bn\u00ed se skl\u00e1d\u00e1 z <a href=\"https:\/\/www.bjultrasonic.com\/cs\/shop\/ultrasonic-welding-generator\/\" target=\"_blank\" rel=\"noopener noreferrer\">gener\u00e1toru ultrazvukov\u00e9ho sva\u0159ov\u00e1n\u00ed<\/a>, <a href=\"https:\/\/www.bjultrasonic.com\/cs\/category\/ultrasonic-transducer-cs\/\" target=\"_blank\" rel=\"noopener noreferrer\">ultrazvukov\u00fdch m\u011bni\u010d\u016f<\/a> a <strong>ultrazvukov\u00fdch ty\u010d\u00ed<\/strong>.<\/p>\n<p><img loading=\"lazy\" decoding=\"async\" class=\"size-full wp-image-1577 alignnone\" title=\"Principy ultrazvukov\u00e9ho obr\u00e1b\u011bn\u00ed\" src=\"\/\/www.bjultrasonic.com\/wp-content\/uploads\/2013\/05\/Principles-of-Ultrasonic-Machining.jpg\" alt=\"Principy ultrazvukov\u00e9ho obr\u00e1b\u011bn\u00ed\" width=\"650\" height=\"371\" \/><\/p>\n<h3>Platba<\/h3>\n<p>P\u0159ij\u00edm\u00e1me Paypal, T\/T a Western Union.<\/p>\n<h3 class=\"shipping-methods\">Doprava<\/h3>\n<p>Zbo\u017e\u00ed bude odesl\u00e1no do 48 hodin po obdr\u017een\u00ed pln\u00e9 platby.<\/p>\n<ul>\n<li>Zbo\u017e\u00ed odes\u00edl\u00e1me na adresu uvedenou v platb\u011b PayPal. Ujist\u011bte se pros\u00edm, \u017ee adresa v PayPal je spr\u00e1vn\u00e1.<\/li>\n<li>po odesl\u00e1n\u00ed zbo\u017e\u00ed v\u00e1m poskytneme sledovac\u00ed \u010d\u00edslo, obecn\u011b zbo\u017e\u00ed obdr\u017e\u00edte do p\u011bti dn\u016f.<\/li>\n<li>Pokud m\u00e1te jak\u00e9koli dotazy, kontaktujte n\u00e1s pros\u00edm e-mailem (na\u0161e e-mailov\u00e1 adresa je <a href=\"mailto:support@bjultrasonic.com\">support@bjultrasonic.com<\/a>)<\/li>\n<\/ul>\n<h3 align=\"left\">Z\u00e1ruka na produkt<\/h3>\n<p>Z\u00e1ru\u010dn\u00ed doba produktu je jeden rok, v r\u00e1mci z\u00e1ru\u010dn\u00ed doby zakoupen\u00e9 produkty mohou vyu\u017e\u00edvat bezplatnou \u00fadr\u017ebu nebo v\u00fdm\u011bnu.<\/p>\n","protected":false},"excerpt":{"rendered":"<p>Ultrazvukov\u00e1 sva\u0159ovac\u00ed hlava (zn\u00e1m\u00e1 tak\u00e9 jako akustick\u00e1 hlava, sonotroda, akustick\u00fd vlnovod, ultrazvukov\u00e1 sonda) je zu\u017euj\u00edc\u00ed se kovov\u00e1 ty\u010d, kter\u00e1 se obvykle pou\u017e\u00edv\u00e1 pro <strong>zv\u011bt\u0161en\u00ed amplitudy oscila\u010dn\u00edho posuvu<\/strong> p\u0159i <strong>ultrazvukov\u00e9m sva\u0159ov\u00e1n\u00ed<\/strong> a <strong>ultrazvukov\u00e9m obr\u00e1b\u011bn\u00ed<\/strong>.<\/p>\n<p>M\u016f\u017eeme p\u0159izp\u016fsobit ultrazvukov\u00e9 hlavy r\u016fzn\u00fdch velikost\u00ed a frekvenc\u00ed podle po\u017eadavk\u016f.<\/p>\n","protected":false},"featured_media":42269,"comment_status":"open","ping_status":"closed","template":"","meta":[],"product_brand":[],"product_cat":[5616],"product_tag":[],"class_list":{"0":"post-68328","1":"product","2":"type-product","3":"status-publish","4":"has-post-thumbnail","6":"product_cat-ultrasonic-welding-equipment-cs","8":"first","9":"instock","10":"shipping-taxable","11":"product-type-external","12":"prodpage-classic"},"aioseo_notices":[],"_links":{"self":[{"href":"https:\/\/www.bjultrasonic.com\/cs\/wp-json\/wp\/v2\/product\/68328","targetHints":{"allow":["GET"]}}],"collection":[{"href":"https:\/\/www.bjultrasonic.com\/cs\/wp-json\/wp\/v2\/product"}],"about":[{"href":"https:\/\/www.bjultrasonic.com\/cs\/wp-json\/wp\/v2\/types\/product"}],"replies":[{"embeddable":true,"href":"https:\/\/www.bjultrasonic.com\/cs\/wp-json\/wp\/v2\/comments?post=68328"}],"wp:featuredmedia":[{"embeddable":true,"href":"https:\/\/www.bjultrasonic.com\/cs\/wp-json\/wp\/v2\/media\/42269"}],"wp:attachment":[{"href":"https:\/\/www.bjultrasonic.com\/cs\/wp-json\/wp\/v2\/media?parent=68328"}],"wp:term":[{"taxonomy":"product_brand","embeddable":true,"href":"https:\/\/www.bjultrasonic.com\/cs\/wp-json\/wp\/v2\/product_brand?post=68328"},{"taxonomy":"product_cat","embeddable":true,"href":"https:\/\/www.bjultrasonic.com\/cs\/wp-json\/wp\/v2\/product_cat?post=68328"},{"taxonomy":"product_tag","embeddable":true,"href":"https:\/\/www.bjultrasonic.com\/cs\/wp-json\/wp\/v2\/product_tag?post=68328"}],"curies":[{"name":"wp","href":"https:\/\/api.w.org\/{rel}","templated":true}]}}