{"id":68348,"date":"2013-05-14T02:32:29","date_gmt":"2013-05-14T07:32:29","guid":{"rendered":"https:\/\/www.bjultrasonic.com\/shop\/ultrasonic-welding-generator\/"},"modified":"2026-03-28T20:30:23","modified_gmt":"2026-03-29T01:30:23","slug":"ultrasonic-welding-generator","status":"publish","type":"product","link":"https:\/\/www.bjultrasonic.com\/cs\/shop\/ultrasonic-welding-generator\/","title":{"rendered":"Gener\u00e1tor pro ultrazvukov\u00e9 sva\u0159ov\u00e1n\u00ed"},"content":{"rendered":"<p><iframe loading=\"lazy\" title=\"Ultrasonic Welding Generator\" width=\"500\" height=\"281\" src=\"https:\/\/www.youtube.com\/embed\/AieAouAI6i4?feature=oembed\" frameborder=\"0\" allow=\"accelerometer; autoplay; clipboard-write; encrypted-media; gyroscope; picture-in-picture; web-share\" referrerpolicy=\"strict-origin-when-cross-origin\" allowfullscreen><\/iframe><\/p>\n<p><iframe loading=\"lazy\" title=\"Ultrasonic Welding Machine for Face Mask Manufacturing\" width=\"500\" height=\"375\" src=\"https:\/\/www.youtube.com\/embed\/6luA2gpAZdU?feature=oembed\" frameborder=\"0\" allow=\"accelerometer; autoplay; clipboard-write; encrypted-media; gyroscope; picture-in-picture; web-share\" referrerpolicy=\"strict-origin-when-cross-origin\" allowfullscreen><\/iframe><\/p>\n<p><strong>Ultrazvukov\u00fd sv\u00e1\u0159e\u010dsk\u00fd gener\u00e1tor<\/strong> je pou\u017e\u00edv\u00e1n u \u0159ady kvalitn\u00edch v\u00fdrobk\u016f, nap\u0159\u00edklad <strong>termoplastick\u00fdch sv\u00e1\u0159ec\u00edch stroj\u016f, bodov\u00fdch sv\u00e1\u0159e\u010dek, stroj\u016f na mozaiku mezi d\u00edly z kovu a plastu, ultrazvukov\u00fdch stroj\u016f, ultrazvukov\u00fdch brusek a ultrazvukov\u00fdch plastov\u00fdch procesor\u016f.<\/strong><\/p>\n<h3>Specifikace ultrazvukov\u00e9ho sv\u00e1\u0159e\u010dsk\u00e9ho gener\u00e1toru<\/h3>\n<table class=\"table table-striped table-bordered\">\n<tbody>\n<tr>\n<td valign=\"top\" width=\"194\">Standardn\u00ed v\u00fdstupn\u00ed v\u00fdkon<\/td>\n<td valign=\"top\" width=\"420\">500W, 1000W, 1400W, 1800W, 2200W, 2600W<\/td>\n<\/tr>\n<tr>\n<td valign=\"top\" width=\"194\">Vstupn\u00ed nap\u011bt\u00ed<\/td>\n<td valign=\"top\" width=\"420\">220V ~ 230Vac \u00b110% \/ 110V ~ 130Vac \u00b110%<\/td>\n<\/tr>\n<tr>\n<td valign=\"top\" width=\"194\">Pracovn\u00ed frekvence<\/td>\n<td valign=\"top\" width=\"420\">15KHz, 20KHz, 30KHz, 35KHz, 38KHz<\/td>\n<\/tr>\n<tr>\n<td valign=\"top\" width=\"194\">Indikace<\/td>\n<td valign=\"top\" width=\"420\">\n<ul>\n<li>Indikace ztr\u00e1ty amplitudy v\u00fdkonu. Indikace p\u0159et\u00ed\u017een\u00ed amplitudy.<\/li>\n<li>Indikace zapnut\u00ed\/vypnut\u00ed nap\u00e1jen\u00ed.<\/li>\n<\/ul>\n<\/td>\n<\/tr>\n<tr>\n<td valign=\"top\" width=\"194\">Ochrana proti p\u0159et\u00ed\u017een\u00ed<\/td>\n<td valign=\"top\" width=\"420\">\n<ul>\n<li>Tepeln\u00e9 p\u0159et\u00ed\u017een\u00ed<\/li>\n<li>P\u0159et\u00ed\u017een\u00ed proudu<\/li>\n<li>P\u0159ep\u011bt\u00ed<\/li>\n<\/ul>\n<\/td>\n<\/tr>\n<tr>\n<td valign=\"top\" width=\"194\">Nastaven\u00ed ovl\u00e1d\u00e1n\u00ed<\/td>\n<td valign=\"top\" width=\"420\">\n<ul>\n<li>Digit\u00e1ln\u00ed \u010dasova\u010d pro \u0159\u00edzen\u00ed \u010dasu sva\u0159ov\u00e1n\u00ed. Digit\u00e1ln\u00ed \u010dasova\u010d pro \u0159\u00edzen\u00ed \u010dasu p\u0159idr\u017een\u00ed.<\/li>\n<li>Digit\u00e1ln\u00ed \u010dasova\u010d pro \u0159\u00edzen\u00ed zpo\u017e\u010fovac\u00edho \u010dasu. Tla\u010d\u00edtko kontroly frekvence.<\/li>\n<li>Regula\u010dn\u00ed knofl\u00edk pro lad\u011bn\u00ed frekvence.<\/li>\n<\/ul>\n<\/td>\n<\/tr>\n<tr>\n<td valign=\"top\" width=\"194\">Provozn\u00ed teplota<\/td>\n<td valign=\"top\" width=\"420\">0 ~ 50\u2103<\/td>\n<\/tr>\n<tr>\n<td valign=\"top\" width=\"194\">Provozn\u00ed vlhkost<\/td>\n<td valign=\"top\" width=\"420\">0 ~ 80%<\/td>\n<\/tr>\n<tr>\n<td valign=\"top\" width=\"194\">Hmotnost<\/td>\n<td valign=\"top\" width=\"420\">32 kg<\/td>\n<\/tr>\n<\/tbody>\n<\/table>\n<p><img loading=\"lazy\" decoding=\"async\" class=\"alignnone size-full wp-image-5271\" src=\"\/\/www.bjultrasonic.com\/wp-content\/uploads\/2013\/05\/Ultrasonic-Welding-Generator1.jpg\" alt=\"Ultrazvukov\u00fd sv\u00e1\u0159e\u010dsk\u00fd gener\u00e1tor\" width=\"558\" height=\"334\" \/><\/p>\n<p>Jednou ze zn\u00e1m\u00fdch technik na pr\u016fmyslov\u00e9 \u00farovni je ultrazvukov\u00e9 sva\u0159ov\u00e1n\u00ed, p\u0159i kter\u00e9m se na kusy materi\u00e1lu, kter\u00e9 je t\u0159eba spojit dohromady nebo t\u011bsn\u011b, p\u016fsob\u00ed vysokofrekven\u010dn\u00ed vibrace pod vysok\u00fdm tlakem. T\u00edmto zp\u016fsobem se vytvo\u0159\u00ed nov\u00fd svar. Tato metoda se pou\u017e\u00edv\u00e1 pro plasty a materi\u00e1ly odli\u0161n\u00e9 povahy. V t\u00e9to modern\u00ed technice nejsou k sva\u0159ov\u00e1n\u00ed d\u00edl\u016f pot\u0159eba matice, \u0161rouby nebo p\u00e1jec\u00ed materi\u00e1ly.<\/p>\n<p><iframe loading=\"lazy\" title=\"Ultrasonic Metal Welding - Beijing Ultrasonic\" width=\"500\" height=\"281\" src=\"https:\/\/www.youtube.com\/embed\/vjeLMI_nqdA?feature=oembed\" frameborder=\"0\" allow=\"accelerometer; autoplay; clipboard-write; encrypted-media; gyroscope; picture-in-picture; web-share\" referrerpolicy=\"strict-origin-when-cross-origin\" allowfullscreen><\/iframe><\/p>\n<p>Dovednost ultrazvukov\u00e9ho sva\u0159ov\u00e1n\u00ed je \u0161iroce pou\u017e\u00edv\u00e1na v r\u016fzn\u00fdch oblastech. Jedno z hlavn\u00edch vyu\u017eit\u00ed je sva\u0159ov\u00e1n\u00ed termoplast\u016f v potravin\u00e1\u0159sk\u00e9m, textiln\u00edm, chemick\u00e9m, ropn\u00e9m a vod\u00e1rensk\u00e9m pr\u016fmyslu. M\u00e1 tak\u00e9 \u0161irok\u00e9 vyu\u017eit\u00ed p\u0159i zpracov\u00e1n\u00ed odpadu materi\u00e1l\u016f a p\u0159i sva\u0159ov\u00e1n\u00ed a vrt\u00e1n\u00ed kov\u016f. Ultrazvukov\u00e1 energetick\u00e1 za\u0159\u00edzen\u00ed se tak\u00e9 pou\u017e\u00edvaj\u00ed v m\u011bni\u010d\u00edch. V dne\u0161n\u00ed dob\u011b byly vylep\u0161eny n\u00e1vrhy obvod\u016f, byly vyvinuty nov\u00e9 topologie a ultrazvukov\u00e1 energetick\u00e1 za\u0159\u00edzen\u00ed jsou spolehliv\u011bj\u0161\u00ed. Zlep\u0161ila se p\u0159izp\u016fsobivost z\u00e1t\u011b\u017ee a tak\u00e9 konzistence produkt\u016f je lep\u0161\u00ed. Energetick\u00e1 \u00fa\u010dinnost je tak\u00e9 nezapomenuteln\u00fdm miln\u00edkem spolu se zmen\u0161en\u00edm objemu spot\u0159ebi\u010d\u016f. Tak\u00e9 bylo dosa\u017eeno automatick\u00e9ho skenov\u00e1n\u00ed, detekce a sledov\u00e1n\u00ed frekvence. Ochrana a detekce poruch je tak\u00e9 automatizov\u00e1na. Bylo tak\u00e9 umo\u017en\u011bno nastaven\u00ed v\u00fdkonu a impedance. Byl vyvinut tak\u00e9 dialog \u010dlov\u011bk-stroj, softwarov\u00e9 aktualizace a dal\u0161\u00ed funkce.<\/p>\n<h3>Principy ultrazvukov\u00e9ho sva\u0159ov\u00e1n\u00ed<\/h3>\n<p><img loading=\"lazy\" decoding=\"async\" class=\"size-full wp-image-1578 alignnone\" title=\"Principy ultrazvukov\u00e9ho sva\u0159ov\u00e1n\u00ed\" src=\"\/\/www.bjultrasonic.com\/wp-content\/uploads\/2012\/08\/Principles-of-Ultrasonic-Welding.jpg\" alt=\"Principy ultrazvukov\u00e9ho sva\u0159ov\u00e1n\u00ed\" width=\"573\" height=\"266\" \/><\/p>\n<p><strong>Za\u0159\u00edzen\u00ed pro ultrazvukov\u00e9 sva\u0159ov\u00e1n\u00ed<\/strong> se skl\u00e1d\u00e1 z lisu, <strong>ultrazvukov\u00e9ho sv\u00e1\u0159e\u010dsk\u00e9ho gener\u00e1toru<\/strong>, <a href=\"https:\/\/www.bjultrasonic.com\/cs\/shop\/ultrasonic-welding-transducer\/\" target=\"_blank\" rel=\"noopener\">ultrazvukov\u00e9ho sv\u00e1\u0159e\u010dsk\u00e9ho m\u011bni\u010de<\/a>, <a href=\"https:\/\/www.bjultrasonic.com\/cs\/shop\/ultrasonic-horn\/\" target=\"_blank\" rel=\"noopener\">ultrazvukov\u00e9ho rohu<\/a> a podp\u016frn\u00e9ho p\u0159\u00edpravku pro komponenty a zesilova\u010de.<\/p>\n<h3>Vlastnosti ultrazvukov\u00e9ho sv\u00e1\u0159e\u010dsk\u00e9ho gener\u00e1toru:<\/h3>\n<ul>\n<li>Automatick\u00e9 sledov\u00e1n\u00ed frekvence (k dispozici je tak\u00e9 ru\u010dn\u00ed nastaven\u00ed)<\/li>\n<li>Dvojit\u00e1 ochrann\u00e1 funkce proti nadm\u011brn\u00e9mu zat\u00ed\u017een\u00ed s poruchou m\u011bni\u010de.<\/li>\n<li>V\u00fdstupn\u00ed v\u00fdkon se p\u0159izp\u016fsobuje podle z\u00e1t\u011b\u017ee<\/li>\n<li>Jsou tak\u00e9 implementov\u00e1ny m\u011bni\u010de s r\u016fzn\u00fdmi parametry<\/li>\n<li>Dvojit\u00e9 maz\u00e1n\u00ed a vertik\u00e1ln\u00ed uspo\u0159\u00e1d\u00e1n\u00ed<\/li>\n<\/ul>\n<h3>Platba<\/h3>\n<p>Nyn\u00ed p\u0159ij\u00edm\u00e1me Paypal, bankovn\u00ed p\u0159evod (T\/T) a Western Union.<\/p>\n<h3 class=\"shipping-methods\">Doprava<\/h3>\n<p>Zbo\u017e\u00ed bude odesl\u00e1no do 48 hodin po obdr\u017een\u00ed cel\u00e9 platby.<\/p>\n<ul>\n<li>Zbo\u017e\u00ed zas\u00edl\u00e1me na adresu uvedenou v platb\u011b PayPal. Ujist\u011bte se pros\u00edm, \u017ee adresa v PayPal je spr\u00e1vn\u00e1.<\/li>\n<li>Po odesl\u00e1n\u00ed zbo\u017e\u00ed v\u00e1m poskytneme sledovac\u00ed \u010d\u00edslo, obecn\u011b zbo\u017e\u00ed obdr\u017e\u00edte do p\u011bti dn\u016f.<\/li>\n<li>Pokud m\u00e1te jak\u00e9koli dotazy, pros\u00edm kontaktujte n\u00e1s e-mailem (na\u0161e e-mailov\u00e1 adresa je <a href=\"mailto:support@bjultrasonic.com\">support@bjultrasonic.com<\/a>)<\/li>\n<\/ul>\n<h3 align=\"left\">Z\u00e1ruka na produkt<\/h3>\n<p>Z\u00e1ru\u010dn\u00ed doba produktu je jeden rok. B\u011bhem z\u00e1ru\u010dn\u00ed doby lze zakoupen\u00e9 produkty bezplatn\u011b opravit nebo vym\u011bnit.<\/p>\n","protected":false},"excerpt":{"rendered":"<p>Ultrazvukov\u00fd sv\u00e1\u0159e\u010dsk\u00fd gener\u00e1tor je pou\u017e\u00edv\u00e1n u \u0159ady kvalitn\u00edch v\u00fdrobk\u016f, nap\u0159\u00edklad termoplastick\u00fdch sv\u00e1\u0159ec\u00edch stroj\u016f, bodov\u00fdch sv\u00e1\u0159e\u010dek, stroj\u016f na mozaiku mezi d\u00edly z kovu a plastu, ultrazvukov\u00fdch stroj\u016f, ultrazvukov\u00fdch brusek a ultrazvukov\u00fdch plastov\u00fdch procesor\u016f. Specifikace ultrazvukov\u00e9ho sv\u00e1\u0159e\u010dsk\u00e9ho gener\u00e1toru Standardn\u00ed v\u00fdstupn\u00ed v\u00fdkon 500W, 1000W, 1400W, 1800W, 2200W, 2600W Vstupn\u00ed nap\u011bt\u00ed 220V ~ 230Vac \u00b110% \/ 110V ~ 130Vac<\/p>\n","protected":false},"featured_media":42271,"comment_status":"open","ping_status":"closed","template":"","meta":[],"product_brand":[],"product_cat":[5616],"product_tag":[],"class_list":{"0":"post-68348","1":"product","2":"type-product","3":"status-publish","4":"has-post-thumbnail","6":"product_cat-ultrasonic-welding-equipment-cs","8":"first","9":"instock","10":"shipping-taxable","11":"product-type-external","12":"prodpage-classic"},"aioseo_notices":[],"_links":{"self":[{"href":"https:\/\/www.bjultrasonic.com\/cs\/wp-json\/wp\/v2\/product\/68348","targetHints":{"allow":["GET"]}}],"collection":[{"href":"https:\/\/www.bjultrasonic.com\/cs\/wp-json\/wp\/v2\/product"}],"about":[{"href":"https:\/\/www.bjultrasonic.com\/cs\/wp-json\/wp\/v2\/types\/product"}],"replies":[{"embeddable":true,"href":"https:\/\/www.bjultrasonic.com\/cs\/wp-json\/wp\/v2\/comments?post=68348"}],"wp:featuredmedia":[{"embeddable":true,"href":"https:\/\/www.bjultrasonic.com\/cs\/wp-json\/wp\/v2\/media\/42271"}],"wp:attachment":[{"href":"https:\/\/www.bjultrasonic.com\/cs\/wp-json\/wp\/v2\/media?parent=68348"}],"wp:term":[{"taxonomy":"product_brand","embeddable":true,"href":"https:\/\/www.bjultrasonic.com\/cs\/wp-json\/wp\/v2\/product_brand?post=68348"},{"taxonomy":"product_cat","embeddable":true,"href":"https:\/\/www.bjultrasonic.com\/cs\/wp-json\/wp\/v2\/product_cat?post=68348"},{"taxonomy":"product_tag","embeddable":true,"href":"https:\/\/www.bjultrasonic.com\/cs\/wp-json\/wp\/v2\/product_tag?post=68348"}],"curies":[{"name":"wp","href":"https:\/\/api.w.org\/{rel}","templated":true}]}}