{"id":68788,"date":"2013-03-27T01:21:38","date_gmt":"2013-03-27T06:21:38","guid":{"rendered":"https:\/\/www.bjultrasonic.com\/shop\/5pcs-703010-piezoceramic-rings\/"},"modified":"2026-03-28T20:26:19","modified_gmt":"2026-03-29T01:26:19","slug":"5pcs-703010-piezoceramic-rings","status":"publish","type":"product","link":"https:\/\/www.bjultrasonic.com\/cs\/shop\/5pcs-703010-piezoceramic-rings\/","title":{"rendered":"10 ks Piezokeramick\u00fdch Krou\u017ek\u016f 70*30*10"},"content":{"rendered":"<p><iframe loading=\"lazy\" title=\"Piezoelectric Ceramics | Piezoceramics\" width=\"500\" height=\"281\" src=\"https:\/\/www.youtube.com\/embed\/1Z8-9WdJKhQ?feature=oembed\" frameborder=\"0\" allow=\"accelerometer; autoplay; clipboard-write; encrypted-media; gyroscope; picture-in-picture; web-share\" referrerpolicy=\"strict-origin-when-cross-origin\" allowfullscreen><\/iframe><\/p>\n<h3>M\u016f\u017eeme p\u0159izp\u016fsobit r\u016fzn\u00e9 piezoelektrick\u00e9 keramiky dle po\u017eadavk\u016f.<\/h3>\n<p>Materi\u00e1l piezoelektrick\u00e9 keramiky: PZT8<\/p>\n<h2>Specifikace 5 ks piezoelektrick\u00fdch keramick\u00fdch krou\u017ek\u016f 70*30*10<\/h2>\n<table class=\"table table-striped table-bordered\"   id=\"wp-table-reloaded-id-51-no-1\">\n<tbody>\n<tr>\n<td>Rozm\u011br (vn\u011bj\u0161\u00ed pr\u016fm\u011br * vnit\u0159n\u00ed pr\u016fm\u011br * v\u00fd\u0161ka)<\/td>\n<td>70*30*10<\/td>\n<\/tr>\n<tr>\n<td>Kapacita (pF)<\/td>\n<td>2640\u00b110%<\/td>\n<\/tr>\n<tr>\n<td>Radi\u00e1ln\u00ed frekvence fr (kHz)<\/td>\n<td>24.5\u00b15%<\/td>\n<\/tr>\n<tr>\n<td>Impedance rezonance zm<\/td>\n<td>\u226415<\/td>\n<\/tr>\n<tr>\n<td>\u010cinitel dielektrick\u00fdch ztr\u00e1t tan\u03b4 (%)<\/td>\n<td>0.3<\/td>\n<\/tr>\n<tr>\n<td>Vazebn\u00ed modul Kr (%)<\/td>\n<td>\u226555<\/td>\n<\/tr>\n<tr>\n<td>\u010cinitel jakosti (Qm)<\/td>\n<td>\u2265800<\/td>\n<\/tr>\n<tr>\n<td>Hmotnost 5 ks<\/td>\n<td>2 kg<\/td>\n<\/tr>\n<\/tbody>\n<\/table>\n<h3>Aplikace piezokeramiky:<\/h3>\n<ul>\n<li>Ultrazvukov\u00fd senzor<\/li>\n<li>Ultrazvukov\u00fd m\u011bni\u010d<\/li>\n<li>L\u00e9ka\u0159sk\u00fd senzor<\/li>\n<li>Vibra\u010dn\u00ed senzor<\/li>\n<li>Tlakov\u00fd senzor<\/li>\n<li>Kompresn\u00ed senzor a dal\u0161\u00ed<\/li>\n<\/ul>\n<h3>Vyu\u017eit\u00ed piezoelektrick\u00e9ho keramick\u00e9ho krou\u017eku pro v\u00fdrobu elekt\u0159iny<\/h3>\n<p><iframe loading=\"lazy\" title=\"Piezoelectric Ceramics\" src=\"https:\/\/player.vimeo.com\/video\/48632857?dnt=1&amp;app_id=122963\" width=\"500\" height=\"333\" frameborder=\"0\" allow=\"autoplay; fullscreen; picture-in-picture; clipboard-write; encrypted-media\"><\/iframe><\/p>\n<p><strong>Upozorn\u011bn\u00ed: Pokud nenajdete vhodnou velikost pro sv\u016fj po\u017eadavek, po\u0161lete n\u00e1m e-mail a my v\u00e1m porad\u00edme.<\/strong><\/p>\n<h3>Platba<\/h3>\n<p>P\u0159ij\u00edm\u00e1me platby p\u0159es PayPal, bankovn\u00edm p\u0159evodem (T\/T) a Western Union.<\/p>\n<h3 class=\"shipping-methods\">Doprava<\/h3>\n<p>Zbo\u017e\u00ed bude odesl\u00e1no do 48 hodin po obdr\u017een\u00ed pln\u00e9 platby.<\/p>\n<ul>\n<li>Zbo\u017e\u00ed zas\u00edl\u00e1me na adresu uvedenou v platb\u011b PayPal. Ujist\u011bte se pros\u00edm, \u017ee adresa v PayPal je spr\u00e1vn\u00e1.<\/li>\n<li>Po odesl\u00e1n\u00ed zbo\u017e\u00ed v\u00e1m poskytneme sledovac\u00ed \u010d\u00edslo, obvykle zbo\u017e\u00ed obdr\u017e\u00edte do p\u011bti dn\u016f.<\/li>\n<li>M\u00e1te-li jak\u00e9koli dotazy, kontaktujte n\u00e1s pros\u00edm e-mailem (na\u0161e e-mailov\u00e1 adresa je <a href=\"mailto:support@bjultrasonic.com\">support@bjultrasonic.com<\/a>)<\/li>\n<\/ul>\n<h3 align=\"left\">Z\u00e1ruka na produkt<\/h3>\n<p>Z\u00e1ru\u010dn\u00ed doba produktu je jeden rok. B\u011bhem z\u00e1ru\u010dn\u00ed doby zakoupen\u00e9 produkty po\u017e\u00edvaj\u00ed bezplatn\u00e9 opravy nebo v\u00fdm\u011bny.<\/p>\n","protected":false},"excerpt":{"rendered":"<p><a href=\"https:\/\/www.bjultrasonic.com\/cs\/category\/piezoelectric-ceramic-cs\/ring-piezoelectric-ceramics-cs\/\">Piezoelektrick\u00fd keramick\u00fd krou\u017eek<\/a> (piezokeramick\u00fd krou\u017eek) vyr\u00e1b\u011bn\u00fd spole\u010dnost\u00ed Beijing Ultrasonic \u2013 profesion\u00e1ln\u00ed <a href=\"https:\/\/www.bjultrasonic.com\/cs\/category\/piezoelectric-ceramic-cs\/\">dodavatel a v\u00fdrobce piezoelektrick\u00e9 keramiky<\/a>.<\/p>\n","protected":false},"featured_media":23765,"comment_status":"open","ping_status":"closed","template":"","meta":[],"product_brand":[],"product_cat":[5739,5640],"product_tag":[],"class_list":{"0":"post-68788","1":"product","2":"type-product","3":"status-publish","4":"has-post-thumbnail","6":"product_cat-ring-piezoelectric-ceramics-cs","7":"product_cat-piezoelectric-ceramic-cs","9":"first","10":"instock","11":"shipping-taxable","12":"purchasable","13":"product-type-simple","14":"prodpage-classic"},"aioseo_notices":[],"_links":{"self":[{"href":"https:\/\/www.bjultrasonic.com\/cs\/wp-json\/wp\/v2\/product\/68788","targetHints":{"allow":["GET"]}}],"collection":[{"href":"https:\/\/www.bjultrasonic.com\/cs\/wp-json\/wp\/v2\/product"}],"about":[{"href":"https:\/\/www.bjultrasonic.com\/cs\/wp-json\/wp\/v2\/types\/product"}],"replies":[{"embeddable":true,"href":"https:\/\/www.bjultrasonic.com\/cs\/wp-json\/wp\/v2\/comments?post=68788"}],"wp:featuredmedia":[{"embeddable":true,"href":"https:\/\/www.bjultrasonic.com\/cs\/wp-json\/wp\/v2\/media\/23765"}],"wp:attachment":[{"href":"https:\/\/www.bjultrasonic.com\/cs\/wp-json\/wp\/v2\/media?parent=68788"}],"wp:term":[{"taxonomy":"product_brand","embeddable":true,"href":"https:\/\/www.bjultrasonic.com\/cs\/wp-json\/wp\/v2\/product_brand?post=68788"},{"taxonomy":"product_cat","embeddable":true,"href":"https:\/\/www.bjultrasonic.com\/cs\/wp-json\/wp\/v2\/product_cat?post=68788"},{"taxonomy":"product_tag","embeddable":true,"href":"https:\/\/www.bjultrasonic.com\/cs\/wp-json\/wp\/v2\/product_tag?post=68788"}],"curies":[{"name":"wp","href":"https:\/\/api.w.org\/{rel}","templated":true}]}}