{"id":68828,"date":"2013-02-18T00:25:16","date_gmt":"2013-02-18T05:25:16","guid":{"rendered":"https:\/\/www.bjultrasonic.com\/shop\/ultrasonic-atomizing-transducer-bja-5000\/"},"modified":"2026-03-28T20:25:52","modified_gmt":"2026-03-29T01:25:52","slug":"ultrasonic-atomizing-transducer-bja-5000","status":"publish","type":"product","link":"https:\/\/www.bjultrasonic.com\/cs\/shop\/ultrasonic-atomizing-transducer-bja-5000\/","title":{"rendered":"5000ML Ml\u017en\u00e1 Vodn\u00ed Font\u00e1na Ultrazvukov\u00fd Chladn\u00fd Ml\u017en\u00fd Zvlh\u010dova\u010d"},"content":{"rendered":"<h3>Video<\/h3>\n<p><iframe loading=\"lazy\" title=\"Ultrasonic Humidifier Atomizer Mist Maker Fogger - Beijing Ultrasonic\" width=\"500\" height=\"281\" src=\"https:\/\/www.youtube.com\/embed\/TJi9qvlk9cs?start=12&#038;feature=oembed\" frameborder=\"0\" allow=\"accelerometer; autoplay; clipboard-write; encrypted-media; gyroscope; picture-in-picture; web-share\" referrerpolicy=\"strict-origin-when-cross-origin\" allowfullscreen><\/iframe><\/p>\n<p><iframe loading=\"lazy\" title=\"5000ML Fog Water Fountain Ultrasonic Cool Mist Humidifier\" width=\"500\" height=\"281\" src=\"https:\/\/www.youtube.com\/embed\/qY8wP05nnpc?feature=oembed\" frameborder=\"0\" allow=\"accelerometer; autoplay; clipboard-write; encrypted-media; gyroscope; picture-in-picture; web-share\" referrerpolicy=\"strict-origin-when-cross-origin\" allowfullscreen><\/iframe><\/p>\n<table class=\"table table-striped table-bordered\">\n<tbody>\n<tr>\n<td width=\"284\">Typ<\/td>\n<td width=\"284\">BJA5000<\/td>\n<\/tr>\n<tr>\n<td width=\"284\">Mno\u017estv\u00ed rozpra\u0161ov\u00e1n\u00ed<\/td>\n<td width=\"284\">&gt;5000ML<\/td>\n<\/tr>\n<tr>\n<td width=\"284\">Rozm\u011bry<\/td>\n<td width=\"284\">252*92*67mm (d\u00e9lka*\u0161\u00ed\u0159ka*v\u00fd\u0161ka)<\/td>\n<\/tr>\n<tr>\n<td width=\"284\">Pracovn\u00ed frekvence<\/td>\n<td width=\"284\">1700\u00b150(KHZ)<\/td>\n<\/tr>\n<tr>\n<td width=\"284\">Pr\u016fm\u011br piezokeramiky<\/td>\n<td width=\"284\">20mm<\/td>\n<\/tr>\n<tr>\n<td width=\"284\">Pracovn\u00ed teplota<\/td>\n<td width=\"284\">5\uff5e45\u2103<\/td>\n<\/tr>\n<tr>\n<td width=\"284\">Ochrana proti p\u0159eh\u0159\u00e1t\u00ed<\/td>\n<td width=\"284\">50\u2103<\/td>\n<\/tr>\n<tr>\n<td width=\"284\">Hladina vody<\/td>\n<td width=\"284\">40mm-80mm<\/p>\n<p>Optim\u00e1ln\u00ed hladina: 65mm<\/td>\n<\/tr>\n<tr>\n<td width=\"284\">Pracovn\u00ed nap\u011bt\u00ed<\/td>\n<td width=\"284\">48V DC<\/td>\n<\/tr>\n<tr>\n<td width=\"284\">V\u00fdkon:<\/td>\n<td width=\"284\">350W<\/td>\n<\/tr>\n<tr>\n<td width=\"284\">Proud<\/td>\n<td width=\"284\">4.6-5A<\/td>\n<\/tr>\n<tr>\n<td width=\"284\">Materi\u00e1l<\/td>\n<td width=\"284\">nerezov\u00e1 ocel<\/td>\n<\/tr>\n<tr>\n<td width=\"284\">Kabel<\/td>\n<td width=\"284\">D\u00e9lka 1.4m<\/td>\n<\/tr>\n<tr>\n<td width=\"284\">Nap\u011bt\u00ed<\/td>\n<td width=\"284\">220v\/50hz\u00a0 230v\/50hz<\/p>\n<p>120v\/60hz\u00a0\u00a0 110v\/60hz<\/td>\n<\/tr>\n<\/tbody>\n<\/table>\n<h3>Hlavn\u00ed funkce<\/h3>\n<ul>\n<li>Rozpra\u0161ovac\u00ed hlava zvlh\u010dova\u010de je hermeticky uzav\u0159en\u00e1 a m\u00e1 dobr\u00e9 vlastnosti odvodu tepla.<\/li>\n<li>Obvod m\u00e1 stabiln\u00ed proud a tlak, ochranu proti p\u0159eh\u0159\u00e1t\u00ed, ochranu proti nedostatku vody, je provedeno odhlu\u010dn\u011bn\u00ed.<\/li>\n<li>Tich\u00fd design produktu, vysok\u00e1 vlhkost mlhy, vysok\u00fd v\u00fdkon.<\/li>\n<li>Pln\u011b uzav\u0159en\u00fd design s vysokou odolnost\u00ed proti vod\u011b a prachu, co\u017e je velmi v\u00fdhodn\u00e9 pro kontrolu p\u0159ed v\u00fdrobou zvlh\u010dova\u010de.<\/li>\n<li>Vestav\u011bn\u00fd teplotn\u00ed ochrann\u00fd sp\u00edna\u010d zaji\u0161\u0165uje bezpe\u010dn\u00fd a spolehliv\u00fd provoz. Pevn\u00e1 konstrukce a snadn\u00e1 instalace.<\/li>\n<li>Design proti tvorb\u011b vodn\u00edho kamene, u\u017eivatel\u00e9 mohou snadno vym\u011bnit rozpra\u0161ovac\u00ed piezokeramiku.<\/li>\n<li>Cel\u00e9 pouzdro z nerezov\u00e9 oceli, poniklovan\u00e9, dobr\u00e9 odv\u00e1d\u011bn\u00ed tepla.<\/li>\n<li>Vestav\u011bn\u00e1 funkce ochrany proti nedostatku vody.<\/li>\n<li>Vhodn\u00e9 pro pr\u016fmyslov\u00e9 zvlh\u010dov\u00e1n\u00ed, zem\u011bd\u011blstv\u00ed, krajinn\u00e9 ml\u017een\u00ed atd.<\/li>\n<\/ul>\n<h3>\u010casto kladen\u00e9 ot\u00e1zky<\/h3>\n<p><strong>1. M\u016f\u017eeme upravit mno\u017estv\u00ed rozpra\u0161ov\u00e1n\u00ed?<\/strong><\/p>\n<p>Ne, lze jej m\u011bnit pouze pomoc\u00ed hladiny vody.<\/p>\n<p><strong>2. M\u016f\u017eeme vypnout LED (pokud ji m\u00e1)?<\/strong><\/p>\n<p>Ne. Pro vnit\u0159n\u00ed pou\u017eit\u00ed je lep\u0161\u00ed zvolit ultrazvukov\u00fd rozpra\u0161ova\u010d bez LED.<\/p>\n<p><strong>3. M\u00e1 n\u011bjak\u00fd hluk?<\/strong><\/p>\n<p>Ne. V\u011bt\u0161ina <a href=\"https:\/\/www.bjultrasonic.com\/cs\/category\/ultrasonic-atomizer-cs\/\">ultrazvukov\u00fdch zvlh\u010dova\u010d\u016f<\/a> m\u00e1 tendenci pracovat ti\u0161eji ne\u017e jin\u00e9 modely. Je to proto, \u017ee nemaj\u00ed ventil\u00e1tor, jak\u00fd obvykle maj\u00ed v\u00fdparn\u00e9 zvlh\u010dova\u010de. To udr\u017euje n\u00edzkou hladinu hluku.<\/p>\n<p><strong>4. Bude prot\u00e9kat elekt\u0159ina?<\/strong><\/p>\n<p>Princip ultrazvukov\u00e9ho rozpra\u0161ova\u010de spo\u010d\u00edv\u00e1 v tom, \u017ee ultrazvukov\u00e9 vibrace vytv\u00e1\u0159ej\u00ed mlhu. B\u011bhem provozu se rozpra\u0161ova\u010de nedot\u00fdkejte rukou, m\u016f\u017eete m\u00edt pocit brn\u011bn\u00ed, ale nejde o elekt\u0159inu.<\/p>\n<h3>Obecn\u00e1 doporu\u010den\u00ed<\/h3>\n<ol>\n<li>Po zapnut\u00ed nap\u00e1jen\u00ed rozpra\u0161ova\u010d nep\u0159ekl\u00e1p\u011bjte vzh\u016fru nohama, mohlo by to rozpra\u0161ova\u010d po\u0161kodit.<\/li>\n<li>Nepou\u017e\u00edvejte jej dlouhodob\u011b nebo d\u00e9le ne\u017e 10 hodin.<\/li>\n<li>B\u011bhem provozu rozpra\u0161ova\u010de se nedot\u00fdkejte rozpra\u0161ovac\u00ed desky.<\/li>\n<li>Zajist\u011bte kvalitu vody. Pou\u017e\u00edvejte \u010distou vodovodn\u00ed vodu. (zhor\u0161en\u00ed kvality vody ovlivn\u00ed \u017eivotnost)<\/li>\n<li>P\u0159ed p\u0159esunem nebo opravou vypn\u011bte nap\u00e1jen\u00ed.<\/li>\n<li>Rozpra\u0161ovan\u00e9 <a href=\"https:\/\/www.bjultrasonic.com\/cs\/category\/piezoelectric-ceramic-cs\/\">piezokeramiky<\/a> pat\u0159\u00ed k spot\u0159ebn\u00edmu materi\u00e1lu, jeho\u017e \u017eivotnost je v\u00edce ne\u017e 3600 hodin. Pokud se schopnost rozpra\u0161ova\u010de vytv\u00e1\u0159et mlhu v\u00fdrazn\u011b sn\u00ed\u017e\u00ed, vy\u010dist\u011bte rozpra\u0161ovanou piezokeramiku (bez jak\u00e9hokoli detergentu) vatov\u00fdm tamponem, abyste ji udr\u017eeli \u010distou. Pokud je mno\u017estv\u00ed rozpra\u0161ov\u00e1n\u00ed i po vy\u010di\u0161t\u011bn\u00ed mal\u00e9, vym\u011b\u0148te rozpra\u0161ovac\u00ed piezokeramiku. (doporu\u010dujeme zakoupit spolu s rozpra\u0161ovanou piezokeramikou)<\/li>\n<\/ol>\n<p><img loading=\"lazy\" decoding=\"async\" src=\"https:\/\/www.bjultrasonic.com\/wp-content\/uploads\/2018\/08\/Ultrasonic-Humidifier-with-LED.jpg\" alt=\"Ultrazvukov\u00fd zvlh\u010dova\u010d s LED\" width=\"670\" height=\"925\" \/><\/p>\n","protected":false},"excerpt":{"rendered":"<p><a href=\"https:\/\/www.bjultrasonic.com\/cs\/category\/ultrasonic-atomizer-cs\/\">Ultrazvukov\u00fd zvlh\u010dova\u010d<\/a> vyu\u017e\u00edv\u00e1 ultrazvukovou energii k p\u0159em\u011bn\u011b kapalin na \u010d\u00e1stice podobn\u00e9 oblaku. Ultrazvukov\u00fd zvlh\u010dova\u010d je tak\u00e9 zn\u00e1m\u00fd jako <a href=\"https:\/\/www.bjultrasonic.com\/cs\/shop\/ultrasonic-atomizing-transducer\/\">ultrazvukov\u00fd rozpra\u0161ova\u010d<\/a>, ultrazvukov\u00fd tv\u016frce mlhy, ultrazvukov\u00fd gener\u00e1tor mlhy.<\/p>\n","protected":false},"featured_media":19530,"comment_status":"open","ping_status":"closed","template":"","meta":[],"product_brand":[],"product_cat":[6194],"product_tag":[],"class_list":{"0":"post-68828","1":"product","2":"type-product","3":"status-publish","4":"has-post-thumbnail","6":"product_cat-ultrasonic-atomizer-cs","8":"first","9":"instock","10":"shipping-taxable","11":"purchasable","12":"product-type-simple","13":"prodpage-classic"},"aioseo_notices":[],"_links":{"self":[{"href":"https:\/\/www.bjultrasonic.com\/cs\/wp-json\/wp\/v2\/product\/68828","targetHints":{"allow":["GET"]}}],"collection":[{"href":"https:\/\/www.bjultrasonic.com\/cs\/wp-json\/wp\/v2\/product"}],"about":[{"href":"https:\/\/www.bjultrasonic.com\/cs\/wp-json\/wp\/v2\/types\/product"}],"replies":[{"embeddable":true,"href":"https:\/\/www.bjultrasonic.com\/cs\/wp-json\/wp\/v2\/comments?post=68828"}],"wp:featuredmedia":[{"embeddable":true,"href":"https:\/\/www.bjultrasonic.com\/cs\/wp-json\/wp\/v2\/media\/19530"}],"wp:attachment":[{"href":"https:\/\/www.bjultrasonic.com\/cs\/wp-json\/wp\/v2\/media?parent=68828"}],"wp:term":[{"taxonomy":"product_brand","embeddable":true,"href":"https:\/\/www.bjultrasonic.com\/cs\/wp-json\/wp\/v2\/product_brand?post=68828"},{"taxonomy":"product_cat","embeddable":true,"href":"https:\/\/www.bjultrasonic.com\/cs\/wp-json\/wp\/v2\/product_cat?post=68828"},{"taxonomy":"product_tag","embeddable":true,"href":"https:\/\/www.bjultrasonic.com\/cs\/wp-json\/wp\/v2\/product_tag?post=68828"}],"curies":[{"name":"wp","href":"https:\/\/api.w.org\/{rel}","templated":true}]}}