{"id":68888,"date":"2013-02-18T00:25:07","date_gmt":"2013-02-18T05:25:07","guid":{"rendered":"https:\/\/www.bjultrasonic.com\/shop\/ultrasonic-atomizing-transducer-bja-350\/"},"modified":"2026-03-28T20:25:20","modified_gmt":"2026-03-29T01:25:20","slug":"ultrasonic-atomizing-transducer-bja-350","status":"publish","type":"product","link":"https:\/\/www.bjultrasonic.com\/cs\/shop\/ultrasonic-atomizing-transducer-bja-350\/","title":{"rendered":"350ML Ultrazvukov\u00fd gener\u00e1tor mlhy Zvlh\u010dova\u010d bez LED"},"content":{"rendered":"<table class=\"table table-striped table-bordered\">\n<tbody>\n<tr>\n<td width=\"273\">Typ<\/td>\n<td width=\"273\">BJA350-0<\/td>\n<\/tr>\n<tr>\n<td width=\"273\">Mno\u017estv\u00ed rozpra\u0161ov\u00e1n\u00ed<\/td>\n<td width=\"273\">&gt;350 ml<\/td>\n<\/tr>\n<tr>\n<td width=\"273\">Rozm\u011bry<\/td>\n<td width=\"273\">pr\u016fm\u011br 45 mm, v\u00fd\u0161ka 35 mm<\/td>\n<\/tr>\n<tr>\n<td width=\"273\">Pracovn\u00ed frekvence<\/td>\n<td width=\"273\">1700 \u00b1 50 (kHz)<\/td>\n<\/tr>\n<tr>\n<td width=\"273\">Pracovn\u00ed teplota<\/td>\n<td width=\"273\">5 a\u017e 45 \u00b0C<\/td>\n<\/tr>\n<tr>\n<td width=\"273\">Hladina vody<\/td>\n<td width=\"273\">40\u201390 mm<\/td>\n<\/tr>\n<tr>\n<td width=\"273\">P\u0159\u00edkon:<\/td>\n<td width=\"273\">20 W<\/td>\n<\/tr>\n<tr>\n<td width=\"273\">LED<\/td>\n<td width=\"273\">0<\/td>\n<\/tr>\n<tr>\n<td width=\"273\">Senzor hladiny vody<\/td>\n<td width=\"273\">V\u00fd\u0161ka 12 mm<\/td>\n<\/tr>\n<tr>\n<td width=\"273\">Kabel<\/td>\n<td width=\"273\">\u010cern\u00fd PVC 3,8 mm, d\u00e9lka 1400 \u00b1 20 mm<\/td>\n<\/tr>\n<tr>\n<td width=\"273\">Pr\u016fm\u011br piezokeramiky<\/td>\n<td width=\"273\">20 mm<\/td>\n<\/tr>\n<tr>\n<td width=\"273\">Pracovn\u00ed nap\u011bt\u00ed<\/td>\n<td width=\"273\">24 V AC\/DC, 700 mA<\/td>\n<\/tr>\n<tr>\n<td width=\"273\">Konektor<\/td>\n<td width=\"273\">Z\u00e1suvka 5,5 \u00d7 2,5 mm<\/td>\n<\/tr>\n<\/tbody>\n<\/table>\n<h3>Video<\/h3>\n<p><iframe loading=\"lazy\" title=\"350ML Ultrasonic Mist Maker Fogger Humidifier Working Video\" width=\"500\" height=\"281\" src=\"https:\/\/www.youtube.com\/embed\/0lOOppw7CfI?feature=oembed\" frameborder=\"0\" allow=\"accelerometer; autoplay; clipboard-write; encrypted-media; gyroscope; picture-in-picture; web-share\" referrerpolicy=\"strict-origin-when-cross-origin\" allowfullscreen><\/iframe><\/p>\n<p><iframe loading=\"lazy\" title=\"350ML Ultrasonic Mist Maker Fogger Humidifier Without LED\" width=\"500\" height=\"281\" src=\"https:\/\/www.youtube.com\/embed\/iuCKwd_tImI?feature=oembed\" frameborder=\"0\" allow=\"accelerometer; autoplay; clipboard-write; encrypted-media; gyroscope; picture-in-picture; web-share\" referrerpolicy=\"strict-origin-when-cross-origin\" allowfullscreen><\/iframe><\/p>\n<p><iframe loading=\"lazy\" title=\"Ultrasonic Humidifier\" width=\"500\" height=\"281\" src=\"https:\/\/www.youtube.com\/embed\/videoseries?list=PLLrjMYkO0_NEpofnqW3MnsGQ-KMwpBJul\" frameborder=\"0\" allow=\"accelerometer; autoplay; clipboard-write; encrypted-media; gyroscope; picture-in-picture; web-share\" referrerpolicy=\"strict-origin-when-cross-origin\" allowfullscreen><\/iframe><\/p>\n<h3>\u010casto kladen\u00e9 ot\u00e1zky<\/h3>\n<p><strong>1. Lze upravit mno\u017estv\u00ed rozpra\u0161ov\u00e1n\u00ed?<\/strong><\/p>\n<p>Ne, lze m\u011bnit pouze hladinou vody.<\/p>\n<p><strong>2. Lze vypnout LED (pokud je k dispozici)?<\/strong><\/p>\n<p>Ne. Pro vnit\u0159n\u00ed pou\u017eit\u00ed je lep\u0161\u00ed zvolit ultrazvukov\u00fd rozpra\u0161ova\u010d bez LED.<\/p>\n<p><strong>3. Je hlu\u010dn\u00fd?<\/strong><\/p>\n<p>Ne. V\u011bt\u0161ina <a href=\"https:\/\/www.bjultrasonic.com\/cs\/category\/ultrasonic-atomizer-cs\/\">ultrazvukov\u00fdch zvlh\u010dova\u010d\u016f<\/a> m\u00e1 tendenci pracovat ti\u0161eji ne\u017e jin\u00e9 modely. Je to proto, \u017ee nemaj\u00ed ventil\u00e1tor, jak je obvykl\u00e9 u v\u00fdparn\u00fdch zvlh\u010dova\u010d\u016f. To udr\u017euje n\u00edzkou hladinu hluku.<\/p>\n<p><strong>4. Hroz\u00ed \u00fanik elekt\u0159iny?<\/strong><\/p>\n<p>Princip ultrazvukov\u00e9ho rozpra\u0161ova\u010de spo\u010d\u00edv\u00e1 v tom, \u017ee ultrazvukov\u00e9 vibrace vytv\u00e1\u0159ej\u00ed mlhu. B\u011bhem provozu se nedot\u00fdkejte rozpra\u0161ova\u010de rukou, m\u016f\u017eete c\u00edtit brn\u011bn\u00ed, ale nejde o elekt\u0159inu.<\/p>\n<h3>Obecn\u00e1 doporu\u010den\u00ed<\/h3>\n<ol>\n<li>Po zapnut\u00ed nap\u00e1jen\u00ed rozpra\u0161ova\u010d nep\u0159ekl\u00e1p\u011bjte, mohlo by doj\u00edt k jeho po\u0161kozen\u00ed.<\/li>\n<li>Nepou\u017e\u00edvejte jej dlouhodob\u011b nebo d\u00e9le ne\u017e 10 hodin.<\/li>\n<li>B\u011bhem provozu rozpra\u0161ova\u010de se nedot\u00fdkejte rozpra\u0161ovac\u00ed desky.<\/li>\n<li>Dbejte na kvalitu vody. Pou\u017e\u00edvejte \u010distou vodovodn\u00ed vodu. (zhor\u0161en\u00ed kvality vody ovlivn\u00ed \u017eivotnost)<\/li>\n<li>P\u0159ed p\u0159esunem nebo opravou odpojte nap\u00e1jen\u00ed.<\/li>\n<li>Rozpra\u0161ovan\u00e1 <a href=\"https:\/\/www.bjultrasonic.com\/cs\/category\/piezoelectric-ceramic-cs\/\">piezokeramika<\/a> pat\u0159\u00ed k spot\u0159ebn\u00edmu materi\u00e1lu s \u017eivotnost\u00ed v\u00edce ne\u017e 3600 hodin. Pokud se v\u00fdrazn\u011b sn\u00ed\u017e\u00ed schopnost rozpra\u0161ova\u010de vytv\u00e1\u0159et mlhu, vy\u010dist\u011bte rozpra\u0161ovanou piezokeramiku (bez pou\u017eit\u00ed \u010distic\u00edch prost\u0159edk\u016f) vatov\u00fdm tamponem, aby z\u016fstala \u010dist\u00e1. Pokud je po vy\u010di\u0161t\u011bn\u00ed mno\u017estv\u00ed rozpra\u0161ov\u00e1n\u00ed st\u00e1le mal\u00e9, vym\u011b\u0148te rozpra\u0161ovac\u00ed piezokeramiku. (doporu\u010dujeme zakoupit spolu s rozpra\u0161ovac\u00ed piezokeramikou)<\/li>\n<\/ol>\n<p><img loading=\"lazy\" decoding=\"async\" src=\"https:\/\/www.bjultrasonic.com\/wp-content\/uploads\/2018\/08\/Ultrasonic-Humidifier-without-LED.jpg\" alt=\"Ultrazvukov\u00fd zvlh\u010dova\u010d bez LED\" width=\"670\" height=\"925\" \/><\/p>\n","protected":false},"excerpt":{"rendered":"<p><a href=\"https:\/\/www.bjultrasonic.com\/cs\/category\/ultrasonic-atomizer-cs\/\">Ultrazvukov\u00fd zvlh\u010dova\u010d<\/a> vyu\u017e\u00edv\u00e1 ultrazvukovou energii k p\u0159em\u011bn\u011b kapalin na \u010d\u00e1stice podobn\u00e9 oblaku. Ultrazvukov\u00fd zvlh\u010dova\u010d je tak\u00e9 zn\u00e1m\u00fd jako <a href=\"https:\/\/www.bjultrasonic.com\/cs\/shop\/ultrasonic-atomizing-transducer\/\">ultrazvukov\u00fd rozpra\u0161ova\u010d<\/a>, ultrazvukov\u00fd tv\u016frce mlhy, ultrazvukov\u00fd gener\u00e1tor mlhy.<\/p>\n","protected":false},"featured_media":19490,"comment_status":"open","ping_status":"closed","template":"","meta":[],"product_brand":[],"product_cat":[6194],"product_tag":[],"class_list":{"0":"post-68888","1":"product","2":"type-product","3":"status-publish","4":"has-post-thumbnail","6":"product_cat-ultrasonic-atomizer-cs","8":"first","9":"instock","10":"shipping-taxable","11":"purchasable","12":"product-type-simple","13":"prodpage-classic"},"aioseo_notices":[],"_links":{"self":[{"href":"https:\/\/www.bjultrasonic.com\/cs\/wp-json\/wp\/v2\/product\/68888","targetHints":{"allow":["GET"]}}],"collection":[{"href":"https:\/\/www.bjultrasonic.com\/cs\/wp-json\/wp\/v2\/product"}],"about":[{"href":"https:\/\/www.bjultrasonic.com\/cs\/wp-json\/wp\/v2\/types\/product"}],"replies":[{"embeddable":true,"href":"https:\/\/www.bjultrasonic.com\/cs\/wp-json\/wp\/v2\/comments?post=68888"}],"wp:featuredmedia":[{"embeddable":true,"href":"https:\/\/www.bjultrasonic.com\/cs\/wp-json\/wp\/v2\/media\/19490"}],"wp:attachment":[{"href":"https:\/\/www.bjultrasonic.com\/cs\/wp-json\/wp\/v2\/media?parent=68888"}],"wp:term":[{"taxonomy":"product_brand","embeddable":true,"href":"https:\/\/www.bjultrasonic.com\/cs\/wp-json\/wp\/v2\/product_brand?post=68888"},{"taxonomy":"product_cat","embeddable":true,"href":"https:\/\/www.bjultrasonic.com\/cs\/wp-json\/wp\/v2\/product_cat?post=68888"},{"taxonomy":"product_tag","embeddable":true,"href":"https:\/\/www.bjultrasonic.com\/cs\/wp-json\/wp\/v2\/product_tag?post=68888"}],"curies":[{"name":"wp","href":"https:\/\/api.w.org\/{rel}","templated":true}]}}