{"id":68988,"date":"2013-02-17T23:02:59","date_gmt":"2013-02-18T04:02:59","guid":{"rendered":"https:\/\/www.bjultrasonic.com\/shop\/biologics-ultrasonic-homogenizer-bjed-20250\/"},"modified":"2026-03-28T20:24:27","modified_gmt":"2026-03-29T01:24:27","slug":"biologics-ultrasonic-homogenizer-bjed-20250","status":"publish","type":"product","link":"https:\/\/www.bjultrasonic.com\/cs\/shop\/biologics-ultrasonic-homogenizer-bjed-20250\/","title":{"rendered":"Ultrazvukov\u00fd homogeniz\u00e1tor BJED-20250 pro disrupci bun\u011bk"},"content":{"rendered":"<table class=\"table table-striped table-bordered\" border=\"0\" cellspacing=\"0\" cellpadding=\"0\">\n<tbody>\n<tr>\n<td valign=\"top\" width=\"158\">TYP<\/td>\n<td valign=\"top\" width=\"145\">Frekvence (Khz)<\/td>\n<td valign=\"top\" width=\"136\">V\u00fdkon (W)<\/td>\n<td valign=\"top\" width=\"130\">Maloprodejn\u00ed cena (USD)<\/td>\n<\/tr>\n<tr>\n<td valign=\"top\" width=\"158\">BJED-20250<\/td>\n<td valign=\"top\" width=\"145\">20<\/td>\n<td valign=\"top\" width=\"136\">250<\/td>\n<td valign=\"top\" width=\"130\">$2050<\/td>\n<\/tr>\n<\/tbody>\n<\/table>\n<p>Pro p\u0159izp\u016fsoben\u00ed a OEM v\u00fdrobu ultrazvukov\u00e9ho homogeniz\u00e1toru Biologics nav\u0161tivte<\/p>\n<blockquote class=\"wp-embedded-content\" data-secret=\"1Qo26VxX1O\"><p><a href=\"https:\/\/www.bjultrasonic.com\/shop\/ultrasonic-cell-disruptor\/\">Ultrasonic Cell Disruptors &#038; Homogenizers<\/a><\/p><\/blockquote>\n<p><iframe loading=\"lazy\" class=\"wp-embedded-content\" sandbox=\"allow-scripts\" security=\"restricted\" style=\"position: absolute; visibility: hidden;\" title=\"&#8220;Ultrasonic Cell Disruptors &#038; Homogenizers&#8221; &#8212; Beijing Ultrasonic\" src=\"https:\/\/www.bjultrasonic.com\/shop\/ultrasonic-cell-disruptor\/embed\/#?secret=UOjd3keYYJ#?secret=1Qo26VxX1O\" data-secret=\"1Qo26VxX1O\" width=\"500\" height=\"282\" frameborder=\"0\" marginwidth=\"0\" marginheight=\"0\" scrolling=\"no\"><\/iframe><\/p>\n<p><strong>Typick\u00e9 pou\u017eit\u00ed ultrazvukov\u00e9ho homogeniz\u00e1toru Biologics<\/strong><\/p>\n<ul>\n<li>Pou\u017e\u00edv\u00e1 se k rozru\u0161en\u00ed mnoha druh\u016f \u017eivo\u010di\u0161n\u00fdch a rostlinn\u00fdch bun\u011bk, virov\u00fdch bun\u011bk.<\/li>\n<li>Emulgace, separace, taven\u00ed, ta\u017een\u00ed, potla\u010dov\u00e1n\u00ed m\u00e1\u010den\u00ed, myt\u00ed a urychlov\u00e1n\u00ed chemick\u00fdch reakc\u00ed atd.<\/li>\n<li>\u0160iroce pou\u017e\u00edv\u00e1n v oborech jako biochemie, mikrobiologie, l\u00e9ka\u0159sk\u00e1 chemie, povrchov\u00e1 chemie, fyzika, zoologie atd.<\/li>\n<\/ul>\n<p><iframe loading=\"lazy\" title=\"Ultrasonic Liquid Processor Systems Manufacturers &amp; Suppliers\" width=\"500\" height=\"281\" src=\"https:\/\/www.youtube.com\/embed\/D4drd2L5wrk?feature=oembed\" frameborder=\"0\" allow=\"accelerometer; autoplay; clipboard-write; encrypted-media; gyroscope; picture-in-picture; web-share\" referrerpolicy=\"strict-origin-when-cross-origin\" allowfullscreen><\/iframe><\/p>\n<p><iframe loading=\"lazy\" title=\"Ultrasonic Processor | Biologics Ultrasonic Homogenizer\" width=\"500\" height=\"375\" src=\"https:\/\/www.youtube.com\/embed\/T0snVNfFYIs?feature=oembed\" frameborder=\"0\" allow=\"accelerometer; autoplay; clipboard-write; encrypted-media; gyroscope; picture-in-picture; web-share\" referrerpolicy=\"strict-origin-when-cross-origin\" allowfullscreen><\/iframe><\/p>\n<p>&nbsp;<\/p>\n","protected":false},"excerpt":{"rendered":"<p><a href=\"https:\/\/www.bjultrasonic.com\/cs\/category\/ultrasonic-processors-cs\/cell-cs\/\">Ultrazvukov\u00e9 disruptory bun\u011bk<\/a> zlep\u0161uj\u00ed celkovou uniformitu a stabilitu sm\u011bs\u00ed t\u00edm, \u017ee sni\u017euj\u00ed velikost \u010d\u00e1stic v kapalin\u00e1ch. Ultrazvukov\u00e9 disruptory bun\u011bk jsou \u00fa\u010dinn\u00e9 pro \u0161t\u011bpen\u00ed DNA\/RNA, homogenizaci, l\u00fdzu bun\u011bk, disperzi nano\u010d\u00e1stic, extrakci protein\u016f a obecnou p\u0159\u00edpravu vzork\u016f.<\/p>\n","protected":false},"featured_media":5355,"comment_status":"open","ping_status":"closed","template":"","meta":[],"product_brand":[],"product_cat":[6287,6243],"product_tag":[],"class_list":{"0":"post-68988","1":"product","2":"type-product","3":"status-publish","4":"has-post-thumbnail","6":"product_cat-cell-cs","7":"product_cat-ultrasonic-processors-cs","9":"first","10":"instock","11":"shipping-taxable","12":"purchasable","13":"product-type-simple","14":"prodpage-classic"},"aioseo_notices":[],"_links":{"self":[{"href":"https:\/\/www.bjultrasonic.com\/cs\/wp-json\/wp\/v2\/product\/68988","targetHints":{"allow":["GET"]}}],"collection":[{"href":"https:\/\/www.bjultrasonic.com\/cs\/wp-json\/wp\/v2\/product"}],"about":[{"href":"https:\/\/www.bjultrasonic.com\/cs\/wp-json\/wp\/v2\/types\/product"}],"replies":[{"embeddable":true,"href":"https:\/\/www.bjultrasonic.com\/cs\/wp-json\/wp\/v2\/comments?post=68988"}],"wp:featuredmedia":[{"embeddable":true,"href":"https:\/\/www.bjultrasonic.com\/cs\/wp-json\/wp\/v2\/media\/5355"}],"wp:attachment":[{"href":"https:\/\/www.bjultrasonic.com\/cs\/wp-json\/wp\/v2\/media?parent=68988"}],"wp:term":[{"taxonomy":"product_brand","embeddable":true,"href":"https:\/\/www.bjultrasonic.com\/cs\/wp-json\/wp\/v2\/product_brand?post=68988"},{"taxonomy":"product_cat","embeddable":true,"href":"https:\/\/www.bjultrasonic.com\/cs\/wp-json\/wp\/v2\/product_cat?post=68988"},{"taxonomy":"product_tag","embeddable":true,"href":"https:\/\/www.bjultrasonic.com\/cs\/wp-json\/wp\/v2\/product_tag?post=68988"}],"curies":[{"name":"wp","href":"https:\/\/api.w.org\/{rel}","templated":true}]}}