{"id":69108,"date":"2013-02-16T03:03:49","date_gmt":"2013-02-16T08:03:49","guid":{"rendered":"https:\/\/www.bjultrasonic.com\/shop\/ultrasonic-biodiesel-reactor-bjr-1200\/"},"modified":"2026-03-28T20:23:32","modified_gmt":"2026-03-29T01:23:32","slug":"ultrasonic-biodiesel-reactor-bjr-1200","status":"publish","type":"product","link":"https:\/\/www.bjultrasonic.com\/cs\/shop\/ultrasonic-biodiesel-reactor-bjr-1200\/","title":{"rendered":"Ultrazvukov\u00fd bioreaktor na bionaftu BJR-1200"},"content":{"rendered":"<p>Pro vlastn\u00ed \u00fapravy ultrazvukov\u00fdch reaktor\u016f a OEM v\u00fdrobu nav\u0161tivte<\/p>\n<blockquote class=\"wp-embedded-content\" data-secret=\"m7roG6Ghjk\"><p><a href=\"https:\/\/www.bjultrasonic.com\/shop\/ultrasonic-biodiesel-reactor\/\">Ultrasonic Biodiesel Reactor<\/a><\/p><\/blockquote>\n<p><iframe loading=\"lazy\" class=\"wp-embedded-content\" sandbox=\"allow-scripts\" security=\"restricted\" style=\"position: absolute; visibility: hidden;\" title=\"&#8220;Ultrasonic Biodiesel Reactor&#8221; &#8212; Beijing Ultrasonic\" src=\"https:\/\/www.bjultrasonic.com\/shop\/ultrasonic-biodiesel-reactor\/embed\/#?secret=8sTjX6li3E#?secret=m7roG6Ghjk\" data-secret=\"m7roG6Ghjk\" width=\"500\" height=\"282\" frameborder=\"0\" marginwidth=\"0\" marginheight=\"0\" scrolling=\"no\"><\/iframe><\/p>\n<p>Maloobchodn\u00ed cena za <strong>Ultrazvukov\u00fd reaktor pro bionaftu BJR-1200<\/strong> zahrnuje <strong>Ultrazvukov\u00fd reaktor<\/strong> a <strong>Digit\u00e1ln\u00ed ultrazvukov\u00fd gener\u00e1tor.<\/strong><\/p>\n<table class=\"table table-striped table-bordered\" border=\"0\" cellspacing=\"0\" cellpadding=\"0\">\n<tbody>\n<tr>\n<td valign=\"top\" width=\"82\">Typ<\/td>\n<td valign=\"top\" width=\"81\">Frekvence<br \/>\n(KHz)<\/td>\n<td valign=\"top\" width=\"60\">V\u00fdkon<\/td>\n<td valign=\"top\" width=\"60\">Pr\u016fm\u011br<br \/>\n(mm)<\/td>\n<td valign=\"top\" width=\"63\">D\u00e9lka<br \/>\n(mm)<\/td>\n<td valign=\"top\" width=\"90\">Statick\u00e1 kapacita (pF\u00b110%)<\/td>\n<\/tr>\n<tr>\n<td valign=\"top\" width=\"82\">BJR-1200<\/td>\n<td valign=\"top\" width=\"81\">27<\/td>\n<td valign=\"top\" width=\"68\">1200<\/td>\n<td valign=\"top\" width=\"90\">\u03a673<\/td>\n<td valign=\"top\" width=\"63\">790<\/td>\n<td valign=\"top\" width=\"80\">68000<\/td>\n<\/tr>\n<\/tbody>\n<\/table>\n<p><img loading=\"lazy\" decoding=\"async\" class=\"alignnone size-full wp-image-5340\" src=\"\/\/www.bjultrasonic.com\/wp-content\/uploads\/2013\/02\/Ultrasonic-Reactor-and-Digital-Ultrasonic-Generator.jpg\" alt=\"Ultrazvukov\u00fd reaktor a digit\u00e1ln\u00ed ultrazvukov\u00fd gener\u00e1tor\" width=\"600\" height=\"400\" \/><\/p>\n<p>Ultrazvukov\u00fd reaktor pro bionaftu vyr\u00e1b\u00ed bionaftu v nejkrat\u0161\u00edm mo\u017en\u00e9m \u010dase a nejefektivn\u011bj\u0161\u00edm zp\u016fsobem. Ultrazvukov\u00e9 vlny p\u016fsob\u00ed na sm\u00ed\u0161en\u00e9 slo\u017eky, co\u017e zp\u016fsobuje vznik a implozi mnoha drobn\u00fdch bublin. Tomu se \u0159\u00edk\u00e1 kavitace. Kavitace sou\u010dasn\u011b m\u00edch\u00e1 a zah\u0159\u00edv\u00e1 sm\u011bs. Tyto dva procesy zp\u016fsobuj\u00ed transesterifikaci. Proto\u017ee ultrazvukov\u00fd reaktor pro bionaftu sou\u010dasn\u011b m\u00edch\u00e1 a zah\u0159\u00edv\u00e1 sm\u011bs, \u010das pot\u0159ebn\u00fd k v\u00fdrob\u011b bionafty je v\u00fdrazn\u011b zkr\u00e1cen. A tak m\u00edsto zpracov\u00e1n\u00ed sm\u011bs\u00ed po d\u00e1vk\u00e1ch, co\u017e trv\u00e1 spoustu \u010dasu, se sm\u011bsi zpracov\u00e1vaj\u00ed prost\u0159ednictv\u00edm inline transesterifikace.<\/p>\n<p><iframe loading=\"lazy\" title=\"Biodiesel Processor Kits - Beijing Ultrasonic\" width=\"500\" height=\"281\" src=\"https:\/\/www.youtube.com\/embed\/OpgcM3CcI90?feature=oembed\" frameborder=\"0\" allow=\"accelerometer; autoplay; clipboard-write; encrypted-media; gyroscope; picture-in-picture; web-share\" referrerpolicy=\"strict-origin-when-cross-origin\" allowfullscreen><\/iframe><\/p>\n<p>&nbsp;<\/p>\n","protected":false},"excerpt":{"rendered":"<p><a href=\"https:\/\/www.bjultrasonic.com\/cs\/category\/ultrasonic-processors-cs\/\">Ultrazvukov\u00e9 procesory<\/a> pro v\u00fdrobu bionafty. <a href=\"https:\/\/www.bjultrasonic.com\/cs\/category\/ultrasonic-processors-cs\/biodiesel-cs\/\">Ultrazvukov\u00fd reaktor pro bionaftu<\/a> produkuje bionaftu v nejkrat\u0161\u00edm mo\u017en\u00e9m \u010dase a nejefektivn\u011bj\u0161\u00edm zp\u016fsobem.<\/p>\n","protected":false},"featured_media":5341,"comment_status":"open","ping_status":"closed","template":"","meta":[],"product_brand":[],"product_cat":[6243,6273],"product_tag":[],"class_list":{"0":"post-69108","1":"product","2":"type-product","3":"status-publish","4":"has-post-thumbnail","6":"product_cat-ultrasonic-processors-cs","7":"product_cat-biodiesel-cs","9":"first","10":"instock","11":"featured","12":"shipping-taxable","13":"purchasable","14":"product-type-simple","15":"prodpage-classic"},"aioseo_notices":[],"_links":{"self":[{"href":"https:\/\/www.bjultrasonic.com\/cs\/wp-json\/wp\/v2\/product\/69108","targetHints":{"allow":["GET"]}}],"collection":[{"href":"https:\/\/www.bjultrasonic.com\/cs\/wp-json\/wp\/v2\/product"}],"about":[{"href":"https:\/\/www.bjultrasonic.com\/cs\/wp-json\/wp\/v2\/types\/product"}],"replies":[{"embeddable":true,"href":"https:\/\/www.bjultrasonic.com\/cs\/wp-json\/wp\/v2\/comments?post=69108"}],"wp:featuredmedia":[{"embeddable":true,"href":"https:\/\/www.bjultrasonic.com\/cs\/wp-json\/wp\/v2\/media\/5341"}],"wp:attachment":[{"href":"https:\/\/www.bjultrasonic.com\/cs\/wp-json\/wp\/v2\/media?parent=69108"}],"wp:term":[{"taxonomy":"product_brand","embeddable":true,"href":"https:\/\/www.bjultrasonic.com\/cs\/wp-json\/wp\/v2\/product_brand?post=69108"},{"taxonomy":"product_cat","embeddable":true,"href":"https:\/\/www.bjultrasonic.com\/cs\/wp-json\/wp\/v2\/product_cat?post=69108"},{"taxonomy":"product_tag","embeddable":true,"href":"https:\/\/www.bjultrasonic.com\/cs\/wp-json\/wp\/v2\/product_tag?post=69108"}],"curies":[{"name":"wp","href":"https:\/\/api.w.org\/{rel}","templated":true}]}}