{"id":69208,"date":"2013-01-24T23:12:58","date_gmt":"2013-01-25T04:12:58","guid":{"rendered":"https:\/\/www.bjultrasonic.com\/shop\/adjustable-power-ultrasonic-cleaner-58l\/"},"modified":"2026-03-28T20:22:35","modified_gmt":"2026-03-29T01:22:35","slug":"adjustable-power-ultrasonic-cleaner-58l","status":"publish","type":"product","link":"https:\/\/www.bjultrasonic.com\/cs\/shop\/adjustable-power-ultrasonic-cleaner-58l\/","title":{"rendered":"58L V\u00fdkonov\u011b nastaviteln\u00fd digit\u00e1ln\u00ed ultrazvukov\u00fd \u010disti\u010d"},"content":{"rendered":"<table class=\"table table-striped table-bordered\">\n<tbody>\n<tr>\n<td width=\"284\">\n<p>Typ<\/p>\n<\/td>\n<td width=\"284\">\n<p>BJUCDPTH58<\/p>\n<\/td>\n<\/tr>\n<tr>\n<td width=\"284\">\n<p>Objem n\u00e1dr\u017ee<\/p>\n<\/td>\n<td width=\"284\">\n<p>58L<\/p>\n<\/td>\n<\/tr>\n<tr>\n<td width=\"284\">\n<p>Ultrazvukov\u00fd v\u00fdkon<\/p>\n<\/td>\n<td width=\"284\">\n<p>1080W<\/p>\n<\/td>\n<\/tr>\n<tr>\n<td width=\"284\">\n<p>V\u00fdkon topen\u00ed<\/p>\n<\/td>\n<td width=\"284\">\n<p>1000W<\/p>\n<\/td>\n<\/tr>\n<tr>\n<td width=\"284\">\n<p>Frekvence<\/p>\n<\/td>\n<td width=\"284\">\n<p>40KHZ\/28KHZ<\/p>\n<\/td>\n<\/tr>\n<tr>\n<td width=\"284\">\n<p>\u010casova\u010d<\/p>\n<\/td>\n<td width=\"284\">\n<p>0-30 min<\/p>\n<\/td>\n<\/tr>\n<tr>\n<td width=\"284\">\n<p>Teplota<\/p>\n<\/td>\n<td width=\"284\">\n<p>&lt; 80 \u00b0C<\/p>\n<\/td>\n<\/tr>\n<tr>\n<td width=\"284\">\n<p>Rozm\u011bry n\u00e1dr\u017ee<\/p>\n<\/td>\n<td width=\"284\">\n<p>550*350*300 mm D*\u0160*V<\/p>\n<\/td>\n<\/tr>\n<tr>\n<td width=\"284\">\n<p>Rozm\u011bry stroje<\/p>\n<\/td>\n<td width=\"284\">\n<p>650*400*580 mm D*\u0160*V<\/p>\n<\/td>\n<\/tr>\n<tr>\n<td width=\"284\">\n<p>Odtok<\/p>\n<\/td>\n<td width=\"284\">\n<p>Ano<\/p>\n<\/td>\n<\/tr>\n<tr>\n<td width=\"284\">\n<p>V\u00edko<\/p>\n<\/td>\n<td width=\"284\">\n<p>Ano<\/p>\n<\/td>\n<\/tr>\n<tr>\n<td width=\"284\">\n<p>Hmotnost jednotky<\/p>\n<\/td>\n<td width=\"284\">\n<p>41kg<\/p>\n<\/td>\n<\/tr>\n<\/tbody>\n<\/table>\n<h3>Funkce<\/h3>\n<ul>\n<li>\u010casova\u010d: Nastaven\u00ed 1-30 minut.<\/li>\n<li>Teplota: Nastaviteln\u00e1 20-80\u2103\uff1b<\/li>\n<li>\u010cas: Nastaviteln\u00fd \u010das, teplota a v\u00fdkon<\/li>\n<li>Ovl\u00e1dac\u00ed panel: Zobrazuje pracovn\u00ed \u010das a teplotu.<\/li>\n<li>Materi\u00e1l: N\u00e1dr\u017e i stroj jsou z nerezov\u00e9 oceli.<\/li>\n<li>V\u00fdhody produktu: \u010cistic\u00ed n\u00e1dr\u017e vyroben\u00e1 lisov\u00e1n\u00edm, bezvadn\u00e9 sva\u0159ov\u00e1n\u00ed.<\/li>\n<li>Kvalita komponent\u016f: Pou\u017eit\u00ed vysoce kvalitn\u00edho <a href=\"https:\/\/www.bjultrasonic.com\/cs\/category\/ultrasonic-transducer-cs\/\">ultrazvukov\u00e9ho m\u011bni\u010de<\/a>. Siln\u00fd v\u00fdkon.<\/li>\n<li>Vysok\u00e1 kvalita lepic\u00edho procesu. Ultrazvukov\u00fd m\u011bni\u010d p\u0159ilepen\u00fd pomoc\u00ed epoxidov\u00e9ho lepidla.<\/li>\n<li>Odvod\u0148ovac\u00ed syst\u00e9m: Modely 6 l a v\u00fd\u0161e jsou vybaveny odtokovou kuli\u010dkovou armaturou.<\/li>\n<li>Chladic\u00ed syst\u00e9m: Modely 10L a v\u00edce jsou vybaveny vysoce \u00fa\u010dinn\u00fdm chladic\u00edm ventil\u00e1torem.<\/li>\n<\/ul>\n<p><img loading=\"lazy\" decoding=\"async\" class=\"alignnone size-full wp-image-19933\" src=\"https:\/\/www.bjultrasonic.com\/wp-content\/uploads\/2013\/01\/Power-Adjustable-Ultrasonic-Cleaner-Package-1.jpg\" alt=\"Power Adjustable Ultrasonic Cleaner Package\" width=\"742\" height=\"318\" \/><\/p>\n","protected":false},"excerpt":{"rendered":"<p><a href=\"https:\/\/www.bjultrasonic.com\/cs\/category\/ultrasonic-cleaning-system-cs\/power-adjustable-ultrasonic-cleaner-cs\/\">Ultrazvukov\u00fd \u010disti\u010d s nastaviteln\u00fdm v\u00fdkonem<\/a> s nastaviteln\u00fdm v\u00fdkonem, \u010dasova\u010dem a teplotou od v\u00fdrobce a dodavatele <a href=\"https:\/\/www.bjultrasonic.com\/cs\/category\/ultrasonic-cleaning-system-cs\/\">ultrazvukov\u00fdch \u010distic\u00edch stroj\u016f<\/a> Beijing Ultrasonic.<\/p>\n","protected":false},"featured_media":19913,"comment_status":"open","ping_status":"closed","template":"","meta":[],"product_brand":[],"product_cat":[6000],"product_tag":[],"class_list":{"0":"post-69208","1":"product","2":"type-product","3":"status-publish","4":"has-post-thumbnail","6":"product_cat-power-adjustable-ultrasonic-cleaner-cs","8":"first","9":"instock","10":"shipping-taxable","11":"purchasable","12":"product-type-simple","13":"prodpage-classic"},"aioseo_notices":[],"_links":{"self":[{"href":"https:\/\/www.bjultrasonic.com\/cs\/wp-json\/wp\/v2\/product\/69208","targetHints":{"allow":["GET"]}}],"collection":[{"href":"https:\/\/www.bjultrasonic.com\/cs\/wp-json\/wp\/v2\/product"}],"about":[{"href":"https:\/\/www.bjultrasonic.com\/cs\/wp-json\/wp\/v2\/types\/product"}],"replies":[{"embeddable":true,"href":"https:\/\/www.bjultrasonic.com\/cs\/wp-json\/wp\/v2\/comments?post=69208"}],"wp:featuredmedia":[{"embeddable":true,"href":"https:\/\/www.bjultrasonic.com\/cs\/wp-json\/wp\/v2\/media\/19913"}],"wp:attachment":[{"href":"https:\/\/www.bjultrasonic.com\/cs\/wp-json\/wp\/v2\/media?parent=69208"}],"wp:term":[{"taxonomy":"product_brand","embeddable":true,"href":"https:\/\/www.bjultrasonic.com\/cs\/wp-json\/wp\/v2\/product_brand?post=69208"},{"taxonomy":"product_cat","embeddable":true,"href":"https:\/\/www.bjultrasonic.com\/cs\/wp-json\/wp\/v2\/product_cat?post=69208"},{"taxonomy":"product_tag","embeddable":true,"href":"https:\/\/www.bjultrasonic.com\/cs\/wp-json\/wp\/v2\/product_tag?post=69208"}],"curies":[{"name":"wp","href":"https:\/\/api.w.org\/{rel}","templated":true}]}}