{"id":69248,"date":"2013-01-08T13:02:22","date_gmt":"2013-01-08T18:02:22","guid":{"rendered":"https:\/\/www.bjultrasonic.com\/shop\/power-adjustable-ultrasonic-cleaner-30l\/"},"modified":"2026-03-28T20:22:07","modified_gmt":"2026-03-29T01:22:07","slug":"power-adjustable-ultrasonic-cleaner-30l","status":"publish","type":"product","link":"https:\/\/www.bjultrasonic.com\/cs\/shop\/power-adjustable-ultrasonic-cleaner-30l\/","title":{"rendered":"30L Nastaviteln\u00fd Digit\u00e1ln\u00ed Ultrazvukov\u00fd \u010cisti\u010d s V\u00fdkonem"},"content":{"rendered":"<table class=\"table table-striped table-bordered\">\n<tbody>\n<tr>\n<td width=\"284\">\n<p>Typ<\/p>\n<\/td>\n<td width=\"284\">\n<p>BJUCDPTH30<\/p>\n<\/td>\n<\/tr>\n<tr>\n<td width=\"284\">\n<p>Kapacita n\u00e1dr\u017ee<\/p>\n<\/td>\n<td width=\"284\">\n<p>30 l<\/p>\n<\/td>\n<\/tr>\n<tr>\n<td width=\"284\">\n<p>V\u00fdkon ultrazvuku<\/p>\n<\/td>\n<td width=\"284\">\n<p>600 W<\/p>\n<\/td>\n<\/tr>\n<tr>\n<td width=\"284\">\n<p>V\u00fdkon oh\u0159evu<\/p>\n<\/td>\n<td width=\"284\">\n<p>800 W<\/p>\n<\/td>\n<\/tr>\n<tr>\n<td width=\"284\">\n<p>Frekvence<\/p>\n<\/td>\n<td width=\"284\">\n<p>40 kHz \/ 28 kHz<\/p>\n<\/td>\n<\/tr>\n<tr>\n<td width=\"284\">\n<p>\u010casova\u010d<\/p>\n<\/td>\n<td width=\"284\">\n<p>0\u201330 min<\/p>\n<\/td>\n<\/tr>\n<tr>\n<td width=\"284\">\n<p>Teplota<\/p>\n<\/td>\n<td width=\"284\">\n<p>&lt; 80 \u00b0C<\/p>\n<\/td>\n<\/tr>\n<tr>\n<td width=\"284\">\n<p>Rozm\u011bry n\u00e1dr\u017ee<\/p>\n<\/td>\n<td width=\"284\">\n<p>500 \u00d7 300 \u00d7 200 mm (D \u00d7 \u0160 \u00d7 V)<\/p>\n<\/td>\n<\/tr>\n<tr>\n<td width=\"284\">\n<p>Rozm\u011bry stroje<\/p>\n<\/td>\n<td width=\"284\">\n<p>600 \u00d7 350 \u00d7 380 mm (D \u00d7 \u0160 \u00d7 V)<\/p>\n<\/td>\n<\/tr>\n<tr>\n<td width=\"284\">\n<p>Odtok<\/p>\n<\/td>\n<td width=\"284\">\n<p>Ano<\/p>\n<\/td>\n<\/tr>\n<tr>\n<td width=\"284\">\n<p>V\u00edko<\/p>\n<\/td>\n<td width=\"284\">\n<p>Ano<\/p>\n<\/td>\n<\/tr>\n<tr>\n<td width=\"284\">\n<p>Hmotnost jednotky<\/p>\n<\/td>\n<td width=\"284\">\n<p>25 kg<\/p>\n<\/td>\n<\/tr>\n<\/tbody>\n<\/table>\n<h3>Funkce<\/h3>\n<ul>\n<li>\u010casova\u010d: nastaviteln\u00fd v rozsahu 1\u201330 minut.<\/li>\n<li>Teplota: nastaviteln\u00e1 v rozsahu 20\u201380 \u00b0C;<\/li>\n<li>\u010cas: nastaviteln\u00fd \u010das, teplota a v\u00fdkon.<\/li>\n<li>Ovl\u00e1dac\u00ed panel: zobrazuje pracovn\u00ed \u010das a teplotu.<\/li>\n<li>Materi\u00e1l: n\u00e1dr\u017e i stroj jsou z nerezov\u00e9 oceli.<\/li>\n<li>V\u00fdhody produktu: \u010distic\u00ed n\u00e1dr\u017e vyr\u00e1b\u011bna lisov\u00e1n\u00edm, bezvadn\u00fd svar.<\/li>\n<li>Kvalita komponent\u016f: Pou\u017eit\u00ed vysoce kvalitn\u00edch <a href=\"https:\/\/www.bjultrasonic.com\/cs\/category\/ultrasonic-transducer-cs\/\">ultrazvukov\u00fdch m\u011bni\u010d\u016f<\/a>. Siln\u00fd v\u00fdkon.<\/li>\n<li>Vysok\u00e1 kvalita procesu lepen\u00ed. Ultrazvukov\u00e9 m\u011bni\u010de jsou p\u0159ilepeny pomoc\u00ed epoxidov\u00e9ho lepidla.<\/li>\n<li>Odvod\u0148ovac\u00ed syst\u00e9m: modely 6 l a v\u011bt\u0161\u00ed jsou vybaveny odtokov\u00fdm kulov\u00fdm ventilem.<\/li>\n<li>Chladic\u00ed syst\u00e9m: modely 10 l a v\u011bt\u0161\u00ed jsou vybaveny vysoce \u00fa\u010dinn\u00fdm chladic\u00edm ventil\u00e1torem.<\/li>\n<\/ul>\n<p><img loading=\"lazy\" decoding=\"async\" class=\"alignnone size-full wp-image-19933\" src=\"https:\/\/www.bjultrasonic.com\/wp-content\/uploads\/2013\/01\/Power-Adjustable-Ultrasonic-Cleaner-Package-1.jpg\" alt=\"Balen\u00ed ultrazvukov\u00e9ho \u010disti\u010de s nastaviteln\u00fdm v\u00fdkonem\" width=\"742\" height=\"318\" \/><\/p>\n","protected":false},"excerpt":{"rendered":"<p><a href=\"https:\/\/www.bjultrasonic.com\/cs\/category\/ultrasonic-cleaning-system-cs\/power-adjustable-ultrasonic-cleaner-cs\/\">Ultrazvukov\u00fd \u010disti\u010d s nastaviteln\u00fdm v\u00fdkonem<\/a> s nastaviteln\u00fdm v\u00fdkonem, \u010dasova\u010dem a teplotou od v\u00fdrobce a dodavatele <a href=\"https:\/\/www.bjultrasonic.com\/cs\/category\/ultrasonic-cleaning-system-cs\/\">ultrazvukov\u00fdch \u010distic\u00edch stroj\u016f<\/a> Beijing Ultrasonic.<\/p>\n","protected":false},"featured_media":19902,"comment_status":"open","ping_status":"closed","template":"","meta":[],"product_brand":[],"product_cat":[6000],"product_tag":[],"class_list":{"0":"post-69248","1":"product","2":"type-product","3":"status-publish","4":"has-post-thumbnail","6":"product_cat-power-adjustable-ultrasonic-cleaner-cs","8":"first","9":"instock","10":"shipping-taxable","11":"purchasable","12":"product-type-simple","13":"prodpage-classic"},"aioseo_notices":[],"_links":{"self":[{"href":"https:\/\/www.bjultrasonic.com\/cs\/wp-json\/wp\/v2\/product\/69248","targetHints":{"allow":["GET"]}}],"collection":[{"href":"https:\/\/www.bjultrasonic.com\/cs\/wp-json\/wp\/v2\/product"}],"about":[{"href":"https:\/\/www.bjultrasonic.com\/cs\/wp-json\/wp\/v2\/types\/product"}],"replies":[{"embeddable":true,"href":"https:\/\/www.bjultrasonic.com\/cs\/wp-json\/wp\/v2\/comments?post=69248"}],"wp:featuredmedia":[{"embeddable":true,"href":"https:\/\/www.bjultrasonic.com\/cs\/wp-json\/wp\/v2\/media\/19902"}],"wp:attachment":[{"href":"https:\/\/www.bjultrasonic.com\/cs\/wp-json\/wp\/v2\/media?parent=69248"}],"wp:term":[{"taxonomy":"product_brand","embeddable":true,"href":"https:\/\/www.bjultrasonic.com\/cs\/wp-json\/wp\/v2\/product_brand?post=69248"},{"taxonomy":"product_cat","embeddable":true,"href":"https:\/\/www.bjultrasonic.com\/cs\/wp-json\/wp\/v2\/product_cat?post=69248"},{"taxonomy":"product_tag","embeddable":true,"href":"https:\/\/www.bjultrasonic.com\/cs\/wp-json\/wp\/v2\/product_tag?post=69248"}],"curies":[{"name":"wp","href":"https:\/\/api.w.org\/{rel}","templated":true}]}}