{"id":69408,"date":"2012-12-06T06:47:22","date_gmt":"2012-12-06T11:47:22","guid":{"rendered":"https:\/\/www.bjultrasonic.com\/shop\/30khz-100w-110v220v-ultrasonic-generator-pcb-circuit\/"},"modified":"2026-03-28T20:20:45","modified_gmt":"2026-03-29T01:20:45","slug":"30khz-100w-110v220v-ultrasonic-generator-pcb-circuit","status":"publish","type":"product","link":"https:\/\/www.bjultrasonic.com\/cs\/shop\/30khz-100w-110v220v-ultrasonic-generator-pcb-circuit\/","title":{"rendered":"30KHZ 100W Ultrazvukov\u00fd Gener\u00e1tor Obvod\u016f"},"content":{"rendered":"<h2>Specifikace 30KHz 100W 110V\/220V obvodu ultrazvukov\u00e9ho gener\u00e1toru<\/h2>\n<table id=\"wp-table-reloaded-id-132-no-1\" class=\"table table-striped table-bordered\">\n<tbody>\n<tr>\n<td>Frekvence<\/td>\n<td>30 kHz<\/td>\n<\/tr>\n<tr>\n<td>V\u00fdkon<\/td>\n<td>100 W<\/td>\n<\/tr>\n<tr>\n<td>Poh\u00e1n\u011bn\u00fd m\u011bni\u010d<\/td>\n<td>30kHz ultrazvukov\u00fd m\u011bni\u010d<\/td>\n<\/tr>\n<tr>\n<td>Nap\u00e1jen\u00ed<\/td>\n<td>Vstup: 110 V AC nebo 220 V AC<\/td>\n<\/tr>\n<tr>\n<td>Hmotnost<\/td>\n<td>300 g\/ks<\/td>\n<\/tr>\n<\/tbody>\n<\/table>\n<h3>Pozn\u00e1mka<\/h3>\n<ul>\n<li><a href=\"https:\/\/www.bjultrasonic.com\/cs\/category\/ultrasonic-generator-cs\/\">Ultrazvukov\u00fd gener\u00e1tor<\/a> nelze zapnout bez z\u00e1t\u011b\u017ee.<\/li>\n<li>Po instalaci nesm\u00edme zapnout, dokud nen\u00ed nalita \u010distic\u00ed kapalina.<\/li>\n<li><a href=\"https:\/\/www.bjultrasonic.com\/cs\/category\/ultrasonic-transducer-cs\/\">Ultrazvukov\u00fd m\u011bni\u010d<\/a> m\u00e1 dva v\u00fdvody. Kladn\u00fd (+) je um\u00edst\u011bn uprost\u0159ed mezi dv\u011bma keramick\u00fdmi desti\u010dkami. Z\u00e1por (-) je bl\u00edzko spodn\u00edho kovov\u00e9ho sloupku. P\u0159i zapojov\u00e1n\u00ed ned\u011blejte chybu.<\/li>\n<li>V\u011bt\u0161\u00ed strana keramick\u00e9ho m\u011bni\u010de se z\u00e1vitem m\u00e1 vibra\u010dn\u00ed funkci a m\u016f\u017ee b\u00fdt p\u0159ipevn\u011bna ke dnu \u010distic\u00edho stroje. Ujist\u011bte se, \u017ee je \u010distic\u00ed stroj bezpe\u010dn\u011b uzemn\u011bn.<\/li>\n<li>Keramick\u00fd m\u011bni\u010d by m\u011bl b\u00fdt p\u0159ilepen ke dnu \u010distic\u00edho stroje pomoc\u00ed speci\u00e1ln\u00edho lepidla pro m\u011bni\u010de nebo pomoc\u00ed lepic\u00ed ty\u010dinky AB, ale efekt je o n\u011bco hor\u0161\u00ed. Lze tak\u00e9 pou\u017e\u00edt epoxidovou prysky\u0159ici v pom\u011bru 10:4.<\/li>\n<li>Pracovn\u00ed nap\u011bt\u00ed desky plo\u0161n\u00fdch spoj\u016f je 600 V. V\u00fdstupn\u00ed nap\u011bt\u00ed na m\u011bni\u010d je 1100 V. Ujist\u011bte se, \u017ee je \u010distic\u00ed stroj bezpe\u010dn\u011b uzemn\u011bn. Pro zaji\u0161t\u011bn\u00ed bezpe\u010dnosti se ujist\u011bte, \u017ee je na nap\u00e1jec\u00edm zdroji instalov\u00e1n jisti\u010d chr\u00e1n\u00edc\u00ed p\u0159ed \u00fanikem proudu.<\/li>\n<\/ul>\n<h3>Jak p\u0159ipojit ultrazvukov\u00fd m\u011bni\u010d k obvodu ultrazvukov\u00e9ho gener\u00e1toru<\/h3>\n<p><img loading=\"lazy\" decoding=\"async\" class=\"alignnone size-full wp-image-19292\" src=\"https:\/\/www.bjultrasonic.com\/wp-content\/uploads\/2012\/12\/Connect-Ultrasonic-Transducer-with-Ultrasonic-Generator-Circuit.jpg\" sizes=\"auto, (max-width: 748px) 100vw, 748px\" srcset=\"https:\/\/www.bjultrasonic.com\/wp-content\/uploads\/2012\/12\/Connect-Ultrasonic-Transducer-with-Ultrasonic-Generator-Circuit.jpg 748w, https:\/\/www.bjultrasonic.com\/wp-content\/uploads\/2012\/12\/Connect-Ultrasonic-Transducer-with-Ultrasonic-Generator-Circuit-40x80.jpg 40w, https:\/\/www.bjultrasonic.com\/wp-content\/uploads\/2012\/12\/Connect-Ultrasonic-Transducer-with-Ultrasonic-Generator-Circuit-150x300.jpg 150w, https:\/\/www.bjultrasonic.com\/wp-content\/uploads\/2012\/12\/Connect-Ultrasonic-Transducer-with-Ultrasonic-Generator-Circuit-93x187.jpg 93w\" alt=\"\" width=\"748\" height=\"1500\" \/><\/p>\n<h3>Platba<\/h3>\n<p>P\u0159ij\u00edm\u00e1me PayPal, T\/T a Western Union.<\/p>\n<p><iframe loading=\"lazy\" title=\"Ultrasonic Signal Generator Circuit - Beijing Ultrasonic\" width=\"500\" height=\"281\" src=\"https:\/\/www.youtube.com\/embed\/A9JdQN5e5G8?feature=oembed\" frameborder=\"0\" allow=\"accelerometer; autoplay; clipboard-write; encrypted-media; gyroscope; picture-in-picture; web-share\" referrerpolicy=\"strict-origin-when-cross-origin\" allowfullscreen><\/iframe><\/p>\n<h3 class=\"shipping-methods\">Doprava<\/h3>\n<p>Zbo\u017e\u00ed bude odesl\u00e1no do 48 hodin po p\u0159ijet\u00ed cel\u00e9 platby.<\/p>\n<ul>\n<li>Zbo\u017e\u00ed zas\u00edl\u00e1me na adresu uvedenou v platb\u011b PayPal. Ujist\u011bte se pros\u00edm, \u017ee adresa v PayPal je spr\u00e1vn\u00e1.<\/li>\n<li>Po odesl\u00e1n\u00ed zbo\u017e\u00ed v\u00e1m poskytneme sledovac\u00ed \u010d\u00edslo, zpravidla zbo\u017e\u00ed obdr\u017e\u00edte do p\u011bti dn\u016f.<\/li>\n<li>Pokud m\u00e1te jak\u00e9koli dotazy, pros\u00edm kontaktujte n\u00e1s e-mailem (na\u0161e e-mailov\u00e1 adresa je <a href=\"mailto:support@bjultrasonic.com\">support@bjultrasonic.com<\/a>).<\/li>\n<\/ul>\n<h3 align=\"left\">Z\u00e1ruka na produkt<\/h3>\n<p>Z\u00e1ru\u010dn\u00ed doba produktu je jeden rok. B\u011bhem z\u00e1ru\u010dn\u00ed doby maj\u00ed zakoupen\u00e9 produkty n\u00e1rok na bezplatnou opravu nebo v\u00fdm\u011bnu.<\/p>\n<h3>Seznam vide\u00ed: Ovlada\u010d ultrazvukov\u00e9ho m\u011bni\u010de<\/h3>\n<p><iframe loading=\"lazy\" width=\"560\" height=\"315\" src=\"https:\/\/www.youtube.com\/embed\/videoseries?list=PLLrjMYkO0_NG56zqmQN9W9F1Xf9eev6dc\" frameborder=\"0\" allow=\"autoplay; encrypted-media\" allowfullscreen><\/iframe><\/p>\n","protected":false},"excerpt":{"rendered":"<p>Ultrazvukov\u00fd gener\u00e1torov\u00fd obvod, tak\u00e9 naz\u00fdvan\u00fd <a href=\"https:\/\/www.bjultrasonic.com\/cs\/category\/ultrasonic-transducer-cs\/\">obvod pro pohon ultrazvukov\u00e9ho m\u011bni\u010de<\/a> nebo <a href=\"https:\/\/www.bjultrasonic.com\/cs\/category\/ultrasonic-generator-cs\/ultrasonic-generator-circuits-cs\/\">deska pro nap\u00e1jen\u00ed ultrazvukov\u00e9ho \u010disti\u010de<\/a>. Poskytuje <a href=\"https:\/\/www.bjultrasonic.com\/cs\/category\/ultrasonic-generator-cs\/\">ultrazvukovou frekvenci<\/a> pro pohon ultrazvukov\u00fdch m\u011bni\u010d\u016f uvnit\u0159 <a href=\"https:\/\/www.bjultrasonic.com\/cs\/category\/ultrasonic-cleaning-system-cs\/\">ultrazvukov\u00fdch \u010disti\u010d\u016f<\/a>.<\/p>\n","protected":false},"featured_media":19296,"comment_status":"open","ping_status":"closed","template":"","meta":[],"product_brand":[],"product_cat":[6106],"product_tag":[],"class_list":{"0":"post-69408","1":"product","2":"type-product","3":"status-publish","4":"has-post-thumbnail","6":"product_cat-ultrasonic-generator-circuits-cs","8":"first","9":"instock","10":"shipping-taxable","11":"purchasable","12":"product-type-simple","13":"prodpage-classic"},"aioseo_notices":[],"_links":{"self":[{"href":"https:\/\/www.bjultrasonic.com\/cs\/wp-json\/wp\/v2\/product\/69408","targetHints":{"allow":["GET"]}}],"collection":[{"href":"https:\/\/www.bjultrasonic.com\/cs\/wp-json\/wp\/v2\/product"}],"about":[{"href":"https:\/\/www.bjultrasonic.com\/cs\/wp-json\/wp\/v2\/types\/product"}],"replies":[{"embeddable":true,"href":"https:\/\/www.bjultrasonic.com\/cs\/wp-json\/wp\/v2\/comments?post=69408"}],"wp:featuredmedia":[{"embeddable":true,"href":"https:\/\/www.bjultrasonic.com\/cs\/wp-json\/wp\/v2\/media\/19296"}],"wp:attachment":[{"href":"https:\/\/www.bjultrasonic.com\/cs\/wp-json\/wp\/v2\/media?parent=69408"}],"wp:term":[{"taxonomy":"product_brand","embeddable":true,"href":"https:\/\/www.bjultrasonic.com\/cs\/wp-json\/wp\/v2\/product_brand?post=69408"},{"taxonomy":"product_cat","embeddable":true,"href":"https:\/\/www.bjultrasonic.com\/cs\/wp-json\/wp\/v2\/product_cat?post=69408"},{"taxonomy":"product_tag","embeddable":true,"href":"https:\/\/www.bjultrasonic.com\/cs\/wp-json\/wp\/v2\/product_tag?post=69408"}],"curies":[{"name":"wp","href":"https:\/\/api.w.org\/{rel}","templated":true}]}}