{"id":69708,"date":"2012-08-08T03:46:30","date_gmt":"2012-08-08T08:46:30","guid":{"rendered":"https:\/\/www.bjultrasonic.com\/shop\/ultrasonic-welding-transducer\/"},"modified":"2026-03-28T20:17:57","modified_gmt":"2026-03-29T01:17:57","slug":"ultrasonic-welding-transducer","status":"publish","type":"product","link":"https:\/\/www.bjultrasonic.com\/cs\/shop\/ultrasonic-welding-transducer\/","title":{"rendered":"Ultrazvukov\u00fd sva\u0159ovac\u00ed m\u011bni\u010d"},"content":{"rendered":"<p><strong>Ultrazvukov\u00e9 sva\u0159ovac\u00ed m\u011bni\u010de<\/strong> jsou navr\u017eeny pro provoz na specifick\u00e9 frekvenci od 15 do 300 kHz pro r\u016fzn\u00e9 syst\u00e9my a aplikace. V\u011bt\u0161ina syst\u00e9m\u016f pro sva\u0159ov\u00e1n\u00ed kov\u016f pracuje na frekvenc\u00edch 20 a\u017e 70 kHz, p\u0159i\u010dem\u017e 20 kHz je nejb\u011b\u017en\u011bj\u0161\u00ed frekvence.<br \/>\n<img loading=\"lazy\" decoding=\"async\" class=\"alignnone size-full wp-image-5273\" src=\"\/\/www.bjultrasonic.com\/wp-content\/uploads\/2012\/08\/Ultrasonic-Welding-Transducer.jpg\" alt=\"Ultrazvukov\u00fd sva\u0159ovac\u00ed m\u011bni\u010d\" width=\"700\" height=\"419\" \/><\/p>\n<h3>Co je ultrazvukov\u00e9 sva\u0159ov\u00e1n\u00ed?<\/h3>\n<p>Ultrazvukov\u00e9 sva\u0159ov\u00e1n\u00ed je pr\u016fmyslov\u00e1 technika, p\u0159i kter\u00e9 se vysokofrekven\u010dn\u00ed ultrazvukov\u00e9 akustick\u00e9 vibrace lok\u00e1ln\u011b aplikuj\u00ed na sou\u010d\u00e1sti dr\u017een\u00e9 pod tlakem, aby vytvo\u0159ily svar ve stavu tuh\u00e9 f\u00e1ze. B\u011b\u017en\u011b se pou\u017e\u00edv\u00e1 pro plasty a zejm\u00e9na pro spojov\u00e1n\u00ed r\u016fznorod\u00fdch materi\u00e1l\u016f. P\u0159i ultrazvukov\u00e9m sva\u0159ov\u00e1n\u00ed nejsou pro spojen\u00ed materi\u00e1l\u016f pot\u0159eba \u017e\u00e1dn\u00e9 spojovac\u00ed \u0161rouby, h\u0159eb\u00edky, p\u00e1jec\u00ed materi\u00e1ly ani lepidla.<\/p>\n<p><img loading=\"lazy\" decoding=\"async\" class=\"size-full wp-image-1578 alignnone\" title=\"Za\u0159\u00edzen\u00ed pro ultrazvukov\u00e9 sva\u0159ov\u00e1n\u00ed\" src=\"\/\/www.bjultrasonic.com\/wp-content\/uploads\/2012\/08\/Principles-of-Ultrasonic-Welding.jpg\" alt=\"Za\u0159\u00edzen\u00ed pro ultrazvukov\u00e9 sva\u0159ov\u00e1n\u00ed\" width=\"573\" height=\"266\" \/><\/p>\n<p><strong>Za\u0159\u00edzen\u00ed pro ultrazvukov\u00e9 sva\u0159ov\u00e1n\u00ed<\/strong> se skl\u00e1d\u00e1 z lisu, <a href=\"https:\/\/www.bjultrasonic.com\/cs\/shop\/ultrasonic-welding-generator\/\" target=\"_blank\" rel=\"noopener\">gener\u00e1toru pro ultrazvukov\u00e9 sva\u0159ov\u00e1n\u00ed<\/a>, <strong>ultrazvukov\u00e9ho sva\u0159ovac\u00edho m\u011bni\u010de<\/strong>, <a href=\"https:\/\/www.bjultrasonic.com\/cs\/shop\/ultrasonic-horn\/\" target=\"_blank\" rel=\"noopener\">ultrazvukov\u00e9ho rohu<\/a>, a p\u0159\u00edpravku pro podp\u011bru sou\u010d\u00e1st\u00ed a zesilova\u010de.<\/p>\n<h2>Specifikace ultrazvukov\u00e9ho sva\u0159ovac\u00edho m\u011bni\u010de<\/h2>\n<table id=\"wp-table-reloaded-id-126-no-1\" class=\"table table-striped table-bordered\">\n<tbody>\n<tr>\n<td>Typ<\/td>\n<td>Kapacita<br \/>\n\uff08pF\uff09<\/td>\n<td>Rezonan\u010dn\u00ed<br \/>\nimpedance<br \/>\n\uff08\u03a9\uff09<\/td>\n<td>Celkov\u00e1 d\u00e9lka<br \/>\n\uff08mm\uff09<\/td>\n<td>P\u0159ipojovac\u00ed \u0161roub<br \/>\n\uff08mm\uff09<\/td>\n<td>Frekvence<br \/>\n\uff08KHz\uff09<\/td>\n<td>Vstupn\u00ed v\u00fdkon\uff08W\uff09<\/td>\n<\/tr>\n<tr>\n<td>BJW-152500F-70S PZT8<\/td>\n<td>13000<\/td>\n<td>15<\/td>\n<td>153<\/td>\n<td>M20\u00d71.5<\/td>\n<td>15<\/td>\n<td>2500<\/td>\n<\/tr>\n<tr>\n<td>BJW-152000F-60S PZT8<\/td>\n<td>9500<\/td>\n<td>10<\/td>\n<td>167<\/td>\n<td>M20\u00d71.5<\/td>\n<td>15<\/td>\n<td>2000<\/td>\n<\/tr>\n<tr>\n<td>BJW-151500F-50S PZT8<\/td>\n<td>12500<\/td>\n<td>12<\/td>\n<td>171<\/td>\n<td>M18\u00d71.5<\/td>\n<td>15<\/td>\n<td>1500<\/td>\n<\/tr>\n<tr>\n<td>BJW-201800F-60S PZT4<\/td>\n<td>15000<\/td>\n<td>15<\/td>\n<td>118<\/td>\n<td>M20\u00d71.5<\/td>\n<td>20<\/td>\n<td>1800<\/td>\n<\/tr>\n<tr>\n<td>BJW-202000F-55SPZT8<\/td>\n<td>11000<\/td>\n<td>10<\/td>\n<td>128<\/td>\n<td>M18\u00d71<\/td>\n<td>20<\/td>\n<td>2000<\/td>\n<\/tr>\n<tr>\n<td>BJW-201500F-50SPZT8<\/td>\n<td>10000<\/td>\n<td>12<\/td>\n<td>124<\/td>\n<td>M18\u00d71.5<\/td>\n<td>20<\/td>\n<td>1500<\/td>\n<\/tr>\n<tr>\n<td>BJW-20700F-40SHPZT8<\/td>\n<td>9000<\/td>\n<td>15<\/td>\n<td>112<\/td>\n<td>1\/2-20 UNF<\/td>\n<td>20<\/td>\n<td>700<\/td>\n<\/tr>\n<tr>\n<td>BJW-20900F-40SH PZT8<\/td>\n<td>10000<\/td>\n<td>15<\/td>\n<td>133<\/td>\n<td>1\/2-20 UNF<\/td>\n<td>20<\/td>\n<td>900<\/td>\n<\/tr>\n<tr>\n<td>BJW-20600D-50D PZT8<\/td>\n<td>6000<\/td>\n<td>15<\/td>\n<td>121<\/td>\n<td>M18\u00d71.5<\/td>\n<td>20<\/td>\n<td>600<\/td>\n<\/tr>\n<tr>\n<td>BJW-30500F-30S PZT8<\/td>\n<td>5500<\/td>\n<td>5<\/td>\n<td>77<\/td>\n<td>M10\u00d71.5<\/td>\n<td>30<\/td>\n<td>500<\/td>\n<\/tr>\n<tr>\n<td>BJW-28200D-30S PZT4<\/td>\n<td>3000<\/td>\n<td>20<\/td>\n<td>92.1<\/td>\n<td>M10\u00d71<\/td>\n<td>28<\/td>\n<td>200<\/td>\n<\/tr>\n<tr>\n<td>BJW-28100D-25S PZT8<\/td>\n<td>2200<\/td>\n<td>25<\/td>\n<td>91<\/td>\n<td>M8\u00d71<\/td>\n<td>28<\/td>\n<td>100<\/td>\n<\/tr>\n<tr>\n<td>BJW-28250D-38SPZT8<\/td>\n<td>4000<\/td>\n<td>20<\/td>\n<td>94<\/td>\n<td>1\/2-20 UNF<\/td>\n<td>28<\/td>\n<td>250<\/td>\n<\/tr>\n<tr>\n<td>BJW-202000L-50HPZT8<\/td>\n<td>20000<\/td>\n<td>10<\/td>\n<td>128<\/td>\n<td>1\/2-20 UNF<\/td>\n<td>20<\/td>\n<td>2000<\/td>\n<\/tr>\n<tr>\n<td>BJW-201500L-40HPZT8<\/td>\n<td>16000<\/td>\n<td>10<\/td>\n<td>124<\/td>\n<td>1\/2-20 UNF<\/td>\n<td>20<\/td>\n<td>1500<\/td>\n<\/tr>\n<tr>\n<td>BJW-201300F-50HPZT8<\/td>\n<td>12500<\/td>\n<td>10<\/td>\n<td>128<\/td>\n<td>1\/2-20 UNF<\/td>\n<td>20<\/td>\n<td>1300<\/td>\n<\/tr>\n<tr>\n<td>BJW-201500F-50HPZT8<\/td>\n<td>11000<\/td>\n<td>10<\/td>\n<td>132<\/td>\n<td>1\/2-20 UNF<\/td>\n<td>20<\/td>\n<td>1500<\/td>\n<\/tr>\n<tr>\n<td>BJW-209000F2040HPZT8<\/td>\n<td>9500<\/td>\n<td>10<\/td>\n<td>123<\/td>\n<td>1\/2-20 UNF<\/td>\n<td>20<\/td>\n<td>900<\/td>\n<\/tr>\n<tr>\n<td>BJW-152000F-60HPZT4<\/td>\n<td>10000<\/td>\n<td>12<\/td>\n<td>171<\/td>\n<td>M18\u00d71.5<\/td>\n<td>15<\/td>\n<td>2000<\/td>\n<\/tr>\n<tr>\n<td>BJW-35100D-25SHPZT8<\/td>\n<td>2200<\/td>\n<td>25<\/td>\n<td>71<\/td>\n<td>M8\u00d71<\/td>\n<td>35<\/td>\n<td>100<\/td>\n<\/tr>\n<tr>\n<td>BJW-38100D-20SHPZT8<\/td>\n<td>1200<\/td>\n<td>40<\/td>\n<td>66<\/td>\n<td>M8\u00d71.25<\/td>\n<td>38<\/td>\n<td>100<\/td>\n<\/tr>\n<tr>\n<td>BJW-38200D-30H PZT4<\/td>\n<td>3300<\/td>\n<td>14<\/td>\n<td>65<\/td>\n<td>M8\u00d71<\/td>\n<td>38<\/td>\n<td><\/td>\n<\/tr>\n<\/tbody>\n<\/table>\n<h3>Videa ultrazvukov\u00fdch sva\u0159ovac\u00edch stroj\u016f<\/h3>\n<p><iframe loading=\"lazy\" title=\"Ultrasonic Welding Machine Wholesale - Beijing Ultrasonic\" width=\"500\" height=\"281\" src=\"https:\/\/www.youtube.com\/embed\/v8iNkjdDut4?feature=oembed\" frameborder=\"0\" allow=\"accelerometer; autoplay; clipboard-write; encrypted-media; gyroscope; picture-in-picture; web-share\" referrerpolicy=\"strict-origin-when-cross-origin\" allowfullscreen><\/iframe><\/p>\n<h3>Platba<\/h3>\n<p>P\u0159ij\u00edm\u00e1me PayPal, T\/T a Western Union.<\/p>\n<h3 class=\"shipping-methods\">Doprava<\/h3>\n<p>Zbo\u017e\u00ed bude odesl\u00e1no do 48 hodin po p\u0159ijet\u00ed pln\u00e9 platby.<\/p>\n<ul>\n<li>Zbo\u017e\u00ed zas\u00edl\u00e1me na adresu uvedenou v platb\u011b PayPal. Ujist\u011bte se pros\u00edm, \u017ee adresa v PayPal je spr\u00e1vn\u00e1.<\/li>\n<li>Po odesl\u00e1n\u00ed zbo\u017e\u00ed v\u00e1m poskytneme sledovac\u00ed \u010d\u00edslo, zpravidla zbo\u017e\u00ed obdr\u017e\u00edte do p\u011bti dn\u016f.<\/li>\n<li>Pokud m\u00e1te jak\u00e9koli dotazy, kontaktujte n\u00e1s pros\u00edm e-mailem (na\u0161e e-mailov\u00e1 adresa je <a href=\"mailto:support@bjultrasonic.com\">support@bjultrasonic.com<\/a>)<\/li>\n<\/ul>\n<h3>Z\u00e1ruka na produkt<\/h3>\n<p>Z\u00e1ru\u010dn\u00ed doba produktu je jeden rok. B\u011bhem z\u00e1ru\u010dn\u00ed doby maj\u00ed zakoupen\u00e9 produkty n\u00e1rok na bezplatnou opravu nebo v\u00fdm\u011bnu.<\/p>\n","protected":false},"excerpt":{"rendered":"<p>Ultrazvukov\u00e9 sva\u0159ovac\u00ed m\u011bni\u010de jsou navr\u017eeny pro provoz na specifick\u00e9 frekvenci od 15 do 300 kHz pro r\u016fzn\u00e9 syst\u00e9my a aplikace. V\u011bt\u0161ina syst\u00e9m\u016f pro sva\u0159ov\u00e1n\u00ed kov\u016f pracuje na frekvenc\u00edch 20 a\u017e 70 kHz, p\u0159i\u010dem\u017e 20 kHz je nejb\u011b\u017en\u011bj\u0161\u00ed frekvence. Co je ultrazvukov\u00e9 sva\u0159ov\u00e1n\u00ed? Ultrazvukov\u00e9 sva\u0159ov\u00e1n\u00ed je pr\u016fmyslov\u00e1 technika, p\u0159i kter\u00e9 se vysokofrekven\u010dn\u00ed ultrazvukov\u00e9 akustick\u00e9 vibrace lok\u00e1ln\u011b<\/p>\n","protected":false},"featured_media":42268,"comment_status":"open","ping_status":"closed","template":"","meta":[],"product_brand":[],"product_cat":[5616],"product_tag":[],"class_list":{"0":"post-69708","1":"product","2":"type-product","3":"status-publish","4":"has-post-thumbnail","6":"product_cat-ultrasonic-welding-equipment-cs","8":"first","9":"instock","10":"shipping-taxable","11":"product-type-external","12":"prodpage-classic"},"aioseo_notices":[],"_links":{"self":[{"href":"https:\/\/www.bjultrasonic.com\/cs\/wp-json\/wp\/v2\/product\/69708","targetHints":{"allow":["GET"]}}],"collection":[{"href":"https:\/\/www.bjultrasonic.com\/cs\/wp-json\/wp\/v2\/product"}],"about":[{"href":"https:\/\/www.bjultrasonic.com\/cs\/wp-json\/wp\/v2\/types\/product"}],"replies":[{"embeddable":true,"href":"https:\/\/www.bjultrasonic.com\/cs\/wp-json\/wp\/v2\/comments?post=69708"}],"wp:featuredmedia":[{"embeddable":true,"href":"https:\/\/www.bjultrasonic.com\/cs\/wp-json\/wp\/v2\/media\/42268"}],"wp:attachment":[{"href":"https:\/\/www.bjultrasonic.com\/cs\/wp-json\/wp\/v2\/media?parent=69708"}],"wp:term":[{"taxonomy":"product_brand","embeddable":true,"href":"https:\/\/www.bjultrasonic.com\/cs\/wp-json\/wp\/v2\/product_brand?post=69708"},{"taxonomy":"product_cat","embeddable":true,"href":"https:\/\/www.bjultrasonic.com\/cs\/wp-json\/wp\/v2\/product_cat?post=69708"},{"taxonomy":"product_tag","embeddable":true,"href":"https:\/\/www.bjultrasonic.com\/cs\/wp-json\/wp\/v2\/product_tag?post=69708"}],"curies":[{"name":"wp","href":"https:\/\/api.w.org\/{rel}","templated":true}]}}