{"id":69728,"date":"2012-08-07T22:44:18","date_gmt":"2012-08-08T03:44:18","guid":{"rendered":"https:\/\/www.bjultrasonic.com\/shop\/ultrasonic-beauty-transducer\/"},"modified":"2026-03-28T20:17:33","modified_gmt":"2026-03-29T01:17:33","slug":"ultrasonic-beauty-transducer","status":"publish","type":"product","link":"https:\/\/www.bjultrasonic.com\/cs\/shop\/ultrasonic-beauty-transducer\/","title":{"rendered":"Ultrazvukov\u00fd p\u0159evodn\u00edk pro kr\u00e1su"},"content":{"rendered":"<h2>Specifikace ultrazvukov\u00e9ho kosmetick\u00e9ho m\u011bni\u010de<\/h2>\n<table class=\"table table-striped table-bordered\" border=\"0\" cellspacing=\"0\" cellpadding=\"0\">\n<tbody>\n<tr>\n<td valign=\"top\" width=\"85\"><strong>Typ<\/strong><\/td>\n<td valign=\"top\" width=\"112\"><strong>Kapacita (pF)<\/strong><\/td>\n<td valign=\"top\" width=\"113\"><strong>Frekvence (MHz)<\/strong><\/td>\n<td valign=\"top\" width=\"96\"><strong>Odpor (\u03a9)<\/strong><\/td>\n<\/tr>\n<tr>\n<td valign=\"top\" width=\"85\">BJB-1 P4<\/td>\n<td valign=\"top\" width=\"112\">3300<\/td>\n<td valign=\"top\" width=\"113\">1MHz<\/td>\n<td valign=\"top\" width=\"96\">10<\/td>\n<\/tr>\n<tr>\n<td valign=\"top\" width=\"85\">BJB-3 P4<\/td>\n<td valign=\"top\" width=\"112\">8000<\/td>\n<td valign=\"top\" width=\"113\">3MHz<\/td>\n<td valign=\"top\" width=\"96\">4<\/td>\n<\/tr>\n<tr>\n<td valign=\"top\" width=\"85\">BJB-5 P4<\/td>\n<td valign=\"top\" width=\"112\">2100<\/td>\n<td valign=\"top\" width=\"113\">5MHz<\/td>\n<td valign=\"top\" width=\"96\">4<\/td>\n<\/tr>\n<tr>\n<td valign=\"top\" width=\"85\">BJB-33 P4<\/td>\n<td valign=\"top\" width=\"112\">3200<\/td>\n<td valign=\"top\" width=\"113\">33kHz<\/td>\n<td valign=\"top\" width=\"96\">15<\/td>\n<\/tr>\n<tr>\n<td valign=\"top\" width=\"85\">BJB-40 P4<\/td>\n<td valign=\"top\" width=\"112\">5400<\/td>\n<td valign=\"top\" width=\"113\">40kHz<\/td>\n<td valign=\"top\" width=\"96\">16<\/td>\n<\/tr>\n<tr>\n<td valign=\"top\" width=\"85\">BJB-80 P4<\/td>\n<td valign=\"top\" width=\"112\">3800<\/td>\n<td valign=\"top\" width=\"113\">80kHz<\/td>\n<td valign=\"top\" width=\"96\">15<\/td>\n<\/tr>\n<tr>\n<td valign=\"top\" width=\"85\">BJB-28 P4<\/td>\n<td valign=\"top\" width=\"112\">3800<\/td>\n<td valign=\"top\" width=\"113\">28kHz<\/td>\n<td valign=\"top\" width=\"96\">15<\/td>\n<\/tr>\n<\/tbody>\n<\/table>\n<p><strong>Ultrazvukov\u00fd kosmetick\u00fd m\u011bni\u010d<\/strong> se pou\u017e\u00edv\u00e1 pro kosmetick\u00e9 \u00fa\u010dely a fitness, hubnut\u00ed. M\u016f\u017ee ovl\u00e1dat tvar a velikost podobn\u011b jako konven\u010dn\u00ed \u010distic\u00ed \u0159ady pro lepen\u00ed nerezov\u00e9 \u010depice.<\/p>\n<p><img loading=\"lazy\" decoding=\"async\" class=\" alignnone\" title=\"Ultrazvukov\u00fd kosmetick\u00fd m\u011bni\u010d\" src=\"\/\/www.bjultrasonic.com\/wp-content\/uploads\/2012\/08\/Ultrasonic-Beauty-Transducer.jpg\" alt=\"Ultrazvukov\u00fd kosmetick\u00fd m\u011bni\u010d\" width=\"600\" height=\"359\" \/><\/p>\n<h3>1MHz <a href=\"https:\/\/www.bjultrasonic.com\/cs\/category\/ultrasonic-generator-cs\/\">ultrazvukov\u00fd gener\u00e1tor<\/a> p\u0159ipojen\u00fd k ultrazvukov\u00e9mu kosmetick\u00e9mu m\u011bni\u010di<\/h3>\n<p><img loading=\"lazy\" decoding=\"async\" class=\"size-full wp-image-1274 alignnone\" title=\"1MHz ultrazvukov\u00fd gener\u00e1tor\" src=\"\/\/www.bjultrasonic.com\/wp-content\/uploads\/2012\/08\/1MHz-ultrasonic-generator.jpg\" alt=\"1MHz ultrazvukov\u00fd gener\u00e1tor\" width=\"360\" height=\"270\" \/><\/p>\n<ul>\n<li>Pracovn\u00ed nap\u011bt\u00ed: 15V<\/li>\n<li>Pracovn\u00ed proud: 80mA<\/li>\n<li>Pracovn\u00ed frekvence: 1MHz<\/li>\n<li>Siln\u00fd ultrazvukov\u00fd \u00fa\u010dinek a n\u00edzk\u00e9 teplo.<\/li>\n<\/ul>\n<h3>3MHz ultrazvukov\u00fd gener\u00e1tor p\u0159ipojen\u00fd k ultrazvukov\u00e9mu kosmetick\u00e9mu m\u011bni\u010di<\/h3>\n<p><img loading=\"lazy\" decoding=\"async\" class=\"alignnone size-full wp-image-1275\" title=\"3MHz ultrazvukov\u00fd gener\u00e1tor\" src=\"\/\/www.bjultrasonic.com\/wp-content\/uploads\/2012\/08\/3Mhz-ultrasonic-generator.jpg\" alt=\"3MHz ultrazvukov\u00fd gener\u00e1tor\" width=\"360\" height=\"270\" \/><\/p>\n<ul>\n<li>Pracovn\u00ed nap\u011bt\u00ed: 12V<\/li>\n<li>Pracovn\u00ed proud: 80mA<\/li>\n<li>Pracovn\u00ed frekvence: 3MHz<\/li>\n<li>Siln\u00fd ultrazvukov\u00fd \u00fa\u010dinek a n\u00edzk\u00e9 teplo<\/li>\n<\/ul>\n<h3>5MHz ultrazvukov\u00fd gener\u00e1tor p\u0159ipojen\u00fd k ultrazvukov\u00e9mu kosmetick\u00e9mu m\u011bni\u010di<\/h3>\n<p><img loading=\"lazy\" decoding=\"async\" class=\"alignnone size-full wp-image-1276\" title=\"5MHz ultrazvukov\u00fd gener\u00e1tor\" src=\"\/\/www.bjultrasonic.com\/wp-content\/uploads\/2012\/08\/5MHZ-ultrasonic-generator.jpg\" alt=\"5MHz ultrazvukov\u00fd gener\u00e1tor\" width=\"360\" height=\"270\" \/><\/p>\n<ul>\n<li>Pracovn\u00ed nap\u011bt\u00ed: 220V<\/li>\n<li>Pracovn\u00ed proud: 200mA<\/li>\n<li>Pracovn\u00ed frekvence: 5MHz<\/li>\n<li>Siln\u00fd ultrazvukov\u00fd \u00fa\u010dinek a n\u00edzk\u00e9 teplo.<\/li>\n<\/ul>\n<p><iframe loading=\"lazy\" title=\"Ultrasonic Beauty Transducer Manufacturer &amp; Supplier\" width=\"500\" height=\"375\" src=\"https:\/\/www.youtube.com\/embed\/SC3o3baxfvU?feature=oembed\" frameborder=\"0\" allow=\"accelerometer; autoplay; clipboard-write; encrypted-media; gyroscope; picture-in-picture; web-share\" referrerpolicy=\"strict-origin-when-cross-origin\" allowfullscreen><\/iframe><\/p>\n<h3>Platba<\/h3>\n<p>P\u0159ij\u00edm\u00e1me PayPal, bankovn\u00ed p\u0159evod (T\/T) a Western Union.<\/p>\n<h3 class=\"shipping-methods\">Doprava<\/h3>\n<p>Zbo\u017e\u00ed bude odesl\u00e1no do 48 hodin po obdr\u017een\u00ed cel\u00e9 platby.<\/p>\n<ul>\n<li>Zbo\u017e\u00ed zas\u00edl\u00e1me na adresu uvedenou v platb\u011b PayPal. Ujist\u011bte se pros\u00edm, \u017ee adresa v PayPal je spr\u00e1vn\u00e1.<\/li>\n<li>Po odesl\u00e1n\u00ed zbo\u017e\u00ed v\u00e1m poskytneme sledovac\u00ed \u010d\u00edslo, obvykle zbo\u017e\u00ed obdr\u017e\u00edte do p\u011bti dn\u016f.<\/li>\n<li>M\u00e1te-li jak\u00e9koli dotazy, kontaktujte n\u00e1s pros\u00edm e-mailem (na\u0161e e-mailov\u00e1 adresa je <a href=\"mailto:support@bjultrasonic.com\">support@bjultrasonic.com<\/a>)<\/li>\n<\/ul>\n<h3>Z\u00e1ruka na produkt<\/h3>\n<p>Z\u00e1ru\u010dn\u00ed doba produktu je jeden rok. B\u011bhem z\u00e1ru\u010dn\u00ed doby maj\u00ed zakoupen\u00e9 produkty n\u00e1rok na bezplatnou opravu nebo v\u00fdm\u011bnu.<\/p>\n","protected":false},"excerpt":{"rendered":"<p>Ultrazvukov\u00fd transduktor kr\u00e1sy se pou\u017e\u00edv\u00e1 pro kosmetiku a fitness, hubnut\u00ed. M\u016f\u017ee ovl\u00e1dat tvar a velikost podobn\u00e9 konven\u010dn\u00edm \u010distic\u00edm \u0159ad\u00e1m pro lepen\u00ed nerezov\u00e9 \u010depice.<\/p>\n","protected":false},"featured_media":42434,"comment_status":"open","ping_status":"closed","template":"","meta":[],"product_brand":[],"product_cat":[6321],"product_tag":[],"class_list":{"0":"post-69728","1":"product","2":"type-product","3":"status-publish","4":"has-post-thumbnail","6":"product_cat-ultrasonic-transducer-cs","8":"first","9":"instock","10":"shipping-taxable","11":"product-type-external","12":"prodpage-classic"},"aioseo_notices":[],"_links":{"self":[{"href":"https:\/\/www.bjultrasonic.com\/cs\/wp-json\/wp\/v2\/product\/69728","targetHints":{"allow":["GET"]}}],"collection":[{"href":"https:\/\/www.bjultrasonic.com\/cs\/wp-json\/wp\/v2\/product"}],"about":[{"href":"https:\/\/www.bjultrasonic.com\/cs\/wp-json\/wp\/v2\/types\/product"}],"replies":[{"embeddable":true,"href":"https:\/\/www.bjultrasonic.com\/cs\/wp-json\/wp\/v2\/comments?post=69728"}],"wp:featuredmedia":[{"embeddable":true,"href":"https:\/\/www.bjultrasonic.com\/cs\/wp-json\/wp\/v2\/media\/42434"}],"wp:attachment":[{"href":"https:\/\/www.bjultrasonic.com\/cs\/wp-json\/wp\/v2\/media?parent=69728"}],"wp:term":[{"taxonomy":"product_brand","embeddable":true,"href":"https:\/\/www.bjultrasonic.com\/cs\/wp-json\/wp\/v2\/product_brand?post=69728"},{"taxonomy":"product_cat","embeddable":true,"href":"https:\/\/www.bjultrasonic.com\/cs\/wp-json\/wp\/v2\/product_cat?post=69728"},{"taxonomy":"product_tag","embeddable":true,"href":"https:\/\/www.bjultrasonic.com\/cs\/wp-json\/wp\/v2\/product_tag?post=69728"}],"curies":[{"name":"wp","href":"https:\/\/api.w.org\/{rel}","templated":true}]}}