{"id":69748,"date":"2012-08-06T10:57:33","date_gmt":"2012-08-06T15:57:33","guid":{"rendered":"https:\/\/www.bjultrasonic.com\/shop\/ultrasonic-cell-disruptor-transducer\/"},"modified":"2026-03-28T20:17:32","modified_gmt":"2026-03-29T01:17:32","slug":"ultrasonic-cell-disruptor-transducer","status":"publish","type":"product","link":"https:\/\/www.bjultrasonic.com\/cs\/shop\/ultrasonic-cell-disruptor-transducer\/","title":{"rendered":"Ultrazvukov\u00fd rozru\u0161ova\u010d bun\u011bk Homogeniz\u00e1tor M\u011bni\u010d"},"content":{"rendered":"<p>Ultrazvukov\u00fd disruptor bun\u011bk je hlavn\u00ed sou\u010d\u00e1st\u00ed <a href=\"https:\/\/www.bjultrasonic.com\/cs\/shop\/ultrasonic-cell-disruptor\/\" target=\"_blank\" rel=\"noopener\">ultrazvukov\u00e9ho disruptoru bun\u011bk<\/a>, m\u016f\u017ee urychlit biochemick\u00e9 a fyzik\u00e1ln\u00ed reakce a odd\u011blit kapalinu od plynu. Je \u0161iroce pou\u017e\u00edv\u00e1n v biochemii, mikrobiologii, farmaceutick\u00e9 chemii, fyzice, chemii a dal\u0161\u00edch oborech.<\/p>\n<p><img loading=\"lazy\" decoding=\"async\" class=\"alignnone size-full wp-image-42278\" src=\"https:\/\/www.bjultrasonic.com\/wp-content\/uploads\/2012\/08\/Ultrasonic-Cell-Disruptor-Homogenizer-Transducer-1.png\" alt=\"\" width=\"750\" height=\"455\" \/><\/p>\n<h3>Video ultrazvukov\u00e9ho disruptoru bun\u011bk<\/h3>\n<p><iframe loading=\"lazy\" title=\"Lab Ultrasonic Homogenizer Ultrasonic Herbal Extraction\" width=\"500\" height=\"281\" src=\"https:\/\/www.youtube.com\/embed\/dOtgf6eTl9w?feature=oembed\" frameborder=\"0\" allow=\"accelerometer; autoplay; clipboard-write; encrypted-media; gyroscope; picture-in-picture; web-share\" referrerpolicy=\"strict-origin-when-cross-origin\" allowfullscreen><\/iframe><\/p>\n<p><iframe loading=\"lazy\" title=\"Ultrasonic Processor | Biologics Ultrasonic Homogenizer\" width=\"500\" height=\"375\" src=\"https:\/\/www.youtube.com\/embed\/T0snVNfFYIs?feature=oembed\" frameborder=\"0\" allow=\"accelerometer; autoplay; clipboard-write; encrypted-media; gyroscope; picture-in-picture; web-share\" referrerpolicy=\"strict-origin-when-cross-origin\" allowfullscreen><\/iframe><\/p>\n<h2>Specifikace ultrazvukov\u00e9ho disruptoru bun\u011bk<\/h2>\n<table id=\"wp-table-reloaded-id-123-no-1\" class=\"table table-striped table-bordered\">\n<tbody>\n<tr>\n<td>TYP<\/td>\n<td>D\u00e9lka(mm)<\/td>\n<td>Frekvence<\/td>\n<td>V\u00fdkon<\/td>\n<\/tr>\n<tr>\n<td>Mod\u00e8le<\/td>\n<td>Longueur(mm)<\/td>\n<td>Fr\u00e9quence(KHZ)<\/td>\n<td>Puissance(W)<\/td>\n<\/tr>\n<tr>\n<td>BJ-20100<\/td>\n<td>310<\/td>\n<td>20<\/td>\n<td>100<\/td>\n<\/tr>\n<tr>\n<td>BJ-20150<\/td>\n<td>310<\/td>\n<td>20<\/td>\n<td>150<\/td>\n<\/tr>\n<tr>\n<td>BJ-20250<\/td>\n<td>310<\/td>\n<td>20<\/td>\n<td>250<\/td>\n<\/tr>\n<tr>\n<td>BJ-20500<\/td>\n<td>310<\/td>\n<td>20<\/td>\n<td>500<\/td>\n<\/tr>\n<tr>\n<td>BJ-20800<\/td>\n<td>310<\/td>\n<td>20<\/td>\n<td>800<\/td>\n<\/tr>\n<\/tbody>\n<\/table>\n<h3>Platba<\/h3>\n<p>P\u0159ij\u00edm\u00e1me platby p\u0159es PayPal, T\/T a Western Union.<\/p>\n<h3 class=\"shipping-methods\">Doprava<\/h3>\n<p>Zbo\u017e\u00ed bude odesl\u00e1no do 48 hodin po p\u0159ijet\u00ed pln\u00e9 platby.<\/p>\n<ul>\n<li>Zbo\u017e\u00ed zas\u00edl\u00e1me na adresu uvedenou v platb\u011b PayPal. Ujist\u011bte se pros\u00edm, \u017ee adresa v PayPal je spr\u00e1vn\u00e1.<\/li>\n<li>Po odesl\u00e1n\u00ed zbo\u017e\u00ed v\u00e1m poskytneme sledovac\u00ed \u010d\u00edslo, obecn\u011b byste m\u011bli zbo\u017e\u00ed obdr\u017eet do p\u011bti dn\u016f.<\/li>\n<li>Pokud m\u00e1te jak\u00e9koli dotazy, kontaktujte n\u00e1s pros\u00edm e-mailem (na\u0161e e-mailov\u00e1 adresa je <a href=\"mailto:support@bjultrasonic.com\">support@bjultrasonic.com<\/a>).<\/li>\n<\/ul>\n<h3>Z\u00e1ruka na produkt<\/h3>\n<p>Z\u00e1ru\u010dn\u00ed doba produktu je jeden rok. B\u011bhem z\u00e1ru\u010dn\u00ed doby lze zakoupen\u00e9 produkty bezplatn\u011b opravit nebo vym\u011bnit.<\/p>\n","protected":false},"excerpt":{"rendered":"<p><a href=\"https:\/\/www.bjultrasonic.com\/cs\/category\/ultrasonic-processors-cs\/cell-cs\/\">Ultrazvukov\u00e9 disruptory bun\u011bk<\/a> zlep\u0161uj\u00ed celkovou uniformitu a stabilitu sm\u011bs\u00ed t\u00edm, \u017ee sni\u017euj\u00ed velikost \u010d\u00e1stic v kapalin\u00e1ch. Ultrazvukov\u00e9 disruptory bun\u011bk jsou \u00fa\u010dinn\u00e9 pro \u0161t\u011bpen\u00ed DNA\/RNA, homogenizaci, l\u00fdzu bun\u011bk, disperzi nano\u010d\u00e1stic, extrakci protein\u016f a obecnou p\u0159\u00edpravu vzork\u016f.<\/p>\n","protected":false},"featured_media":1224,"comment_status":"open","ping_status":"closed","template":"","meta":[],"product_brand":[],"product_cat":[6287,6243],"product_tag":[],"class_list":{"0":"post-69748","1":"product","2":"type-product","3":"status-publish","4":"has-post-thumbnail","6":"product_cat-cell-cs","7":"product_cat-ultrasonic-processors-cs","9":"first","10":"instock","11":"shipping-taxable","12":"product-type-external","13":"prodpage-classic"},"aioseo_notices":[],"_links":{"self":[{"href":"https:\/\/www.bjultrasonic.com\/cs\/wp-json\/wp\/v2\/product\/69748","targetHints":{"allow":["GET"]}}],"collection":[{"href":"https:\/\/www.bjultrasonic.com\/cs\/wp-json\/wp\/v2\/product"}],"about":[{"href":"https:\/\/www.bjultrasonic.com\/cs\/wp-json\/wp\/v2\/types\/product"}],"replies":[{"embeddable":true,"href":"https:\/\/www.bjultrasonic.com\/cs\/wp-json\/wp\/v2\/comments?post=69748"}],"wp:featuredmedia":[{"embeddable":true,"href":"https:\/\/www.bjultrasonic.com\/cs\/wp-json\/wp\/v2\/media\/1224"}],"wp:attachment":[{"href":"https:\/\/www.bjultrasonic.com\/cs\/wp-json\/wp\/v2\/media?parent=69748"}],"wp:term":[{"taxonomy":"product_brand","embeddable":true,"href":"https:\/\/www.bjultrasonic.com\/cs\/wp-json\/wp\/v2\/product_brand?post=69748"},{"taxonomy":"product_cat","embeddable":true,"href":"https:\/\/www.bjultrasonic.com\/cs\/wp-json\/wp\/v2\/product_cat?post=69748"},{"taxonomy":"product_tag","embeddable":true,"href":"https:\/\/www.bjultrasonic.com\/cs\/wp-json\/wp\/v2\/product_tag?post=69748"}],"curies":[{"name":"wp","href":"https:\/\/api.w.org\/{rel}","templated":true}]}}