{"id":69768,"date":"2012-08-06T10:13:16","date_gmt":"2012-08-06T15:13:16","guid":{"rendered":"https:\/\/www.bjultrasonic.com\/shop\/ultrasonic-biodiesel-reactor\/"},"modified":"2026-03-28T20:17:05","modified_gmt":"2026-03-29T01:17:05","slug":"ultrasonic-biodiesel-reactor","status":"publish","type":"product","link":"https:\/\/www.bjultrasonic.com\/cs\/shop\/ultrasonic-biodiesel-reactor\/","title":{"rendered":"Ultrazvukov\u00fd bioreaktor na bionaftu"},"content":{"rendered":"<table class=\"table table-striped table-bordered\" border=\"0\" cellspacing=\"0\" cellpadding=\"0\">\n<tbody>\n<tr>\n<td valign=\"top\" width=\"82\">Typ<\/td>\n<td valign=\"top\" width=\"81\">Frekvence<br \/>\n(KHz)<\/td>\n<td valign=\"top\" width=\"60\">V\u00fdkon<\/td>\n<td valign=\"top\" width=\"60\">Pr\u016fm\u011br<br \/>\n(mm)<\/td>\n<td valign=\"top\" width=\"63\">D\u00e9lka<br \/>\n(mm)<\/td>\n<td valign=\"top\" width=\"90\">Statick\u00e1 kapacita (pF\u00b110%)<\/td>\n<\/tr>\n<tr>\n<td valign=\"top\" width=\"82\"><a href=\"https:\/\/www.bjultrasonic.com\/cs\/shop\/ultrasonic-biodiesel-reactor-bjr-500\/\">BJR-500<\/a><\/td>\n<td valign=\"top\" width=\"81\">27<\/td>\n<td valign=\"top\" width=\"68\">500<\/td>\n<td valign=\"top\" width=\"90\">\u03a673<\/td>\n<td valign=\"top\" width=\"63\">323<\/td>\n<td valign=\"top\" width=\"80\">68000<\/td>\n<\/tr>\n<tr>\n<td valign=\"top\" width=\"82\"><a href=\"https:\/\/www.bjultrasonic.com\/cs\/shop\/ultrasonic-biodiesel-reactor-bjr-1000\/\">BJR-1000<\/a><\/td>\n<td valign=\"top\" width=\"81\">27<\/td>\n<td valign=\"top\" width=\"68\">1000<\/td>\n<td valign=\"top\" width=\"90\">\u03a673<\/td>\n<td valign=\"top\" width=\"63\">458<\/td>\n<td valign=\"top\" width=\"80\">68000<\/td>\n<\/tr>\n<tr>\n<td valign=\"top\" width=\"82\"><a href=\"https:\/\/www.bjultrasonic.com\/cs\/shop\/ultrasonic-biodiesel-reactor-bjr-1100\/\">BJR-1100<\/a><\/td>\n<td valign=\"top\" width=\"81\">27<\/td>\n<td valign=\"top\" width=\"68\">1100<\/td>\n<td valign=\"top\" width=\"90\">\u03a673<\/td>\n<td valign=\"top\" width=\"63\">624<\/td>\n<td valign=\"top\" width=\"80\">68000<\/td>\n<\/tr>\n<tr>\n<td valign=\"top\" width=\"82\"><a href=\"https:\/\/www.bjultrasonic.com\/cs\/shop\/ultrasonic-biodiesel-reactor-bjr-1200\/\">BJR-1200<\/a><\/td>\n<td valign=\"top\" width=\"81\">27<\/td>\n<td valign=\"top\" width=\"68\">1200<\/td>\n<td valign=\"top\" width=\"90\">\u03a673<\/td>\n<td valign=\"top\" width=\"63\">790<\/td>\n<td valign=\"top\" width=\"80\">68000<\/td>\n<\/tr>\n<tr>\n<td valign=\"top\" width=\"82\"><a href=\"https:\/\/www.bjultrasonic.com\/cs\/shop\/ultrasonic-biodiesel-reactor-bjr-1300\/\">BJR-1300<\/a><\/td>\n<td valign=\"top\" width=\"81\">27<\/td>\n<td valign=\"top\" width=\"68\">1300<\/td>\n<td valign=\"top\" width=\"90\">\u03a673<\/td>\n<td valign=\"top\" width=\"63\">957<\/td>\n<td valign=\"top\" width=\"80\">68000<\/td>\n<\/tr>\n<tr>\n<td valign=\"top\" width=\"82\"><a href=\"https:\/\/www.bjultrasonic.com\/cs\/shop\/ultrasonic-biodiesel-reactor-bjr-1500\/\">BJR-1500<\/a><\/td>\n<td valign=\"top\" width=\"81\">27<\/td>\n<td valign=\"top\" width=\"68\">1500<\/td>\n<td valign=\"top\" width=\"90\">\u03a673<\/td>\n<td valign=\"top\" width=\"63\">1123<\/td>\n<td valign=\"top\" width=\"80\">68000<\/td>\n<\/tr>\n<tr>\n<td valign=\"top\" width=\"82\"><a href=\"https:\/\/www.bjultrasonic.com\/cs\/shop\/ultrasonic-biodiesel-reactor-bjr-2000\/\">BJR-2000<\/a><\/td>\n<td valign=\"top\" width=\"81\">27<\/td>\n<td valign=\"top\" width=\"68\">2000<\/td>\n<td valign=\"top\" width=\"90\">\u03a673<\/td>\n<td valign=\"top\" width=\"63\">910<\/td>\n<td valign=\"top\" width=\"80\">132000<\/td>\n<\/tr>\n<\/tbody>\n<\/table>\n<h3>Pro\u010d ty nejlep\u0161\u00ed sady pro v\u00fdrobu bionafty pou\u017e\u00edvaj\u00ed ultrazvukov\u00fd reaktor pro bionaftu<\/h3>\n<p>Z\u00e1jem o soupravy pro v\u00fdrobu bionafty se v posledn\u00edch letech v\u00fdrazn\u011b zv\u00fd\u0161il. Mo\u017enost vyr\u00e1b\u011bt si vlastn\u00ed bionaftu je velkou v\u00fdhodou, zejm\u00e9na v dne\u0161n\u00ed dob\u011b, kdy jsou ceny ropn\u00fdch paliv velmi vysok\u00e9. Bionafta je pova\u017eov\u00e1na za nejlep\u0161\u00ed alternativu k ropn\u00fdm paliv\u016fm nejen kv\u016fli sv\u00e9 relativn\u011b ni\u017e\u0161\u00ed cen\u011b. Bionafta je \u0161etrn\u00e1 k \u017eivotn\u00edmu prost\u0159ed\u00ed. Je netoxick\u00e1. Je tak\u00e9 biologicky rozlo\u017eiteln\u00e1.<\/p>\n<p>Pomoc\u00ed souprav pro v\u00fdrobu bionafty lze snadno doma vyrobit palivo, kter\u00e9 lze pou\u017e\u00edt t\u00e9m\u011b\u0159 ve v\u0161ech dieselov\u00fdch motorech. Suroviny pro v\u00fdrobu bionafty jsou snadno dostupn\u00e9 a hlavn\u00ed surovina se pravd\u011bpodobn\u011b ji\u017e nach\u00e1z\u00ed ve va\u0161\u00ed dom\u00e1cnosti. Hlavn\u00ed surovinou bionasty je rostlinn\u00fd olej. A\u0165 u\u017e je rostlinn\u00fd olej ve va\u0161\u00ed kuchyni nov\u00fd nebo pou\u017eit\u00fd, lze jej p\u0159em\u011bnit na bionaftu.<\/p>\n<p>Suroviny proch\u00e1zej\u00ed n\u011bkolika procesy. Jsou sm\u00edch\u00e1ny dohromady, odd\u011bleny, zah\u0159\u00e1ty, propl\u00e1chnuty, vysu\u0161eny a p\u0159efiltrov\u00e1ny. V\u0161echny tyto procesy prov\u00e1d\u00ed zpracovatel bionafty. Vy pouze pot\u0159ebujete nal\u00edt suroviny do p\u0159\u00edstroje a spustit stroj. Kdy\u017e je bionafta hotov\u00e1, bu\u010f ji vyjmete, pokud ji ji\u017e pot\u0159ebujete, nebo ji nech\u00e1te v p\u0159\u00edstroji, dokud ji nebudete pot\u0159ebovat. Uchov\u00e1v\u00e1n\u00ed bionafty v procesoru na bionaftu je dobr\u00fd zp\u016fsob skladov\u00e1n\u00ed paliva. Procesor je schopen udr\u017eet kvalitu vyroben\u00e9 bionafty.<\/p>\n<p><img loading=\"lazy\" decoding=\"async\" title=\"Soupravy pro v\u00fdrobu bionafty\" src=\"\/\/www.bjultrasonic.com\/wp-content\/uploads\/2012\/08\/Biodiesel-Processor-Kits.jpg\" alt=\"Soupravy pro v\u00fdrobu bionafty\" width=\"628\" height=\"295\" \/><\/p>\n<p>V\u00fdroba bionafty nen\u00ed nic, \u010deho byste se m\u011bli b\u00e1t. Je snadn\u00e1 a bezpe\u010dn\u00e1. V\u0161echny suroviny jsou netoxick\u00e9 a v\u0161echny procesy jsou prov\u00e1d\u011bny zpracovatelem bionafty bezpe\u010dn\u00fdm a \u00fa\u010dinn\u00fdm zp\u016fsobem. Dokud b\u011bhem v\u00fdroby bionafty nesund\u00e1te kryt p\u0159\u00edstroje, nestane se \u017e\u00e1dn\u00e1 nep\u0159\u00edjemn\u00e1 nehoda. B\u011bhem procesu oh\u0159evu je teplota uvnit\u0159 p\u0159\u00edstroje extr\u00e9mn\u011b vysok\u00e1. Pokud olej vyst\u0159\u00edkne nebo se dotkne va\u0161\u00ed k\u016f\u017ee, dojde k pop\u00e1len\u00ed.<\/p>\n<p>Soupravy pro v\u00fdrobu bionafty nejsou drah\u00e9. Stoj\u00ed m\u00e9n\u011b ne\u017e tis\u00edc dolar\u016f. Mnoh\u00e9 jsou dokonce cenov\u011b pouze na n\u011bkolik set dolar\u016f. Cena procesoru na bionaftu je nic ve srovn\u00e1n\u00ed s pen\u011bzi, kter\u00e9 u\u0161et\u0159\u00edte. Ceny ropn\u00fdch paliv jsou vysok\u00e9 a budou se jen zvy\u0161ovat. Na druhou stranu, suroviny pro v\u00fdrobu bionafty jsou levn\u00e9. Pokud pou\u017eijete rostlinn\u00fd olej, kter\u00fd nen\u00ed nov\u00fd, va\u0161e \u00faspory budou je\u0161t\u011b v\u011bt\u0161\u00ed. Cena bionafty, kterou vyrob\u00edte, je pouze n\u011bkolik cent\u016f za litr. To je mnohem m\u00e9n\u011b ne\u017e ceny ropn\u00fdch paliv.<\/p>\n<p>Ka\u017ed\u00fd procesor bionafty obsahuje reaktor na bionaftu. Pr\u00e1v\u011b reaktor na bionaftu urychluje v\u00fdrobu bionafty. Zp\u016fsobuje esterifikaci a transesterifikaci, chemick\u00e9 reakce, kter\u00e9 p\u0159em\u011b\u0148uj\u00ed suroviny na bionaftu. Existuj\u00ed dva typy reaktor\u016f na bionaftu. Jsou to ultrazvukov\u00fd reaktor na bionaftu a smykov\u00fd reaktor na bionaftu. Mezi t\u011bmito dv\u011bma typy reaktor\u016f je lep\u0161\u00ed ultrazvukov\u00fd reaktor na bionaftu.<\/p>\n<p>Ultrazvukov\u00fd reaktor na bionaftu vyr\u00e1b\u00ed bionaftu v nejkrat\u0161\u00edm mo\u017en\u00e9m \u010dase a nejefektivn\u011bj\u0161\u00edm zp\u016fsobem. Ultrazvukov\u00e9 vlny p\u016fsob\u00ed na sm\u00edchan\u00e9 suroviny a zp\u016fsobuj\u00ed vznik a implozi mnoha mal\u00fdch bublin. Tomu se \u0159\u00edk\u00e1 kavitace. Kavitace sou\u010dasn\u011b m\u00edch\u00e1 a zah\u0159\u00edv\u00e1 sm\u011bs. Tyto dva procesy zp\u016fsobuj\u00ed transesterifikaci. Proto\u017ee ultrazvukov\u00fd reaktor na bionaftu m\u00edch\u00e1 a zah\u0159\u00edv\u00e1 sm\u011bs sou\u010dasn\u011b, \u010das pot\u0159ebn\u00fd k v\u00fdrob\u011b bionafty je v\u00fdrazn\u011b zkr\u00e1cen. A tak m\u00edsto zpracov\u00e1n\u00ed sm\u011bs\u00ed po d\u00e1vk\u00e1ch, co\u017e trv\u00e1 hodn\u011b \u010dasu, jsou sm\u011bsi zpracov\u00e1v\u00e1ny prost\u0159ednictv\u00edm inline transesterifikace.<\/p>\n<p>Ultrazvukov\u00e9 vlny hraj\u00ed velmi d\u016fle\u017eitou roli p\u0159i v\u00fdrob\u011b bionafty. Jsou velmi \u00fa\u010dinn\u00e9 p\u0159i m\u00edch\u00e1n\u00ed surovin, kter\u00e9 je obt\u00ed\u017en\u00e9 spojit. Pro v\u00fdrobu bionafty je t\u0159eba suroviny d\u016fkladn\u011b prom\u00edchat. Pokud nejsou suroviny spr\u00e1vn\u011b prom\u00edch\u00e1ny, bu\u010f se bionafta nevyrob\u00ed, nebo bude vyroben\u00e1 bionafta n\u00edzk\u00e9 kvality.<\/p>\n<p>Ultrazvukov\u00e9 vlny m\u00edchaj\u00ed a zah\u0159\u00edvaj\u00ed suroviny. Kdy\u017e se vlny dostanou do kontaktu se surovinami, zp\u016fsob\u00ed jejich prudk\u00e9 vibrace. Tyto vibrace vedou k tvorb\u011b kavita\u010dn\u00edch bublin. Kdy\u017e bubliny imploduj\u00ed, suroviny se stahuj\u00ed a m\u00eds\u00ed se dohromady. Tato \u010dinnost zvy\u0161uje teplotu sm\u011bsi. I kdy\u017e zv\u00fd\u0161en\u00ed teploty nen\u00ed velk\u00e9, sta\u010d\u00ed k tomu, aby sm\u011bs zreagovala a doba reakce byla krat\u0161\u00ed ne\u017e obvykle. S pomoc\u00ed ultrazvukov\u00fdch vln se \u0161et\u0159\u00ed energie, proto\u017ee nen\u00ed pot\u0159eba zvy\u0161ovat teplotu.<\/p>\n<p>Procesor bionafty s ultrazvukov\u00fdm reaktorem je ide\u00e1ln\u00ed pro ka\u017ed\u00e9ho, kdo nepot\u0159ebuje vyrobit miliony galon\u016f bionafty. Je to ide\u00e1ln\u00ed p\u0159\u00edstroj pro v\u00e1s, pokud pot\u0159ebujete vyrobit pouze n\u011bkolik galon\u016f bionafty najednou.<\/p>\n<h3>V\u00fdhody<\/h3>\n<p><b>1. Doba reakce je zkr\u00e1cena<\/b><\/p>\n<p>Ultrazvukov\u00fd reaktor na bionaftu v\u00fdrazn\u011b zkracuje reak\u010dn\u00ed dobu slo\u017eek. Toho dosahuje m\u00edch\u00e1n\u00edm slo\u017eek. P\u0159i m\u00edch\u00e1n\u00ed slo\u017eek se sni\u017euje methanol. To zp\u016fsobuje, \u017ee se slo\u017eky spoj\u00ed a spr\u00e1vn\u011b prom\u00eds\u00ed. Obvykle je k d\u016fkladn\u00e9mu prom\u00edch\u00e1n\u00ed slo\u017eek pot\u0159eba jedna hodina. S pomoc\u00ed ultrazvukov\u00fdch vln se pot\u0159ebn\u00e1 doba zkr\u00e1t\u00ed na m\u00e9n\u011b ne\u017e jednu minutu. Jakmile dojde k spr\u00e1vn\u00e9mu prom\u00edch\u00e1n\u00ed, nastane reakce. M\u00edch\u00e1n\u00ed zp\u016fsoben\u00e9 ultrazvukov\u00fdmi vlnami tak\u00e9 zvy\u0161uje kvalitu a mno\u017estv\u00ed vyroben\u00e9 bionafty.<\/p>\n<p>Ka\u017ed\u00fd ultrazvukov\u00fd reaktor na bionaftu, kter\u00fd m\u00e1me v Beijing Ultrasonic, je schopen prov\u00e1d\u011bt esterifikaci a transesterifikaci. Na\u0161e ultrazvukov\u00e9 reaktory zp\u016fsobuj\u00ed molekul\u00e1rn\u00ed kavitaci. T\u00edm se slo\u017eky d\u016fkladn\u011b prom\u00eds\u00ed a dojde k \u00fapln\u00e9 reakci. Spr\u00e1vn\u00e9 prom\u00edch\u00e1n\u00ed a reakce vedou k v\u011bt\u0161\u00edmu mno\u017estv\u00ed vyroben\u00e9 bionafty.<\/p>\n<p><b>2. In-line reaktory jsou nastaviteln\u00e9<\/b><\/p>\n<p>In-line ultrazvukov\u00fd reaktor na bionaftu zvy\u0161uje mno\u017estv\u00ed vyroben\u00e9 bionafty pou\u017eit\u00edm kontinu\u00e1ln\u00edho pr\u016ftokov\u00e9ho zpracov\u00e1n\u00ed nam\u00edsto \u010dasov\u011b n\u00e1ro\u010dn\u00e9ho d\u00e1vkov\u00e9ho zpracov\u00e1n\u00ed. Kontinu\u00e1ln\u00ed pr\u016ftokov\u00e9 zpracov\u00e1n\u00ed je efektivn\u011bj\u0161\u00ed. Vy\u017eaduje ni\u017e\u0161\u00ed provozn\u00ed n\u00e1klady.<\/p>\n<p>Aby vyhovovaly va\u0161im pot\u0159eb\u00e1m, lze velikost a kapacitu na\u0161ich in-line ultrazvukov\u00fdch reaktor\u016f na bionaftu upravit. Po\u010det p\u0159ipojen\u00fdch reaktor\u016f bude z\u00e1viset na mno\u017estv\u00ed bionafty, kter\u00e9 m\u00e1 b\u00fdt vyrobeno. Pokud je pot\u0159eba v\u00edce ne\u017e jeden ultrazvukov\u00fd reaktor, reaktory se p\u0159ipojuj\u00ed s\u00e9riov\u011b.<\/p>\n<h3>Aplikace<\/h3>\n<p>Ultrazvukov\u00fd reaktor na bionaftu m\u00e1 n\u011bkolik vyu\u017eit\u00ed. T\u0159i z jeho hlavn\u00edch vyu\u017eit\u00ed jsou n\u00e1sleduj\u00edc\u00ed:<\/p>\n<ul>\n<li>Zpracov\u00e1n\u00ed rostlinn\u00e9ho oleje, alkoholu a katalyz\u00e1toru za \u00fa\u010delem v\u00fdroby bionafty<\/li>\n<li>\u010ci\u0161t\u011bn\u00ed n\u00e1dr\u017e\u00ed a potrub\u00ed<\/li>\n<li>Vytv\u00e1\u0159en\u00ed chemick\u00fdch reakc\u00ed, jako je synt\u00e9za a separace<\/li>\n<\/ul>\n<h3>Video<\/h3>\n<p><iframe loading=\"lazy\" title=\"Ultrasonic Reactors for Biodiesel Production\" width=\"500\" height=\"281\" src=\"https:\/\/www.youtube.com\/embed\/oe1tAvpuUjw?feature=oembed\" frameborder=\"0\" allow=\"accelerometer; autoplay; clipboard-write; encrypted-media; gyroscope; picture-in-picture; web-share\" referrerpolicy=\"strict-origin-when-cross-origin\" allowfullscreen><\/iframe><\/p>\n<p><iframe loading=\"lazy\" title=\"Biodiesel Processor Kits - Beijing Ultrasonic\" width=\"500\" height=\"281\" src=\"https:\/\/www.youtube.com\/embed\/OpgcM3CcI90?feature=oembed\" frameborder=\"0\" allow=\"accelerometer; autoplay; clipboard-write; encrypted-media; gyroscope; picture-in-picture; web-share\" referrerpolicy=\"strict-origin-when-cross-origin\" allowfullscreen><\/iframe><\/p>\n<h3>Souvisej\u00edc\u00ed \u010dl\u00e1nky<\/h3>\n<ul>\n<li><a href=\"https:\/\/www.bjultrasonic.com\/cs\/learn-to-design-a-packed-bed-tubular-reactor\/\" target=\"_blank\" rel=\"noopener\">Nau\u010dte se navrhnout trubkov\u00fd reaktor s pln\u011bn\u00fdm lo\u017eem<\/a><\/li>\n<li><a href=\"https:\/\/www.bjultrasonic.com\/cs\/how-to-grow-algae-cheap-biodiesel-fuel\/\" target=\"_blank\" rel=\"noopener\">Jak p\u011bstovat \u0159asy \u2013 levn\u00e9 palivo bionafta<\/a><\/li>\n<li><a href=\"https:\/\/www.bjultrasonic.com\/cs\/what-is-the-difference-between-diesel-and-biodiesel\/\" target=\"_blank\" rel=\"noopener\">Rozd\u00edl mezi naftou a bionaftou<\/a><\/li>\n<li><a href=\"https:\/\/www.bjultrasonic.com\/cs\/what-is-a-biodiesel-reactor\/\" target=\"_blank\" rel=\"noopener\">Co je to reaktor na bionaftu<\/a><\/li>\n<li><a href=\"https:\/\/www.bjultrasonic.com\/cs\/15-easy-steps-to-make-your-own-biodiesel-processor\/\" target=\"_blank\" rel=\"noopener\">15 jednoduch\u00fdch krok\u016f k v\u00fdrob\u011b vlastn\u00edho procesoru bionafty<\/a><\/li>\n<\/ul>\n<h3>Platba<\/h3>\n<p>Nyn\u00ed p\u0159ij\u00edm\u00e1me PayPal, T\/T a Western Union.<\/p>\n<h3 class=\"shipping-methods\">Doprava<\/h3>\n<p>Zbo\u017e\u00ed bude odesl\u00e1no do 48 hodin po p\u0159ijet\u00ed cel\u00e9 platby.<\/p>\n<ul>\n<li>Zbo\u017e\u00ed zas\u00edl\u00e1me na adresu uvedenou v platb\u011b PayPal. Ujist\u011bte se pros\u00edm, \u017ee adresa v PayPal je spr\u00e1vn\u00e1.<\/li>\n<li>Po odesl\u00e1n\u00ed zbo\u017e\u00ed v\u00e1m poskytneme sledovac\u00ed \u010d\u00edslo, obecn\u011b zbo\u017e\u00ed obdr\u017e\u00edte do p\u011bti dn\u016f.<\/li>\n<li>Pokud m\u00e1te jak\u00e9koli dotazy, kontaktujte n\u00e1s pros\u00edm e-mailem (na\u0161e e-mailov\u00e1 adresa je <a href=\"mailto:support@bjultrasonic.com\">support@bjultrasonic.com<\/a>)<\/li>\n<\/ul>\n<h3>Z\u00e1ruka na produkt<\/h3>\n<p>Z\u00e1ru\u010dn\u00ed doba produktu je jeden rok. B\u011bhem z\u00e1ru\u010dn\u00ed doby lze zakoupen\u00e9 produkty bezplatn\u011b opravit nebo vym\u011bnit.<\/p>\n","protected":false},"excerpt":{"rendered":"<p>Ultrazvukov\u00e9 procesory pro v\u00fdrobu bionafty. Ultrazvukov\u00fd reaktor pro bionaftu vyr\u00e1b\u00ed bionaftu v nejkrat\u0161\u00edm mo\u017en\u00e9m \u010dase a nejefektivn\u011bj\u0161\u00edm zp\u016fsobem.<\/p>\n","protected":false},"featured_media":42435,"comment_status":"open","ping_status":"closed","template":"","meta":[],"product_brand":[],"product_cat":[6243,6273],"product_tag":[],"class_list":{"0":"post-69768","1":"product","2":"type-product","3":"status-publish","4":"has-post-thumbnail","6":"product_cat-ultrasonic-processors-cs","7":"product_cat-biodiesel-cs","9":"first","10":"instock","11":"shipping-taxable","12":"product-type-external","13":"prodpage-classic"},"aioseo_notices":[],"_links":{"self":[{"href":"https:\/\/www.bjultrasonic.com\/cs\/wp-json\/wp\/v2\/product\/69768","targetHints":{"allow":["GET"]}}],"collection":[{"href":"https:\/\/www.bjultrasonic.com\/cs\/wp-json\/wp\/v2\/product"}],"about":[{"href":"https:\/\/www.bjultrasonic.com\/cs\/wp-json\/wp\/v2\/types\/product"}],"replies":[{"embeddable":true,"href":"https:\/\/www.bjultrasonic.com\/cs\/wp-json\/wp\/v2\/comments?post=69768"}],"wp:featuredmedia":[{"embeddable":true,"href":"https:\/\/www.bjultrasonic.com\/cs\/wp-json\/wp\/v2\/media\/42435"}],"wp:attachment":[{"href":"https:\/\/www.bjultrasonic.com\/cs\/wp-json\/wp\/v2\/media?parent=69768"}],"wp:term":[{"taxonomy":"product_brand","embeddable":true,"href":"https:\/\/www.bjultrasonic.com\/cs\/wp-json\/wp\/v2\/product_brand?post=69768"},{"taxonomy":"product_cat","embeddable":true,"href":"https:\/\/www.bjultrasonic.com\/cs\/wp-json\/wp\/v2\/product_cat?post=69768"},{"taxonomy":"product_tag","embeddable":true,"href":"https:\/\/www.bjultrasonic.com\/cs\/wp-json\/wp\/v2\/product_tag?post=69768"}],"curies":[{"name":"wp","href":"https:\/\/api.w.org\/{rel}","templated":true}]}}