{"id":69808,"date":"2012-07-12T23:52:11","date_gmt":"2012-07-13T04:52:11","guid":{"rendered":"https:\/\/www.bjultrasonic.com\/shop\/cylinder-piezoelectric-ceramics\/"},"modified":"2026-03-28T20:17:02","modified_gmt":"2026-03-29T01:17:02","slug":"cylinder-piezoelectric-ceramics","status":"publish","type":"product","link":"https:\/\/www.bjultrasonic.com\/cs\/shop\/cylinder-piezoelectric-ceramics\/","title":{"rendered":"Piezokeramick\u00fd v\u00e1lec"},"content":{"rendered":"<p><iframe loading=\"lazy\" title=\"Piezoelectric Ceramics | Piezoceramics\" width=\"500\" height=\"281\" src=\"https:\/\/www.youtube.com\/embed\/1Z8-9WdJKhQ?feature=oembed\" frameborder=\"0\" allow=\"accelerometer; autoplay; clipboard-write; encrypted-media; gyroscope; picture-in-picture; web-share\" referrerpolicy=\"strict-origin-when-cross-origin\" allowfullscreen><\/iframe><\/p>\n<h3>M\u016f\u017eeme p\u0159izp\u016fsobit r\u016fzn\u00e9 piezoelektrick\u00e9 keramiky podle po\u017eadavk\u016f.<\/h3>\n<p>Materi\u00e1l piezokeramick\u00e9ho v\u00e1lce: PZT4, PZT5, PZT8 nebo jin\u00fd po\u017eadovan\u00fd piezoelektrick\u00fd materi\u00e1l.<\/p>\n<p><img loading=\"lazy\" decoding=\"async\" class=\"alignnone size-full wp-image-23760\" src=\"https:\/\/www.bjultrasonic.com\/wp-content\/uploads\/2012\/07\/Piezoceramic-Cylinder.jpg\" alt=\"Piezokeramick\u00fd v\u00e1lec\" width=\"700\" height=\"700\" srcset=\"https:\/\/www.bjultrasonic.com\/wp-content\/uploads\/2012\/07\/Piezoceramic-Cylinder.jpg 700w, https:\/\/www.bjultrasonic.com\/wp-content\/uploads\/2012\/07\/Piezoceramic-Cylinder-600x600.jpg 600w, https:\/\/www.bjultrasonic.com\/wp-content\/uploads\/2012\/07\/Piezoceramic-Cylinder-100x100.jpg 100w\" sizes=\"auto, (max-width: 700px) 100vw, 700px\" \/><\/p>\n<h2>Pou\u017eit\u00ed piezokeramick\u00e9ho v\u00e1lce<\/h2>\n<table id=\"wp-table-reloaded-id-117-no-1\" class=\"table table-striped table-bordered\">\n<tbody>\n<tr>\n<td>Hydrofon<\/td>\n<td>Ultrazvukov\u00fd senzor<\/td>\n<td>Senzor tlaku<\/td>\n<\/tr>\n<tr>\n<td>biomedic\u00ednsk\u00fd sonar,<\/td>\n<td>Senzor vibrac\u00ed<\/td>\n<td>Aktu\u00e1tory<\/td>\n<\/tr>\n<tr>\n<td>disperze hmoty<\/td>\n<td>Senzor tlaku<\/td>\n<td>Ultrazvukov\u00e9 m\u00edch\u00e1n\u00ed<\/td>\n<\/tr>\n<tr>\n<td>Ultrazvukov\u00fd lisovac\u00ed senzor<\/td>\n<td>V\u00fdkonn\u00e9 aktu\u00e1tory<\/td>\n<td>dal\u0161\u00ed aplikace<\/td>\n<\/tr>\n<\/tbody>\n<\/table>\n<p>Rozsah velikost\u00ed v\u00e1lcov\u00fdch piezokeramick\u00fdch prvk\u016f:<\/p>\n<ul>\n<li>Rozsah pr\u016fm\u011bru: 2 mm &#8212; 20 mm<\/li>\n<li>Rozsah v\u00fd\u0161ky: 3 mm \u2014 40 mm<\/li>\n<\/ul>\n<h3>Platba<\/h3>\n<p>Nyn\u00ed p\u0159ij\u00edm\u00e1me PayPal, T\/T &amp; Western Union.<\/p>\n<h3 class=\"shipping-methods\">Doprava<\/h3>\n<p>Zbo\u017e\u00ed bude odesl\u00e1no do 48 hodin po obdr\u017een\u00ed cel\u00e9 platby.<\/p>\n<ul>\n<li>Zbo\u017e\u00ed zas\u00edl\u00e1me na adresu uvedenou v platb\u011b PayPal. Ujist\u011bte se pros\u00edm, \u017ee adresa v PayPal je spr\u00e1vn\u00e1.<\/li>\n<li>Po odesl\u00e1n\u00ed zbo\u017e\u00ed v\u00e1m poskytneme sledovac\u00ed \u010d\u00edslo, zpravidla zbo\u017e\u00ed obdr\u017e\u00edte do p\u011bti dn\u016f.<\/li>\n<li>Pokud m\u00e1te jak\u00e9koli dotazy, kontaktujte n\u00e1s pros\u00edm e-mailem (na\u0161e e-mailov\u00e1 adresa je <a href=\"mailto:support@bjultrasonic.com\">support@bjultrasonic.com<\/a>)<\/li>\n<\/ul>\n<h3>Z\u00e1ruka na produkt<\/h3>\n<p>Z\u00e1ru\u010dn\u00ed doba produktu je jeden rok. B\u011bhem z\u00e1ru\u010dn\u00ed doby lze zakoupen\u00e9 produkty bezplatn\u011b opravit nebo vym\u011bnit.<\/p>\n","protected":false},"excerpt":{"rendered":"<p>M\u016f\u017eeme p\u0159izp\u016fsobit r\u016fzn\u00e9 piezoelektrick\u00e9 keramiky podle po\u017eadavk\u016f. Materi\u00e1l piezokeramick\u00e9ho v\u00e1lce: PZT4, PZT5, PZT8 nebo jin\u00fd po\u017eadovan\u00fd piezoelektrick\u00fd materi\u00e1l. Pou\u017eit\u00ed piezokeramick\u00e9ho v\u00e1lce Hydrofon Ultrazvukov\u00fd senzor Senzor tlaku biomedic\u00ednsk\u00fd sonar, Senzor vibrac\u00ed Aktu\u00e1tory disperze hmoty Senzor tlaku Ultrazvukov\u00e9 m\u00edch\u00e1n\u00ed Ultrazvukov\u00fd lisovac\u00ed senzor V\u00fdkonn\u00e9 aktu\u00e1tory dal\u0161\u00ed aplikace Rozsah velikost\u00ed v\u00e1lcov\u00fdch piezokeramick\u00fdch prvk\u016f: Rozsah pr\u016fm\u011bru: 2 mm &#8212; 20<\/p>\n","protected":false},"featured_media":23760,"comment_status":"open","ping_status":"closed","template":"","meta":[],"product_brand":[],"product_cat":[5692,5640],"product_tag":[],"class_list":{"0":"post-69808","1":"product","2":"type-product","3":"status-publish","4":"has-post-thumbnail","6":"product_cat-cylinder-piezoelectric-ceramics-cs","7":"product_cat-piezoelectric-ceramic-cs","9":"first","10":"instock","11":"shipping-taxable","12":"product-type-external","13":"prodpage-classic"},"aioseo_notices":[],"_links":{"self":[{"href":"https:\/\/www.bjultrasonic.com\/cs\/wp-json\/wp\/v2\/product\/69808","targetHints":{"allow":["GET"]}}],"collection":[{"href":"https:\/\/www.bjultrasonic.com\/cs\/wp-json\/wp\/v2\/product"}],"about":[{"href":"https:\/\/www.bjultrasonic.com\/cs\/wp-json\/wp\/v2\/types\/product"}],"replies":[{"embeddable":true,"href":"https:\/\/www.bjultrasonic.com\/cs\/wp-json\/wp\/v2\/comments?post=69808"}],"wp:featuredmedia":[{"embeddable":true,"href":"https:\/\/www.bjultrasonic.com\/cs\/wp-json\/wp\/v2\/media\/23760"}],"wp:attachment":[{"href":"https:\/\/www.bjultrasonic.com\/cs\/wp-json\/wp\/v2\/media?parent=69808"}],"wp:term":[{"taxonomy":"product_brand","embeddable":true,"href":"https:\/\/www.bjultrasonic.com\/cs\/wp-json\/wp\/v2\/product_brand?post=69808"},{"taxonomy":"product_cat","embeddable":true,"href":"https:\/\/www.bjultrasonic.com\/cs\/wp-json\/wp\/v2\/product_cat?post=69808"},{"taxonomy":"product_tag","embeddable":true,"href":"https:\/\/www.bjultrasonic.com\/cs\/wp-json\/wp\/v2\/product_tag?post=69808"}],"curies":[{"name":"wp","href":"https:\/\/api.w.org\/{rel}","templated":true}]}}