{"id":69828,"date":"2012-07-12T22:49:31","date_gmt":"2012-07-13T03:49:31","guid":{"rendered":"https:\/\/www.bjultrasonic.com\/shop\/disc-piezoelectric-ceramics\/"},"modified":"2026-03-28T20:16:38","modified_gmt":"2026-03-29T01:16:38","slug":"disc-piezoelectric-ceramics","status":"publish","type":"product","link":"https:\/\/www.bjultrasonic.com\/cs\/shop\/disc-piezoelectric-ceramics\/","title":{"rendered":"Piezokeramick\u00fd disk"},"content":{"rendered":"<p><iframe loading=\"lazy\" title=\"Piezoelectric Ceramics | Piezoceramics\" width=\"500\" height=\"281\" src=\"https:\/\/www.youtube.com\/embed\/1Z8-9WdJKhQ?feature=oembed\" frameborder=\"0\" allow=\"accelerometer; autoplay; clipboard-write; encrypted-media; gyroscope; picture-in-picture; web-share\" referrerpolicy=\"strict-origin-when-cross-origin\" allowfullscreen><\/iframe><\/p>\n<h3>M\u016f\u017eeme p\u0159izp\u016fsobit r\u016fzn\u00e9 piezokeramick\u00e9 disky dle po\u017eadavk\u016f.<\/h3>\n<p>Materi\u00e1l 8&#215;2 piezokeramick\u00fdch disk\u016f: <strong>PZT5<\/strong><\/p>\n<p><img loading=\"lazy\" decoding=\"async\" class=\"alignnone wp-image-23759 size-full\" src=\"https:\/\/www.bjultrasonic.com\/wp-content\/uploads\/2012\/07\/Piezoceramic-Disc-2.jpg\" alt=\"Piezokeramick\u00fd disk 2\" width=\"700\" height=\"525\" \/><\/p>\n<p><img loading=\"lazy\" decoding=\"async\" class=\"alignnone size-full wp-image-5007\" src=\"\/\/www.bjultrasonic.com\/wp-content\/uploads\/2012\/07\/Piezoelectric-Ceramic-Disc-4.jpg\" alt=\"Piezoelektrick\u00fd keramick\u00fd disk (4)\" width=\"600\" height=\"359\" \/><\/p>\n<h2>Aplikace piezokeramick\u00e9ho disku<\/h2>\n<table id=\"wp-table-reloaded-id-115-no-1\" class=\"table table-striped table-bordered\">\n<tbody>\n<tr>\n<td>Piezoelektrick\u00fd m\u011bni\u010d vibrac\u00ed<\/td>\n<td>m\u011bni\u010d pro rozpra\u0161ova\u010d<\/td>\n<td>disperze hmoty<\/td>\n<\/tr>\n<tr>\n<td>sonarov\u00fd m\u011bni\u010d<\/td>\n<td>ultrazvukov\u00fd senzor<\/td>\n<td>senzor tlou\u0161\u0165ky st\u011bny<\/td>\n<\/tr>\n<tr>\n<td>senzor nap\u011bt\u00ed materi\u00e1lu<\/td>\n<td>tlakov\u00fd senzor,<\/td>\n<td>biomedic\u00ednsk\u00e1 sonda<\/td>\n<\/tr>\n<tr>\n<td>z\u00edsk\u00e1v\u00e1n\u00ed piezoelektrick\u00e9 energie<\/td>\n<td>m\u011bni\u010d hleda\u010de ryb<\/td>\n<td>kompresn\u00ed senzor<\/td>\n<\/tr>\n<tr>\n<td>piezoelektrick\u00fd expanzn\u00ed senzor<\/td>\n<td>kosmetick\u00fd m\u011bni\u010d<\/td>\n<td>ultrazvukov\u00e9 m\u00edch\u00e1n\u00ed<\/td>\n<\/tr>\n<tr>\n<td>ultrazvukov\u00e1 medic\u00edna<\/td>\n<td>ultrazvukov\u00e9 \u010di\u0161t\u011bn\u00ed<\/td>\n<td>Dal\u0161\u00ed aplikace<\/td>\n<\/tr>\n<\/tbody>\n<\/table>\n<h2>Standardn\u00ed specifikace piezokeramick\u00e9ho disku<\/h2>\n<table id=\"wp-table-reloaded-id-116-no-1\" class=\"table table-striped table-bordered\">\n<tbody>\n<tr>\n<td>Velikost<br \/>\n(mm)<\/td>\n<td>Frekvence tlou\u0161\u0165ky<br \/>\nft(MHz)(\u00b15%)<\/td>\n<td>Kapacita C<br \/>\n(pf)(\u00b115%)<\/td>\n<td>Impedance Zt<br \/>\n(\u03a9)<\/td>\n<td>Elektromechanick\u00fd<br \/>\nvazebn\u00ed koeficient Kt (%)<\/td>\n<td>Piezoelektrick\u00fd<br \/>\nmateri\u00e1l<\/td>\n<\/tr>\n<tr>\n<td>8\u00d71<\/td>\n<td>2.0<\/td>\n<td>530<\/td>\n<td><\/td>\n<td>\u226543<\/td>\n<td>PZT5<\/td>\n<\/tr>\n<tr>\n<td>8\u00d72<\/td>\n<td>1.0<\/td>\n<td>263<\/td>\n<td><\/td>\n<td>\u226543<\/td>\n<td>PZT5<\/td>\n<\/tr>\n<tr>\n<td>10\u00d71<\/td>\n<td>2.0<\/td>\n<td>840<\/td>\n<td><\/td>\n<td>\u226544<\/td>\n<td>PZT5<\/td>\n<\/tr>\n<tr>\n<td>10\u00d72<\/td>\n<td>1.0<\/td>\n<td>420<\/td>\n<td><\/td>\n<td>\u226544<\/td>\n<td>PZT5<\/td>\n<\/tr>\n<tr>\n<td>15\u00d71<\/td>\n<td>2.0<\/td>\n<td>1970<\/td>\n<td><\/td>\n<td>\u226543<\/td>\n<td>PZT5<\/td>\n<\/tr>\n<tr>\n<td>15\u00d72<\/td>\n<td>1.0<\/td>\n<td>980<\/td>\n<td><\/td>\n<td>\u226543<\/td>\n<td>PZT5<\/td>\n<\/tr>\n<tr>\n<td>16\u00d71<\/td>\n<td>2.0<\/td>\n<td>2200<\/td>\n<td><\/td>\n<td>\u226545<\/td>\n<td>PZT5<\/td>\n<\/tr>\n<tr>\n<td>16\u00d72<\/td>\n<td>1.0<\/td>\n<td>1100<\/td>\n<td><\/td>\n<td>\u226545<\/td>\n<td>PZT5<\/td>\n<\/tr>\n<tr>\n<td>20\u00d71<\/td>\n<td>2.0<\/td>\n<td>3560<\/td>\n<td><\/td>\n<td>\u226543<\/td>\n<td>PZT5<\/td>\n<\/tr>\n<tr>\n<td>20\u00d72<\/td>\n<td>1.0<\/td>\n<td>1780<\/td>\n<td><\/td>\n<td>\u226543<\/td>\n<td>PZT5<\/td>\n<\/tr>\n<tr>\n<td>25\u00d71<\/td>\n<td>2.0<\/td>\n<td>4600<\/td>\n<td><\/td>\n<td>\u226543<\/td>\n<td>PZT5<\/td>\n<\/tr>\n<tr>\n<td>25\u00d72<\/td>\n<td>1.0<\/td>\n<td>2300<\/td>\n<td><\/td>\n<td>\u226543<\/td>\n<td>PZT5<\/td>\n<\/tr>\n<tr>\n<td>16\u00d70.4<\/td>\n<td>5.0<\/td>\n<td>5400<\/td>\n<td>\u22645<\/td>\n<td>\u226545<\/td>\n<td>PZT4<\/td>\n<\/tr>\n<tr>\n<td>16\u00d72.1<\/td>\n<td>1.0<\/td>\n<td>1000<\/td>\n<td>\u22644<\/td>\n<td>\u226545<\/td>\n<td>PZT4<\/td>\n<\/tr>\n<tr>\n<td>20\u00d72.0<\/td>\n<td>1.0<\/td>\n<td>1650<\/td>\n<td>\u22644<\/td>\n<td>\u226545<\/td>\n<td>PZT4<\/td>\n<\/tr>\n<tr>\n<td>25\u00d70.4<\/td>\n<td>5.0<\/td>\n<td>12800<\/td>\n<td>\u22644<\/td>\n<td>\u226545<\/td>\n<td>PZT4<\/td>\n<\/tr>\n<tr>\n<td>25\u00d71.0<\/td>\n<td>2.0<\/td>\n<td>5800<\/td>\n<td>\u22644<\/td>\n<td>\u226545<\/td>\n<td>PZT4<\/td>\n<\/tr>\n<tr>\n<td>25\u00d72.0<\/td>\n<td>1.0<\/td>\n<td>2700<\/td>\n<td>\u22644<\/td>\n<td>\u226545<\/td>\n<td>PZT4<\/td>\n<\/tr>\n<tr>\n<td>28\u00d71.0<\/td>\n<td>1.0<\/td>\n<td>6940<\/td>\n<td>\u22644<\/td>\n<td>\u226545<\/td>\n<td>PZT4<\/td>\n<\/tr>\n<tr>\n<td>28\u00d71.7<\/td>\n<td>1.2<\/td>\n<td>3880<\/td>\n<td>\u22643<\/td>\n<td>\u226545<\/td>\n<td>PZT4<\/td>\n<\/tr>\n<tr>\n<td>28\u00d72.0<\/td>\n<td>1.0<\/td>\n<td>3300<\/td>\n<td>\u22643<\/td>\n<td>\u226545<\/td>\n<td>PZT4<\/td>\n<\/tr>\n<tr>\n<td>50\u00d72.0<\/td>\n<td>1.0<\/td>\n<td>10000<\/td>\n<td>\u22643<\/td>\n<td>\u226545<\/td>\n<td>PZT4<\/td>\n<\/tr>\n<tr>\n<td>60\u00d72.0<\/td>\n<td>1.0<\/td>\n<td>14500<\/td>\n<td>\u22643<\/td>\n<td>\u226545<\/td>\n<td>PZT4<\/td>\n<\/tr>\n<tr>\n<td>Rozsah vn\u011bj\u0161\u00edho pr\u016fm\u011bru: 3mm&#8212;80mm<br \/>\nRozsah tlou\u0161\u0165ky: 0.1mm&#8212;20mmPozn\u00e1mka:<br \/>\nM\u016f\u017eeme navrhnout a p\u0159izp\u016fsobit r\u016fzn\u00e9 velikosti piezoelektrick\u00fdch keramick\u00fdch disk\u016f dle po\u017eadavk\u016f.<\/td>\n<td><\/td>\n<td><\/td>\n<td><\/td>\n<td><\/td>\n<td><\/td>\n<\/tr>\n<\/tbody>\n<\/table>\n<p><iframe loading=\"lazy\" title=\"Piezoelectric Ceramic Discs | Piezoceramic Disk\" width=\"500\" height=\"281\" src=\"https:\/\/www.youtube.com\/embed\/jV2Q1wB3p-k?feature=oembed\" frameborder=\"0\" allow=\"accelerometer; autoplay; clipboard-write; encrypted-media; gyroscope; picture-in-picture; web-share\" referrerpolicy=\"strict-origin-when-cross-origin\" allowfullscreen><\/iframe><\/p>\n<h3>Platba<\/h3>\n<p>Nyn\u00ed p\u0159ij\u00edm\u00e1me PayPal, bankovn\u00ed p\u0159evod (T\/T) a Western Union.<\/p>\n<h3 class=\"shipping-methods\">Doprava<\/h3>\n<p>Zbo\u017e\u00ed bude odesl\u00e1no do 48 hodin po p\u0159ijet\u00ed cel\u00e9 platby.<\/p>\n<ul>\n<li>Zbo\u017e\u00ed zas\u00edl\u00e1me na adresu uvedenou v platb\u011b PayPal. Ujist\u011bte se pros\u00edm, \u017ee adresa v PayPal je spr\u00e1vn\u00e1.<\/li>\n<li>Po odesl\u00e1n\u00ed zbo\u017e\u00ed v\u00e1m poskytneme sledovac\u00ed \u010d\u00edslo, obecn\u011b zbo\u017e\u00ed obdr\u017e\u00edte do p\u011bti dn\u016f.<\/li>\n<li>Pokud m\u00e1te jak\u00e9koli dotazy, pros\u00edm kontaktujte n\u00e1s e-mailem (na\u0161e e-mailov\u00e1 adresa je <a href=\"mailto:support@bjultrasonic.com\">support@bjultrasonic.com<\/a>)<\/li>\n<\/ul>\n<h3>Z\u00e1ruka na produkt<\/h3>\n<p>Z\u00e1ru\u010dn\u00ed doba produktu je jeden rok. V pr\u016fb\u011bhu z\u00e1ru\u010dn\u00ed doby zakoupen\u00e9 produkty po\u017e\u00edvaj\u00ed bezplatn\u00e9 opravy nebo v\u00fdm\u011bny.<\/p>\n","protected":false},"excerpt":{"rendered":"<p><a href=\"https:\/\/www.bjultrasonic.com\/cs\/category\/piezoelectric-ceramic-cs\/piezoceramic-discs-cs\/\">Piezokeramick\u00e9 disky<\/a> pro <a href=\"https:\/\/www.bjultrasonic.com\/cs\/shop\/ultrasonic-beauty-transducer\/\">kosmetick\u00e9 m\u011bni\u010de<\/a>, <a href=\"https:\/\/www.bjultrasonic.com\/cs\/category\/ultrasonic-atomizer-cs\/\">ultrazvukov\u00e9 rozpra\u0161ova\u010de<\/a>, <a href=\"https:\/\/www.bjultrasonic.com\/cs\/category\/ultrasonic-cleaning-system-cs\/\">ultrazvukov\u00e9 \u010disti\u010de<\/a> a dal\u0161\u00ed aplikace.<\/p>\n","protected":false},"featured_media":23764,"comment_status":"open","ping_status":"closed","template":"","meta":[],"product_brand":[],"product_cat":[5723,5640],"product_tag":[],"class_list":{"0":"post-69828","1":"product","2":"type-product","3":"status-publish","4":"has-post-thumbnail","6":"product_cat-piezoceramic-discs-cs","7":"product_cat-piezoelectric-ceramic-cs","9":"first","10":"instock","11":"shipping-taxable","12":"product-type-external","13":"prodpage-classic"},"aioseo_notices":[],"_links":{"self":[{"href":"https:\/\/www.bjultrasonic.com\/cs\/wp-json\/wp\/v2\/product\/69828","targetHints":{"allow":["GET"]}}],"collection":[{"href":"https:\/\/www.bjultrasonic.com\/cs\/wp-json\/wp\/v2\/product"}],"about":[{"href":"https:\/\/www.bjultrasonic.com\/cs\/wp-json\/wp\/v2\/types\/product"}],"replies":[{"embeddable":true,"href":"https:\/\/www.bjultrasonic.com\/cs\/wp-json\/wp\/v2\/comments?post=69828"}],"wp:featuredmedia":[{"embeddable":true,"href":"https:\/\/www.bjultrasonic.com\/cs\/wp-json\/wp\/v2\/media\/23764"}],"wp:attachment":[{"href":"https:\/\/www.bjultrasonic.com\/cs\/wp-json\/wp\/v2\/media?parent=69828"}],"wp:term":[{"taxonomy":"product_brand","embeddable":true,"href":"https:\/\/www.bjultrasonic.com\/cs\/wp-json\/wp\/v2\/product_brand?post=69828"},{"taxonomy":"product_cat","embeddable":true,"href":"https:\/\/www.bjultrasonic.com\/cs\/wp-json\/wp\/v2\/product_cat?post=69828"},{"taxonomy":"product_tag","embeddable":true,"href":"https:\/\/www.bjultrasonic.com\/cs\/wp-json\/wp\/v2\/product_tag?post=69828"}],"curies":[{"name":"wp","href":"https:\/\/api.w.org\/{rel}","templated":true}]}}